{"id":4574,"date":"2022-03-28T22:32:30","date_gmt":"2022-03-28T20:32:30","guid":{"rendered":"https:\/\/radiodatacenter.net\/v2\/sobre-nosotros\/"},"modified":"2023-01-13T20:46:04","modified_gmt":"2023-01-13T19:46:04","slug":"sobre-nosotros","status":"publish","type":"page","link":"https:\/\/radiodatacenter.net\/es\/empresa\/sobre-nosotros\/","title":{"rendered":"Sobre nosotros"},"content":{"rendered":"<div class='flex_column av-4a1jzp-e7337bb686f2015a580fd954539df62f av_one_full  avia-builder-el-0  el_before_av_one_third  avia-builder-el-first  first flex_column_div '   ><p><br \/>\n<section  class='av_textblock_section av-l1b3wf7f-807af8b68ac938f47e983f9e8ed2d658'  itemscope=\"itemscope\" itemtype=\"https:\/\/schema.org\/CreativeWork\" ><div class='avia_textblock'  itemprop=\"text\" ><h1 style=\"text-align: center;\">Sobre nosotros<\/h1>\n<\/div><\/section><br \/>\n<div  class='hr av-l1f0ajxi-644ef6638274948afcf82be1a83e786d hr-short  avia-builder-el-3  el_after_av_textblock  avia-builder-el-last  hr-center'><span class='hr-inner '><span class=\"hr-inner-style\"><\/span><\/span><\/div><\/p><\/div>\n<div class='flex_column av-l1f09bav-e845e7ee7ed8a306b84413fe821624f5 av_one_third  avia-builder-el-4  el_after_av_one_full  el_before_av_one_third  first flex_column_div  av-animated-generic fade-in column-top-margin'   ><article  class='iconbox iconbox_top av-l1f04w55-fd6a1bf260c2c135b5ee9e885cf15847  avia-builder-el-5  avia-builder-el-no-sibling  main_color'  itemscope=\"itemscope\" itemtype=\"https:\/\/schema.org\/CreativeWork\" ><div class=\"iconbox_content\"><header class=\"entry-content-header\"><div class=\"iconbox_icon heading-color\" aria-hidden='true' data-av_icon='\ue82a' data-av_iconfont='entypo-fontello'><\/div><h3 class='iconbox_content_title '  itemprop=\"headline\" >Misi\u00f3n<\/h3><\/header><div class='iconbox_content_container '  itemprop=\"text\" ><p>Proporcionamos a todos los interesados los mejores datos posibles sobre las estaciones de radio. Por lo tanto, recolectamos, mantenemos, actualizamos y procesamos datos sobre las emisoras de radio en todas partes del el mundo.<\/p>\n<\/div><\/div><footer class=\"entry-footer\"><\/footer><\/article><\/div>\n<div class='flex_column av-l1f09fdz-5fe5f0a0380840a56532b63f1d125038 av_one_third  avia-builder-el-6  el_after_av_one_third  el_before_av_one_third  flex_column_div  av-animated-generic fade-in column-top-margin'   ><article  class='iconbox iconbox_top av-l1f06h4x-1be9d6ab2ea09e278613b4cbc97f1fe4  avia-builder-el-7  avia-builder-el-no-sibling  main_color'  itemscope=\"itemscope\" itemtype=\"https:\/\/schema.org\/CreativeWork\" ><div class=\"iconbox_content\"><header class=\"entry-content-header\"><div class=\"iconbox_icon heading-color\" aria-hidden='true' data-av_icon='\ue826' data-av_iconfont='entypo-fontello'><\/div><h3 class='iconbox_content_title '  itemprop=\"headline\" >Visi\u00f3n<\/h3><\/header><div class='iconbox_content_container '  itemprop=\"text\" ><p>Somos los top\u00f3grafos y cart\u00f3grafos independientes del paisaje radiof\u00f3nico y compartimos nuestros hallazgos con todos aquellos interesados en radiodifusi\u00f3n. <span class=\"bx-messenger-content-item-content\"><span class=\"bx-messenger-content-item-text-center\"><span class=\"bx-messenger-content-item-text-message\"><span class=\"bx-messenger-content-item-text-wrap \"><span id=\"im-message-340772\" class=\"bx-messenger-message\">De esta manera queremos fortalecer el medio radioel\u00e9ctrico.<\/span><\/span><\/span><\/span><\/span><\/p>\n<\/div><\/div><footer class=\"entry-footer\"><\/footer><\/article><\/div>\n<div class='flex_column av-l1f09l3q-58ee331be4654f576693d7cb54379ac2 av_one_third  avia-builder-el-8  el_after_av_one_third  el_before_av_section  avia-builder-el-last  flex_column_div  av-animated-generic fade-in column-top-margin'   ><article  class='iconbox iconbox_top av-l1f08v0u-a20a73b19717e22ac1a8f7976615e704  avia-builder-el-9  avia-builder-el-no-sibling  main_color'  itemscope=\"itemscope\" itemtype=\"https:\/\/schema.org\/CreativeWork\" ><div class=\"iconbox_content\"><header class=\"entry-content-header\"><div class=\"iconbox_icon heading-color\" aria-hidden='true' data-av_icon='\ue80b' data-av_iconfont='entypo-fontello'><\/div><h3 class='iconbox_content_title '  itemprop=\"headline\" >Valores<\/h3><\/header><div class='iconbox_content_container '  itemprop=\"text\" ><p>Colaboramos de forma justa y respetuosa con las personas y empresas en armon\u00eda con la naturaleza y el medio ambiente. Nuestros empleados disfrutan de un m\u00e1ximo de flexibilidad a trav\u00e9s del teletrabajo.<\/p>\n<\/div><\/div><footer class=\"entry-footer\"><\/footer><\/article><\/div>\n<\/div><\/div><\/div><!-- close content main div --><\/div><\/div>\n<style type=\"text\/css\" data-created_by=\"avia_inline_auto\" id=\"style-css-av-jp4u65-f5d4a03d6a2e6167ecea293fbcd38ec7\">\n.avia-section.av-jp4u65-f5d4a03d6a2e6167ecea293fbcd38ec7{\nbackground-color:#f5f5f5;\n}\n<\/style>\n<div id='av_section_1'  class='avia-section av-jp4u65-f5d4a03d6a2e6167ecea293fbcd38ec7 main_color avia-section-default avia-no-border-styling  avia-builder-el-10  el_after_av_one_third  el_before_av_textblock  avia-bg-style-scroll container_wrap sidebar_right'  ><div class='container av-section-cont-open' ><div class='template-page content  av-content-small alpha units'><div class='post-entry post-entry-type-page post-entry-4574'><div class='entry-content-wrapper clearfix'>\n<div class='flex_column av-hei34d-59a242c9f045dd54d77c902acb60ab0f av_one_full  avia-builder-el-11  el_before_av_one_third  avia-builder-el-first  first flex_column_div '   ><section  class='av_textblock_section av-l1f0d4uz-56f9a51315bebd82245e0a1abbd17936'  itemscope=\"itemscope\" itemtype=\"https:\/\/schema.org\/CreativeWork\" ><div class='avia_textblock'  itemprop=\"text\" ><h2 style=\"text-align: left;\">Los fundadores<\/h2>\n<\/div><\/section><\/div><div class='flex_column av-g1fjfx-3c6cc1eb679c9360abe2543b4a583c75 av_one_third  avia-builder-el-13  el_after_av_one_full  el_before_av_one_third  first flex_column_div column-top-margin'   ><p>\n<style type=\"text\/css\" data-created_by=\"avia_inline_auto\" id=\"style-css-av-l1f0g0ra-74149f604e92f0c7130b0306430b1fb4\">\n.avia-image-container.av-l1f0g0ra-74149f604e92f0c7130b0306430b1fb4 .av-image-caption-overlay-center{\ncolor:#ffffff;\n}\n<\/style>\n<div  class='avia-image-container av-l1f0g0ra-74149f604e92f0c7130b0306430b1fb4 av-styling- av-hover-grow av-hide-overflow avia-align-center  avia-builder-el-14  el_before_av_textblock  avia-builder-el-first '  itemprop=\"image\" itemscope=\"itemscope\" itemtype=\"https:\/\/schema.org\/ImageObject\" ><div class=\"avia-image-container-inner\"><div class=\"avia-image-overlay-wrap\"><img decoding=\"async\" class='wp-image-7953 avia-img-lazy-loading-not-7953 avia_image' src=\"https:\/\/radiodatacenter.net\/wp-content\/uploads\/2023\/01\/lorenz_web.jpg\" alt='G\u00fcnter Lorenz' title='lorenz_web'  height=\"719\" width=\"500\"  itemprop=\"thumbnailUrl\" srcset=\"https:\/\/radiodatacenter.net\/wp-content\/uploads\/2023\/01\/lorenz_web.jpg 500w, https:\/\/radiodatacenter.net\/wp-content\/uploads\/2023\/01\/lorenz_web-209x300.jpg 209w, https:\/\/radiodatacenter.net\/wp-content\/uploads\/2023\/01\/lorenz_web-490x705.jpg 490w\" sizes=\"(max-width: 500px) 100vw, 500px\" \/><\/div><\/div><\/div><br \/>\n<section  class='av_textblock_section av-l1f0e3zp-01de4163141256b303412a7c6bf37658'  itemscope=\"itemscope\" itemtype=\"https:\/\/schema.org\/CreativeWork\" ><div class='avia_textblock'  itemprop=\"text\" ><h3 style=\"margin-top:15px;\">G\u00fcnter Lorenz<\/h3>\n<p>Nacido en 1961, es especialista en bases de datos y ha trabajado con software y radio desde su juventud. Ya en 1986 fund\u00f3 la base de datos de emisoras FMLIST. Sus otras \u00e1reas principales de experiencia son FM, RDS, DAB, propagaci\u00f3n de ondas y tecnolog\u00eda de recepci\u00f3n.<\/p>\n<\/div><\/section><\/p><\/div><div class='flex_column av-ejh8lp-eb1e2ab78f9347261f62b01af4468e31 av_one_third  avia-builder-el-16  el_after_av_one_third  el_before_av_one_third  flex_column_div column-top-margin'   ><p>\n<style type=\"text\/css\" data-created_by=\"avia_inline_auto\" id=\"style-css-av-16our1-eba1de4c7486605f175fb67d3fb9839e\">\n.avia-image-container.av-16our1-eba1de4c7486605f175fb67d3fb9839e .av-image-caption-overlay-center{\ncolor:#ffffff;\n}\n<\/style>\n<div  class='avia-image-container av-16our1-eba1de4c7486605f175fb67d3fb9839e av-styling- av-hover-grow av-hide-overflow avia-align-center  avia-builder-el-17  el_before_av_textblock  avia-builder-el-first '  itemprop=\"image\" itemscope=\"itemscope\" itemtype=\"https:\/\/schema.org\/ImageObject\" ><div class=\"avia-image-container-inner\"><div class=\"avia-image-overlay-wrap\"><img decoding=\"async\" class='wp-image-7963 avia-img-lazy-loading-not-7963 avia_image' src=\"https:\/\/radiodatacenter.net\/wp-content\/uploads\/2023\/01\/oliver_web.jpg\" alt='Oliver Schmidt' title='oliver_web'  height=\"719\" width=\"500\"  itemprop=\"thumbnailUrl\" srcset=\"https:\/\/radiodatacenter.net\/wp-content\/uploads\/2023\/01\/oliver_web.jpg 500w, https:\/\/radiodatacenter.net\/wp-content\/uploads\/2023\/01\/oliver_web-209x300.jpg 209w, https:\/\/radiodatacenter.net\/wp-content\/uploads\/2023\/01\/oliver_web-490x705.jpg 490w\" sizes=\"(max-width: 500px) 100vw, 500px\" \/><\/div><\/div><\/div><br \/>\n<section  class='av_textblock_section av-l1f0hgyx-0b71545b58b26d05e6d92604be0e0ddb'  itemscope=\"itemscope\" itemtype=\"https:\/\/schema.org\/CreativeWork\" ><div class='avia_textblock'  itemprop=\"text\" ><h3 style=\"margin-top: 15px;\">Oliver Schmidt<\/h3>\n<p>Nacido en 1984, es licenciado en geograf\u00eda. Estudi\u00f3 Geograf\u00eda F\u00edsica Aplicada en la Universidad de Trier y tiene amplios conocimientos en las subdisciplinas de teledetecci\u00f3n y meteorolog\u00eda. Su enfoque principal es el DAB, la propagaci\u00f3n de ondas, la simulaci\u00f3n basada en SIG y la visualizaci\u00f3n.<\/p>\n<\/div><\/section><\/p><\/div><div class='flex_column av-a3a4v1-f8b66b7600ba4b44109ad93657b06314 av_one_third  avia-builder-el-19  el_after_av_one_third  avia-builder-el-last  flex_column_div column-top-margin'   ><p>\n<style type=\"text\/css\" data-created_by=\"avia_inline_auto\" id=\"style-css-av-8jlw31-d1be9256d9f210493a764d09ca2536bf\">\n.avia-image-container.av-8jlw31-d1be9256d9f210493a764d09ca2536bf .av-image-caption-overlay-center{\ncolor:#ffffff;\n}\n<\/style>\n<div  class='avia-image-container av-8jlw31-d1be9256d9f210493a764d09ca2536bf av-styling- av-hover-grow av-hide-overflow avia-align-center  avia-builder-el-20  el_before_av_textblock  avia-builder-el-first '  itemprop=\"image\" itemscope=\"itemscope\" itemtype=\"https:\/\/schema.org\/ImageObject\" ><div class=\"avia-image-container-inner\"><div class=\"avia-image-overlay-wrap\"><img decoding=\"async\" class='wp-image-7942 avia-img-lazy-loading-not-7942 avia_image' src=\"https:\/\/radiodatacenter.net\/wp-content\/uploads\/2023\/01\/fabrizio_web.jpg\" alt='Fabrizio Carnevalini' title='fabrizio_web'  height=\"719\" width=\"500\"  itemprop=\"thumbnailUrl\" srcset=\"https:\/\/radiodatacenter.net\/wp-content\/uploads\/2023\/01\/fabrizio_web.jpg 500w, https:\/\/radiodatacenter.net\/wp-content\/uploads\/2023\/01\/fabrizio_web-209x300.jpg 209w, https:\/\/radiodatacenter.net\/wp-content\/uploads\/2023\/01\/fabrizio_web-490x705.jpg 490w\" sizes=\"(max-width: 500px) 100vw, 500px\" \/><\/div><\/div><\/div><br \/>\n<section  class='av_textblock_section av-l1f0hymq-30584cdbf37bb8ea97c2c87c34095fbd'  itemscope=\"itemscope\" itemtype=\"https:\/\/schema.org\/CreativeWork\" ><div class='avia_textblock'  itemprop=\"text\" ><h3 style=\"margin-top: 15px;\">Fabrizio Carnevalini<\/h3>\n<p>Nacido en 1958, es un periodista profesional. Tiene 20 a\u00f1os de experiencia en la redacci\u00f3n de revistas de radio y televisi\u00f3n y en la revista alVolante, la revista italiana de autom\u00f3viles m\u00e1s vendida. Escribe textos para el RadioReporter Blog con noticias de radio de relevancia internacional y es un \u00e1vido oyente de radio.<\/p>\n<\/div><\/section><\/p><\/div><\/div><\/div><\/div><!-- close content main div --><\/div><\/div><div id='after_section_1'  class='main_color av_default_container_wrap container_wrap sidebar_right'  ><div class='container av-section-cont-open' ><div class='template-page content  av-content-small alpha units'><div class='post-entry post-entry-type-page post-entry-4574'><div class='entry-content-wrapper clearfix'><section  class='av_textblock_section av-85fzlp-64a26f0aa947e864e34b7df1db918fd2'  itemscope=\"itemscope\" itemtype=\"https:\/\/schema.org\/CreativeWork\" ><div class='avia_textblock'  itemprop=\"text\" ><h2>Nuestro equipo<\/h2>\n<p style=\"margin-top: 35px;\"><strong>\n<style type=\"text\/css\" data-created_by=\"avia_inline_auto\" id=\"style-css-av-5sfxkd-184718110cce1dcd8a96de304d42bac6\">\n.av_font_icon.av-5sfxkd-184718110cce1dcd8a96de304d42bac6 .av-icon-char{\nfont-size:16px;\nline-height:16px;\n}\n<\/style>\n<span  class='av_font_icon av-5sfxkd-184718110cce1dcd8a96de304d42bac6 avia_animate_when_visible av-icon-style- avia-icon-pos-left av-no-color avia-icon-animate'><span class='av-icon-char' aria-hidden='true' data-av_icon='\ue8ab' data-av_iconfont='entypo-fontello' ><\/span><\/span>Calificaciones<\/strong><br \/>\nRedactores t\u00e9cnicos, fonetistas, dise\u00f1adores gr\u00e1ficos, especialistas en tecnolog\u00eda de radio y propagaci\u00f3n de ondas, abogados, cient\u00edficos de datos, gestores de calidad, ge\u00f3grafos e inform\u00e1ticos, son s\u00f3lo algunas de las cualificaciones de los miembros de nuestro equipo.<\/p>\n<p class=\"elementor-icon-box-title\"><strong>\n<style type=\"text\/css\" data-created_by=\"avia_inline_auto\" id=\"style-css-av-3oxiwt-aea842890c31ef9e5630ec77d55c8974\">\n.av_font_icon.av-3oxiwt-aea842890c31ef9e5630ec77d55c8974 .av-icon-char{\nfont-size:16px;\nline-height:16px;\n}\n<\/style>\n<span  class='av_font_icon av-3oxiwt-aea842890c31ef9e5630ec77d55c8974 avia_animate_when_visible av-icon-style- avia-icon-pos-left av-no-color avia-icon-animate'><span class='av-icon-char' aria-hidden='true' data-av_icon='\ue85e' data-av_iconfont='entypo-fontello' ><\/span><\/span>Intereses<\/strong><\/p>\n<p class=\"elementor-icon-box-description\">Nuestro equipo est\u00e1 formado por diversas personas de todo el mundo. Lo que nos une es nuestro inter\u00e9s por la radio. Mucha gente descubre su radio favorita, un nuevo g\u00e9nero musical o la fascinaci\u00f3n de otras culturas en Radio Data Center.<\/p>\n<p class=\"elementor-icon-box-title\"><strong>\n<style type=\"text\/css\" data-created_by=\"avia_inline_auto\" id=\"style-css-av-2jcm0t-bb07ec9b3f0b5e31a123d0c98748054f\">\n.av_font_icon.av-2jcm0t-bb07ec9b3f0b5e31a123d0c98748054f .av-icon-char{\nfont-size:16px;\nline-height:16px;\n}\n<\/style>\n<span  class='av_font_icon av-2jcm0t-bb07ec9b3f0b5e31a123d0c98748054f avia_animate_when_visible av-icon-style- avia-icon-pos-left av-no-color avia-icon-animate'><span class='av-icon-char' aria-hidden='true' data-av_icon='\ue83c' data-av_iconfont='entypo-fontello' ><\/span><\/span>Competencias Sociales<\/strong><\/p>\n<p class=\"elementor-icon-box-description\">Muchos de nuestros empleados son multiling\u00fces, m\u00fasicos talentosos y artistas visuales, padres pacientes y excelentes cocineros aficionados. Cada uno trae diferentes culturas y valores a la compa\u00f1\u00eda y nos abren los ojos y los o\u00eddos.<\/p>\n<\/div><\/section><\/p>\n\n<style type=\"text\/css\" data-created_by=\"avia_inline_auto\" id=\"style-css-av-l1f158ku-d866f41fec3d6375d9972cf6f69be404\">\n#top .hr.hr-invisible.av-l1f158ku-d866f41fec3d6375d9972cf6f69be404{\nheight:100px;\n}\n<\/style>\n<div  class='hr av-l1f158ku-d866f41fec3d6375d9972cf6f69be404 hr-invisible  avia-builder-el-26  el_after_av_textblock  el_before_av_textblock '><span class='hr-inner '><span class=\"hr-inner-style\"><\/span><\/span><\/div>\n<section  class='av_textblock_section av-l1f0jopz-dc7cb6233549b3109ebc0b422a80d4a5'  itemscope=\"itemscope\" itemtype=\"https:\/\/schema.org\/CreativeWork\" ><div class='avia_textblock'  itemprop=\"text\" ><h2 style=\"text-align: center;\">Nuestra historia<\/h2>\n<\/div><\/section>\n\n<style type=\"text\/css\" data-created_by=\"avia_inline_auto\" id=\"style-css-av-l1f0y67g-a8ec113d3de05c72d31ce4aa3cd7ea22\">\n.avia-timeline-container.av-l1f0y67g-a8ec113d3de05c72d31ce4aa3cd7ea22 .av-milestone-date{\nfont-size:16px;\n}\n.avia-timeline-container.av-l1f0y67g-a8ec113d3de05c72d31ce4aa3cd7ea22 .av-milestone-title{\nfont-size:16px;\n}\n.avia-timeline-container.av-l1f0y67g-a8ec113d3de05c72d31ce4aa3cd7ea22 .av-milestone-content{\nfont-size:16px;\n}\n<\/style>\n<div  id=\"avia-timeline-1\"  class='avia-timeline-container av-l1f0y67g-a8ec113d3de05c72d31ce4aa3cd7ea22  avia-builder-el-28  el_after_av_textblock  avia-builder-el-last ' ><ul class='avia-timeline avia-timeline-vertical av-milestone-placement-alternate avia-timeline- avia_animate_when_almost_visible avia-timeline-animate'>\n<li  class='av-milestone av-l1f11wyq-54a76640d101a9143eec8838d888a2fe av-animated-generic fade-in av-milestone-valign-baseline av-milestone-odd'><h2 class='av-milestone-date ' id='milestone-1986'><strong>1986<span class='av-milestone-indicator'><\/span><\/strong><\/h2><div class=\"av-milestone-icon-wrap\"><span class='av-milestone-icon milestone_icon avia-font-entypo-fontello'><span class='av-milestone-icon-inner milestone_inner'><i class='milestone-char' aria-hidden='true' data-av_icon='\ue85e' data-av_iconfont='entypo-fontello'><\/i><\/span><\/span><\/div><article class='av-milestone-content-wrap'><div class='av-milestone-contentbox'><div class='av-milestone-content'><p>Desde 1986 hemos estado recopilando datos de emisoras de radio y a trav\u00e9s de varios sitios web facilitamos estos datos a una comunidad cada vez mayor. Nos impulsa la fascinaci\u00f3n por la tecnolog\u00eda, la propagaci\u00f3n por las ondas y la enorme gama de contenidos. Creemos en el poder y la importancia de la radio como medio que nos conecta con otras personas.<\/p>\n<\/div><\/div><footer class='av-milestone-article-footer entry-footer'><\/footer><\/article><\/li>\n<li  class='av-milestone av-l1f12vdb-14ef56b2839deddaac341b4d8217c29a av-animated-generic fade-in av-milestone-valign-baseline av-milestone-even'><h2 class='av-milestone-date ' id='milestone-2012'><strong>2012<span class='av-milestone-indicator'><\/span><\/strong><\/h2><article class='av-milestone-content-wrap'><div class='av-milestone-contentbox'><div class='av-milestone-content'><p>En 2012 fundamos Radio Data Center para apoyar a usuarios profesionales y proyectos comerciales al m\u00e1s alto nivel. A trav\u00e9s de nuestra labor documentamos la huella actual de la radio en todo el mundo y habilitamos el desarrollo de productos y soluciones innovadoras para la recepci\u00f3n radiof\u00f3nica.<\/p>\n<\/div><\/div><footer class='av-milestone-article-footer entry-footer'><\/footer><\/article><div class=\"av-milestone-icon-wrap\"><span class='av-milestone-icon milestone_icon avia-font-entypo-fontello'><span class='av-milestone-icon-inner milestone_inner'><i class='milestone-char' aria-hidden='true' data-av_icon='\ue80b' data-av_iconfont='entypo-fontello'><\/i><\/span><\/span><\/div><h2 class='av-milestone-date ' id='milestone-2012'><strong>2012<span class='av-milestone-indicator'><\/span><\/strong><\/h2><\/li>\n<\/ul><\/div>\n","protected":false},"excerpt":{"rendered":"","protected":false},"author":3,"featured_media":0,"parent":5068,"menu_order":0,"comment_status":"closed","ping_status":"closed","template":"","meta":{"footnotes":""},"class_list":["post-4574","page","type-page","status-publish","hentry"],"yoast_head":"<!-- This site is optimized with the Yoast SEO plugin v20.10 - https:\/\/yoast.com\/wordpress\/plugins\/seo\/ -->\n<title>Sobre nosotros - Radio Data Center<\/title>\n<meta name=\"robots\" content=\"index, follow, max-snippet:-1, max-image-preview:large, max-video-preview:-1\" \/>\n<link rel=\"canonical\" href=\"https:\/\/radiodatacenter.net\/es\/empresa\/sobre-nosotros\/\" \/>\n<meta property=\"og:locale\" content=\"es_ES\" \/>\n<meta property=\"og:type\" content=\"article\" \/>\n<meta property=\"og:title\" content=\"Sobre nosotros - Radio Data Center\" \/>\n<meta property=\"og:url\" content=\"https:\/\/radiodatacenter.net\/es\/empresa\/sobre-nosotros\/\" \/>\n<meta property=\"og:site_name\" content=\"Radio Data Center\" \/>\n<meta property=\"article:modified_time\" content=\"2023-01-13T19:46:04+00:00\" \/>\n<meta name=\"twitter:card\" content=\"summary_large_image\" \/>\n<meta name=\"twitter:label1\" content=\"Tiempo de lectura\" \/>\n\t<meta name=\"twitter:data1\" content=\"9 minutos\" \/>\n<script type=\"application\/ld+json\" class=\"yoast-schema-graph\">{\"@context\":\"https:\/\/schema.org\",\"@graph\":[{\"@type\":\"WebPage\",\"@id\":\"https:\/\/radiodatacenter.net\/es\/empresa\/sobre-nosotros\/\",\"url\":\"https:\/\/radiodatacenter.net\/es\/empresa\/sobre-nosotros\/\",\"name\":\"Sobre nosotros - Radio Data Center\",\"isPartOf\":{\"@id\":\"https:\/\/radiodatacenter.net\/es\/#website\"},\"datePublished\":\"2022-03-28T20:32:30+00:00\",\"dateModified\":\"2023-01-13T19:46:04+00:00\",\"breadcrumb\":{\"@id\":\"https:\/\/radiodatacenter.net\/es\/empresa\/sobre-nosotros\/#breadcrumb\"},\"inLanguage\":\"es\",\"potentialAction\":[{\"@type\":\"ReadAction\",\"target\":[\"https:\/\/radiodatacenter.net\/es\/empresa\/sobre-nosotros\/\"]}]},{\"@type\":\"BreadcrumbList\",\"@id\":\"https:\/\/radiodatacenter.net\/es\/empresa\/sobre-nosotros\/#breadcrumb\",\"itemListElement\":[{\"@type\":\"ListItem\",\"position\":1,\"name\":\"Startseite\",\"item\":\"https:\/\/radiodatacenter.net\/es\/\"},{\"@type\":\"ListItem\",\"position\":2,\"name\":\"Empresa\",\"item\":\"https:\/\/radiodatacenter.net\/es\/empresa\/\"},{\"@type\":\"ListItem\",\"position\":3,\"name\":\"Sobre nosotros\"}]},{\"@type\":\"WebSite\",\"@id\":\"https:\/\/radiodatacenter.net\/es\/#website\",\"url\":\"https:\/\/radiodatacenter.net\/es\/\",\"name\":\"Radio Data Center\",\"description\":\"\",\"potentialAction\":[{\"@type\":\"SearchAction\",\"target\":{\"@type\":\"EntryPoint\",\"urlTemplate\":\"https:\/\/radiodatacenter.net\/es\/?s={search_term_string}\"},\"query-input\":\"required name=search_term_string\"}],\"inLanguage\":\"es\"}]}<\/script>\n<!-- \/ Yoast SEO plugin. -->","yoast_head_json":{"title":"Sobre nosotros - Radio Data Center","robots":{"index":"index","follow":"follow","max-snippet":"max-snippet:-1","max-image-preview":"max-image-preview:large","max-video-preview":"max-video-preview:-1"},"canonical":"https:\/\/radiodatacenter.net\/es\/empresa\/sobre-nosotros\/","og_locale":"es_ES","og_type":"article","og_title":"Sobre nosotros - Radio Data Center","og_url":"https:\/\/radiodatacenter.net\/es\/empresa\/sobre-nosotros\/","og_site_name":"Radio Data Center","article_modified_time":"2023-01-13T19:46:04+00:00","twitter_card":"summary_large_image","twitter_misc":{"Tiempo de lectura":"9 minutos"},"schema":{"@context":"https:\/\/schema.org","@graph":[{"@type":"WebPage","@id":"https:\/\/radiodatacenter.net\/es\/empresa\/sobre-nosotros\/","url":"https:\/\/radiodatacenter.net\/es\/empresa\/sobre-nosotros\/","name":"Sobre nosotros - Radio Data Center","isPartOf":{"@id":"https:\/\/radiodatacenter.net\/es\/#website"},"datePublished":"2022-03-28T20:32:30+00:00","dateModified":"2023-01-13T19:46:04+00:00","breadcrumb":{"@id":"https:\/\/radiodatacenter.net\/es\/empresa\/sobre-nosotros\/#breadcrumb"},"inLanguage":"es","potentialAction":[{"@type":"ReadAction","target":["https:\/\/radiodatacenter.net\/es\/empresa\/sobre-nosotros\/"]}]},{"@type":"BreadcrumbList","@id":"https:\/\/radiodatacenter.net\/es\/empresa\/sobre-nosotros\/#breadcrumb","itemListElement":[{"@type":"ListItem","position":1,"name":"Startseite","item":"https:\/\/radiodatacenter.net\/es\/"},{"@type":"ListItem","position":2,"name":"Empresa","item":"https:\/\/radiodatacenter.net\/es\/empresa\/"},{"@type":"ListItem","position":3,"name":"Sobre nosotros"}]},{"@type":"WebSite","@id":"https:\/\/radiodatacenter.net\/es\/#website","url":"https:\/\/radiodatacenter.net\/es\/","name":"Radio Data Center","description":"","potentialAction":[{"@type":"SearchAction","target":{"@type":"EntryPoint","urlTemplate":"https:\/\/radiodatacenter.net\/es\/?s={search_term_string}"},"query-input":"required name=search_term_string"}],"inLanguage":"es"}]}},"_links":{"self":[{"href":"https:\/\/radiodatacenter.net\/es\/wp-json\/wp\/v2\/pages\/4574","targetHints":{"allow":["GET"]}}],"collection":[{"href":"https:\/\/radiodatacenter.net\/es\/wp-json\/wp\/v2\/pages"}],"about":[{"href":"https:\/\/radiodatacenter.net\/es\/wp-json\/wp\/v2\/types\/page"}],"author":[{"embeddable":true,"href":"https:\/\/radiodatacenter.net\/es\/wp-json\/wp\/v2\/users\/3"}],"replies":[{"embeddable":true,"href":"https:\/\/radiodatacenter.net\/es\/wp-json\/wp\/v2\/comments?post=4574"}],"version-history":[{"count":17,"href":"https:\/\/radiodatacenter.net\/es\/wp-json\/wp\/v2\/pages\/4574\/revisions"}],"predecessor-version":[{"id":7985,"href":"https:\/\/radiodatacenter.net\/es\/wp-json\/wp\/v2\/pages\/4574\/revisions\/7985"}],"up":[{"embeddable":true,"href":"https:\/\/radiodatacenter.net\/es\/wp-json\/wp\/v2\/pages\/5068"}],"wp:attachment":[{"href":"https:\/\/radiodatacenter.net\/es\/wp-json\/wp\/v2\/media?parent=4574"}],"curies":[{"name":"wp","href":"https:\/\/api.w.org\/{rel}","templated":true}]}}