{"id":5119,"date":"2022-03-28T21:14:16","date_gmt":"2022-03-28T19:14:16","guid":{"rendered":"https:\/\/radiodatacenter.net\/v2\/solutions\/donnees-et-logos-des-stations-pour-les-systemes-dinfo-divertissement\/"},"modified":"2022-04-22T16:24:37","modified_gmt":"2022-04-22T14:24:37","slug":"donnees-et-logos-des-stations-pour-les-systemes-dinfo-divertissement","status":"publish","type":"page","link":"https:\/\/radiodatacenter.net\/fr\/solutions\/donnees-et-logos-des-stations-pour-les-systemes-dinfo-divertissement\/","title":{"rendered":"Donn\u00e9es et logos des stations pour les syst\u00e8mes d\u2019info-divertissement"},"content":{"rendered":"<div class='flex_column av-4a1jzp-e7337bb686f2015a580fd954539df62f av_one_full  avia-builder-el-0  el_before_av_hr  avia-builder-el-first  first flex_column_div '   ><p><br \/>\n<section  class='av_textblock_section av-l1b3wf7f-807af8b68ac938f47e983f9e8ed2d658'  itemscope=\"itemscope\" itemtype=\"https:\/\/schema.org\/CreativeWork\" ><div class='avia_textblock'  itemprop=\"text\" ><h1>Donn\u00e9es et logos des stations pour les syst\u00e8mes d\u2019info-divertissement<\/h1>\n<\/div><\/section><\/p><\/div>\n<div  class='hr av-l1b4o2qc-e6f146b340dde86bf92a08e504c2144e hr-short  avia-builder-el-3  el_after_av_one_full  el_before_av_one_half  hr-left'><span class='hr-inner '><span class=\"hr-inner-style\"><\/span><\/span><\/div>\n<div class='flex_column av-33xkdh-66531d04b88cdcea5cf21e7e0e7ded47 av_one_half  avia-builder-el-4  el_after_av_hr  el_before_av_one_half  first flex_column_div '   ><p><section  class='av_textblock_section av-l1b3dket-4f55c6676970cb3b408c752c9ee63f94'  itemscope=\"itemscope\" itemtype=\"https:\/\/schema.org\/CreativeWork\" ><div class='avia_textblock'  itemprop=\"text\" ><p>Les logos des stations assurent une reconnaissance rapide du programme que vous \u00e9coutez ou de celui que vous voulez \u00e9couter \u2013 moins de distraction pour le conducteur, plus de fid\u00e9lit\u00e9 \u00e0 la marque pour la station et les auditeurs!<\/p>\n<\/div><\/section><br \/>\n\n<style type=\"text\/css\" data-created_by=\"avia_inline_auto\" id=\"style-css-av-l1l5n1m7-84383fb7470528ef34972f7b50cb2dbb\">\n@keyframes av_sonarEffect_av-l1l5n1m7-84383fb7470528ef34972f7b50cb2dbb {\n  0% {opacity: 0.3;}\n 50% {opacity: 0.5;}\n100% {opacity: 0.5; -webkit-transform: scale(1.5); transform: scale(1.5);}\n}\n@-webkit-keyframes av_sonarEffect_av-l1l5n1m7-84383fb7470528ef34972f7b50cb2dbb {\n  0% {opacity: 0.3;}\n 50% {opacity: 0.5;}\n100% {opacity: 0.5; -webkit-transform: scale(1.5); transform: scale(1.5);}\n}\n.av_promobox.av-l1l5n1m7-84383fb7470528ef34972f7b50cb2dbb:hover{\nanimation:av_sonarEffect_av-l1l5n1m7-84383fb7470528ef34972f7b50cb2dbb 1s ease-in-out;\n-webkit-animation:av_sonarEffect_av-l1l5n1m7-84383fb7470528ef34972f7b50cb2dbb 1s ease-in-out;\n-moz-animation:av_sonarEffect_av-l1l5n1m7-84383fb7470528ef34972f7b50cb2dbb 1s ease-in-out;\n-o-animation:av_sonarEffect_av-l1l5n1m7-84383fb7470528ef34972f7b50cb2dbb 1s ease-in-out;\n}\n<\/style>\n<div  class='av_promobox av-l1l5n1m7-84383fb7470528ef34972f7b50cb2dbb avia-button-yes  avia-builder-el-6  el_after_av_textblock  avia-builder-el-last  avia-sonar-shadow'><div class='avia-promocontent'><\/p>\n<p style=\"margin-top: 15px;\"><strong>Vous avez des questions ?<\/strong><\/p>\n<p>\n<\/div><div  class='avia-button-wrap avia-button-right ' ><a href='https:\/\/radiodatacenter.net\/v2\/fr\/contact\/'  class='avia-button av-l1l5n1m7-10e1329fa42207c881c18a964e8bd3be avia-icon_select-yes-left-icon avia-size-large avia-position-right avia-color-theme-color' ><span class='avia_button_icon avia_button_icon_left' aria-hidden='true' data-av_icon='\ue835' data-av_iconfont='entypo-fontello'><\/span><span class='avia_iconbox_title' >Demander maintenant<\/span><\/a><\/div><\/div><\/p><\/div>\n<div class='flex_column av-27i31x-0217cb9d01d66626c3401b0fb74702ad av_one_half  avia-builder-el-7  el_after_av_one_half  avia-builder-el-last  flex_column_div '   ><style type=\"text\/css\" data-created_by=\"avia_inline_auto\" id=\"style-css-av-l1b4h7a5-6b5ca2557e07c51647e9d9540d4cb1aa\">\n.avia-image-container.av-l1b4h7a5-6b5ca2557e07c51647e9d9540d4cb1aa .av-image-caption-overlay-center{\ncolor:#ffffff;\n}\n<\/style>\n<div  class='avia-image-container av-l1b4h7a5-6b5ca2557e07c51647e9d9540d4cb1aa av-styling- avia-align-center  avia-builder-el-8  avia-builder-el-no-sibling '  itemprop=\"image\" itemscope=\"itemscope\" itemtype=\"https:\/\/schema.org\/ImageObject\" ><div class=\"avia-image-container-inner\"><div class=\"avia-image-overlay-wrap\"><img decoding=\"async\" class='wp-image-4832 avia-img-lazy-loading-not-4832 avia_image' src=\"https:\/\/radiodatacenter.net\/wp-content\/uploads\/2022\/04\/senderdaten-logos.jpg\" alt='' title='Donn\u00e9es et logos des stations pour les syst\u00e8mes d\u2019info-divertissement'  height=\"600\" width=\"1000\"  itemprop=\"thumbnailUrl\" srcset=\"https:\/\/radiodatacenter.net\/wp-content\/uploads\/2022\/04\/senderdaten-logos.jpg 1000w, https:\/\/radiodatacenter.net\/wp-content\/uploads\/2022\/04\/senderdaten-logos-300x180.jpg 300w, https:\/\/radiodatacenter.net\/wp-content\/uploads\/2022\/04\/senderdaten-logos-768x461.jpg 768w, https:\/\/radiodatacenter.net\/wp-content\/uploads\/2022\/04\/senderdaten-logos-705x423.jpg 705w\" sizes=\"(max-width: 1000px) 100vw, 1000px\" \/><\/div><\/div><\/div><\/div>\n","protected":false},"excerpt":{"rendered":"","protected":false},"author":3,"featured_media":0,"parent":5110,"menu_order":0,"comment_status":"closed","ping_status":"closed","template":"","meta":{"footnotes":""},"class_list":["post-5119","page","type-page","status-publish","hentry"],"yoast_head":"<!-- This site is optimized with the Yoast SEO plugin v20.10 - https:\/\/yoast.com\/wordpress\/plugins\/seo\/ -->\n<title>Donn\u00e9es et logos des stations pour les syst\u00e8mes d\u2019info-divertissement - Radio Data Center<\/title>\n<meta name=\"robots\" content=\"index, follow, max-snippet:-1, max-image-preview:large, max-video-preview:-1\" \/>\n<link rel=\"canonical\" href=\"https:\/\/radiodatacenter.net\/fr\/solutions\/donnees-et-logos-des-stations-pour-les-systemes-dinfo-divertissement\/\" \/>\n<meta property=\"og:locale\" content=\"fr_FR\" \/>\n<meta property=\"og:type\" content=\"article\" \/>\n<meta property=\"og:title\" content=\"Donn\u00e9es et logos des stations pour les syst\u00e8mes d\u2019info-divertissement - Radio Data Center\" \/>\n<meta property=\"og:url\" content=\"https:\/\/radiodatacenter.net\/fr\/solutions\/donnees-et-logos-des-stations-pour-les-systemes-dinfo-divertissement\/\" \/>\n<meta property=\"og:site_name\" content=\"Radio Data Center\" \/>\n<meta property=\"article:modified_time\" content=\"2022-04-22T14:24:37+00:00\" \/>\n<meta name=\"twitter:card\" content=\"summary_large_image\" \/>\n<meta name=\"twitter:label1\" content=\"Dur\u00e9e de lecture estim\u00e9e\" \/>\n\t<meta name=\"twitter:data1\" content=\"3 minutes\" \/>\n<script type=\"application\/ld+json\" class=\"yoast-schema-graph\">{\"@context\":\"https:\/\/schema.org\",\"@graph\":[{\"@type\":\"WebPage\",\"@id\":\"https:\/\/radiodatacenter.net\/fr\/solutions\/donnees-et-logos-des-stations-pour-les-systemes-dinfo-divertissement\/\",\"url\":\"https:\/\/radiodatacenter.net\/fr\/solutions\/donnees-et-logos-des-stations-pour-les-systemes-dinfo-divertissement\/\",\"name\":\"Donn\u00e9es et logos des stations pour les syst\u00e8mes d\u2019info-divertissement - Radio Data Center\",\"isPartOf\":{\"@id\":\"https:\/\/radiodatacenter.net\/fr\/#website\"},\"datePublished\":\"2022-03-28T19:14:16+00:00\",\"dateModified\":\"2022-04-22T14:24:37+00:00\",\"breadcrumb\":{\"@id\":\"https:\/\/radiodatacenter.net\/fr\/solutions\/donnees-et-logos-des-stations-pour-les-systemes-dinfo-divertissement\/#breadcrumb\"},\"inLanguage\":\"fr-FR\",\"potentialAction\":[{\"@type\":\"ReadAction\",\"target\":[\"https:\/\/radiodatacenter.net\/fr\/solutions\/donnees-et-logos-des-stations-pour-les-systemes-dinfo-divertissement\/\"]}]},{\"@type\":\"BreadcrumbList\",\"@id\":\"https:\/\/radiodatacenter.net\/fr\/solutions\/donnees-et-logos-des-stations-pour-les-systemes-dinfo-divertissement\/#breadcrumb\",\"itemListElement\":[{\"@type\":\"ListItem\",\"position\":1,\"name\":\"Startseite\",\"item\":\"https:\/\/radiodatacenter.net\/fr\/\"},{\"@type\":\"ListItem\",\"position\":2,\"name\":\"Solutions\",\"item\":\"https:\/\/radiodatacenter.net\/fr\/solutions\/\"},{\"@type\":\"ListItem\",\"position\":3,\"name\":\"Donn\u00e9es et logos des stations pour les syst\u00e8mes d\u2019info-divertissement\"}]},{\"@type\":\"WebSite\",\"@id\":\"https:\/\/radiodatacenter.net\/fr\/#website\",\"url\":\"https:\/\/radiodatacenter.net\/fr\/\",\"name\":\"Radio Data Center\",\"description\":\"\",\"potentialAction\":[{\"@type\":\"SearchAction\",\"target\":{\"@type\":\"EntryPoint\",\"urlTemplate\":\"https:\/\/radiodatacenter.net\/fr\/?s={search_term_string}\"},\"query-input\":\"required name=search_term_string\"}],\"inLanguage\":\"fr-FR\"}]}<\/script>\n<!-- \/ Yoast SEO plugin. -->","yoast_head_json":{"title":"Donn\u00e9es et logos des stations pour les syst\u00e8mes d\u2019info-divertissement - Radio Data Center","robots":{"index":"index","follow":"follow","max-snippet":"max-snippet:-1","max-image-preview":"max-image-preview:large","max-video-preview":"max-video-preview:-1"},"canonical":"https:\/\/radiodatacenter.net\/fr\/solutions\/donnees-et-logos-des-stations-pour-les-systemes-dinfo-divertissement\/","og_locale":"fr_FR","og_type":"article","og_title":"Donn\u00e9es et logos des stations pour les syst\u00e8mes d\u2019info-divertissement - Radio Data Center","og_url":"https:\/\/radiodatacenter.net\/fr\/solutions\/donnees-et-logos-des-stations-pour-les-systemes-dinfo-divertissement\/","og_site_name":"Radio Data Center","article_modified_time":"2022-04-22T14:24:37+00:00","twitter_card":"summary_large_image","twitter_misc":{"Dur\u00e9e de lecture estim\u00e9e":"3 minutes"},"schema":{"@context":"https:\/\/schema.org","@graph":[{"@type":"WebPage","@id":"https:\/\/radiodatacenter.net\/fr\/solutions\/donnees-et-logos-des-stations-pour-les-systemes-dinfo-divertissement\/","url":"https:\/\/radiodatacenter.net\/fr\/solutions\/donnees-et-logos-des-stations-pour-les-systemes-dinfo-divertissement\/","name":"Donn\u00e9es et logos des stations pour les syst\u00e8mes d\u2019info-divertissement - Radio Data Center","isPartOf":{"@id":"https:\/\/radiodatacenter.net\/fr\/#website"},"datePublished":"2022-03-28T19:14:16+00:00","dateModified":"2022-04-22T14:24:37+00:00","breadcrumb":{"@id":"https:\/\/radiodatacenter.net\/fr\/solutions\/donnees-et-logos-des-stations-pour-les-systemes-dinfo-divertissement\/#breadcrumb"},"inLanguage":"fr-FR","potentialAction":[{"@type":"ReadAction","target":["https:\/\/radiodatacenter.net\/fr\/solutions\/donnees-et-logos-des-stations-pour-les-systemes-dinfo-divertissement\/"]}]},{"@type":"BreadcrumbList","@id":"https:\/\/radiodatacenter.net\/fr\/solutions\/donnees-et-logos-des-stations-pour-les-systemes-dinfo-divertissement\/#breadcrumb","itemListElement":[{"@type":"ListItem","position":1,"name":"Startseite","item":"https:\/\/radiodatacenter.net\/fr\/"},{"@type":"ListItem","position":2,"name":"Solutions","item":"https:\/\/radiodatacenter.net\/fr\/solutions\/"},{"@type":"ListItem","position":3,"name":"Donn\u00e9es et logos des stations pour les syst\u00e8mes d\u2019info-divertissement"}]},{"@type":"WebSite","@id":"https:\/\/radiodatacenter.net\/fr\/#website","url":"https:\/\/radiodatacenter.net\/fr\/","name":"Radio Data Center","description":"","potentialAction":[{"@type":"SearchAction","target":{"@type":"EntryPoint","urlTemplate":"https:\/\/radiodatacenter.net\/fr\/?s={search_term_string}"},"query-input":"required name=search_term_string"}],"inLanguage":"fr-FR"}]}},"_links":{"self":[{"href":"https:\/\/radiodatacenter.net\/fr\/wp-json\/wp\/v2\/pages\/5119","targetHints":{"allow":["GET"]}}],"collection":[{"href":"https:\/\/radiodatacenter.net\/fr\/wp-json\/wp\/v2\/pages"}],"about":[{"href":"https:\/\/radiodatacenter.net\/fr\/wp-json\/wp\/v2\/types\/page"}],"author":[{"embeddable":true,"href":"https:\/\/radiodatacenter.net\/fr\/wp-json\/wp\/v2\/users\/3"}],"replies":[{"embeddable":true,"href":"https:\/\/radiodatacenter.net\/fr\/wp-json\/wp\/v2\/comments?post=5119"}],"version-history":[{"count":6,"href":"https:\/\/radiodatacenter.net\/fr\/wp-json\/wp\/v2\/pages\/5119\/revisions"}],"predecessor-version":[{"id":5127,"href":"https:\/\/radiodatacenter.net\/fr\/wp-json\/wp\/v2\/pages\/5119\/revisions\/5127"}],"up":[{"embeddable":true,"href":"https:\/\/radiodatacenter.net\/fr\/wp-json\/wp\/v2\/pages\/5110"}],"wp:attachment":[{"href":"https:\/\/radiodatacenter.net\/fr\/wp-json\/wp\/v2\/media?parent=5119"}],"curies":[{"name":"wp","href":"https:\/\/api.w.org\/{rel}","templated":true}]}}