{"id":5129,"date":"2022-03-28T22:01:28","date_gmt":"2022-03-28T20:01:28","guid":{"rendered":"https:\/\/radiodatacenter.net\/v2\/solutions\/services-pour-lindustrie-automobile\/"},"modified":"2022-04-22T16:34:21","modified_gmt":"2022-04-22T14:34:21","slug":"services-pour-lindustrie-automobile","status":"publish","type":"page","link":"https:\/\/radiodatacenter.net\/fr\/solutions\/services-pour-lindustrie-automobile\/","title":{"rendered":"Services pour l\u2019industrie automobile"},"content":{"rendered":"<div class='flex_column av-4a1jzp-e7337bb686f2015a580fd954539df62f av_one_full  avia-builder-el-0  el_before_av_hr  avia-builder-el-first  first flex_column_div '   ><p><br \/>\n<section  class='av_textblock_section av-l1b3wf7f-807af8b68ac938f47e983f9e8ed2d658'  itemscope=\"itemscope\" itemtype=\"https:\/\/schema.org\/CreativeWork\" ><div class='avia_textblock'  itemprop=\"text\" ><h1>Services pour l\u2019industrie automobile<\/h1>\n<\/div><\/section><\/p><\/div>\n<div  class='hr av-l1b4o2qc-e6f146b340dde86bf92a08e504c2144e hr-short  avia-builder-el-3  el_after_av_one_full  el_before_av_one_half  hr-left'><span class='hr-inner '><span class=\"hr-inner-style\"><\/span><\/span><\/div>\n<div class='flex_column av-33xkdh-66531d04b88cdcea5cf21e7e0e7ded47 av_one_half  avia-builder-el-4  el_after_av_hr  el_before_av_one_half  first flex_column_div '   ><p><section  class='av_textblock_section av-l1b3dket-4f55c6676970cb3b408c752c9ee63f94'  itemscope=\"itemscope\" itemtype=\"https:\/\/schema.org\/CreativeWork\" ><div class='avia_textblock'  itemprop=\"text\" ><p>Pr\u00e9paration et \u00e9valuation des essais de conduite? Vous recherchez des sc\u00e9narios de test sp\u00e9ciaux? Des donn\u00e9es et des informations actualis\u00e9es sur les services DAB \u00e0 tout moment? Nous offrons un soutien individuel et flexible \u2013 de la DayPass \u00e0 la WebApp en passant par le Corporate Support!<\/p>\n<\/div><\/section><br \/>\n\n<style type=\"text\/css\" data-created_by=\"avia_inline_auto\" id=\"style-css-av-37v0zc-90de2d273bdb4c18dfb92544a55b82ce\">\n@keyframes av_sonarEffect_av-37v0zc-90de2d273bdb4c18dfb92544a55b82ce {\n  0% {opacity: 0.3;}\n 50% {opacity: 0.5;}\n100% {opacity: 0.5; -webkit-transform: scale(1.5); transform: scale(1.5);}\n}\n@-webkit-keyframes av_sonarEffect_av-37v0zc-90de2d273bdb4c18dfb92544a55b82ce {\n  0% {opacity: 0.3;}\n 50% {opacity: 0.5;}\n100% {opacity: 0.5; -webkit-transform: scale(1.5); transform: scale(1.5);}\n}\n.av_promobox.av-37v0zc-90de2d273bdb4c18dfb92544a55b82ce:hover{\nanimation:av_sonarEffect_av-37v0zc-90de2d273bdb4c18dfb92544a55b82ce 1s ease-in-out;\n-webkit-animation:av_sonarEffect_av-37v0zc-90de2d273bdb4c18dfb92544a55b82ce 1s ease-in-out;\n-moz-animation:av_sonarEffect_av-37v0zc-90de2d273bdb4c18dfb92544a55b82ce 1s ease-in-out;\n-o-animation:av_sonarEffect_av-37v0zc-90de2d273bdb4c18dfb92544a55b82ce 1s ease-in-out;\n}\n<\/style>\n<div  class='av_promobox av-37v0zc-90de2d273bdb4c18dfb92544a55b82ce avia-button-yes  avia-builder-el-6  el_after_av_textblock  avia-builder-el-last  avia-sonar-shadow'><div class='avia-promocontent'><\/p>\n<p style=\"margin-top: 15px;\"><strong>Vous avez des questions?<\/strong><\/p>\n<p>\n<\/div><div  class='avia-button-wrap avia-button-right ' ><a href='https:\/\/radiodatacenter.net\/v2\/fr\/contact\/'  class='avia-button av-37v0zc-b7361d57a797e512ae2e6ba66290e3cb avia-icon_select-yes-left-icon avia-size-large avia-position-right avia-color-theme-color' ><span class='avia_button_icon avia_button_icon_left' aria-hidden='true' data-av_icon='\ue835' data-av_iconfont='entypo-fontello'><\/span><span class='avia_iconbox_title' >Demander maintenant<\/span><\/a><\/div><\/div><\/p><\/div>\n<div class='flex_column av-27i31x-0217cb9d01d66626c3401b0fb74702ad av_one_half  avia-builder-el-7  el_after_av_one_half  avia-builder-el-last  flex_column_div '   ><style type=\"text\/css\" data-created_by=\"avia_inline_auto\" id=\"style-css-av-l1b4h7a5-005dd56c4fbf9e00dbe53939bb512eb6\">\n.avia-image-container.av-l1b4h7a5-005dd56c4fbf9e00dbe53939bb512eb6 .av-image-caption-overlay-center{\ncolor:#ffffff;\n}\n<\/style>\n<div  class='avia-image-container av-l1b4h7a5-005dd56c4fbf9e00dbe53939bb512eb6 av-styling- avia-align-center  avia-builder-el-8  avia-builder-el-no-sibling '  itemprop=\"image\" itemscope=\"itemscope\" itemtype=\"https:\/\/schema.org\/ImageObject\" ><div class=\"avia-image-container-inner\"><div class=\"avia-image-overlay-wrap\"><img decoding=\"async\" class='wp-image-4835 avia-img-lazy-loading-not-4835 avia_image' src=\"https:\/\/radiodatacenter.net\/wp-content\/uploads\/2022\/04\/dienstleistungen-automotive.jpg\" alt='' title='Services pour l\u2019industrie automobile'  height=\"600\" width=\"1000\"  itemprop=\"thumbnailUrl\" srcset=\"https:\/\/radiodatacenter.net\/wp-content\/uploads\/2022\/04\/dienstleistungen-automotive.jpg 1000w, https:\/\/radiodatacenter.net\/wp-content\/uploads\/2022\/04\/dienstleistungen-automotive-300x180.jpg 300w, https:\/\/radiodatacenter.net\/wp-content\/uploads\/2022\/04\/dienstleistungen-automotive-768x461.jpg 768w, https:\/\/radiodatacenter.net\/wp-content\/uploads\/2022\/04\/dienstleistungen-automotive-705x423.jpg 705w\" sizes=\"(max-width: 1000px) 100vw, 1000px\" \/><\/div><\/div><\/div><\/div>\n","protected":false},"excerpt":{"rendered":"","protected":false},"author":3,"featured_media":0,"parent":5110,"menu_order":0,"comment_status":"closed","ping_status":"closed","template":"","meta":{"footnotes":""},"class_list":["post-5129","page","type-page","status-publish","hentry"],"yoast_head":"<!-- This site is optimized with the Yoast SEO plugin v20.10 - https:\/\/yoast.com\/wordpress\/plugins\/seo\/ -->\n<title>Services pour l\u2019industrie automobile - Radio Data Center<\/title>\n<meta name=\"robots\" content=\"index, follow, max-snippet:-1, max-image-preview:large, max-video-preview:-1\" \/>\n<link rel=\"canonical\" href=\"https:\/\/radiodatacenter.net\/fr\/solutions\/services-pour-lindustrie-automobile\/\" \/>\n<meta property=\"og:locale\" content=\"fr_FR\" \/>\n<meta property=\"og:type\" content=\"article\" \/>\n<meta property=\"og:title\" content=\"Services pour l\u2019industrie automobile - Radio Data Center\" \/>\n<meta property=\"og:url\" content=\"https:\/\/radiodatacenter.net\/fr\/solutions\/services-pour-lindustrie-automobile\/\" \/>\n<meta property=\"og:site_name\" content=\"Radio Data Center\" \/>\n<meta property=\"article:modified_time\" content=\"2022-04-22T14:34:21+00:00\" \/>\n<meta name=\"twitter:card\" content=\"summary_large_image\" \/>\n<meta name=\"twitter:label1\" content=\"Dur\u00e9e de lecture estim\u00e9e\" \/>\n\t<meta name=\"twitter:data1\" content=\"3 minutes\" \/>\n<script type=\"application\/ld+json\" class=\"yoast-schema-graph\">{\"@context\":\"https:\/\/schema.org\",\"@graph\":[{\"@type\":\"WebPage\",\"@id\":\"https:\/\/radiodatacenter.net\/fr\/solutions\/services-pour-lindustrie-automobile\/\",\"url\":\"https:\/\/radiodatacenter.net\/fr\/solutions\/services-pour-lindustrie-automobile\/\",\"name\":\"Services pour l\u2019industrie automobile - Radio Data Center\",\"isPartOf\":{\"@id\":\"https:\/\/radiodatacenter.net\/fr\/#website\"},\"datePublished\":\"2022-03-28T20:01:28+00:00\",\"dateModified\":\"2022-04-22T14:34:21+00:00\",\"breadcrumb\":{\"@id\":\"https:\/\/radiodatacenter.net\/fr\/solutions\/services-pour-lindustrie-automobile\/#breadcrumb\"},\"inLanguage\":\"fr-FR\",\"potentialAction\":[{\"@type\":\"ReadAction\",\"target\":[\"https:\/\/radiodatacenter.net\/fr\/solutions\/services-pour-lindustrie-automobile\/\"]}]},{\"@type\":\"BreadcrumbList\",\"@id\":\"https:\/\/radiodatacenter.net\/fr\/solutions\/services-pour-lindustrie-automobile\/#breadcrumb\",\"itemListElement\":[{\"@type\":\"ListItem\",\"position\":1,\"name\":\"Startseite\",\"item\":\"https:\/\/radiodatacenter.net\/fr\/\"},{\"@type\":\"ListItem\",\"position\":2,\"name\":\"Solutions\",\"item\":\"https:\/\/radiodatacenter.net\/fr\/solutions\/\"},{\"@type\":\"ListItem\",\"position\":3,\"name\":\"Services pour l\u2019industrie automobile\"}]},{\"@type\":\"WebSite\",\"@id\":\"https:\/\/radiodatacenter.net\/fr\/#website\",\"url\":\"https:\/\/radiodatacenter.net\/fr\/\",\"name\":\"Radio Data Center\",\"description\":\"\",\"potentialAction\":[{\"@type\":\"SearchAction\",\"target\":{\"@type\":\"EntryPoint\",\"urlTemplate\":\"https:\/\/radiodatacenter.net\/fr\/?s={search_term_string}\"},\"query-input\":\"required name=search_term_string\"}],\"inLanguage\":\"fr-FR\"}]}<\/script>\n<!-- \/ Yoast SEO plugin. -->","yoast_head_json":{"title":"Services pour l\u2019industrie automobile - Radio Data Center","robots":{"index":"index","follow":"follow","max-snippet":"max-snippet:-1","max-image-preview":"max-image-preview:large","max-video-preview":"max-video-preview:-1"},"canonical":"https:\/\/radiodatacenter.net\/fr\/solutions\/services-pour-lindustrie-automobile\/","og_locale":"fr_FR","og_type":"article","og_title":"Services pour l\u2019industrie automobile - Radio Data Center","og_url":"https:\/\/radiodatacenter.net\/fr\/solutions\/services-pour-lindustrie-automobile\/","og_site_name":"Radio Data Center","article_modified_time":"2022-04-22T14:34:21+00:00","twitter_card":"summary_large_image","twitter_misc":{"Dur\u00e9e de lecture estim\u00e9e":"3 minutes"},"schema":{"@context":"https:\/\/schema.org","@graph":[{"@type":"WebPage","@id":"https:\/\/radiodatacenter.net\/fr\/solutions\/services-pour-lindustrie-automobile\/","url":"https:\/\/radiodatacenter.net\/fr\/solutions\/services-pour-lindustrie-automobile\/","name":"Services pour l\u2019industrie automobile - Radio Data Center","isPartOf":{"@id":"https:\/\/radiodatacenter.net\/fr\/#website"},"datePublished":"2022-03-28T20:01:28+00:00","dateModified":"2022-04-22T14:34:21+00:00","breadcrumb":{"@id":"https:\/\/radiodatacenter.net\/fr\/solutions\/services-pour-lindustrie-automobile\/#breadcrumb"},"inLanguage":"fr-FR","potentialAction":[{"@type":"ReadAction","target":["https:\/\/radiodatacenter.net\/fr\/solutions\/services-pour-lindustrie-automobile\/"]}]},{"@type":"BreadcrumbList","@id":"https:\/\/radiodatacenter.net\/fr\/solutions\/services-pour-lindustrie-automobile\/#breadcrumb","itemListElement":[{"@type":"ListItem","position":1,"name":"Startseite","item":"https:\/\/radiodatacenter.net\/fr\/"},{"@type":"ListItem","position":2,"name":"Solutions","item":"https:\/\/radiodatacenter.net\/fr\/solutions\/"},{"@type":"ListItem","position":3,"name":"Services pour l\u2019industrie automobile"}]},{"@type":"WebSite","@id":"https:\/\/radiodatacenter.net\/fr\/#website","url":"https:\/\/radiodatacenter.net\/fr\/","name":"Radio Data Center","description":"","potentialAction":[{"@type":"SearchAction","target":{"@type":"EntryPoint","urlTemplate":"https:\/\/radiodatacenter.net\/fr\/?s={search_term_string}"},"query-input":"required name=search_term_string"}],"inLanguage":"fr-FR"}]}},"_links":{"self":[{"href":"https:\/\/radiodatacenter.net\/fr\/wp-json\/wp\/v2\/pages\/5129","targetHints":{"allow":["GET"]}}],"collection":[{"href":"https:\/\/radiodatacenter.net\/fr\/wp-json\/wp\/v2\/pages"}],"about":[{"href":"https:\/\/radiodatacenter.net\/fr\/wp-json\/wp\/v2\/types\/page"}],"author":[{"embeddable":true,"href":"https:\/\/radiodatacenter.net\/fr\/wp-json\/wp\/v2\/users\/3"}],"replies":[{"embeddable":true,"href":"https:\/\/radiodatacenter.net\/fr\/wp-json\/wp\/v2\/comments?post=5129"}],"version-history":[{"count":6,"href":"https:\/\/radiodatacenter.net\/fr\/wp-json\/wp\/v2\/pages\/5129\/revisions"}],"predecessor-version":[{"id":5138,"href":"https:\/\/radiodatacenter.net\/fr\/wp-json\/wp\/v2\/pages\/5129\/revisions\/5138"}],"up":[{"embeddable":true,"href":"https:\/\/radiodatacenter.net\/fr\/wp-json\/wp\/v2\/pages\/5110"}],"wp:attachment":[{"href":"https:\/\/radiodatacenter.net\/fr\/wp-json\/wp\/v2\/media?parent=5129"}],"curies":[{"name":"wp","href":"https:\/\/api.w.org\/{rel}","templated":true}]}}