{"id":5155,"date":"2022-03-28T22:03:48","date_gmt":"2022-03-28T20:03:48","guid":{"rendered":"https:\/\/radiodatacenter.net\/v2\/solutions\/utilisation-des-donnees-sous-licence\/"},"modified":"2022-04-22T16:39:13","modified_gmt":"2022-04-22T14:39:13","slug":"utilisation-des-donnees-sous-licence","status":"publish","type":"page","link":"https:\/\/radiodatacenter.net\/fr\/solutions\/utilisation-des-donnees-sous-licence\/","title":{"rendered":"Utilisation des donn\u00e9es sous licence"},"content":{"rendered":"<div class='flex_column av-4a1jzp-e7337bb686f2015a580fd954539df62f av_one_full  avia-builder-el-0  el_before_av_hr  avia-builder-el-first  first flex_column_div '   ><p><br \/>\n<section  class='av_textblock_section av-l1b3wf7f-807af8b68ac938f47e983f9e8ed2d658'  itemscope=\"itemscope\" itemtype=\"https:\/\/schema.org\/CreativeWork\" ><div class='avia_textblock'  itemprop=\"text\" ><h1>Utilisation des donn\u00e9es sous licence<\/h1>\n<\/div><\/section><\/p><\/div>\n<div  class='hr av-l1b4o2qc-e6f146b340dde86bf92a08e504c2144e hr-short  avia-builder-el-3  el_after_av_one_full  el_before_av_one_half  hr-left'><span class='hr-inner '><span class=\"hr-inner-style\"><\/span><\/span><\/div>\n<div class='flex_column av-33xkdh-66531d04b88cdcea5cf21e7e0e7ded47 av_one_half  avia-builder-el-4  el_after_av_hr  el_before_av_one_half  first flex_column_div '   ><p><section  class='av_textblock_section av-l1b3dket-4f55c6676970cb3b408c752c9ee63f94'  itemscope=\"itemscope\" itemtype=\"https:\/\/schema.org\/CreativeWork\" ><div class='avia_textblock'  itemprop=\"text\" ><p>La construction, l\u2019exploitation et la mise \u00e0 jour constante de la base de donn\u00e9es mondiale des \u00e9metteurs sont co\u00fbteuses et impossibles sans une \u00e9quipe de r\u00e9daction internationale \u2013 l\u2019Internet regorge de donn\u00e9es p\u00e9rim\u00e9es et incorrectes. Nous nous finan\u00e7ons sur nos propres ressources en percevant des droits de licence pour l\u2019utilisation des donn\u00e9es. Notre offre reste ainsi ind\u00e9pendante des groupes d\u2019int\u00e9r\u00eat et exempte de publicit\u00e9.<\/p>\n<\/div><\/section><br \/>\n\n<style type=\"text\/css\" data-created_by=\"avia_inline_auto\" id=\"style-css-av-2060wc-68c0bf4185e04fcb7ed8efa8a6577a67\">\n@keyframes av_sonarEffect_av-2060wc-68c0bf4185e04fcb7ed8efa8a6577a67 {\n  0% {opacity: 0.3;}\n 50% {opacity: 0.5;}\n100% {opacity: 0.5; -webkit-transform: scale(1.5); transform: scale(1.5);}\n}\n@-webkit-keyframes av_sonarEffect_av-2060wc-68c0bf4185e04fcb7ed8efa8a6577a67 {\n  0% {opacity: 0.3;}\n 50% {opacity: 0.5;}\n100% {opacity: 0.5; -webkit-transform: scale(1.5); transform: scale(1.5);}\n}\n.av_promobox.av-2060wc-68c0bf4185e04fcb7ed8efa8a6577a67:hover{\nanimation:av_sonarEffect_av-2060wc-68c0bf4185e04fcb7ed8efa8a6577a67 1s ease-in-out;\n-webkit-animation:av_sonarEffect_av-2060wc-68c0bf4185e04fcb7ed8efa8a6577a67 1s ease-in-out;\n-moz-animation:av_sonarEffect_av-2060wc-68c0bf4185e04fcb7ed8efa8a6577a67 1s ease-in-out;\n-o-animation:av_sonarEffect_av-2060wc-68c0bf4185e04fcb7ed8efa8a6577a67 1s ease-in-out;\n}\n<\/style>\n<div  class='av_promobox av-2060wc-68c0bf4185e04fcb7ed8efa8a6577a67 avia-button-yes  avia-builder-el-6  el_after_av_textblock  avia-builder-el-last  avia-sonar-shadow'><div class='avia-promocontent'><\/p>\n<p style=\"margin-top: 15px;\"><strong>Vous avez des questions?<\/strong><\/p>\n<p>\n<\/div><div  class='avia-button-wrap avia-button-right ' ><a href='https:\/\/radiodatacenter.net\/v2\/fr\/contact\/'  class='avia-button av-2060wc-8a10c5cba381ad7917e0e30f83d2d9e8 avia-icon_select-yes-left-icon avia-size-large avia-position-right avia-color-theme-color' ><span class='avia_button_icon avia_button_icon_left' aria-hidden='true' data-av_icon='\ue835' data-av_iconfont='entypo-fontello'><\/span><span class='avia_iconbox_title' >Demander maintenant<\/span><\/a><\/div><\/div><\/p><\/div>\n<div class='flex_column av-27i31x-0217cb9d01d66626c3401b0fb74702ad av_one_half  avia-builder-el-7  el_after_av_one_half  avia-builder-el-last  flex_column_div '   ><style type=\"text\/css\" data-created_by=\"avia_inline_auto\" id=\"style-css-av-l1b4h7a5-759be7a93829af3651f9dc6e5592500c\">\n.avia-image-container.av-l1b4h7a5-759be7a93829af3651f9dc6e5592500c .av-image-caption-overlay-center{\ncolor:#ffffff;\n}\n<\/style>\n<div  class='avia-image-container av-l1b4h7a5-759be7a93829af3651f9dc6e5592500c av-styling- avia-align-center  avia-builder-el-8  avia-builder-el-no-sibling '  itemprop=\"image\" itemscope=\"itemscope\" itemtype=\"https:\/\/schema.org\/ImageObject\" ><div class=\"avia-image-container-inner\"><div class=\"avia-image-overlay-wrap\"><img decoding=\"async\" class='wp-image-4847 avia-img-lazy-loading-not-4847 avia_image' src=\"https:\/\/radiodatacenter.net\/wp-content\/uploads\/2022\/04\/lizenzierte-datennutzung.jpg\" alt='' title='Utilisation des donn\u00e9es sous licence'  height=\"600\" width=\"1000\"  itemprop=\"thumbnailUrl\" srcset=\"https:\/\/radiodatacenter.net\/wp-content\/uploads\/2022\/04\/lizenzierte-datennutzung.jpg 1000w, https:\/\/radiodatacenter.net\/wp-content\/uploads\/2022\/04\/lizenzierte-datennutzung-300x180.jpg 300w, https:\/\/radiodatacenter.net\/wp-content\/uploads\/2022\/04\/lizenzierte-datennutzung-768x461.jpg 768w, https:\/\/radiodatacenter.net\/wp-content\/uploads\/2022\/04\/lizenzierte-datennutzung-705x423.jpg 705w\" sizes=\"(max-width: 1000px) 100vw, 1000px\" \/><\/div><\/div><\/div><\/div>\n","protected":false},"excerpt":{"rendered":"","protected":false},"author":3,"featured_media":0,"parent":5110,"menu_order":0,"comment_status":"closed","ping_status":"closed","template":"","meta":{"footnotes":""},"class_list":["post-5155","page","type-page","status-publish","hentry"],"yoast_head":"<!-- This site is optimized with the Yoast SEO plugin v20.10 - https:\/\/yoast.com\/wordpress\/plugins\/seo\/ -->\n<title>Utilisation des donn\u00e9es sous licence - Radio Data Center<\/title>\n<meta name=\"robots\" content=\"index, follow, max-snippet:-1, max-image-preview:large, max-video-preview:-1\" \/>\n<link rel=\"canonical\" href=\"https:\/\/radiodatacenter.net\/fr\/solutions\/utilisation-des-donnees-sous-licence\/\" \/>\n<meta property=\"og:locale\" content=\"fr_FR\" \/>\n<meta property=\"og:type\" content=\"article\" \/>\n<meta property=\"og:title\" content=\"Utilisation des donn\u00e9es sous licence - Radio Data Center\" \/>\n<meta property=\"og:url\" content=\"https:\/\/radiodatacenter.net\/fr\/solutions\/utilisation-des-donnees-sous-licence\/\" \/>\n<meta property=\"og:site_name\" content=\"Radio Data Center\" \/>\n<meta property=\"article:modified_time\" content=\"2022-04-22T14:39:13+00:00\" \/>\n<meta name=\"twitter:card\" content=\"summary_large_image\" \/>\n<meta name=\"twitter:label1\" content=\"Dur\u00e9e de lecture estim\u00e9e\" \/>\n\t<meta name=\"twitter:data1\" content=\"3 minutes\" \/>\n<script type=\"application\/ld+json\" class=\"yoast-schema-graph\">{\"@context\":\"https:\/\/schema.org\",\"@graph\":[{\"@type\":\"WebPage\",\"@id\":\"https:\/\/radiodatacenter.net\/fr\/solutions\/utilisation-des-donnees-sous-licence\/\",\"url\":\"https:\/\/radiodatacenter.net\/fr\/solutions\/utilisation-des-donnees-sous-licence\/\",\"name\":\"Utilisation des donn\u00e9es sous licence - Radio Data Center\",\"isPartOf\":{\"@id\":\"https:\/\/radiodatacenter.net\/fr\/#website\"},\"datePublished\":\"2022-03-28T20:03:48+00:00\",\"dateModified\":\"2022-04-22T14:39:13+00:00\",\"breadcrumb\":{\"@id\":\"https:\/\/radiodatacenter.net\/fr\/solutions\/utilisation-des-donnees-sous-licence\/#breadcrumb\"},\"inLanguage\":\"fr-FR\",\"potentialAction\":[{\"@type\":\"ReadAction\",\"target\":[\"https:\/\/radiodatacenter.net\/fr\/solutions\/utilisation-des-donnees-sous-licence\/\"]}]},{\"@type\":\"BreadcrumbList\",\"@id\":\"https:\/\/radiodatacenter.net\/fr\/solutions\/utilisation-des-donnees-sous-licence\/#breadcrumb\",\"itemListElement\":[{\"@type\":\"ListItem\",\"position\":1,\"name\":\"Startseite\",\"item\":\"https:\/\/radiodatacenter.net\/fr\/\"},{\"@type\":\"ListItem\",\"position\":2,\"name\":\"Solutions\",\"item\":\"https:\/\/radiodatacenter.net\/fr\/solutions\/\"},{\"@type\":\"ListItem\",\"position\":3,\"name\":\"Utilisation des donn\u00e9es sous licence\"}]},{\"@type\":\"WebSite\",\"@id\":\"https:\/\/radiodatacenter.net\/fr\/#website\",\"url\":\"https:\/\/radiodatacenter.net\/fr\/\",\"name\":\"Radio Data Center\",\"description\":\"\",\"potentialAction\":[{\"@type\":\"SearchAction\",\"target\":{\"@type\":\"EntryPoint\",\"urlTemplate\":\"https:\/\/radiodatacenter.net\/fr\/?s={search_term_string}\"},\"query-input\":\"required name=search_term_string\"}],\"inLanguage\":\"fr-FR\"}]}<\/script>\n<!-- \/ Yoast SEO plugin. -->","yoast_head_json":{"title":"Utilisation des donn\u00e9es sous licence - Radio Data Center","robots":{"index":"index","follow":"follow","max-snippet":"max-snippet:-1","max-image-preview":"max-image-preview:large","max-video-preview":"max-video-preview:-1"},"canonical":"https:\/\/radiodatacenter.net\/fr\/solutions\/utilisation-des-donnees-sous-licence\/","og_locale":"fr_FR","og_type":"article","og_title":"Utilisation des donn\u00e9es sous licence - Radio Data Center","og_url":"https:\/\/radiodatacenter.net\/fr\/solutions\/utilisation-des-donnees-sous-licence\/","og_site_name":"Radio Data Center","article_modified_time":"2022-04-22T14:39:13+00:00","twitter_card":"summary_large_image","twitter_misc":{"Dur\u00e9e de lecture estim\u00e9e":"3 minutes"},"schema":{"@context":"https:\/\/schema.org","@graph":[{"@type":"WebPage","@id":"https:\/\/radiodatacenter.net\/fr\/solutions\/utilisation-des-donnees-sous-licence\/","url":"https:\/\/radiodatacenter.net\/fr\/solutions\/utilisation-des-donnees-sous-licence\/","name":"Utilisation des donn\u00e9es sous licence - Radio Data Center","isPartOf":{"@id":"https:\/\/radiodatacenter.net\/fr\/#website"},"datePublished":"2022-03-28T20:03:48+00:00","dateModified":"2022-04-22T14:39:13+00:00","breadcrumb":{"@id":"https:\/\/radiodatacenter.net\/fr\/solutions\/utilisation-des-donnees-sous-licence\/#breadcrumb"},"inLanguage":"fr-FR","potentialAction":[{"@type":"ReadAction","target":["https:\/\/radiodatacenter.net\/fr\/solutions\/utilisation-des-donnees-sous-licence\/"]}]},{"@type":"BreadcrumbList","@id":"https:\/\/radiodatacenter.net\/fr\/solutions\/utilisation-des-donnees-sous-licence\/#breadcrumb","itemListElement":[{"@type":"ListItem","position":1,"name":"Startseite","item":"https:\/\/radiodatacenter.net\/fr\/"},{"@type":"ListItem","position":2,"name":"Solutions","item":"https:\/\/radiodatacenter.net\/fr\/solutions\/"},{"@type":"ListItem","position":3,"name":"Utilisation des donn\u00e9es sous licence"}]},{"@type":"WebSite","@id":"https:\/\/radiodatacenter.net\/fr\/#website","url":"https:\/\/radiodatacenter.net\/fr\/","name":"Radio Data Center","description":"","potentialAction":[{"@type":"SearchAction","target":{"@type":"EntryPoint","urlTemplate":"https:\/\/radiodatacenter.net\/fr\/?s={search_term_string}"},"query-input":"required name=search_term_string"}],"inLanguage":"fr-FR"}]}},"_links":{"self":[{"href":"https:\/\/radiodatacenter.net\/fr\/wp-json\/wp\/v2\/pages\/5155","targetHints":{"allow":["GET"]}}],"collection":[{"href":"https:\/\/radiodatacenter.net\/fr\/wp-json\/wp\/v2\/pages"}],"about":[{"href":"https:\/\/radiodatacenter.net\/fr\/wp-json\/wp\/v2\/types\/page"}],"author":[{"embeddable":true,"href":"https:\/\/radiodatacenter.net\/fr\/wp-json\/wp\/v2\/users\/3"}],"replies":[{"embeddable":true,"href":"https:\/\/radiodatacenter.net\/fr\/wp-json\/wp\/v2\/comments?post=5155"}],"version-history":[{"count":5,"href":"https:\/\/radiodatacenter.net\/fr\/wp-json\/wp\/v2\/pages\/5155\/revisions"}],"predecessor-version":[{"id":5161,"href":"https:\/\/radiodatacenter.net\/fr\/wp-json\/wp\/v2\/pages\/5155\/revisions\/5161"}],"up":[{"embeddable":true,"href":"https:\/\/radiodatacenter.net\/fr\/wp-json\/wp\/v2\/pages\/5110"}],"wp:attachment":[{"href":"https:\/\/radiodatacenter.net\/fr\/wp-json\/wp\/v2\/media?parent=5155"}],"curies":[{"name":"wp","href":"https:\/\/api.w.org\/{rel}","templated":true}]}}