{"id":5193,"date":"2022-03-28T22:30:44","date_gmt":"2022-03-28T20:30:44","guid":{"rendered":"https:\/\/radiodatacenter.net\/v2\/projets\/airi-le-bon-choix-pour-la-radio-des-enfants\/"},"modified":"2022-04-22T17:02:54","modified_gmt":"2022-04-22T15:02:54","slug":"airi-le-bon-choix-pour-la-radio-des-enfants","status":"publish","type":"page","link":"https:\/\/radiodatacenter.net\/fr\/airi-le-bon-choix-pour-la-radio-des-enfants\/","title":{"rendered":"AIRI &#8211; le bon choix pour la radio des enfants"},"content":{"rendered":"\n<style type=\"text\/css\" data-created_by=\"avia_inline_auto\" id=\"style-css-av-l1eul9s2-9a1404239e4bfc4c8ab6ec2c90e7f175\">\n.avia-section.av-l1eul9s2-9a1404239e4bfc4c8ab6ec2c90e7f175 .av-parallax .av-parallax-inner{\nbackground-repeat:no-repeat;\nbackground-image:url(https:\/\/radiodatacenter.net\/wp-content\/uploads\/2022\/03\/airi-slider2-1030x349.jpg);\nbackground-position:50% 50%;\nbackground-attachment:scroll;\n}\n<\/style>\n<div id='av_section_1'  class='avia-section av-l1eul9s2-9a1404239e4bfc4c8ab6ec2c90e7f175 main_color avia-section-default avia-no-border-styling  avia-builder-el-0  el_before_av_one_full  avia-builder-el-first  av-parallax-section avia-bg-style-parallax av-minimum-height av-minimum-height-custom  container_wrap sidebar_right'  data-section-bg-repeat='no-repeat'><div class='av-parallax' data-avia-parallax-ratio='0.3' ><div class='av-parallax-inner main_color avia-full-stretch'><\/div><\/div><div class='container av-section-cont-open' style='height:300px'><main  role=\"main\" itemprop=\"mainContentOfPage\"  class='template-page content  av-content-small alpha units'><div class='post-entry post-entry-type-page post-entry-5193'><div class='entry-content-wrapper clearfix'><\/div><\/div><\/main><!-- close content main element --><\/div><\/div><div id='after_section_1'  class='main_color av_default_container_wrap container_wrap sidebar_right'  ><div class='container av-section-cont-open' ><div class='template-page content  av-content-small alpha units'><div class='post-entry post-entry-type-page post-entry-5193'><div class='entry-content-wrapper clearfix'>\n<div class='flex_column av-4a1jzp-e7337bb686f2015a580fd954539df62f av_one_full  avia-builder-el-1  el_after_av_section  el_before_av_hr  avia-builder-el-first  first flex_column_div '   ><p><br \/>\n<section  class='av_textblock_section av-l1b3wf7f-807af8b68ac938f47e983f9e8ed2d658'  itemscope=\"itemscope\" itemtype=\"https:\/\/schema.org\/CreativeWork\" ><div class='avia_textblock'  itemprop=\"text\" ><h1 style=\"color: #86ba44; text-align: center;\">AIRI &#8211; le bon choix pour la radio des enfants<\/h1>\n<\/div><\/section><\/p><\/div>\n<div  class='hr av-l1b4o2qc-fe9fefd131802da8360ddbbcb9d090b8 hr-short  avia-builder-el-4  el_after_av_one_full  el_before_av_one_half  hr-center'><span class='hr-inner '><span class=\"hr-inner-style\"><\/span><\/span><\/div>\n<div class='flex_column av-33xkdh-66531d04b88cdcea5cf21e7e0e7ded47 av_one_half  avia-builder-el-5  el_after_av_hr  el_before_av_one_half  first flex_column_div '   ><p><section  class='av_textblock_section av-l1b3dket-4f55c6676970cb3b408c752c9ee63f94'  itemscope=\"itemscope\" itemtype=\"https:\/\/schema.org\/CreativeWork\" ><div class='avia_textblock'  itemprop=\"text\" ><p>La premi\u00e8re <strong>appli radio mondiale pour enfants<\/strong> propose une exp\u00e9rience radio exclusivement adapt\u00e9e aux enfants et \u00e0 leur \u00e2ge. Que ce soit l&rsquo;heure du conte de f\u00e9es, de l\u2019\u00e9mission scientifique, du jeu audio ou de la musique. Gr\u00e2ce au mode d\u00e9couverte, les enfants d\u00e9couvrent le monde de chez eux. AIRI est id\u00e9al pour sensibiliser les enfants aux m\u00e9dias sans se soucier de l&rsquo;exposition \u00e0 un contenu inappropri\u00e9.<\/p>\n<\/div><\/section><br \/>\n<div  class='avia-button-wrap avia-button-left  avia-builder-el-7  el_after_av_textblock  avia-builder-el-last ' >\n<style type=\"text\/css\" data-created_by=\"avia_inline_auto\" id=\"style-css-av-l1ey995k-75b924cb8930e0c6f62ce3280bd2b933\">\n#top #wrap_all .avia-button.av-l1ey995k-75b924cb8930e0c6f62ce3280bd2b933{\nbackground-color:#86ba44;\nborder-color:#86ba44;\ntransition:all 0.4s ease-in-out;\n-webkit-transition:all 0.4s ease-in-out;\n-moz-transition:all 0.4s ease-in-out;\n-ms-transition:all 0.4s ease-in-out;\n-o-transition:all 0.4s ease-in-out;\n}\n#top #wrap_all .avia-button.av-l1ey995k-75b924cb8930e0c6f62ce3280bd2b933:hover{\ncolor:white;\ntransition:all 0.4s ease-in-out;\n-webkit-transition:all 0.4s ease-in-out;\n-moz-transition:all 0.4s ease-in-out;\n-ms-transition:all 0.4s ease-in-out;\n-o-transition:all 0.4s ease-in-out;\n}\n<\/style>\n<a href='https:\/\/airi.radio\/en' class='avia-button av-l1ey995k-75b924cb8930e0c6f62ce3280bd2b933 avia-icon_select-yes-left-icon avia-size-large avia-position-left avia-font-color-theme-color' target=\"_blank\" rel=\"noopener noreferrer\"><span class='avia_button_icon avia_button_icon_left' aria-hidden='true' data-av_icon='\ue835' data-av_iconfont='entypo-fontello'><\/span><span class='avia_iconbox_title' >Tester gratuitement maintenant<\/span><span class='avia_button_background avia-button avia-color-theme-color-highlight' ><\/span><\/a><\/div><\/p><\/div><div class='flex_column av-27i31x-0217cb9d01d66626c3401b0fb74702ad av_one_half  avia-builder-el-8  el_after_av_one_half  el_before_av_one_fourth  flex_column_div '   ><style type=\"text\/css\" data-created_by=\"avia_inline_auto\" id=\"style-css-av-l1b4h7a5-8bde22487cb50b36a887171377ac9e7a\">\n.avia-image-container.av-l1b4h7a5-8bde22487cb50b36a887171377ac9e7a .av-image-caption-overlay-center{\ncolor:#ffffff;\n}\n<\/style>\n<div  class='avia-image-container av-l1b4h7a5-8bde22487cb50b36a887171377ac9e7a av-styling- av-hover-grow av-hide-overflow avia_animated_image avia_animate_when_almost_visible right-to-left avia-align-center  avia-builder-el-9  avia-builder-el-no-sibling '  itemprop=\"image\" itemscope=\"itemscope\" itemtype=\"https:\/\/schema.org\/ImageObject\" ><div class=\"avia-image-container-inner\"><div class=\"avia-image-overlay-wrap\"><img decoding=\"async\" class='wp-image-4805 avia-img-lazy-loading-not-4805 avia_image' src=\"https:\/\/radiodatacenter.net\/wp-content\/uploads\/2022\/03\/airi-kids.jpg\" alt='' title='AIRI - le bon choix pour la radio des enfants'  height=\"667\" width=\"1000\"  itemprop=\"thumbnailUrl\" srcset=\"https:\/\/radiodatacenter.net\/wp-content\/uploads\/2022\/03\/airi-kids.jpg 1000w, https:\/\/radiodatacenter.net\/wp-content\/uploads\/2022\/03\/airi-kids-300x200.jpg 300w, https:\/\/radiodatacenter.net\/wp-content\/uploads\/2022\/03\/airi-kids-768x512.jpg 768w, https:\/\/radiodatacenter.net\/wp-content\/uploads\/2022\/03\/airi-kids-705x470.jpg 705w\" sizes=\"(max-width: 1000px) 100vw, 1000px\" \/><\/div><\/div><\/div><\/div><\/p>\n<div class='flex_column av-72sban-21db51dfe848449243b95cc8f5376c60 av_one_fourth  avia-builder-el-10  el_after_av_one_half  el_before_av_one_fourth  first flex_column_div column-top-margin'   ><style type=\"text\/css\" data-created_by=\"avia_inline_auto\" id=\"style-css-av-l1eyz7b3-9fa5aa32a15ff42915c3b7230fe14fc5\">\n.avia-image-container.av-l1eyz7b3-9fa5aa32a15ff42915c3b7230fe14fc5 .av-image-caption-overlay-center{\ncolor:#ffffff;\n}\n<\/style>\n<div  class='avia-image-container av-l1eyz7b3-9fa5aa32a15ff42915c3b7230fe14fc5 av-styling- avia_animated_image avia_animate_when_almost_visible pop-up avia-align-center  avia-builder-el-11  avia-builder-el-no-sibling '  itemprop=\"image\" itemscope=\"itemscope\" itemtype=\"https:\/\/schema.org\/ImageObject\" ><div class=\"avia-image-container-inner\"><div class=\"avia-image-overlay-wrap\"><a href=\"https:\/\/radiodatacenter.net\/wp-content\/uploads\/2022\/03\/airi-app-1.jpg\" data-srcset=\"https:\/\/radiodatacenter.net\/wp-content\/uploads\/2022\/03\/airi-app-1.jpg 583w, https:\/\/radiodatacenter.net\/wp-content\/uploads\/2022\/03\/airi-app-1-262x300.jpg 262w\" data-sizes=\"(max-width: 583px) 100vw, 583px\" class='avia_image' ><img decoding=\"async\" class='wp-image-4808 avia-img-lazy-loading-not-4808 avia_image' src=\"https:\/\/radiodatacenter.net\/wp-content\/uploads\/2022\/03\/airi-app-1.jpg\" alt='' title='airi-app-1'  height=\"667\" width=\"583\"  itemprop=\"thumbnailUrl\" srcset=\"https:\/\/radiodatacenter.net\/wp-content\/uploads\/2022\/03\/airi-app-1.jpg 583w, https:\/\/radiodatacenter.net\/wp-content\/uploads\/2022\/03\/airi-app-1-262x300.jpg 262w\" sizes=\"(max-width: 583px) 100vw, 583px\" \/><\/a><\/div><\/div><\/div><\/div>\n<div class='flex_column av-5vu3pr-3e81541e3416567c55c8f62d94c9d7c1 av_one_fourth  avia-builder-el-12  el_after_av_one_fourth  el_before_av_one_fourth  flex_column_div column-top-margin'   ><style type=\"text\/css\" data-created_by=\"avia_inline_auto\" id=\"style-css-av-l1ez0mkx-1758f38c29f90d160ebdbfed3c776144\">\n.avia-image-container.av-l1ez0mkx-1758f38c29f90d160ebdbfed3c776144 .av-image-caption-overlay-center{\ncolor:#ffffff;\n}\n<\/style>\n<div  class='avia-image-container av-l1ez0mkx-1758f38c29f90d160ebdbfed3c776144 av-styling- avia_animated_image avia_animate_when_almost_visible pop-up avia-align-center  avia-builder-el-13  avia-builder-el-no-sibling '  itemprop=\"image\" itemscope=\"itemscope\" itemtype=\"https:\/\/schema.org\/ImageObject\" ><div class=\"avia-image-container-inner\"><div class=\"avia-image-overlay-wrap\"><a href=\"https:\/\/radiodatacenter.net\/wp-content\/uploads\/2022\/03\/airi-app-2.jpg\" data-srcset=\"https:\/\/radiodatacenter.net\/wp-content\/uploads\/2022\/03\/airi-app-2.jpg 583w, https:\/\/radiodatacenter.net\/wp-content\/uploads\/2022\/03\/airi-app-2-262x300.jpg 262w\" data-sizes=\"(max-width: 583px) 100vw, 583px\" class='avia_image' ><img decoding=\"async\" class='wp-image-4811 avia-img-lazy-loading-not-4811 avia_image' src=\"https:\/\/radiodatacenter.net\/wp-content\/uploads\/2022\/03\/airi-app-2.jpg\" alt='' title='airi-app-2'  height=\"667\" width=\"583\"  itemprop=\"thumbnailUrl\" srcset=\"https:\/\/radiodatacenter.net\/wp-content\/uploads\/2022\/03\/airi-app-2.jpg 583w, https:\/\/radiodatacenter.net\/wp-content\/uploads\/2022\/03\/airi-app-2-262x300.jpg 262w\" sizes=\"(max-width: 583px) 100vw, 583px\" \/><\/a><\/div><\/div><\/div><\/div>\n<div class='flex_column av-3mkv2n-5da421f20a7c6357e69e6a776db41d19 av_one_fourth  avia-builder-el-14  el_after_av_one_fourth  el_before_av_one_fourth  flex_column_div column-top-margin'   ><style type=\"text\/css\" data-created_by=\"avia_inline_auto\" id=\"style-css-av-l1ez123w-bf86e1f124ac8970293060b8ff30ae0a\">\n.avia-image-container.av-l1ez123w-bf86e1f124ac8970293060b8ff30ae0a .av-image-caption-overlay-center{\ncolor:#ffffff;\n}\n<\/style>\n<div  class='avia-image-container av-l1ez123w-bf86e1f124ac8970293060b8ff30ae0a av-styling- avia_animated_image avia_animate_when_almost_visible pop-up avia-align-center  avia-builder-el-15  avia-builder-el-no-sibling '  itemprop=\"image\" itemscope=\"itemscope\" itemtype=\"https:\/\/schema.org\/ImageObject\" ><div class=\"avia-image-container-inner\"><div class=\"avia-image-overlay-wrap\"><a href=\"https:\/\/radiodatacenter.net\/wp-content\/uploads\/2022\/03\/airi-app-3.jpg\" data-srcset=\"https:\/\/radiodatacenter.net\/wp-content\/uploads\/2022\/03\/airi-app-3.jpg 583w, https:\/\/radiodatacenter.net\/wp-content\/uploads\/2022\/03\/airi-app-3-262x300.jpg 262w\" data-sizes=\"(max-width: 583px) 100vw, 583px\" class='avia_image' ><img decoding=\"async\" class='wp-image-4814 avia-img-lazy-loading-not-4814 avia_image' src=\"https:\/\/radiodatacenter.net\/wp-content\/uploads\/2022\/03\/airi-app-3.jpg\" alt='' title='airi-app-3'  height=\"667\" width=\"583\"  itemprop=\"thumbnailUrl\" srcset=\"https:\/\/radiodatacenter.net\/wp-content\/uploads\/2022\/03\/airi-app-3.jpg 583w, https:\/\/radiodatacenter.net\/wp-content\/uploads\/2022\/03\/airi-app-3-262x300.jpg 262w\" sizes=\"(max-width: 583px) 100vw, 583px\" \/><\/a><\/div><\/div><\/div><\/div>\n<div class='flex_column av-bhydb-2bdb36f5ccd8824e60559660084d7764 av_one_fourth  avia-builder-el-16  el_after_av_one_fourth  avia-builder-el-last  flex_column_div column-top-margin'   ><style type=\"text\/css\" data-created_by=\"avia_inline_auto\" id=\"style-css-av-l1ez1pcu-8cb8b9e8f9122e90a180d64d53ed8268\">\n.avia-image-container.av-l1ez1pcu-8cb8b9e8f9122e90a180d64d53ed8268 .av-image-caption-overlay-center{\ncolor:#ffffff;\n}\n<\/style>\n<div  class='avia-image-container av-l1ez1pcu-8cb8b9e8f9122e90a180d64d53ed8268 av-styling- avia_animated_image avia_animate_when_almost_visible pop-up avia-align-center  avia-builder-el-17  avia-builder-el-no-sibling '  itemprop=\"image\" itemscope=\"itemscope\" itemtype=\"https:\/\/schema.org\/ImageObject\" ><div class=\"avia-image-container-inner\"><div class=\"avia-image-overlay-wrap\"><a href=\"https:\/\/radiodatacenter.net\/wp-content\/uploads\/2022\/03\/airi-app-4.jpg\" data-srcset=\"https:\/\/radiodatacenter.net\/wp-content\/uploads\/2022\/03\/airi-app-4.jpg 583w, https:\/\/radiodatacenter.net\/wp-content\/uploads\/2022\/03\/airi-app-4-262x300.jpg 262w\" data-sizes=\"(max-width: 583px) 100vw, 583px\" class='avia_image' ><img decoding=\"async\" class='wp-image-4817 avia-img-lazy-loading-not-4817 avia_image' src=\"https:\/\/radiodatacenter.net\/wp-content\/uploads\/2022\/03\/airi-app-4.jpg\" alt='' title='airi-app-4'  height=\"667\" width=\"583\"  itemprop=\"thumbnailUrl\" srcset=\"https:\/\/radiodatacenter.net\/wp-content\/uploads\/2022\/03\/airi-app-4.jpg 583w, https:\/\/radiodatacenter.net\/wp-content\/uploads\/2022\/03\/airi-app-4-262x300.jpg 262w\" sizes=\"(max-width: 583px) 100vw, 583px\" \/><\/a><\/div><\/div><\/div><\/div>\n","protected":false},"excerpt":{"rendered":"","protected":false},"author":3,"featured_media":0,"parent":0,"menu_order":0,"comment_status":"closed","ping_status":"closed","template":"","meta":{"footnotes":""},"class_list":["post-5193","page","type-page","status-publish","hentry"],"yoast_head":"<!-- This site is optimized with the Yoast SEO plugin v20.10 - https:\/\/yoast.com\/wordpress\/plugins\/seo\/ -->\n<title>AIRI - le bon choix pour la radio des enfants - Radio Data Center<\/title>\n<meta name=\"robots\" content=\"index, follow, max-snippet:-1, max-image-preview:large, max-video-preview:-1\" \/>\n<link rel=\"canonical\" href=\"https:\/\/radiodatacenter.net\/fr\/airi-le-bon-choix-pour-la-radio-des-enfants\/\" \/>\n<meta property=\"og:locale\" content=\"fr_FR\" \/>\n<meta property=\"og:type\" content=\"article\" \/>\n<meta property=\"og:title\" content=\"AIRI - le bon choix pour la radio des enfants - Radio Data Center\" \/>\n<meta property=\"og:url\" content=\"https:\/\/radiodatacenter.net\/fr\/airi-le-bon-choix-pour-la-radio-des-enfants\/\" \/>\n<meta property=\"og:site_name\" content=\"Radio Data Center\" \/>\n<meta property=\"article:modified_time\" content=\"2022-04-22T15:02:54+00:00\" \/>\n<meta name=\"twitter:card\" content=\"summary_large_image\" \/>\n<meta name=\"twitter:label1\" content=\"Dur\u00e9e de lecture estim\u00e9e\" \/>\n\t<meta name=\"twitter:data1\" content=\"5 minutes\" \/>\n<script type=\"application\/ld+json\" class=\"yoast-schema-graph\">{\"@context\":\"https:\/\/schema.org\",\"@graph\":[{\"@type\":\"WebPage\",\"@id\":\"https:\/\/radiodatacenter.net\/fr\/airi-le-bon-choix-pour-la-radio-des-enfants\/\",\"url\":\"https:\/\/radiodatacenter.net\/fr\/airi-le-bon-choix-pour-la-radio-des-enfants\/\",\"name\":\"AIRI - le bon choix pour la radio des enfants - Radio Data Center\",\"isPartOf\":{\"@id\":\"https:\/\/radiodatacenter.net\/fr\/#website\"},\"datePublished\":\"2022-03-28T20:30:44+00:00\",\"dateModified\":\"2022-04-22T15:02:54+00:00\",\"breadcrumb\":{\"@id\":\"https:\/\/radiodatacenter.net\/fr\/airi-le-bon-choix-pour-la-radio-des-enfants\/#breadcrumb\"},\"inLanguage\":\"fr-FR\",\"potentialAction\":[{\"@type\":\"ReadAction\",\"target\":[\"https:\/\/radiodatacenter.net\/fr\/airi-le-bon-choix-pour-la-radio-des-enfants\/\"]}]},{\"@type\":\"BreadcrumbList\",\"@id\":\"https:\/\/radiodatacenter.net\/fr\/airi-le-bon-choix-pour-la-radio-des-enfants\/#breadcrumb\",\"itemListElement\":[{\"@type\":\"ListItem\",\"position\":1,\"name\":\"Startseite\",\"item\":\"https:\/\/radiodatacenter.net\/fr\/\"},{\"@type\":\"ListItem\",\"position\":2,\"name\":\"AIRI &#8211; le bon choix pour la radio des enfants\"}]},{\"@type\":\"WebSite\",\"@id\":\"https:\/\/radiodatacenter.net\/fr\/#website\",\"url\":\"https:\/\/radiodatacenter.net\/fr\/\",\"name\":\"Radio Data Center\",\"description\":\"\",\"potentialAction\":[{\"@type\":\"SearchAction\",\"target\":{\"@type\":\"EntryPoint\",\"urlTemplate\":\"https:\/\/radiodatacenter.net\/fr\/?s={search_term_string}\"},\"query-input\":\"required name=search_term_string\"}],\"inLanguage\":\"fr-FR\"}]}<\/script>\n<!-- \/ Yoast SEO plugin. -->","yoast_head_json":{"title":"AIRI - le bon choix pour la radio des enfants - Radio Data Center","robots":{"index":"index","follow":"follow","max-snippet":"max-snippet:-1","max-image-preview":"max-image-preview:large","max-video-preview":"max-video-preview:-1"},"canonical":"https:\/\/radiodatacenter.net\/fr\/airi-le-bon-choix-pour-la-radio-des-enfants\/","og_locale":"fr_FR","og_type":"article","og_title":"AIRI - le bon choix pour la radio des enfants - Radio Data Center","og_url":"https:\/\/radiodatacenter.net\/fr\/airi-le-bon-choix-pour-la-radio-des-enfants\/","og_site_name":"Radio Data Center","article_modified_time":"2022-04-22T15:02:54+00:00","twitter_card":"summary_large_image","twitter_misc":{"Dur\u00e9e de lecture estim\u00e9e":"5 minutes"},"schema":{"@context":"https:\/\/schema.org","@graph":[{"@type":"WebPage","@id":"https:\/\/radiodatacenter.net\/fr\/airi-le-bon-choix-pour-la-radio-des-enfants\/","url":"https:\/\/radiodatacenter.net\/fr\/airi-le-bon-choix-pour-la-radio-des-enfants\/","name":"AIRI - le bon choix pour la radio des enfants - Radio Data Center","isPartOf":{"@id":"https:\/\/radiodatacenter.net\/fr\/#website"},"datePublished":"2022-03-28T20:30:44+00:00","dateModified":"2022-04-22T15:02:54+00:00","breadcrumb":{"@id":"https:\/\/radiodatacenter.net\/fr\/airi-le-bon-choix-pour-la-radio-des-enfants\/#breadcrumb"},"inLanguage":"fr-FR","potentialAction":[{"@type":"ReadAction","target":["https:\/\/radiodatacenter.net\/fr\/airi-le-bon-choix-pour-la-radio-des-enfants\/"]}]},{"@type":"BreadcrumbList","@id":"https:\/\/radiodatacenter.net\/fr\/airi-le-bon-choix-pour-la-radio-des-enfants\/#breadcrumb","itemListElement":[{"@type":"ListItem","position":1,"name":"Startseite","item":"https:\/\/radiodatacenter.net\/fr\/"},{"@type":"ListItem","position":2,"name":"AIRI &#8211; le bon choix pour la radio des enfants"}]},{"@type":"WebSite","@id":"https:\/\/radiodatacenter.net\/fr\/#website","url":"https:\/\/radiodatacenter.net\/fr\/","name":"Radio Data Center","description":"","potentialAction":[{"@type":"SearchAction","target":{"@type":"EntryPoint","urlTemplate":"https:\/\/radiodatacenter.net\/fr\/?s={search_term_string}"},"query-input":"required name=search_term_string"}],"inLanguage":"fr-FR"}]}},"_links":{"self":[{"href":"https:\/\/radiodatacenter.net\/fr\/wp-json\/wp\/v2\/pages\/5193","targetHints":{"allow":["GET"]}}],"collection":[{"href":"https:\/\/radiodatacenter.net\/fr\/wp-json\/wp\/v2\/pages"}],"about":[{"href":"https:\/\/radiodatacenter.net\/fr\/wp-json\/wp\/v2\/types\/page"}],"author":[{"embeddable":true,"href":"https:\/\/radiodatacenter.net\/fr\/wp-json\/wp\/v2\/users\/3"}],"replies":[{"embeddable":true,"href":"https:\/\/radiodatacenter.net\/fr\/wp-json\/wp\/v2\/comments?post=5193"}],"version-history":[{"count":8,"href":"https:\/\/radiodatacenter.net\/fr\/wp-json\/wp\/v2\/pages\/5193\/revisions"}],"predecessor-version":[{"id":7279,"href":"https:\/\/radiodatacenter.net\/fr\/wp-json\/wp\/v2\/pages\/5193\/revisions\/7279"}],"wp:attachment":[{"href":"https:\/\/radiodatacenter.net\/fr\/wp-json\/wp\/v2\/media?parent=5193"}],"curies":[{"name":"wp","href":"https:\/\/api.w.org\/{rel}","templated":true}]}}