{"id":5203,"date":"2022-03-28T22:34:03","date_gmt":"2022-03-28T20:34:03","guid":{"rendered":"https:\/\/radiodatacenter.net\/v2\/projets\/radio-reporter-blog\/"},"modified":"2022-04-27T16:26:38","modified_gmt":"2022-04-27T14:26:38","slug":"radio-reporter-blog","status":"publish","type":"page","link":"https:\/\/radiodatacenter.net\/fr\/projets\/radio-reporter-blog\/","title":{"rendered":"Radio Reporter Blog"},"content":{"rendered":"<div class='flex_column av-4a1jzp-e7337bb686f2015a580fd954539df62f av_one_full  avia-builder-el-0  el_before_av_hr  avia-builder-el-first  first flex_column_div '   ><p><br \/>\n<section  class='av_textblock_section av-l1b3wf7f-807af8b68ac938f47e983f9e8ed2d658'  itemscope=\"itemscope\" itemtype=\"https:\/\/schema.org\/CreativeWork\" ><div class='avia_textblock'  itemprop=\"text\" ><h1>Radio Reporter Blog<\/h1>\n<\/div><\/section><\/p><\/div>\n<div  class='hr av-l1b4o2qc-e6f146b340dde86bf92a08e504c2144e hr-short  avia-builder-el-3  el_after_av_one_full  el_before_av_one_half  hr-left'><span class='hr-inner '><span class=\"hr-inner-style\"><\/span><\/span><\/div>\n<div class='flex_column av-33xkdh-66531d04b88cdcea5cf21e7e0e7ded47 av_one_half  avia-builder-el-4  el_after_av_hr  el_before_av_one_half  first flex_column_div '   ><p><section  class='av_textblock_section av-l1b3dket-4f55c6676970cb3b408c752c9ee63f94'  itemscope=\"itemscope\" itemtype=\"https:\/\/schema.org\/CreativeWork\" ><div class='avia_textblock'  itemprop=\"text\" ><p>Sur nos r\u00e9seaux sociaux, nous entrons en contact avec d&rsquo;autres passionn\u00e9s de radio, rassemblons les auditeurs et producteurs de radio. Nous diffusons la radio aupr\u00e8s de notre communaut\u00e9 en partageant r\u00e9guli\u00e8rement des sujets int\u00e9ressants et pertinents par le biais de toutes nos cha\u00eenes. RadioReporter motive et inspire des gens du monde entier \u00e0 d\u00e9couvrir, appr\u00e9cier et discuter du monde de la radio.<\/p>\n<\/div><\/section><br \/>\n<div  class='avia-button-wrap avia-button-left  avia-builder-el-6  el_after_av_textblock  avia-builder-el-last ' ><a href='https:\/\/blog.radioreporter.org\/' class='avia-button av-l1l6kts7-6507ae94b256277136af2f4aada53896 avia-icon_select-yes-left-icon avia-size-large avia-position-left avia-color-theme-color' target=\"_blank\" rel=\"noopener noreferrer\"><span class='avia_button_icon avia_button_icon_left' aria-hidden='true' data-av_icon='\ue835' data-av_iconfont='entypo-fontello'><\/span><span class='avia_iconbox_title' >Lire le blog maintenant<\/span><\/a><\/div><\/p><\/div><div class='flex_column av-27i31x-0217cb9d01d66626c3401b0fb74702ad av_one_half  avia-builder-el-7  el_after_av_one_half  avia-builder-el-last  flex_column_div '   ><style type=\"text\/css\" data-created_by=\"avia_inline_auto\" id=\"style-css-av-l1b4h7a5-f2235e2b91663b07ecc1048f4b421f61\">\n.avia-image-container.av-l1b4h7a5-f2235e2b91663b07ecc1048f4b421f61 .av-image-caption-overlay-center{\ncolor:#ffffff;\n}\n<\/style>\n<div  class='avia-image-container av-l1b4h7a5-f2235e2b91663b07ecc1048f4b421f61 av-styling- avia-align-center  avia-builder-el-8  avia-builder-el-no-sibling '  itemprop=\"image\" itemscope=\"itemscope\" itemtype=\"https:\/\/schema.org\/ImageObject\" ><div class=\"avia-image-container-inner\"><div class=\"avia-image-overlay-wrap\"><img decoding=\"async\" class='wp-image-4850 avia-img-lazy-loading-not-4850 avia_image' src=\"https:\/\/radiodatacenter.net\/wp-content\/uploads\/2022\/04\/radio-reporter-blog.jpg\" alt='' title='Radio Reporter Blog'  height=\"600\" width=\"1000\"  itemprop=\"thumbnailUrl\" srcset=\"https:\/\/radiodatacenter.net\/wp-content\/uploads\/2022\/04\/radio-reporter-blog.jpg 1000w, https:\/\/radiodatacenter.net\/wp-content\/uploads\/2022\/04\/radio-reporter-blog-300x180.jpg 300w, https:\/\/radiodatacenter.net\/wp-content\/uploads\/2022\/04\/radio-reporter-blog-768x461.jpg 768w, https:\/\/radiodatacenter.net\/wp-content\/uploads\/2022\/04\/radio-reporter-blog-705x423.jpg 705w\" sizes=\"(max-width: 1000px) 100vw, 1000px\" \/><\/div><\/div><\/div><\/div><\/p>\n","protected":false},"excerpt":{"rendered":"","protected":false},"author":3,"featured_media":0,"parent":5183,"menu_order":0,"comment_status":"closed","ping_status":"closed","template":"","meta":{"footnotes":""},"class_list":["post-5203","page","type-page","status-publish","hentry"],"yoast_head":"<!-- This site is optimized with the Yoast SEO plugin v20.10 - https:\/\/yoast.com\/wordpress\/plugins\/seo\/ -->\n<title>Radio Reporter Blog - Radio Data Center<\/title>\n<meta name=\"robots\" content=\"index, follow, max-snippet:-1, max-image-preview:large, max-video-preview:-1\" \/>\n<link rel=\"canonical\" href=\"https:\/\/radiodatacenter.net\/fr\/projets\/radio-reporter-blog\/\" \/>\n<meta property=\"og:locale\" content=\"fr_FR\" \/>\n<meta property=\"og:type\" content=\"article\" \/>\n<meta property=\"og:title\" content=\"Radio Reporter Blog - Radio Data Center\" \/>\n<meta property=\"og:url\" content=\"https:\/\/radiodatacenter.net\/fr\/projets\/radio-reporter-blog\/\" \/>\n<meta property=\"og:site_name\" content=\"Radio Data Center\" \/>\n<meta property=\"article:modified_time\" content=\"2022-04-27T14:26:38+00:00\" \/>\n<meta name=\"twitter:card\" content=\"summary_large_image\" \/>\n<meta name=\"twitter:label1\" content=\"Dur\u00e9e de lecture estim\u00e9e\" \/>\n\t<meta name=\"twitter:data1\" content=\"7 minutes\" \/>\n<script type=\"application\/ld+json\" class=\"yoast-schema-graph\">{\"@context\":\"https:\/\/schema.org\",\"@graph\":[{\"@type\":\"WebPage\",\"@id\":\"https:\/\/radiodatacenter.net\/fr\/projets\/radio-reporter-blog\/\",\"url\":\"https:\/\/radiodatacenter.net\/fr\/projets\/radio-reporter-blog\/\",\"name\":\"Radio Reporter Blog - Radio Data Center\",\"isPartOf\":{\"@id\":\"https:\/\/radiodatacenter.net\/fr\/#website\"},\"datePublished\":\"2022-03-28T20:34:03+00:00\",\"dateModified\":\"2022-04-27T14:26:38+00:00\",\"breadcrumb\":{\"@id\":\"https:\/\/radiodatacenter.net\/fr\/projets\/radio-reporter-blog\/#breadcrumb\"},\"inLanguage\":\"fr-FR\",\"potentialAction\":[{\"@type\":\"ReadAction\",\"target\":[\"https:\/\/radiodatacenter.net\/fr\/projets\/radio-reporter-blog\/\"]}]},{\"@type\":\"BreadcrumbList\",\"@id\":\"https:\/\/radiodatacenter.net\/fr\/projets\/radio-reporter-blog\/#breadcrumb\",\"itemListElement\":[{\"@type\":\"ListItem\",\"position\":1,\"name\":\"Startseite\",\"item\":\"https:\/\/radiodatacenter.net\/fr\/\"},{\"@type\":\"ListItem\",\"position\":2,\"name\":\"Projets\",\"item\":\"https:\/\/radiodatacenter.net\/fr\/projets\/\"},{\"@type\":\"ListItem\",\"position\":3,\"name\":\"Radio Reporter Blog\"}]},{\"@type\":\"WebSite\",\"@id\":\"https:\/\/radiodatacenter.net\/fr\/#website\",\"url\":\"https:\/\/radiodatacenter.net\/fr\/\",\"name\":\"Radio Data Center\",\"description\":\"\",\"potentialAction\":[{\"@type\":\"SearchAction\",\"target\":{\"@type\":\"EntryPoint\",\"urlTemplate\":\"https:\/\/radiodatacenter.net\/fr\/?s={search_term_string}\"},\"query-input\":\"required name=search_term_string\"}],\"inLanguage\":\"fr-FR\"}]}<\/script>\n<!-- \/ Yoast SEO plugin. -->","yoast_head_json":{"title":"Radio Reporter Blog - Radio Data Center","robots":{"index":"index","follow":"follow","max-snippet":"max-snippet:-1","max-image-preview":"max-image-preview:large","max-video-preview":"max-video-preview:-1"},"canonical":"https:\/\/radiodatacenter.net\/fr\/projets\/radio-reporter-blog\/","og_locale":"fr_FR","og_type":"article","og_title":"Radio Reporter Blog - Radio Data Center","og_url":"https:\/\/radiodatacenter.net\/fr\/projets\/radio-reporter-blog\/","og_site_name":"Radio Data Center","article_modified_time":"2022-04-27T14:26:38+00:00","twitter_card":"summary_large_image","twitter_misc":{"Dur\u00e9e de lecture estim\u00e9e":"7 minutes"},"schema":{"@context":"https:\/\/schema.org","@graph":[{"@type":"WebPage","@id":"https:\/\/radiodatacenter.net\/fr\/projets\/radio-reporter-blog\/","url":"https:\/\/radiodatacenter.net\/fr\/projets\/radio-reporter-blog\/","name":"Radio Reporter Blog - Radio Data Center","isPartOf":{"@id":"https:\/\/radiodatacenter.net\/fr\/#website"},"datePublished":"2022-03-28T20:34:03+00:00","dateModified":"2022-04-27T14:26:38+00:00","breadcrumb":{"@id":"https:\/\/radiodatacenter.net\/fr\/projets\/radio-reporter-blog\/#breadcrumb"},"inLanguage":"fr-FR","potentialAction":[{"@type":"ReadAction","target":["https:\/\/radiodatacenter.net\/fr\/projets\/radio-reporter-blog\/"]}]},{"@type":"BreadcrumbList","@id":"https:\/\/radiodatacenter.net\/fr\/projets\/radio-reporter-blog\/#breadcrumb","itemListElement":[{"@type":"ListItem","position":1,"name":"Startseite","item":"https:\/\/radiodatacenter.net\/fr\/"},{"@type":"ListItem","position":2,"name":"Projets","item":"https:\/\/radiodatacenter.net\/fr\/projets\/"},{"@type":"ListItem","position":3,"name":"Radio Reporter Blog"}]},{"@type":"WebSite","@id":"https:\/\/radiodatacenter.net\/fr\/#website","url":"https:\/\/radiodatacenter.net\/fr\/","name":"Radio Data Center","description":"","potentialAction":[{"@type":"SearchAction","target":{"@type":"EntryPoint","urlTemplate":"https:\/\/radiodatacenter.net\/fr\/?s={search_term_string}"},"query-input":"required name=search_term_string"}],"inLanguage":"fr-FR"}]}},"_links":{"self":[{"href":"https:\/\/radiodatacenter.net\/fr\/wp-json\/wp\/v2\/pages\/5203","targetHints":{"allow":["GET"]}}],"collection":[{"href":"https:\/\/radiodatacenter.net\/fr\/wp-json\/wp\/v2\/pages"}],"about":[{"href":"https:\/\/radiodatacenter.net\/fr\/wp-json\/wp\/v2\/types\/page"}],"author":[{"embeddable":true,"href":"https:\/\/radiodatacenter.net\/fr\/wp-json\/wp\/v2\/users\/3"}],"replies":[{"embeddable":true,"href":"https:\/\/radiodatacenter.net\/fr\/wp-json\/wp\/v2\/comments?post=5203"}],"version-history":[{"count":15,"href":"https:\/\/radiodatacenter.net\/fr\/wp-json\/wp\/v2\/pages\/5203\/revisions"}],"predecessor-version":[{"id":6684,"href":"https:\/\/radiodatacenter.net\/fr\/wp-json\/wp\/v2\/pages\/5203\/revisions\/6684"}],"up":[{"embeddable":true,"href":"https:\/\/radiodatacenter.net\/fr\/wp-json\/wp\/v2\/pages\/5183"}],"wp:attachment":[{"href":"https:\/\/radiodatacenter.net\/fr\/wp-json\/wp\/v2\/media?parent=5203"}],"curies":[{"name":"wp","href":"https:\/\/api.w.org\/{rel}","templated":true}]}}