{"id":5210,"date":"2022-03-28T22:32:30","date_gmt":"2022-03-28T20:32:30","guid":{"rendered":"https:\/\/radiodatacenter.net\/v2\/entreprise\/a-propos-de-nous\/"},"modified":"2023-01-13T20:47:09","modified_gmt":"2023-01-13T19:47:09","slug":"a-propos-de-nous","status":"publish","type":"page","link":"https:\/\/radiodatacenter.net\/fr\/entreprise\/a-propos-de-nous\/","title":{"rendered":"\u00c0 propos de nous"},"content":{"rendered":"<div class='flex_column av-4a1jzp-e7337bb686f2015a580fd954539df62f av_one_full  avia-builder-el-0  el_before_av_one_third  avia-builder-el-first  first flex_column_div '   ><p><br \/>\n<section  class='av_textblock_section av-l1b3wf7f-807af8b68ac938f47e983f9e8ed2d658'  itemscope=\"itemscope\" itemtype=\"https:\/\/schema.org\/CreativeWork\" ><div class='avia_textblock'  itemprop=\"text\" ><h1 style=\"text-align: center;\">\u00c0 propos de nous<\/h1>\n<\/div><\/section><br \/>\n<div  class='hr av-l1f0ajxi-644ef6638274948afcf82be1a83e786d hr-short  avia-builder-el-3  el_after_av_textblock  avia-builder-el-last  hr-center'><span class='hr-inner '><span class=\"hr-inner-style\"><\/span><\/span><\/div><\/p><\/div>\n<div class='flex_column av-l1f09bav-e845e7ee7ed8a306b84413fe821624f5 av_one_third  avia-builder-el-4  el_after_av_one_full  el_before_av_one_third  first flex_column_div  av-animated-generic fade-in column-top-margin'   ><article  class='iconbox iconbox_top av-l1f04w55-c934ca10100eb1a5815157c71220ed6e  avia-builder-el-5  avia-builder-el-no-sibling  main_color'  itemscope=\"itemscope\" itemtype=\"https:\/\/schema.org\/CreativeWork\" ><div class=\"iconbox_content\"><header class=\"entry-content-header\"><div class=\"iconbox_icon heading-color\" aria-hidden='true' data-av_icon='\ue82a' data-av_iconfont='entypo-fontello'><\/div><h3 class='iconbox_content_title '  itemprop=\"headline\" >Mission<\/h3><\/header><div class='iconbox_content_container '  itemprop=\"text\" ><p>Nous fournissons \u00e0 toutes les parties int\u00e9ress\u00e9es les meilleures donn\u00e9es possibles sur les stations de radio. C\u2019est pourquoi nous recueillons, conservons, mettons \u00e0 jour et traitons des donn\u00e9es sur les stations de radio du monde entier.<\/p>\n<\/div><\/div><footer class=\"entry-footer\"><\/footer><\/article><\/div>\n<div class='flex_column av-l1f09fdz-5fe5f0a0380840a56532b63f1d125038 av_one_third  avia-builder-el-6  el_after_av_one_third  el_before_av_one_third  flex_column_div  av-animated-generic fade-in column-top-margin'   ><article  class='iconbox iconbox_top av-l1f06h4x-77f7bd8b03a2fd7effc56f550bf980d1  avia-builder-el-7  avia-builder-el-no-sibling  main_color'  itemscope=\"itemscope\" itemtype=\"https:\/\/schema.org\/CreativeWork\" ><div class=\"iconbox_content\"><header class=\"entry-content-header\"><div class=\"iconbox_icon heading-color\" aria-hidden='true' data-av_icon='\ue826' data-av_iconfont='entypo-fontello'><\/div><h3 class='iconbox_content_title '  itemprop=\"headline\" >Vision<\/h3><\/header><div class='iconbox_content_container '  itemprop=\"text\" ><p>Nous sommes les g\u00e9om\u00e8tres et cartographes ind\u00e9pendants du paysage radiophonique et nous partageons nos conclusions avec tous ceux qui s\u2019int\u00e9ressent \u00e0 la radio. <span class=\"bx-messenger-content-item-content\"><span class=\"bx-messenger-content-item-text-center\"><span class=\"bx-messenger-content-item-text-message\"><span class=\"bx-messenger-content-item-text-wrap \"><span id=\"im-message-340772\" class=\"bx-messenger-message\">Nous voulons ainsi renforcer le m\u00e9dia radio.<\/span><\/span><\/span><\/span><\/span><\/p>\n<\/div><\/div><footer class=\"entry-footer\"><\/footer><\/article><\/div>\n<div class='flex_column av-l1f09l3q-58ee331be4654f576693d7cb54379ac2 av_one_third  avia-builder-el-8  el_after_av_one_third  el_before_av_section  avia-builder-el-last  flex_column_div  av-animated-generic fade-in column-top-margin'   ><article  class='iconbox iconbox_top av-l1f08v0u-5c855f84f3711781cad4e8606f281073  avia-builder-el-9  avia-builder-el-no-sibling  main_color'  itemscope=\"itemscope\" itemtype=\"https:\/\/schema.org\/CreativeWork\" ><div class=\"iconbox_content\"><header class=\"entry-content-header\"><div class=\"iconbox_icon heading-color\" aria-hidden='true' data-av_icon='\ue80b' data-av_iconfont='entypo-fontello'><\/div><h3 class='iconbox_content_title '  itemprop=\"headline\" >Valeurs<\/h3><\/header><div class='iconbox_content_container '  itemprop=\"text\" ><p>Nous travaillons de mani\u00e8re \u00e9quitable et respectueuse avec des personnes et des entreprises en harmonie avec la nature et l\u2019environnement. Nos employ\u00e9s b\u00e9n\u00e9ficient d\u2019un maximum de flexibilit\u00e9 gr\u00e2ce au travail \u00e0 distance.<\/p>\n<\/div><\/div><footer class=\"entry-footer\"><\/footer><\/article><\/div>\n<\/div><\/div><\/div><!-- close content main div --><\/div><\/div>\n<style type=\"text\/css\" data-created_by=\"avia_inline_auto\" id=\"style-css-av-jp4u65-f5d4a03d6a2e6167ecea293fbcd38ec7\">\n.avia-section.av-jp4u65-f5d4a03d6a2e6167ecea293fbcd38ec7{\nbackground-color:#f5f5f5;\n}\n<\/style>\n<div id='av_section_1'  class='avia-section av-jp4u65-f5d4a03d6a2e6167ecea293fbcd38ec7 main_color avia-section-default avia-no-border-styling  avia-builder-el-10  el_after_av_one_third  el_before_av_textblock  avia-bg-style-scroll container_wrap sidebar_right'  ><div class='container av-section-cont-open' ><div class='template-page content  av-content-small alpha units'><div class='post-entry post-entry-type-page post-entry-5210'><div class='entry-content-wrapper clearfix'>\n<div class='flex_column av-hei34d-59a242c9f045dd54d77c902acb60ab0f av_one_full  avia-builder-el-11  el_before_av_one_third  avia-builder-el-first  first flex_column_div '   ><section  class='av_textblock_section av-l1f0d4uz-56f9a51315bebd82245e0a1abbd17936'  itemscope=\"itemscope\" itemtype=\"https:\/\/schema.org\/CreativeWork\" ><div class='avia_textblock'  itemprop=\"text\" ><h2 style=\"text-align: left;\">Les fondateurs<\/h2>\n<\/div><\/section><\/div><div class='flex_column av-g1fjfx-3c6cc1eb679c9360abe2543b4a583c75 av_one_third  avia-builder-el-13  el_after_av_one_full  el_before_av_one_third  first flex_column_div column-top-margin'   ><p>\n<style type=\"text\/css\" data-created_by=\"avia_inline_auto\" id=\"style-css-av-l1f0g0ra-38246056464ff10b69a4b54012b36577\">\n.avia-image-container.av-l1f0g0ra-38246056464ff10b69a4b54012b36577 .av-image-caption-overlay-center{\ncolor:#ffffff;\n}\n<\/style>\n<div  class='avia-image-container av-l1f0g0ra-38246056464ff10b69a4b54012b36577 av-styling- av-hover-grow av-hide-overflow avia-align-center  avia-builder-el-14  el_before_av_textblock  avia-builder-el-first '  itemprop=\"image\" itemscope=\"itemscope\" itemtype=\"https:\/\/schema.org\/ImageObject\" ><div class=\"avia-image-container-inner\"><div class=\"avia-image-overlay-wrap\"><img decoding=\"async\" class='wp-image-7948 avia-img-lazy-loading-not-7948 avia_image' src=\"https:\/\/radiodatacenter.net\/wp-content\/uploads\/2023\/01\/lorenz_web.jpg\" alt='G\u00fcnter Lorenz' title='lorenz_web'  height=\"719\" width=\"500\"  itemprop=\"thumbnailUrl\" srcset=\"https:\/\/radiodatacenter.net\/wp-content\/uploads\/2023\/01\/lorenz_web.jpg 500w, https:\/\/radiodatacenter.net\/wp-content\/uploads\/2023\/01\/lorenz_web-209x300.jpg 209w, https:\/\/radiodatacenter.net\/wp-content\/uploads\/2023\/01\/lorenz_web-490x705.jpg 490w\" sizes=\"(max-width: 500px) 100vw, 500px\" \/><\/div><\/div><\/div><br \/>\n<section  class='av_textblock_section av-l1f0e3zp-01de4163141256b303412a7c6bf37658'  itemscope=\"itemscope\" itemtype=\"https:\/\/schema.org\/CreativeWork\" ><div class='avia_textblock'  itemprop=\"text\" ><h3 style=\"margin-top:15px;\">G\u00fcnter Lorenz<\/h3>\n<p>N\u00e9 en 1961, est un sp\u00e9cialiste des bases de donn\u00e9es et travaille avec des logiciels et la radio depuis sa jeunesse. D\u00e8s 1986, il a fond\u00e9 la base de donn\u00e9es des stations FMLIST. Ses autres principaux domaines d\u2019expertise sont la FM, le RDS, la DAB, la propagation des ondes et la technologie de r\u00e9ception.<\/p>\n<\/div><\/section><\/p><\/div><div class='flex_column av-ejh8lp-eb1e2ab78f9347261f62b01af4468e31 av_one_third  avia-builder-el-16  el_after_av_one_third  el_before_av_one_third  flex_column_div column-top-margin'   ><p>\n<style type=\"text\/css\" data-created_by=\"avia_inline_auto\" id=\"style-css-av-16our1-57685a22c7f23a36376be83a8e74bd6b\">\n.avia-image-container.av-16our1-57685a22c7f23a36376be83a8e74bd6b .av-image-caption-overlay-center{\ncolor:#ffffff;\n}\n<\/style>\n<div  class='avia-image-container av-16our1-57685a22c7f23a36376be83a8e74bd6b av-styling- av-hover-grow av-hide-overflow avia-align-center  avia-builder-el-17  el_before_av_textblock  avia-builder-el-first '  itemprop=\"image\" itemscope=\"itemscope\" itemtype=\"https:\/\/schema.org\/ImageObject\" ><div class=\"avia-image-container-inner\"><div class=\"avia-image-overlay-wrap\"><img decoding=\"async\" class='wp-image-7958 avia-img-lazy-loading-not-7958 avia_image' src=\"https:\/\/radiodatacenter.net\/wp-content\/uploads\/2023\/01\/oliver_web.jpg\" alt='Oliver Schmidt' title='oliver_web'  height=\"719\" width=\"500\"  itemprop=\"thumbnailUrl\" srcset=\"https:\/\/radiodatacenter.net\/wp-content\/uploads\/2023\/01\/oliver_web.jpg 500w, https:\/\/radiodatacenter.net\/wp-content\/uploads\/2023\/01\/oliver_web-209x300.jpg 209w, https:\/\/radiodatacenter.net\/wp-content\/uploads\/2023\/01\/oliver_web-490x705.jpg 490w\" sizes=\"(max-width: 500px) 100vw, 500px\" \/><\/div><\/div><\/div><br \/>\n<section  class='av_textblock_section av-l1f0hgyx-0b71545b58b26d05e6d92604be0e0ddb'  itemscope=\"itemscope\" itemtype=\"https:\/\/schema.org\/CreativeWork\" ><div class='avia_textblock'  itemprop=\"text\" ><h3 style=\"margin-top: 15px;\">Oliver Schmidt<\/h3>\n<p>N\u00e9 en 1984, est g\u00e9ographe dipl\u00f4m\u00e9. Il a \u00e9tudi\u00e9 la g\u00e9ographie physique appliqu\u00e9e \u00e0 l\u2019universit\u00e9 de Tr\u00e8ves et poss\u00e8de des connaissances approfondies dans les sous-disciplines de la t\u00e9l\u00e9d\u00e9tection et de la m\u00e9t\u00e9orologie. Il s\u2019int\u00e9resse \u00e9galement \u00e0 la DAB, \u00e0 la propagation des ondes, \u00e0 la simulation et \u00e0 la visualisation bas\u00e9es sur les SIG.<\/p>\n<\/div><\/section><\/p><\/div><div class='flex_column av-a3a4v1-f8b66b7600ba4b44109ad93657b06314 av_one_third  avia-builder-el-19  el_after_av_one_third  avia-builder-el-last  flex_column_div column-top-margin'   ><p>\n<style type=\"text\/css\" data-created_by=\"avia_inline_auto\" id=\"style-css-av-8jlw31-c2c777e0505dee3369657567800cd8f4\">\n.avia-image-container.av-8jlw31-c2c777e0505dee3369657567800cd8f4 .av-image-caption-overlay-center{\ncolor:#ffffff;\n}\n<\/style>\n<div  class='avia-image-container av-8jlw31-c2c777e0505dee3369657567800cd8f4 av-styling- av-hover-grow av-hide-overflow avia-align-center  avia-builder-el-20  el_before_av_textblock  avia-builder-el-first '  itemprop=\"image\" itemscope=\"itemscope\" itemtype=\"https:\/\/schema.org\/ImageObject\" ><div class=\"avia-image-container-inner\"><div class=\"avia-image-overlay-wrap\"><img decoding=\"async\" class='wp-image-7937 avia-img-lazy-loading-not-7937 avia_image' src=\"https:\/\/radiodatacenter.net\/wp-content\/uploads\/2023\/01\/fabrizio_web.jpg\" alt='Fabrizio Carnevalini' title='fabrizio_web'  height=\"719\" width=\"500\"  itemprop=\"thumbnailUrl\" srcset=\"https:\/\/radiodatacenter.net\/wp-content\/uploads\/2023\/01\/fabrizio_web.jpg 500w, https:\/\/radiodatacenter.net\/wp-content\/uploads\/2023\/01\/fabrizio_web-209x300.jpg 209w, https:\/\/radiodatacenter.net\/wp-content\/uploads\/2023\/01\/fabrizio_web-490x705.jpg 490w\" sizes=\"(max-width: 500px) 100vw, 500px\" \/><\/div><\/div><\/div><br \/>\n<section  class='av_textblock_section av-l1f0hymq-30584cdbf37bb8ea97c2c87c34095fbd'  itemscope=\"itemscope\" itemtype=\"https:\/\/schema.org\/CreativeWork\" ><div class='avia_textblock'  itemprop=\"text\" ><h3 style=\"margin-top: 15px;\">Fabrizio Carnevalini<\/h3>\n<p>N\u00e9 en 1958, est un journaliste professionnel. Il a 20 ans d\u2019exp\u00e9rience dans la r\u00e9daction de magazines de radio et de t\u00e9l\u00e9vision et dans le magazine alVolante, le magazine automobile italien le plus vendu. Il \u00e9crit des textes pour le RadioReporter Blog avec des nouvelles radio d\u2019int\u00e9r\u00eat international et est un fervent auditeur de radio.<\/p>\n<\/div><\/section><\/p><\/div><\/div><\/div><\/div><!-- close content main div --><\/div><\/div><div id='after_section_1'  class='main_color av_default_container_wrap container_wrap sidebar_right'  ><div class='container av-section-cont-open' ><div class='template-page content  av-content-small alpha units'><div class='post-entry post-entry-type-page post-entry-5210'><div class='entry-content-wrapper clearfix'><section  class='av_textblock_section av-85fzlp-64a26f0aa947e864e34b7df1db918fd2'  itemscope=\"itemscope\" itemtype=\"https:\/\/schema.org\/CreativeWork\" ><div class='avia_textblock'  itemprop=\"text\" ><h2>Notre \u00e9quipe<\/h2>\n<p style=\"margin-top:35px;\"><strong>\n<style type=\"text\/css\" data-created_by=\"avia_inline_auto\" id=\"style-css-av-5sfxkd-184718110cce1dcd8a96de304d42bac6\">\n.av_font_icon.av-5sfxkd-184718110cce1dcd8a96de304d42bac6 .av-icon-char{\nfont-size:16px;\nline-height:16px;\n}\n<\/style>\n<span  class='av_font_icon av-5sfxkd-184718110cce1dcd8a96de304d42bac6 avia_animate_when_visible av-icon-style- avia-icon-pos-left av-no-color avia-icon-animate'><span class='av-icon-char' aria-hidden='true' data-av_icon='\ue8ab' data-av_iconfont='entypo-fontello' ><\/span><\/span>Qualifications<\/strong><br \/>\nR\u00e9dacteurs techniques, phon\u00e9ticiens, graphistes, sp\u00e9cialistes de la technologie radio et de la propagation des ondes, juristes, sp\u00e9cialistes des donn\u00e9es, responsables de la qualit\u00e9, g\u00e9ographes et informaticiens, ce ne sont l\u00e0 que quelques-unes des qualifications des membres de notre \u00e9quipe.<\/p>\n<p class=\"elementor-icon-box-title\"><strong>\n<style type=\"text\/css\" data-created_by=\"avia_inline_auto\" id=\"style-css-av-3oxiwt-aea842890c31ef9e5630ec77d55c8974\">\n.av_font_icon.av-3oxiwt-aea842890c31ef9e5630ec77d55c8974 .av-icon-char{\nfont-size:16px;\nline-height:16px;\n}\n<\/style>\n<span  class='av_font_icon av-3oxiwt-aea842890c31ef9e5630ec77d55c8974 avia_animate_when_visible av-icon-style- avia-icon-pos-left av-no-color avia-icon-animate'><span class='av-icon-char' aria-hidden='true' data-av_icon='\ue85e' data-av_iconfont='entypo-fontello' ><\/span><\/span>Int\u00e9r\u00eats<\/strong><\/p>\n<p class=\"elementor-icon-box-description\">Notre \u00e9quipe se compose de personnes diverses venant du monde entier. Ce qui nous unit, c&rsquo;est notre int\u00e9r\u00eat pour la radio. Beaucoup de gens d\u00e9couvrent leur radio pr\u00e9f\u00e9r\u00e9e, un nouveau genre de musique ou la fascination d&rsquo;autres cultures au Radio Data Center.<\/p>\n<p class=\"elementor-icon-box-title\"><strong>\n<style type=\"text\/css\" data-created_by=\"avia_inline_auto\" id=\"style-css-av-2jcm0t-bb07ec9b3f0b5e31a123d0c98748054f\">\n.av_font_icon.av-2jcm0t-bb07ec9b3f0b5e31a123d0c98748054f .av-icon-char{\nfont-size:16px;\nline-height:16px;\n}\n<\/style>\n<span  class='av_font_icon av-2jcm0t-bb07ec9b3f0b5e31a123d0c98748054f avia_animate_when_visible av-icon-style- avia-icon-pos-left av-no-color avia-icon-animate'><span class='av-icon-char' aria-hidden='true' data-av_icon='\ue83c' data-av_iconfont='entypo-fontello' ><\/span><\/span>Comp\u00e9tences relationnelles<\/strong><\/p>\n<p class=\"elementor-icon-box-description\">Beaucoup de nos employ\u00e9s sont multilingues, des musiciens et des artistes visuels talentueux, des parents patients et d&rsquo;excellents cuisiniers amateurs. Chacun apporte des cultures et des valeurs diff\u00e9rentes \u00e0 l&rsquo;entreprise et nous ouvre les yeux et les oreilles \u00e0 tous.<\/p>\n<\/div><\/section><\/p>\n\n<style type=\"text\/css\" data-created_by=\"avia_inline_auto\" id=\"style-css-av-l1f158ku-d866f41fec3d6375d9972cf6f69be404\">\n#top .hr.hr-invisible.av-l1f158ku-d866f41fec3d6375d9972cf6f69be404{\nheight:100px;\n}\n<\/style>\n<div  class='hr av-l1f158ku-d866f41fec3d6375d9972cf6f69be404 hr-invisible  avia-builder-el-26  el_after_av_textblock  el_before_av_textblock '><span class='hr-inner '><span class=\"hr-inner-style\"><\/span><\/span><\/div>\n<section  class='av_textblock_section av-l1f0jopz-dc7cb6233549b3109ebc0b422a80d4a5'  itemscope=\"itemscope\" itemtype=\"https:\/\/schema.org\/CreativeWork\" ><div class='avia_textblock'  itemprop=\"text\" ><h2 style=\"text-align: center;\">Notre histoire<\/h2>\n<\/div><\/section>\n\n<style type=\"text\/css\" data-created_by=\"avia_inline_auto\" id=\"style-css-av-l1f0y67g-a8ec113d3de05c72d31ce4aa3cd7ea22\">\n.avia-timeline-container.av-l1f0y67g-a8ec113d3de05c72d31ce4aa3cd7ea22 .av-milestone-date{\nfont-size:16px;\n}\n.avia-timeline-container.av-l1f0y67g-a8ec113d3de05c72d31ce4aa3cd7ea22 .av-milestone-title{\nfont-size:16px;\n}\n.avia-timeline-container.av-l1f0y67g-a8ec113d3de05c72d31ce4aa3cd7ea22 .av-milestone-content{\nfont-size:16px;\n}\n<\/style>\n<div  id=\"avia-timeline-1\"  class='avia-timeline-container av-l1f0y67g-a8ec113d3de05c72d31ce4aa3cd7ea22  avia-builder-el-28  el_after_av_textblock  avia-builder-el-last ' ><ul class='avia-timeline avia-timeline-vertical av-milestone-placement-alternate avia-timeline- avia_animate_when_almost_visible avia-timeline-animate'>\n<li  class='av-milestone av-l1f11wyq-54a76640d101a9143eec8838d888a2fe av-animated-generic fade-in av-milestone-valign-baseline av-milestone-odd'><h2 class='av-milestone-date ' id='milestone-1986'><strong>1986<span class='av-milestone-indicator'><\/span><\/strong><\/h2><div class=\"av-milestone-icon-wrap\"><span class='av-milestone-icon milestone_icon avia-font-entypo-fontello'><span class='av-milestone-icon-inner milestone_inner'><i class='milestone-char' aria-hidden='true' data-av_icon='\ue85e' data-av_iconfont='entypo-fontello'><\/i><\/span><\/span><\/div><article class='av-milestone-content-wrap'><div class='av-milestone-contentbox'><div class='av-milestone-content'><p>Depuis 1986, nous collectons des donn\u00e9es aupr\u00e8s des stations de radio et les mettons \u00e0 la disposition d&rsquo;une <strong>communaut\u00e9<\/strong> toujours plus grande via diff\u00e9rents sites web. Ce qui nous motive, c&rsquo;est la <strong>fascination<\/strong> pour la technique, la propagation des ondes et l&rsquo;immense offre de contenus. Nous croyons au pouvoir et \u00e0 l&rsquo;importance de la <strong>radio en tant que m\u00e9dia<\/strong> qui nous relie \u00e0 d&rsquo;autres personnes.<\/p>\n<\/div><\/div><footer class='av-milestone-article-footer entry-footer'><\/footer><\/article><\/li>\n<li  class='av-milestone av-l1f12vdb-14ef56b2839deddaac341b4d8217c29a av-animated-generic fade-in av-milestone-valign-baseline av-milestone-even'><h2 class='av-milestone-date ' id='milestone-2012'><strong>2012<span class='av-milestone-indicator'><\/span><\/strong><\/h2><article class='av-milestone-content-wrap'><div class='av-milestone-contentbox'><div class='av-milestone-content'><p>En 2012, nous avons cr\u00e9\u00e9 Radio Data Center afin de soutenir les utilisateurs professionnels et les projets commerciaux au plus <strong>haut niveau<\/strong>. Par notre travail, nous documentons l'\u00a0\u00bbempreinte\u00a0\u00bb actuelle de la radio dans le monde, et permettons le d\u00e9veloppement de <strong>produits<\/strong> et de <strong>solutions innovants<\/strong> pour la r\u00e9ception radio.<\/p>\n<\/div><\/div><footer class='av-milestone-article-footer entry-footer'><\/footer><\/article><div class=\"av-milestone-icon-wrap\"><span class='av-milestone-icon milestone_icon avia-font-entypo-fontello'><span class='av-milestone-icon-inner milestone_inner'><i class='milestone-char' aria-hidden='true' data-av_icon='\ue80b' data-av_iconfont='entypo-fontello'><\/i><\/span><\/span><\/div><h2 class='av-milestone-date ' id='milestone-2012'><strong>2012<span class='av-milestone-indicator'><\/span><\/strong><\/h2><\/li>\n<\/ul><\/div>\n","protected":false},"excerpt":{"rendered":"","protected":false},"author":3,"featured_media":0,"parent":5065,"menu_order":0,"comment_status":"closed","ping_status":"closed","template":"","meta":{"footnotes":""},"class_list":["post-5210","page","type-page","status-publish","hentry"],"yoast_head":"<!-- This site is optimized with the Yoast SEO plugin v20.10 - https:\/\/yoast.com\/wordpress\/plugins\/seo\/ -->\n<title>\u00c0 propos de nous - Radio Data Center<\/title>\n<meta name=\"robots\" content=\"index, follow, max-snippet:-1, max-image-preview:large, max-video-preview:-1\" \/>\n<link rel=\"canonical\" href=\"https:\/\/radiodatacenter.net\/fr\/entreprise\/a-propos-de-nous\/\" \/>\n<meta property=\"og:locale\" content=\"fr_FR\" \/>\n<meta property=\"og:type\" content=\"article\" \/>\n<meta property=\"og:title\" content=\"\u00c0 propos de nous - Radio Data Center\" \/>\n<meta property=\"og:url\" content=\"https:\/\/radiodatacenter.net\/fr\/entreprise\/a-propos-de-nous\/\" \/>\n<meta property=\"og:site_name\" content=\"Radio Data Center\" \/>\n<meta property=\"article:modified_time\" content=\"2023-01-13T19:47:09+00:00\" \/>\n<meta name=\"twitter:card\" content=\"summary_large_image\" \/>\n<meta name=\"twitter:label1\" content=\"Dur\u00e9e de lecture estim\u00e9e\" \/>\n\t<meta name=\"twitter:data1\" content=\"9 minutes\" \/>\n<script type=\"application\/ld+json\" class=\"yoast-schema-graph\">{\"@context\":\"https:\/\/schema.org\",\"@graph\":[{\"@type\":\"WebPage\",\"@id\":\"https:\/\/radiodatacenter.net\/fr\/entreprise\/a-propos-de-nous\/\",\"url\":\"https:\/\/radiodatacenter.net\/fr\/entreprise\/a-propos-de-nous\/\",\"name\":\"\u00c0 propos de nous - Radio Data Center\",\"isPartOf\":{\"@id\":\"https:\/\/radiodatacenter.net\/fr\/#website\"},\"datePublished\":\"2022-03-28T20:32:30+00:00\",\"dateModified\":\"2023-01-13T19:47:09+00:00\",\"breadcrumb\":{\"@id\":\"https:\/\/radiodatacenter.net\/fr\/entreprise\/a-propos-de-nous\/#breadcrumb\"},\"inLanguage\":\"fr-FR\",\"potentialAction\":[{\"@type\":\"ReadAction\",\"target\":[\"https:\/\/radiodatacenter.net\/fr\/entreprise\/a-propos-de-nous\/\"]}]},{\"@type\":\"BreadcrumbList\",\"@id\":\"https:\/\/radiodatacenter.net\/fr\/entreprise\/a-propos-de-nous\/#breadcrumb\",\"itemListElement\":[{\"@type\":\"ListItem\",\"position\":1,\"name\":\"Startseite\",\"item\":\"https:\/\/radiodatacenter.net\/fr\/\"},{\"@type\":\"ListItem\",\"position\":2,\"name\":\"Entreprise\",\"item\":\"https:\/\/radiodatacenter.net\/fr\/entreprise\/\"},{\"@type\":\"ListItem\",\"position\":3,\"name\":\"\u00c0 propos de nous\"}]},{\"@type\":\"WebSite\",\"@id\":\"https:\/\/radiodatacenter.net\/fr\/#website\",\"url\":\"https:\/\/radiodatacenter.net\/fr\/\",\"name\":\"Radio Data Center\",\"description\":\"\",\"potentialAction\":[{\"@type\":\"SearchAction\",\"target\":{\"@type\":\"EntryPoint\",\"urlTemplate\":\"https:\/\/radiodatacenter.net\/fr\/?s={search_term_string}\"},\"query-input\":\"required name=search_term_string\"}],\"inLanguage\":\"fr-FR\"}]}<\/script>\n<!-- \/ Yoast SEO plugin. -->","yoast_head_json":{"title":"\u00c0 propos de nous - Radio Data Center","robots":{"index":"index","follow":"follow","max-snippet":"max-snippet:-1","max-image-preview":"max-image-preview:large","max-video-preview":"max-video-preview:-1"},"canonical":"https:\/\/radiodatacenter.net\/fr\/entreprise\/a-propos-de-nous\/","og_locale":"fr_FR","og_type":"article","og_title":"\u00c0 propos de nous - Radio Data Center","og_url":"https:\/\/radiodatacenter.net\/fr\/entreprise\/a-propos-de-nous\/","og_site_name":"Radio Data Center","article_modified_time":"2023-01-13T19:47:09+00:00","twitter_card":"summary_large_image","twitter_misc":{"Dur\u00e9e de lecture estim\u00e9e":"9 minutes"},"schema":{"@context":"https:\/\/schema.org","@graph":[{"@type":"WebPage","@id":"https:\/\/radiodatacenter.net\/fr\/entreprise\/a-propos-de-nous\/","url":"https:\/\/radiodatacenter.net\/fr\/entreprise\/a-propos-de-nous\/","name":"\u00c0 propos de nous - Radio Data Center","isPartOf":{"@id":"https:\/\/radiodatacenter.net\/fr\/#website"},"datePublished":"2022-03-28T20:32:30+00:00","dateModified":"2023-01-13T19:47:09+00:00","breadcrumb":{"@id":"https:\/\/radiodatacenter.net\/fr\/entreprise\/a-propos-de-nous\/#breadcrumb"},"inLanguage":"fr-FR","potentialAction":[{"@type":"ReadAction","target":["https:\/\/radiodatacenter.net\/fr\/entreprise\/a-propos-de-nous\/"]}]},{"@type":"BreadcrumbList","@id":"https:\/\/radiodatacenter.net\/fr\/entreprise\/a-propos-de-nous\/#breadcrumb","itemListElement":[{"@type":"ListItem","position":1,"name":"Startseite","item":"https:\/\/radiodatacenter.net\/fr\/"},{"@type":"ListItem","position":2,"name":"Entreprise","item":"https:\/\/radiodatacenter.net\/fr\/entreprise\/"},{"@type":"ListItem","position":3,"name":"\u00c0 propos de nous"}]},{"@type":"WebSite","@id":"https:\/\/radiodatacenter.net\/fr\/#website","url":"https:\/\/radiodatacenter.net\/fr\/","name":"Radio Data Center","description":"","potentialAction":[{"@type":"SearchAction","target":{"@type":"EntryPoint","urlTemplate":"https:\/\/radiodatacenter.net\/fr\/?s={search_term_string}"},"query-input":"required name=search_term_string"}],"inLanguage":"fr-FR"}]}},"_links":{"self":[{"href":"https:\/\/radiodatacenter.net\/fr\/wp-json\/wp\/v2\/pages\/5210","targetHints":{"allow":["GET"]}}],"collection":[{"href":"https:\/\/radiodatacenter.net\/fr\/wp-json\/wp\/v2\/pages"}],"about":[{"href":"https:\/\/radiodatacenter.net\/fr\/wp-json\/wp\/v2\/types\/page"}],"author":[{"embeddable":true,"href":"https:\/\/radiodatacenter.net\/fr\/wp-json\/wp\/v2\/users\/3"}],"replies":[{"embeddable":true,"href":"https:\/\/radiodatacenter.net\/fr\/wp-json\/wp\/v2\/comments?post=5210"}],"version-history":[{"count":8,"href":"https:\/\/radiodatacenter.net\/fr\/wp-json\/wp\/v2\/pages\/5210\/revisions"}],"predecessor-version":[{"id":7987,"href":"https:\/\/radiodatacenter.net\/fr\/wp-json\/wp\/v2\/pages\/5210\/revisions\/7987"}],"up":[{"embeddable":true,"href":"https:\/\/radiodatacenter.net\/fr\/wp-json\/wp\/v2\/pages\/5065"}],"wp:attachment":[{"href":"https:\/\/radiodatacenter.net\/fr\/wp-json\/wp\/v2\/media?parent=5210"}],"curies":[{"name":"wp","href":"https:\/\/api.w.org\/{rel}","templated":true}]}}