{"id":5423,"date":"2022-03-28T22:32:30","date_gmt":"2022-03-28T20:32:30","guid":{"rendered":"https:\/\/radiodatacenter.net\/v2\/azienda\/su-di-noi\/"},"modified":"2023-01-13T20:48:13","modified_gmt":"2023-01-13T19:48:13","slug":"su-di-noi","status":"publish","type":"page","link":"https:\/\/radiodatacenter.net\/it\/azienda\/su-di-noi\/","title":{"rendered":"Su di noi"},"content":{"rendered":"<div class='flex_column av-4a1jzp-e7337bb686f2015a580fd954539df62f av_one_full  avia-builder-el-0  el_before_av_one_third  avia-builder-el-first  first flex_column_div '   ><p><br \/>\n<section  class='av_textblock_section av-l1b3wf7f-807af8b68ac938f47e983f9e8ed2d658'  itemscope=\"itemscope\" itemtype=\"https:\/\/schema.org\/CreativeWork\" ><div class='avia_textblock'  itemprop=\"text\" ><h1 style=\"text-align: center;\">Su di noi<\/h1>\n<\/div><\/section><br \/>\n<div  class='hr av-l1f0ajxi-644ef6638274948afcf82be1a83e786d hr-short  avia-builder-el-3  el_after_av_textblock  avia-builder-el-last  hr-center'><span class='hr-inner '><span class=\"hr-inner-style\"><\/span><\/span><\/div><\/p><\/div>\n<div class='flex_column av-l1f09bav-e845e7ee7ed8a306b84413fe821624f5 av_one_third  avia-builder-el-4  el_after_av_one_full  el_before_av_one_third  first flex_column_div  av-animated-generic fade-in column-top-margin'   ><article  class='iconbox iconbox_top av-l1f04w55-b3e9ecc570445577746c6cd6ac2119b0  avia-builder-el-5  avia-builder-el-no-sibling  main_color'  itemscope=\"itemscope\" itemtype=\"https:\/\/schema.org\/CreativeWork\" ><div class=\"iconbox_content\"><header class=\"entry-content-header\"><div class=\"iconbox_icon heading-color\" aria-hidden='true' data-av_icon='\ue82a' data-av_iconfont='entypo-fontello'><\/div><h3 class='iconbox_content_title '  itemprop=\"headline\" >Missione<\/h3><\/header><div class='iconbox_content_container '  itemprop=\"text\" ><p>Forniamo a tutti gli interessati i migliori dati possibili sulle stazioni radio. Per questo motivo raccogliamo, manteniamo, aggiorniamo ed elaboriamo dati sulle stazioni radio di tutto il mondo.<\/p>\n<\/div><\/div><footer class=\"entry-footer\"><\/footer><\/article><\/div>\n<div class='flex_column av-l1f09fdz-5fe5f0a0380840a56532b63f1d125038 av_one_third  avia-builder-el-6  el_after_av_one_third  el_before_av_one_third  flex_column_div  av-animated-generic fade-in column-top-margin'   ><article  class='iconbox iconbox_top av-l1f06h4x-160cdde1c657348169cd67d49ae436d7  avia-builder-el-7  avia-builder-el-no-sibling  main_color'  itemscope=\"itemscope\" itemtype=\"https:\/\/schema.org\/CreativeWork\" ><div class=\"iconbox_content\"><header class=\"entry-content-header\"><div class=\"iconbox_icon heading-color\" aria-hidden='true' data-av_icon='\ue826' data-av_iconfont='entypo-fontello'><\/div><h3 class='iconbox_content_title '  itemprop=\"headline\" >Visione<\/h3><\/header><div class='iconbox_content_container '  itemprop=\"text\" ><p>Siamo ingegneri e cartografi indipendenti che padroneggiano il panorama radiofonico e condividiamo le nostre scoperte con tutti coloro che sono interessati alla radio. <span class=\"bx-messenger-content-item-content\"><span class=\"bx-messenger-content-item-text-center\"><span class=\"bx-messenger-content-item-text-message\"><span class=\"bx-messenger-content-item-text-wrap \"><span id=\"im-message-340772\" class=\"bx-messenger-message\">In questo modo vogliamo rafforzare il mezzo radio.<\/span><\/span><\/span><\/span><\/span><\/p>\n<\/div><\/div><footer class=\"entry-footer\"><\/footer><\/article><\/div>\n<div class='flex_column av-l1f09l3q-58ee331be4654f576693d7cb54379ac2 av_one_third  avia-builder-el-8  el_after_av_one_third  el_before_av_section  avia-builder-el-last  flex_column_div  av-animated-generic fade-in column-top-margin'   ><article  class='iconbox iconbox_top av-l1f08v0u-9d78bfc698775f52a4fb2ee61dc6a257  avia-builder-el-9  avia-builder-el-no-sibling  main_color'  itemscope=\"itemscope\" itemtype=\"https:\/\/schema.org\/CreativeWork\" ><div class=\"iconbox_content\"><header class=\"entry-content-header\"><div class=\"iconbox_icon heading-color\" aria-hidden='true' data-av_icon='\ue80b' data-av_iconfont='entypo-fontello'><\/div><h3 class='iconbox_content_title '  itemprop=\"headline\" >Valori<\/h3><\/header><div class='iconbox_content_container '  itemprop=\"text\" ><p>Lavoriamo in modo equo e rispettoso con le persone e le aziende in armonia con la natura e l\u2019ambiente. I nostri dipendenti godono della massima flessibilit\u00e0 grazie al lavoro a distanza.<\/p>\n<\/div><\/div><footer class=\"entry-footer\"><\/footer><\/article><\/div>\n<\/div><\/div><\/div><!-- close content main div --><\/div><\/div>\n<style type=\"text\/css\" data-created_by=\"avia_inline_auto\" id=\"style-css-av-jp4u65-f5d4a03d6a2e6167ecea293fbcd38ec7\">\n.avia-section.av-jp4u65-f5d4a03d6a2e6167ecea293fbcd38ec7{\nbackground-color:#f5f5f5;\n}\n<\/style>\n<div id='av_section_1'  class='avia-section av-jp4u65-f5d4a03d6a2e6167ecea293fbcd38ec7 main_color avia-section-default avia-no-border-styling  avia-builder-el-10  el_after_av_one_third  el_before_av_textblock  avia-bg-style-scroll container_wrap sidebar_right'  ><div class='container av-section-cont-open' ><div class='template-page content  av-content-small alpha units'><div class='post-entry post-entry-type-page post-entry-5423'><div class='entry-content-wrapper clearfix'>\n<div class='flex_column av-hei34d-59a242c9f045dd54d77c902acb60ab0f av_one_full  avia-builder-el-11  el_before_av_one_third  avia-builder-el-first  first flex_column_div '   ><section  class='av_textblock_section av-l1f0d4uz-56f9a51315bebd82245e0a1abbd17936'  itemscope=\"itemscope\" itemtype=\"https:\/\/schema.org\/CreativeWork\" ><div class='avia_textblock'  itemprop=\"text\" ><h2 style=\"text-align: left;\">I fondatori<\/h2>\n<\/div><\/section><\/div><div class='flex_column av-g1fjfx-3c6cc1eb679c9360abe2543b4a583c75 av_one_third  avia-builder-el-13  el_after_av_one_full  el_before_av_one_third  first flex_column_div column-top-margin'   ><p>\n<style type=\"text\/css\" data-created_by=\"avia_inline_auto\" id=\"style-css-av-l1f0g0ra-ffbd6b4778f1da9273b906f4e60a674a\">\n.avia-image-container.av-l1f0g0ra-ffbd6b4778f1da9273b906f4e60a674a .av-image-caption-overlay-center{\ncolor:#ffffff;\n}\n<\/style>\n<div  class='avia-image-container av-l1f0g0ra-ffbd6b4778f1da9273b906f4e60a674a av-styling- av-hover-grow av-hide-overflow avia-align-center  avia-builder-el-14  el_before_av_textblock  avia-builder-el-first '  itemprop=\"image\" itemscope=\"itemscope\" itemtype=\"https:\/\/schema.org\/ImageObject\" ><div class=\"avia-image-container-inner\"><div class=\"avia-image-overlay-wrap\"><img decoding=\"async\" class='wp-image-7949 avia-img-lazy-loading-not-7949 avia_image' src=\"https:\/\/radiodatacenter.net\/wp-content\/uploads\/2023\/01\/lorenz_web.jpg\" alt='G\u00fcnter Lorenz' title='lorenz_web'  height=\"719\" width=\"500\"  itemprop=\"thumbnailUrl\" srcset=\"https:\/\/radiodatacenter.net\/wp-content\/uploads\/2023\/01\/lorenz_web.jpg 500w, https:\/\/radiodatacenter.net\/wp-content\/uploads\/2023\/01\/lorenz_web-209x300.jpg 209w, https:\/\/radiodatacenter.net\/wp-content\/uploads\/2023\/01\/lorenz_web-490x705.jpg 490w\" sizes=\"(max-width: 500px) 100vw, 500px\" \/><\/div><\/div><\/div><br \/>\n<section  class='av_textblock_section av-l1f0e3zp-01de4163141256b303412a7c6bf37658'  itemscope=\"itemscope\" itemtype=\"https:\/\/schema.org\/CreativeWork\" ><div class='avia_textblock'  itemprop=\"text\" ><h3 style=\"margin-top:15px;\">G\u00fcnter Lorenz<\/h3>\n<p>Nato nel 1961, \u00e8 uno specialista di banche dati e lavora con il software e la radio fin dalla sua giovinezza. Gi\u00e0 nel 1986 ha fondato la banca dati delle stazioni FMLIST. Le altre sue principali aree di competenza sono FM, RDS, DAB, propagazione delle onde e tecnologia di ricezione.<\/p>\n<\/div><\/section><\/p><\/div><div class='flex_column av-ejh8lp-eb1e2ab78f9347261f62b01af4468e31 av_one_third  avia-builder-el-16  el_after_av_one_third  el_before_av_one_third  flex_column_div column-top-margin'   ><p>\n<style type=\"text\/css\" data-created_by=\"avia_inline_auto\" id=\"style-css-av-16our1-695932b783f57300f386b95e30afeb87\">\n.avia-image-container.av-16our1-695932b783f57300f386b95e30afeb87 .av-image-caption-overlay-center{\ncolor:#ffffff;\n}\n<\/style>\n<div  class='avia-image-container av-16our1-695932b783f57300f386b95e30afeb87 av-styling- av-hover-grow av-hide-overflow avia-align-center  avia-builder-el-17  el_before_av_textblock  avia-builder-el-first '  itemprop=\"image\" itemscope=\"itemscope\" itemtype=\"https:\/\/schema.org\/ImageObject\" ><div class=\"avia-image-container-inner\"><div class=\"avia-image-overlay-wrap\"><img decoding=\"async\" class='wp-image-7959 avia-img-lazy-loading-not-7959 avia_image' src=\"https:\/\/radiodatacenter.net\/wp-content\/uploads\/2023\/01\/oliver_web.jpg\" alt='Oliver Schmidt' title='oliver_web'  height=\"719\" width=\"500\"  itemprop=\"thumbnailUrl\" srcset=\"https:\/\/radiodatacenter.net\/wp-content\/uploads\/2023\/01\/oliver_web.jpg 500w, https:\/\/radiodatacenter.net\/wp-content\/uploads\/2023\/01\/oliver_web-209x300.jpg 209w, https:\/\/radiodatacenter.net\/wp-content\/uploads\/2023\/01\/oliver_web-490x705.jpg 490w\" sizes=\"(max-width: 500px) 100vw, 500px\" \/><\/div><\/div><\/div><br \/>\n<section  class='av_textblock_section av-l1f0hgyx-0b71545b58b26d05e6d92604be0e0ddb'  itemscope=\"itemscope\" itemtype=\"https:\/\/schema.org\/CreativeWork\" ><div class='avia_textblock'  itemprop=\"text\" ><h3 style=\"margin-top: 15px;\">Oliver Schmidt<\/h3>\n<p>Nato nel 1984, \u00e8 laureato in geografia. Ha studiato geografia fisica applicata all\u2019Universit\u00e0 di Treviri e ha una vasta conoscenza delle sotto-discipline del telerilevamento e della meteorologia. Il suo ulteriore punto focale \u00e8 il DAB, la propagazione delle onde, la simulazione basata su GIS e la visualizzazione.<\/p>\n<\/div><\/section><\/p><\/div><div class='flex_column av-a3a4v1-f8b66b7600ba4b44109ad93657b06314 av_one_third  avia-builder-el-19  el_after_av_one_third  avia-builder-el-last  flex_column_div column-top-margin'   ><p>\n<style type=\"text\/css\" data-created_by=\"avia_inline_auto\" id=\"style-css-av-8jlw31-b0835a615b76c98f4c523d630d05a5d3\">\n.avia-image-container.av-8jlw31-b0835a615b76c98f4c523d630d05a5d3 .av-image-caption-overlay-center{\ncolor:#ffffff;\n}\n<\/style>\n<div  class='avia-image-container av-8jlw31-b0835a615b76c98f4c523d630d05a5d3 av-styling- av-hover-grow av-hide-overflow avia-align-center  avia-builder-el-20  el_before_av_textblock  avia-builder-el-first '  itemprop=\"image\" itemscope=\"itemscope\" itemtype=\"https:\/\/schema.org\/ImageObject\" ><div class=\"avia-image-container-inner\"><div class=\"avia-image-overlay-wrap\"><img decoding=\"async\" class='wp-image-7938 avia-img-lazy-loading-not-7938 avia_image' src=\"https:\/\/radiodatacenter.net\/wp-content\/uploads\/2023\/01\/fabrizio_web.jpg\" alt='Fabrizio Carnevalini' title='fabrizio_web'  height=\"719\" width=\"500\"  itemprop=\"thumbnailUrl\" srcset=\"https:\/\/radiodatacenter.net\/wp-content\/uploads\/2023\/01\/fabrizio_web.jpg 500w, https:\/\/radiodatacenter.net\/wp-content\/uploads\/2023\/01\/fabrizio_web-209x300.jpg 209w, https:\/\/radiodatacenter.net\/wp-content\/uploads\/2023\/01\/fabrizio_web-490x705.jpg 490w\" sizes=\"(max-width: 500px) 100vw, 500px\" \/><\/div><\/div><\/div><br \/>\n<section  class='av_textblock_section av-l1f0hymq-30584cdbf37bb8ea97c2c87c34095fbd'  itemscope=\"itemscope\" itemtype=\"https:\/\/schema.org\/CreativeWork\" ><div class='avia_textblock'  itemprop=\"text\" ><h3 style=\"margin-top: 15px;\">Fabrizio Carnevalini<\/h3>\n<p>Nato nel 1958, \u00e8 un giornalista professionista. Ha 20 anni di esperienza in riviste radiofoniche e televisive e per altri 20 ha lavorato nel settore automotive ad AlVolante, il pi\u00f9 letto mensile di auto italiano. Redattore del blog RadioReporter, propone una selezione di notizie di rilevanza internazionale ed \u00e8 un appassionato ascoltatore radiofonico.<\/p>\n<\/div><\/section><\/p><\/div><\/div><\/div><\/div><!-- close content main div --><\/div><\/div><div id='after_section_1'  class='main_color av_default_container_wrap container_wrap sidebar_right'  ><div class='container av-section-cont-open' ><div class='template-page content  av-content-small alpha units'><div class='post-entry post-entry-type-page post-entry-5423'><div class='entry-content-wrapper clearfix'><section  class='av_textblock_section av-85fzlp-64a26f0aa947e864e34b7df1db918fd2'  itemscope=\"itemscope\" itemtype=\"https:\/\/schema.org\/CreativeWork\" ><div class='avia_textblock'  itemprop=\"text\" ><h2>La nostra squadra<\/h2>\n<p style=\"margin-top: 35px;\"><strong>\n<style type=\"text\/css\" data-created_by=\"avia_inline_auto\" id=\"style-css-av-5sfxkd-184718110cce1dcd8a96de304d42bac6\">\n.av_font_icon.av-5sfxkd-184718110cce1dcd8a96de304d42bac6 .av-icon-char{\nfont-size:16px;\nline-height:16px;\n}\n<\/style>\n<span  class='av_font_icon av-5sfxkd-184718110cce1dcd8a96de304d42bac6 avia_animate_when_visible av-icon-style- avia-icon-pos-left av-no-color avia-icon-animate'><span class='av-icon-char' aria-hidden='true' data-av_icon='\ue8ab' data-av_iconfont='entypo-fontello' ><\/span><\/span>Qualifiche<\/strong><br \/>\nScrittori tecnici, fonetisti, grafici, specialisti in tecnologia radio e propagazione delle onde, avvocati, scienziati dei dati, responsabili della qualit\u00e0, geografi e informatici, queste sono solo alcune delle qualifiche dei membri del nostro team.<\/p>\n<p class=\"elementor-icon-box-title\"><strong>\n<style type=\"text\/css\" data-created_by=\"avia_inline_auto\" id=\"style-css-av-3oxiwt-aea842890c31ef9e5630ec77d55c8974\">\n.av_font_icon.av-3oxiwt-aea842890c31ef9e5630ec77d55c8974 .av-icon-char{\nfont-size:16px;\nline-height:16px;\n}\n<\/style>\n<span  class='av_font_icon av-3oxiwt-aea842890c31ef9e5630ec77d55c8974 avia_animate_when_visible av-icon-style- avia-icon-pos-left av-no-color avia-icon-animate'><span class='av-icon-char' aria-hidden='true' data-av_icon='\ue85e' data-av_iconfont='entypo-fontello' ><\/span><\/span>Interessi<\/strong><\/p>\n<p class=\"elementor-icon-box-description\">Il nostro team \u00e8 composto da persone diverse provenienti da tutto il mondo. Ci\u00f2 che ci unisce \u00e8 il nostro interesse per la radio. Molte persone scoprono la loro radio preferita, un nuovo genere musicale o il fascino di altre culture a Radio Data Center.<\/p>\n<p class=\"elementor-icon-box-title\"><strong>\n<style type=\"text\/css\" data-created_by=\"avia_inline_auto\" id=\"style-css-av-2jcm0t-bb07ec9b3f0b5e31a123d0c98748054f\">\n.av_font_icon.av-2jcm0t-bb07ec9b3f0b5e31a123d0c98748054f .av-icon-char{\nfont-size:16px;\nline-height:16px;\n}\n<\/style>\n<span  class='av_font_icon av-2jcm0t-bb07ec9b3f0b5e31a123d0c98748054f avia_animate_when_visible av-icon-style- avia-icon-pos-left av-no-color avia-icon-animate'><span class='av-icon-char' aria-hidden='true' data-av_icon='\ue83c' data-av_iconfont='entypo-fontello' ><\/span><\/span>Competenze trasversali<\/strong><\/p>\n<p class=\"elementor-icon-box-description\">Molti dei nostri dipendenti sono musicisti e artisti visivi multilingue e di talento, genitori pazienti e ottimi cuochi per hobby. Ognuno porta in azienda culture e valori diversi e apre gli occhi e le orecchie a tutti.<\/p>\n<\/div><\/section><\/p>\n\n<style type=\"text\/css\" data-created_by=\"avia_inline_auto\" id=\"style-css-av-l1f158ku-d866f41fec3d6375d9972cf6f69be404\">\n#top .hr.hr-invisible.av-l1f158ku-d866f41fec3d6375d9972cf6f69be404{\nheight:100px;\n}\n<\/style>\n<div  class='hr av-l1f158ku-d866f41fec3d6375d9972cf6f69be404 hr-invisible  avia-builder-el-26  el_after_av_textblock  el_before_av_textblock '><span class='hr-inner '><span class=\"hr-inner-style\"><\/span><\/span><\/div>\n<section  class='av_textblock_section av-l1f0jopz-dc7cb6233549b3109ebc0b422a80d4a5'  itemscope=\"itemscope\" itemtype=\"https:\/\/schema.org\/CreativeWork\" ><div class='avia_textblock'  itemprop=\"text\" ><h2 style=\"text-align: center;\">La nostra storia<\/h2>\n<\/div><\/section>\n\n<style type=\"text\/css\" data-created_by=\"avia_inline_auto\" id=\"style-css-av-l1f0y67g-a8ec113d3de05c72d31ce4aa3cd7ea22\">\n.avia-timeline-container.av-l1f0y67g-a8ec113d3de05c72d31ce4aa3cd7ea22 .av-milestone-date{\nfont-size:16px;\n}\n.avia-timeline-container.av-l1f0y67g-a8ec113d3de05c72d31ce4aa3cd7ea22 .av-milestone-title{\nfont-size:16px;\n}\n.avia-timeline-container.av-l1f0y67g-a8ec113d3de05c72d31ce4aa3cd7ea22 .av-milestone-content{\nfont-size:16px;\n}\n<\/style>\n<div  id=\"avia-timeline-1\"  class='avia-timeline-container av-l1f0y67g-a8ec113d3de05c72d31ce4aa3cd7ea22  avia-builder-el-28  el_after_av_textblock  avia-builder-el-last ' ><ul class='avia-timeline avia-timeline-vertical av-milestone-placement-alternate avia-timeline- avia_animate_when_almost_visible avia-timeline-animate'>\n<li  class='av-milestone av-l1f11wyq-54a76640d101a9143eec8838d888a2fe av-animated-generic fade-in av-milestone-valign-baseline av-milestone-odd'><h2 class='av-milestone-date ' id='milestone-1986'><strong>1986<span class='av-milestone-indicator'><\/span><\/strong><\/h2><div class=\"av-milestone-icon-wrap\"><span class='av-milestone-icon milestone_icon avia-font-entypo-fontello'><span class='av-milestone-icon-inner milestone_inner'><i class='milestone-char' aria-hidden='true' data-av_icon='\ue85e' data-av_iconfont='entypo-fontello'><\/i><\/span><\/span><\/div><article class='av-milestone-content-wrap'><div class='av-milestone-contentbox'><div class='av-milestone-content'><p>Dal 1986 raccogliamo dati delle emittenti radiofoniche e li mettiamo a disposizione di una <strong>comunit\u00e0 <\/strong>in continua crescita attraverso diversi siti web specializzati. Siamo guidati dal <strong>fascino <\/strong>della tecnologia, dalla propagazione delle onde e dalla vasta gamma di contenuti. Crediamo nel potere e nell\u2019importanza della <strong>radio come mezzo<\/strong> che ci collega ad altre persone.<\/p>\n<\/div><\/div><footer class='av-milestone-article-footer entry-footer'><\/footer><\/article><\/li>\n<li  class='av-milestone av-l1f12vdb-14ef56b2839deddaac341b4d8217c29a av-animated-generic fade-in av-milestone-valign-baseline av-milestone-even'><h2 class='av-milestone-date ' id='milestone-2012'><strong>2012<span class='av-milestone-indicator'><\/span><\/strong><\/h2><article class='av-milestone-content-wrap'><div class='av-milestone-contentbox'><div class='av-milestone-content'><p>Nel 2012 abbiamo fondato Radio Data Center per supportare utenti professionali e progetti commerciali di <strong>altissimo livello<\/strong> soprattutto in campo automobilistico. Attraverso il nostro lavoro, documentiamo l\u2019attuale impronta della radio in tutto il mondo e consentiamo lo sviluppo di <strong>prodotti <\/strong>e <strong>soluzioni innovative<\/strong> per la ricezione radio.<\/p>\n<\/div><\/div><footer class='av-milestone-article-footer entry-footer'><\/footer><\/article><div class=\"av-milestone-icon-wrap\"><span class='av-milestone-icon milestone_icon avia-font-entypo-fontello'><span class='av-milestone-icon-inner milestone_inner'><i class='milestone-char' aria-hidden='true' data-av_icon='\ue80b' data-av_iconfont='entypo-fontello'><\/i><\/span><\/span><\/div><h2 class='av-milestone-date ' id='milestone-2012'><strong>2012<span class='av-milestone-indicator'><\/span><\/strong><\/h2><\/li>\n<\/ul><\/div>\n","protected":false},"excerpt":{"rendered":"","protected":false},"author":3,"featured_media":0,"parent":5066,"menu_order":0,"comment_status":"closed","ping_status":"closed","template":"","meta":{"footnotes":""},"class_list":["post-5423","page","type-page","status-publish","hentry"],"yoast_head":"<!-- This site is optimized with the Yoast SEO plugin v20.10 - https:\/\/yoast.com\/wordpress\/plugins\/seo\/ -->\n<title>Su di noi - Radio Data Center<\/title>\n<meta name=\"robots\" content=\"index, follow, max-snippet:-1, max-image-preview:large, max-video-preview:-1\" \/>\n<link rel=\"canonical\" href=\"https:\/\/radiodatacenter.net\/it\/azienda\/su-di-noi\/\" \/>\n<meta property=\"og:locale\" content=\"it_IT\" \/>\n<meta property=\"og:type\" content=\"article\" \/>\n<meta property=\"og:title\" content=\"Su di noi - Radio Data Center\" \/>\n<meta property=\"og:url\" content=\"https:\/\/radiodatacenter.net\/it\/azienda\/su-di-noi\/\" \/>\n<meta property=\"og:site_name\" content=\"Radio Data Center\" \/>\n<meta property=\"article:modified_time\" content=\"2023-01-13T19:48:13+00:00\" \/>\n<meta name=\"twitter:card\" content=\"summary_large_image\" \/>\n<meta name=\"twitter:label1\" content=\"Tempo di lettura stimato\" \/>\n\t<meta name=\"twitter:data1\" content=\"9 minuti\" \/>\n<script type=\"application\/ld+json\" class=\"yoast-schema-graph\">{\"@context\":\"https:\/\/schema.org\",\"@graph\":[{\"@type\":\"WebPage\",\"@id\":\"https:\/\/radiodatacenter.net\/it\/azienda\/su-di-noi\/\",\"url\":\"https:\/\/radiodatacenter.net\/it\/azienda\/su-di-noi\/\",\"name\":\"Su di noi - Radio Data Center\",\"isPartOf\":{\"@id\":\"https:\/\/radiodatacenter.net\/it\/#website\"},\"datePublished\":\"2022-03-28T20:32:30+00:00\",\"dateModified\":\"2023-01-13T19:48:13+00:00\",\"breadcrumb\":{\"@id\":\"https:\/\/radiodatacenter.net\/it\/azienda\/su-di-noi\/#breadcrumb\"},\"inLanguage\":\"it-IT\",\"potentialAction\":[{\"@type\":\"ReadAction\",\"target\":[\"https:\/\/radiodatacenter.net\/it\/azienda\/su-di-noi\/\"]}]},{\"@type\":\"BreadcrumbList\",\"@id\":\"https:\/\/radiodatacenter.net\/it\/azienda\/su-di-noi\/#breadcrumb\",\"itemListElement\":[{\"@type\":\"ListItem\",\"position\":1,\"name\":\"Startseite\",\"item\":\"https:\/\/radiodatacenter.net\/it\/\"},{\"@type\":\"ListItem\",\"position\":2,\"name\":\"Azienda\",\"item\":\"https:\/\/radiodatacenter.net\/it\/azienda\/\"},{\"@type\":\"ListItem\",\"position\":3,\"name\":\"Su di noi\"}]},{\"@type\":\"WebSite\",\"@id\":\"https:\/\/radiodatacenter.net\/it\/#website\",\"url\":\"https:\/\/radiodatacenter.net\/it\/\",\"name\":\"Radio Data Center\",\"description\":\"\",\"potentialAction\":[{\"@type\":\"SearchAction\",\"target\":{\"@type\":\"EntryPoint\",\"urlTemplate\":\"https:\/\/radiodatacenter.net\/it\/?s={search_term_string}\"},\"query-input\":\"required name=search_term_string\"}],\"inLanguage\":\"it-IT\"}]}<\/script>\n<!-- \/ Yoast SEO plugin. -->","yoast_head_json":{"title":"Su di noi - Radio Data Center","robots":{"index":"index","follow":"follow","max-snippet":"max-snippet:-1","max-image-preview":"max-image-preview:large","max-video-preview":"max-video-preview:-1"},"canonical":"https:\/\/radiodatacenter.net\/it\/azienda\/su-di-noi\/","og_locale":"it_IT","og_type":"article","og_title":"Su di noi - Radio Data Center","og_url":"https:\/\/radiodatacenter.net\/it\/azienda\/su-di-noi\/","og_site_name":"Radio Data Center","article_modified_time":"2023-01-13T19:48:13+00:00","twitter_card":"summary_large_image","twitter_misc":{"Tempo di lettura stimato":"9 minuti"},"schema":{"@context":"https:\/\/schema.org","@graph":[{"@type":"WebPage","@id":"https:\/\/radiodatacenter.net\/it\/azienda\/su-di-noi\/","url":"https:\/\/radiodatacenter.net\/it\/azienda\/su-di-noi\/","name":"Su di noi - Radio Data Center","isPartOf":{"@id":"https:\/\/radiodatacenter.net\/it\/#website"},"datePublished":"2022-03-28T20:32:30+00:00","dateModified":"2023-01-13T19:48:13+00:00","breadcrumb":{"@id":"https:\/\/radiodatacenter.net\/it\/azienda\/su-di-noi\/#breadcrumb"},"inLanguage":"it-IT","potentialAction":[{"@type":"ReadAction","target":["https:\/\/radiodatacenter.net\/it\/azienda\/su-di-noi\/"]}]},{"@type":"BreadcrumbList","@id":"https:\/\/radiodatacenter.net\/it\/azienda\/su-di-noi\/#breadcrumb","itemListElement":[{"@type":"ListItem","position":1,"name":"Startseite","item":"https:\/\/radiodatacenter.net\/it\/"},{"@type":"ListItem","position":2,"name":"Azienda","item":"https:\/\/radiodatacenter.net\/it\/azienda\/"},{"@type":"ListItem","position":3,"name":"Su di noi"}]},{"@type":"WebSite","@id":"https:\/\/radiodatacenter.net\/it\/#website","url":"https:\/\/radiodatacenter.net\/it\/","name":"Radio Data Center","description":"","potentialAction":[{"@type":"SearchAction","target":{"@type":"EntryPoint","urlTemplate":"https:\/\/radiodatacenter.net\/it\/?s={search_term_string}"},"query-input":"required name=search_term_string"}],"inLanguage":"it-IT"}]}},"_links":{"self":[{"href":"https:\/\/radiodatacenter.net\/it\/wp-json\/wp\/v2\/pages\/5423","targetHints":{"allow":["GET"]}}],"collection":[{"href":"https:\/\/radiodatacenter.net\/it\/wp-json\/wp\/v2\/pages"}],"about":[{"href":"https:\/\/radiodatacenter.net\/it\/wp-json\/wp\/v2\/types\/page"}],"author":[{"embeddable":true,"href":"https:\/\/radiodatacenter.net\/it\/wp-json\/wp\/v2\/users\/3"}],"replies":[{"embeddable":true,"href":"https:\/\/radiodatacenter.net\/it\/wp-json\/wp\/v2\/comments?post=5423"}],"version-history":[{"count":7,"href":"https:\/\/radiodatacenter.net\/it\/wp-json\/wp\/v2\/pages\/5423\/revisions"}],"predecessor-version":[{"id":7989,"href":"https:\/\/radiodatacenter.net\/it\/wp-json\/wp\/v2\/pages\/5423\/revisions\/7989"}],"up":[{"embeddable":true,"href":"https:\/\/radiodatacenter.net\/it\/wp-json\/wp\/v2\/pages\/5066"}],"wp:attachment":[{"href":"https:\/\/radiodatacenter.net\/it\/wp-json\/wp\/v2\/media?parent=5423"}],"curies":[{"name":"wp","href":"https:\/\/api.w.org\/{rel}","templated":true}]}}