{"id":4960,"date":"2022-03-28T22:30:10","date_gmt":"2022-03-28T20:30:10","guid":{"rendered":"https:\/\/radiodatacenter.net\/v2\/projectos\/"},"modified":"2022-05-29T21:37:30","modified_gmt":"2022-05-29T19:37:30","slug":"projectos","status":"publish","type":"page","link":"https:\/\/radiodatacenter.net\/pt-pt\/projectos\/","title":{"rendered":"Projectos"},"content":{"rendered":"\n<style type=\"text\/css\" data-created_by=\"avia_inline_auto\" id=\"style-css-av-12pitrk-28fb2a12467f55918af2078a3e74df6f\">\n.avia-section.av-12pitrk-28fb2a12467f55918af2078a3e74df6f{\nbackground-color:#f8f8f8;\n}\n<\/style>\n<div id='av_section_1'  class='avia-section av-12pitrk-28fb2a12467f55918af2078a3e74df6f alternate_color avia-section-large avia-shadow  avia-builder-el-0  avia-builder-el-no-sibling  avia-bg-style-scroll container_wrap sidebar_right'  ><div class='container av-section-cont-open' ><main  role=\"main\" itemprop=\"mainContentOfPage\"  class='template-page content  av-content-small alpha units'><div class='post-entry post-entry-type-page post-entry-4960'><div class='entry-content-wrapper clearfix'>\n\n<div class='flex_column av-11ydoao-a6d8a2e9553791985bfe23accb4408af av_one_full  avia-builder-el-2  el_after_av_codeblock  el_before_av_one_half  first flex_column_div '   ><section  class='av_textblock_section av-l1f1a4kj-66ee6eb99ec4443e86638b673ff3accc'  itemscope=\"itemscope\" itemtype=\"https:\/\/schema.org\/CreativeWork\" ><div class='avia_textblock'  itemprop=\"text\" ><h2 style=\"text-align: left;\">Projectos<\/h2>\n<\/div><\/section><\/div><div class='flex_column av-10875vk-ec8d9dbc1f7229ccadbebbc86f956262 av_one_half  avia-builder-el-4  el_after_av_one_full  el_before_av_one_half  first flex_column_div avia-link-column av-column-link column-top-margin'  data-link-column-url=\"https:\/\/radiodatacenter.net\/pt-pt\/airi-a-escolha-certa-para-a-radio-infantil\/\"   ><a class=\"av-screen-reader-only\" href=https:\/\/radiodatacenter.net\/pt-pt\/airi-a-escolha-certa-para-a-radio-infantil\/ >Link to: AIRI &#8211; a escolha certa para a r\u00e1dio infantil<\/a><p>\n<style type=\"text\/css\" data-created_by=\"avia_inline_auto\" id=\"style-css-av-yfrmsg-d1796faba130c711cb3642f2d79b57a6\">\n.avia-image-container.av-yfrmsg-d1796faba130c711cb3642f2d79b57a6 .av-image-caption-overlay-center{\ncolor:#ffffff;\n}\n<\/style>\n<div  class='avia-image-container av-yfrmsg-d1796faba130c711cb3642f2d79b57a6 av-styling- av-hover-grow av-hide-overflow avia_animated_image avia_animate_when_almost_visible fade-in avia-align-center  avia-builder-el-5  el_before_av_hr  avia-builder-el-first '  itemprop=\"image\" itemscope=\"itemscope\" itemtype=\"https:\/\/schema.org\/ImageObject\" ><div class=\"avia-image-container-inner\"><div class=\"avia-image-overlay-wrap\"><img decoding=\"async\" class='wp-image-4806 avia-img-lazy-loading-not-4806 avia_image' src=\"https:\/\/radiodatacenter.net\/wp-content\/uploads\/2022\/03\/airi-kids.jpg\" alt='' title='Airi - A primeira aplica\u00e7\u00e3o de r\u00e1dio global para crian\u00e7as'  height=\"667\" width=\"1000\"  itemprop=\"thumbnailUrl\" srcset=\"https:\/\/radiodatacenter.net\/wp-content\/uploads\/2022\/03\/airi-kids.jpg 1000w, https:\/\/radiodatacenter.net\/wp-content\/uploads\/2022\/03\/airi-kids-300x200.jpg 300w, https:\/\/radiodatacenter.net\/wp-content\/uploads\/2022\/03\/airi-kids-768x512.jpg 768w, https:\/\/radiodatacenter.net\/wp-content\/uploads\/2022\/03\/airi-kids-705x470.jpg 705w\" sizes=\"(max-width: 1000px) 100vw, 1000px\" \/><\/div><\/div><\/div><br \/>\n\n<style type=\"text\/css\" data-created_by=\"avia_inline_auto\" id=\"style-css-av-wzqzo0-50363a3af31184b23608541cbecc8374\">\n#top .hr.hr-invisible.av-wzqzo0-50363a3af31184b23608541cbecc8374{\nheight:10px;\n}\n<\/style>\n<div  class='hr av-wzqzo0-50363a3af31184b23608541cbecc8374 hr-invisible  avia-builder-el-6  el_after_av_image  el_before_av_textblock '><span class='hr-inner '><span class=\"hr-inner-style\"><\/span><\/span><\/div><br \/>\n<section  class='av_textblock_section av-uqc6eo-0ad64fc3e3dd80614a91c0b45fd4e304'  itemscope=\"itemscope\" itemtype=\"https:\/\/schema.org\/CreativeWork\" ><div class='avia_textblock'  itemprop=\"text\" ><h3>Airi &#8211; A primeira aplica\u00e7\u00e3o de r\u00e1dio global para crian\u00e7as<\/h3>\n<\/div><\/section><\/p><\/div><div class='flex_column av-tl6wsg-6216b2a2b0b20f1f637099af5c76d319 av_one_half  avia-builder-el-8  el_after_av_one_half  avia-builder-el-last  flex_column_div avia-link-column av-column-link column-top-margin'  data-link-column-url=\"https:\/\/radiodatacenter.net\/pt-pt\/projectos\/radio-reporter-blog\/\"   ><a class=\"av-screen-reader-only\" href=https:\/\/radiodatacenter.net\/pt-pt\/projectos\/radio-reporter-blog\/ >Link to: Radio Reporter Blog<\/a><p>\n<style type=\"text\/css\" data-created_by=\"avia_inline_auto\" id=\"style-css-av-ryr7rk-2b6f8129f64ff2d56eccb4e416417da6\">\n.avia-image-container.av-ryr7rk-2b6f8129f64ff2d56eccb4e416417da6 .av-image-caption-overlay-center{\ncolor:#ffffff;\n}\n<\/style>\n<div  class='avia-image-container av-ryr7rk-2b6f8129f64ff2d56eccb4e416417da6 av-styling- av-hover-grow av-hide-overflow avia_animated_image avia_animate_when_almost_visible fade-in avia-align-center  avia-builder-el-9  el_before_av_hr  avia-builder-el-first '  itemprop=\"image\" itemscope=\"itemscope\" itemtype=\"https:\/\/schema.org\/ImageObject\" ><div class=\"avia-image-container-inner\"><div class=\"avia-image-overlay-wrap\"><img decoding=\"async\" class='wp-image-4824 avia-img-lazy-loading-not-4824 avia_image' src=\"https:\/\/radiodatacenter.net\/wp-content\/uploads\/2022\/03\/radioreporter.jpg\" alt='' title='Radio Reporter App'  height=\"667\" width=\"1000\"  itemprop=\"thumbnailUrl\" srcset=\"https:\/\/radiodatacenter.net\/wp-content\/uploads\/2022\/03\/radioreporter.jpg 1000w, https:\/\/radiodatacenter.net\/wp-content\/uploads\/2022\/03\/radioreporter-300x200.jpg 300w, https:\/\/radiodatacenter.net\/wp-content\/uploads\/2022\/03\/radioreporter-768x512.jpg 768w, https:\/\/radiodatacenter.net\/wp-content\/uploads\/2022\/03\/radioreporter-705x470.jpg 705w\" sizes=\"(max-width: 1000px) 100vw, 1000px\" \/><\/div><\/div><\/div><br \/>\n\n<style type=\"text\/css\" data-created_by=\"avia_inline_auto\" id=\"style-css-av-ps5crk-4643e2942441be9108c1adc5d4cb08f8\">\n#top .hr.hr-invisible.av-ps5crk-4643e2942441be9108c1adc5d4cb08f8{\nheight:10px;\n}\n<\/style>\n<div  class='hr av-ps5crk-4643e2942441be9108c1adc5d4cb08f8 hr-invisible  avia-builder-el-10  el_after_av_image  el_before_av_textblock '><span class='hr-inner '><span class=\"hr-inner-style\"><\/span><\/span><\/div><br \/>\n<section  class='av_textblock_section av-osx4wg-7f2d478c869e14febbdb85cfc4e17bb4'  itemscope=\"itemscope\" itemtype=\"https:\/\/schema.org\/CreativeWork\" ><div class='avia_textblock'  itemprop=\"text\" ><h3>Radio Reporter Blog<\/h3>\n<\/div><\/section><\/p><\/div><\/div><\/div><\/main><!-- close content main element --><\/div><\/div><div id='after_section_1'  class='main_color av_default_container_wrap container_wrap sidebar_right'  ><div class='container av-section-cont-open' ><div class='template-page content  av-content-small alpha units'><div class='post-entry post-entry-type-page post-entry-4960'><div class='entry-content-wrapper clearfix'>\n","protected":false},"excerpt":{"rendered":"","protected":false},"author":3,"featured_media":0,"parent":0,"menu_order":0,"comment_status":"closed","ping_status":"closed","template":"","meta":{"footnotes":""},"class_list":["post-4960","page","type-page","status-publish","hentry"],"yoast_head":"<!-- This site is optimized with the Yoast SEO plugin v20.10 - https:\/\/yoast.com\/wordpress\/plugins\/seo\/ -->\n<title>Projectos - Radio Data Center<\/title>\n<meta name=\"robots\" content=\"index, follow, max-snippet:-1, max-image-preview:large, max-video-preview:-1\" \/>\n<link rel=\"canonical\" href=\"https:\/\/radiodatacenter.net\/pt-pt\/projectos\/\" \/>\n<meta property=\"og:locale\" content=\"pt_PT\" \/>\n<meta property=\"og:type\" content=\"article\" \/>\n<meta property=\"og:title\" content=\"Projectos - Radio Data Center\" \/>\n<meta property=\"og:url\" content=\"https:\/\/radiodatacenter.net\/pt-pt\/projectos\/\" \/>\n<meta property=\"og:site_name\" content=\"Radio Data Center\" \/>\n<meta property=\"article:modified_time\" content=\"2022-05-29T19:37:30+00:00\" \/>\n<meta name=\"twitter:card\" content=\"summary_large_image\" \/>\n<meta name=\"twitter:label1\" content=\"Tempo estimado de leitura\" \/>\n\t<meta name=\"twitter:data1\" content=\"3 minutos\" \/>\n<script type=\"application\/ld+json\" class=\"yoast-schema-graph\">{\"@context\":\"https:\/\/schema.org\",\"@graph\":[{\"@type\":\"WebPage\",\"@id\":\"https:\/\/radiodatacenter.net\/pt-pt\/projectos\/\",\"url\":\"https:\/\/radiodatacenter.net\/pt-pt\/projectos\/\",\"name\":\"Projectos - Radio Data Center\",\"isPartOf\":{\"@id\":\"https:\/\/radiodatacenter.net\/pt-pt\/#website\"},\"datePublished\":\"2022-03-28T20:30:10+00:00\",\"dateModified\":\"2022-05-29T19:37:30+00:00\",\"breadcrumb\":{\"@id\":\"https:\/\/radiodatacenter.net\/pt-pt\/projectos\/#breadcrumb\"},\"inLanguage\":\"pt-PT\",\"potentialAction\":[{\"@type\":\"ReadAction\",\"target\":[\"https:\/\/radiodatacenter.net\/pt-pt\/projectos\/\"]}]},{\"@type\":\"BreadcrumbList\",\"@id\":\"https:\/\/radiodatacenter.net\/pt-pt\/projectos\/#breadcrumb\",\"itemListElement\":[{\"@type\":\"ListItem\",\"position\":1,\"name\":\"Startseite\",\"item\":\"https:\/\/radiodatacenter.net\/pt-pt\/\"},{\"@type\":\"ListItem\",\"position\":2,\"name\":\"Projectos\"}]},{\"@type\":\"WebSite\",\"@id\":\"https:\/\/radiodatacenter.net\/pt-pt\/#website\",\"url\":\"https:\/\/radiodatacenter.net\/pt-pt\/\",\"name\":\"Radio Data Center\",\"description\":\"\",\"potentialAction\":[{\"@type\":\"SearchAction\",\"target\":{\"@type\":\"EntryPoint\",\"urlTemplate\":\"https:\/\/radiodatacenter.net\/pt-pt\/?s={search_term_string}\"},\"query-input\":\"required name=search_term_string\"}],\"inLanguage\":\"pt-PT\"}]}<\/script>\n<!-- \/ Yoast SEO plugin. -->","yoast_head_json":{"title":"Projectos - Radio Data Center","robots":{"index":"index","follow":"follow","max-snippet":"max-snippet:-1","max-image-preview":"max-image-preview:large","max-video-preview":"max-video-preview:-1"},"canonical":"https:\/\/radiodatacenter.net\/pt-pt\/projectos\/","og_locale":"pt_PT","og_type":"article","og_title":"Projectos - Radio Data Center","og_url":"https:\/\/radiodatacenter.net\/pt-pt\/projectos\/","og_site_name":"Radio Data Center","article_modified_time":"2022-05-29T19:37:30+00:00","twitter_card":"summary_large_image","twitter_misc":{"Tempo estimado de leitura":"3 minutos"},"schema":{"@context":"https:\/\/schema.org","@graph":[{"@type":"WebPage","@id":"https:\/\/radiodatacenter.net\/pt-pt\/projectos\/","url":"https:\/\/radiodatacenter.net\/pt-pt\/projectos\/","name":"Projectos - Radio Data Center","isPartOf":{"@id":"https:\/\/radiodatacenter.net\/pt-pt\/#website"},"datePublished":"2022-03-28T20:30:10+00:00","dateModified":"2022-05-29T19:37:30+00:00","breadcrumb":{"@id":"https:\/\/radiodatacenter.net\/pt-pt\/projectos\/#breadcrumb"},"inLanguage":"pt-PT","potentialAction":[{"@type":"ReadAction","target":["https:\/\/radiodatacenter.net\/pt-pt\/projectos\/"]}]},{"@type":"BreadcrumbList","@id":"https:\/\/radiodatacenter.net\/pt-pt\/projectos\/#breadcrumb","itemListElement":[{"@type":"ListItem","position":1,"name":"Startseite","item":"https:\/\/radiodatacenter.net\/pt-pt\/"},{"@type":"ListItem","position":2,"name":"Projectos"}]},{"@type":"WebSite","@id":"https:\/\/radiodatacenter.net\/pt-pt\/#website","url":"https:\/\/radiodatacenter.net\/pt-pt\/","name":"Radio Data Center","description":"","potentialAction":[{"@type":"SearchAction","target":{"@type":"EntryPoint","urlTemplate":"https:\/\/radiodatacenter.net\/pt-pt\/?s={search_term_string}"},"query-input":"required name=search_term_string"}],"inLanguage":"pt-PT"}]}},"_links":{"self":[{"href":"https:\/\/radiodatacenter.net\/pt-pt\/wp-json\/wp\/v2\/pages\/4960","targetHints":{"allow":["GET"]}}],"collection":[{"href":"https:\/\/radiodatacenter.net\/pt-pt\/wp-json\/wp\/v2\/pages"}],"about":[{"href":"https:\/\/radiodatacenter.net\/pt-pt\/wp-json\/wp\/v2\/types\/page"}],"author":[{"embeddable":true,"href":"https:\/\/radiodatacenter.net\/pt-pt\/wp-json\/wp\/v2\/users\/3"}],"replies":[{"embeddable":true,"href":"https:\/\/radiodatacenter.net\/pt-pt\/wp-json\/wp\/v2\/comments?post=4960"}],"version-history":[{"count":10,"href":"https:\/\/radiodatacenter.net\/pt-pt\/wp-json\/wp\/v2\/pages\/4960\/revisions"}],"predecessor-version":[{"id":7265,"href":"https:\/\/radiodatacenter.net\/pt-pt\/wp-json\/wp\/v2\/pages\/4960\/revisions\/7265"}],"wp:attachment":[{"href":"https:\/\/radiodatacenter.net\/pt-pt\/wp-json\/wp\/v2\/media?parent=4960"}],"curies":[{"name":"wp","href":"https:\/\/api.w.org\/{rel}","templated":true}]}}