{"id":4969,"date":"2022-03-28T22:30:44","date_gmt":"2022-03-28T20:30:44","guid":{"rendered":"https:\/\/radiodatacenter.net\/v2\/projectos\/airi-a-escolha-certa-para-a-radio-infantil\/"},"modified":"2022-04-21T20:25:38","modified_gmt":"2022-04-21T18:25:38","slug":"airi-a-escolha-certa-para-a-radio-infantil","status":"publish","type":"page","link":"https:\/\/radiodatacenter.net\/pt-pt\/airi-a-escolha-certa-para-a-radio-infantil\/","title":{"rendered":"AIRI &#8211; a escolha certa para a r\u00e1dio infantil"},"content":{"rendered":"\n<style type=\"text\/css\" data-created_by=\"avia_inline_auto\" id=\"style-css-av-l1eul9s2-9a1404239e4bfc4c8ab6ec2c90e7f175\">\n.avia-section.av-l1eul9s2-9a1404239e4bfc4c8ab6ec2c90e7f175 .av-parallax .av-parallax-inner{\nbackground-repeat:no-repeat;\nbackground-image:url(https:\/\/radiodatacenter.net\/wp-content\/uploads\/2022\/03\/airi-slider2-1030x349.jpg);\nbackground-position:50% 50%;\nbackground-attachment:scroll;\n}\n<\/style>\n<div id='av_section_1'  class='avia-section av-l1eul9s2-9a1404239e4bfc4c8ab6ec2c90e7f175 main_color avia-section-default avia-no-border-styling  avia-builder-el-0  el_before_av_one_full  avia-builder-el-first  av-parallax-section avia-bg-style-parallax av-minimum-height av-minimum-height-custom  container_wrap sidebar_right'  data-section-bg-repeat='no-repeat'><div class='av-parallax' data-avia-parallax-ratio='0.3' ><div class='av-parallax-inner main_color avia-full-stretch'><\/div><\/div><div class='container av-section-cont-open' style='height:300px'><main  role=\"main\" itemprop=\"mainContentOfPage\"  class='template-page content  av-content-small alpha units'><div class='post-entry post-entry-type-page post-entry-4969'><div class='entry-content-wrapper clearfix'><\/div><\/div><\/main><!-- close content main element --><\/div><\/div><div id='after_section_1'  class='main_color av_default_container_wrap container_wrap sidebar_right'  ><div class='container av-section-cont-open' ><div class='template-page content  av-content-small alpha units'><div class='post-entry post-entry-type-page post-entry-4969'><div class='entry-content-wrapper clearfix'>\n<div class='flex_column av-4a1jzp-e7337bb686f2015a580fd954539df62f av_one_full  avia-builder-el-1  el_after_av_section  el_before_av_hr  avia-builder-el-first  first flex_column_div '   ><p><br \/>\n<section  class='av_textblock_section av-l1b3wf7f-807af8b68ac938f47e983f9e8ed2d658'  itemscope=\"itemscope\" itemtype=\"https:\/\/schema.org\/CreativeWork\" ><div class='avia_textblock'  itemprop=\"text\" ><h1 style=\"color: #86ba44; text-align: center;\">AIRI &#8211; a escolha certa para a r\u00e1dio infantil<\/h1>\n<\/div><\/section><\/p><\/div>\n<div  class='hr av-l1b4o2qc-fe9fefd131802da8360ddbbcb9d090b8 hr-short  avia-builder-el-4  el_after_av_one_full  el_before_av_one_half  hr-center'><span class='hr-inner '><span class=\"hr-inner-style\"><\/span><\/span><\/div>\n<div class='flex_column av-33xkdh-66531d04b88cdcea5cf21e7e0e7ded47 av_one_half  avia-builder-el-5  el_after_av_hr  el_before_av_one_half  first flex_column_div '   ><p><section  class='av_textblock_section av-l1b3dket-4f55c6676970cb3b408c752c9ee63f94'  itemscope=\"itemscope\" itemtype=\"https:\/\/schema.org\/CreativeWork\" ><div class='avia_textblock'  itemprop=\"text\" ><p>A <strong>primeira aplica\u00e7\u00e3o de r\u00e1dio global para crian\u00e7as<\/strong> oferece uma experi\u00eancia de r\u00e1dio exclusivamente para crian\u00e7as e grupos et\u00e1rios. Quer se trate de uma li\u00e7\u00e3o de conto de fadas, programa de conhecimento, pe\u00e7a de r\u00e1dio ou m\u00fasica de dan\u00e7a. Atrav\u00e9s do modo de descoberta, as crian\u00e7as conhecem o mundo a partir de casa. AIRI \u00e9 ideal para ensinar as crian\u00e7as a utilizarem conscientemente os media sem se preocuparem em serem expostas a conte\u00fados impr\u00f3prios.<\/p>\n<\/div><\/section><br \/>\n<div  class='avia-button-wrap avia-button-left  avia-builder-el-7  el_after_av_textblock  avia-builder-el-last ' >\n<style type=\"text\/css\" data-created_by=\"avia_inline_auto\" id=\"style-css-av-l1ey995k-7ed46a7daa101075bc55ba51fef07858\">\n#top #wrap_all .avia-button.av-l1ey995k-7ed46a7daa101075bc55ba51fef07858{\nbackground-color:#86ba44;\nborder-color:#86ba44;\ntransition:all 0.4s ease-in-out;\n-webkit-transition:all 0.4s ease-in-out;\n-moz-transition:all 0.4s ease-in-out;\n-ms-transition:all 0.4s ease-in-out;\n-o-transition:all 0.4s ease-in-out;\n}\n#top #wrap_all .avia-button.av-l1ey995k-7ed46a7daa101075bc55ba51fef07858:hover{\ncolor:white;\ntransition:all 0.4s ease-in-out;\n-webkit-transition:all 0.4s ease-in-out;\n-moz-transition:all 0.4s ease-in-out;\n-ms-transition:all 0.4s ease-in-out;\n-o-transition:all 0.4s ease-in-out;\n}\n<\/style>\n<a href='https:\/\/airi.radio\/en' class='avia-button av-l1ey995k-7ed46a7daa101075bc55ba51fef07858 avia-icon_select-yes-left-icon avia-size-large avia-position-left avia-font-color-theme-color' target=\"_blank\" rel=\"noopener noreferrer\"><span class='avia_button_icon avia_button_icon_left' aria-hidden='true' data-av_icon='\ue835' data-av_iconfont='entypo-fontello'><\/span><span class='avia_iconbox_title' >Teste agora livre de encargos<\/span><span class='avia_button_background avia-button avia-color-theme-color-highlight' ><\/span><\/a><\/div><\/p><\/div><div class='flex_column av-27i31x-0217cb9d01d66626c3401b0fb74702ad av_one_half  avia-builder-el-8  el_after_av_one_half  el_before_av_one_fourth  flex_column_div '   ><style type=\"text\/css\" data-created_by=\"avia_inline_auto\" id=\"style-css-av-l1b4h7a5-51633caf2695081d1ea2fe6f4b51ccd3\">\n.avia-image-container.av-l1b4h7a5-51633caf2695081d1ea2fe6f4b51ccd3 .av-image-caption-overlay-center{\ncolor:#ffffff;\n}\n<\/style>\n<div  class='avia-image-container av-l1b4h7a5-51633caf2695081d1ea2fe6f4b51ccd3 av-styling- av-hover-grow av-hide-overflow avia_animated_image avia_animate_when_almost_visible right-to-left avia-align-center  avia-builder-el-9  avia-builder-el-no-sibling '  itemprop=\"image\" itemscope=\"itemscope\" itemtype=\"https:\/\/schema.org\/ImageObject\" ><div class=\"avia-image-container-inner\"><div class=\"avia-image-overlay-wrap\"><img decoding=\"async\" class='wp-image-4806 avia-img-lazy-loading-not-4806 avia_image' src=\"https:\/\/radiodatacenter.net\/wp-content\/uploads\/2022\/03\/airi-kids.jpg\" alt='' title='AIRI - a escolha certa para a r\u00e1dio infantil'  height=\"667\" width=\"1000\"  itemprop=\"thumbnailUrl\" srcset=\"https:\/\/radiodatacenter.net\/wp-content\/uploads\/2022\/03\/airi-kids.jpg 1000w, https:\/\/radiodatacenter.net\/wp-content\/uploads\/2022\/03\/airi-kids-300x200.jpg 300w, https:\/\/radiodatacenter.net\/wp-content\/uploads\/2022\/03\/airi-kids-768x512.jpg 768w, https:\/\/radiodatacenter.net\/wp-content\/uploads\/2022\/03\/airi-kids-705x470.jpg 705w\" sizes=\"(max-width: 1000px) 100vw, 1000px\" \/><\/div><\/div><\/div><\/div><div class='flex_column av-72sban-21db51dfe848449243b95cc8f5376c60 av_one_fourth  avia-builder-el-10  el_after_av_one_half  el_before_av_one_fourth  first flex_column_div column-top-margin'   ><style type=\"text\/css\" data-created_by=\"avia_inline_auto\" id=\"style-css-av-l1eyz7b3-f635d94848d3ccee9cb8bd9ffcd5c75b\">\n.avia-image-container.av-l1eyz7b3-f635d94848d3ccee9cb8bd9ffcd5c75b .av-image-caption-overlay-center{\ncolor:#ffffff;\n}\n<\/style>\n<div  class='avia-image-container av-l1eyz7b3-f635d94848d3ccee9cb8bd9ffcd5c75b av-styling- avia_animated_image avia_animate_when_almost_visible pop-up avia-align-center  avia-builder-el-11  avia-builder-el-no-sibling '  itemprop=\"image\" itemscope=\"itemscope\" itemtype=\"https:\/\/schema.org\/ImageObject\" ><div class=\"avia-image-container-inner\"><div class=\"avia-image-overlay-wrap\"><a href=\"https:\/\/radiodatacenter.net\/wp-content\/uploads\/2022\/03\/airi-app-1.jpg\" data-srcset=\"https:\/\/radiodatacenter.net\/wp-content\/uploads\/2022\/03\/airi-app-1.jpg 583w, https:\/\/radiodatacenter.net\/wp-content\/uploads\/2022\/03\/airi-app-1-262x300.jpg 262w\" data-sizes=\"(max-width: 583px) 100vw, 583px\" class='avia_image' ><img decoding=\"async\" class='wp-image-4809 avia-img-lazy-loading-not-4809 avia_image' src=\"https:\/\/radiodatacenter.net\/wp-content\/uploads\/2022\/03\/airi-app-1.jpg\" alt='' title='airi-app-1'  height=\"667\" width=\"583\"  itemprop=\"thumbnailUrl\" srcset=\"https:\/\/radiodatacenter.net\/wp-content\/uploads\/2022\/03\/airi-app-1.jpg 583w, https:\/\/radiodatacenter.net\/wp-content\/uploads\/2022\/03\/airi-app-1-262x300.jpg 262w\" sizes=\"(max-width: 583px) 100vw, 583px\" \/><\/a><\/div><\/div><\/div><\/div><\/p>\n<div class='flex_column av-5vu3pr-3e81541e3416567c55c8f62d94c9d7c1 av_one_fourth  avia-builder-el-12  el_after_av_one_fourth  el_before_av_one_fourth  flex_column_div column-top-margin'   ><style type=\"text\/css\" data-created_by=\"avia_inline_auto\" id=\"style-css-av-l1ez0mkx-58456d31fee24778920292d5767d088c\">\n.avia-image-container.av-l1ez0mkx-58456d31fee24778920292d5767d088c .av-image-caption-overlay-center{\ncolor:#ffffff;\n}\n<\/style>\n<div  class='avia-image-container av-l1ez0mkx-58456d31fee24778920292d5767d088c av-styling- avia_animated_image avia_animate_when_almost_visible pop-up avia-align-center  avia-builder-el-13  avia-builder-el-no-sibling '  itemprop=\"image\" itemscope=\"itemscope\" itemtype=\"https:\/\/schema.org\/ImageObject\" ><div class=\"avia-image-container-inner\"><div class=\"avia-image-overlay-wrap\"><a href=\"https:\/\/radiodatacenter.net\/wp-content\/uploads\/2022\/03\/airi-app-2.jpg\" data-srcset=\"https:\/\/radiodatacenter.net\/wp-content\/uploads\/2022\/03\/airi-app-2.jpg 583w, https:\/\/radiodatacenter.net\/wp-content\/uploads\/2022\/03\/airi-app-2-262x300.jpg 262w\" data-sizes=\"(max-width: 583px) 100vw, 583px\" class='avia_image' ><img decoding=\"async\" class='wp-image-4812 avia-img-lazy-loading-not-4812 avia_image' src=\"https:\/\/radiodatacenter.net\/wp-content\/uploads\/2022\/03\/airi-app-2.jpg\" alt='' title='airi-app-2'  height=\"667\" width=\"583\"  itemprop=\"thumbnailUrl\" srcset=\"https:\/\/radiodatacenter.net\/wp-content\/uploads\/2022\/03\/airi-app-2.jpg 583w, https:\/\/radiodatacenter.net\/wp-content\/uploads\/2022\/03\/airi-app-2-262x300.jpg 262w\" sizes=\"(max-width: 583px) 100vw, 583px\" \/><\/a><\/div><\/div><\/div><\/div>\n<div class='flex_column av-3mkv2n-5da421f20a7c6357e69e6a776db41d19 av_one_fourth  avia-builder-el-14  el_after_av_one_fourth  el_before_av_one_fourth  flex_column_div column-top-margin'   ><style type=\"text\/css\" data-created_by=\"avia_inline_auto\" id=\"style-css-av-l1ez123w-026b50f50cd7c960545e16ff566c7a72\">\n.avia-image-container.av-l1ez123w-026b50f50cd7c960545e16ff566c7a72 .av-image-caption-overlay-center{\ncolor:#ffffff;\n}\n<\/style>\n<div  class='avia-image-container av-l1ez123w-026b50f50cd7c960545e16ff566c7a72 av-styling- avia_animated_image avia_animate_when_almost_visible pop-up avia-align-center  avia-builder-el-15  avia-builder-el-no-sibling '  itemprop=\"image\" itemscope=\"itemscope\" itemtype=\"https:\/\/schema.org\/ImageObject\" ><div class=\"avia-image-container-inner\"><div class=\"avia-image-overlay-wrap\"><a href=\"https:\/\/radiodatacenter.net\/wp-content\/uploads\/2022\/03\/airi-app-3.jpg\" data-srcset=\"https:\/\/radiodatacenter.net\/wp-content\/uploads\/2022\/03\/airi-app-3.jpg 583w, https:\/\/radiodatacenter.net\/wp-content\/uploads\/2022\/03\/airi-app-3-262x300.jpg 262w\" data-sizes=\"(max-width: 583px) 100vw, 583px\" class='avia_image' ><img decoding=\"async\" class='wp-image-4815 avia-img-lazy-loading-not-4815 avia_image' src=\"https:\/\/radiodatacenter.net\/wp-content\/uploads\/2022\/03\/airi-app-3.jpg\" alt='' title='airi-app-3'  height=\"667\" width=\"583\"  itemprop=\"thumbnailUrl\" srcset=\"https:\/\/radiodatacenter.net\/wp-content\/uploads\/2022\/03\/airi-app-3.jpg 583w, https:\/\/radiodatacenter.net\/wp-content\/uploads\/2022\/03\/airi-app-3-262x300.jpg 262w\" sizes=\"(max-width: 583px) 100vw, 583px\" \/><\/a><\/div><\/div><\/div><\/div>\n<div class='flex_column av-bhydb-2bdb36f5ccd8824e60559660084d7764 av_one_fourth  avia-builder-el-16  el_after_av_one_fourth  avia-builder-el-last  flex_column_div column-top-margin'   ><style type=\"text\/css\" data-created_by=\"avia_inline_auto\" id=\"style-css-av-l1ez1pcu-ad213563844f35adb51a306a8faa031f\">\n.avia-image-container.av-l1ez1pcu-ad213563844f35adb51a306a8faa031f .av-image-caption-overlay-center{\ncolor:#ffffff;\n}\n<\/style>\n<div  class='avia-image-container av-l1ez1pcu-ad213563844f35adb51a306a8faa031f av-styling- avia_animated_image avia_animate_when_almost_visible pop-up avia-align-center  avia-builder-el-17  avia-builder-el-no-sibling '  itemprop=\"image\" itemscope=\"itemscope\" itemtype=\"https:\/\/schema.org\/ImageObject\" ><div class=\"avia-image-container-inner\"><div class=\"avia-image-overlay-wrap\"><a href=\"https:\/\/radiodatacenter.net\/wp-content\/uploads\/2022\/03\/airi-app-4.jpg\" data-srcset=\"https:\/\/radiodatacenter.net\/wp-content\/uploads\/2022\/03\/airi-app-4.jpg 583w, https:\/\/radiodatacenter.net\/wp-content\/uploads\/2022\/03\/airi-app-4-262x300.jpg 262w\" data-sizes=\"(max-width: 583px) 100vw, 583px\" class='avia_image' ><img decoding=\"async\" class='wp-image-4818 avia-img-lazy-loading-not-4818 avia_image' src=\"https:\/\/radiodatacenter.net\/wp-content\/uploads\/2022\/03\/airi-app-4.jpg\" alt='' title='airi-app-4'  height=\"667\" width=\"583\"  itemprop=\"thumbnailUrl\" srcset=\"https:\/\/radiodatacenter.net\/wp-content\/uploads\/2022\/03\/airi-app-4.jpg 583w, https:\/\/radiodatacenter.net\/wp-content\/uploads\/2022\/03\/airi-app-4-262x300.jpg 262w\" sizes=\"(max-width: 583px) 100vw, 583px\" \/><\/a><\/div><\/div><\/div><\/div>\n","protected":false},"excerpt":{"rendered":"","protected":false},"author":3,"featured_media":0,"parent":0,"menu_order":0,"comment_status":"closed","ping_status":"closed","template":"","meta":{"footnotes":""},"class_list":["post-4969","page","type-page","status-publish","hentry"],"yoast_head":"<!-- This site is optimized with the Yoast SEO plugin v20.10 - https:\/\/yoast.com\/wordpress\/plugins\/seo\/ -->\n<title>AIRI - a escolha certa para a r\u00e1dio infantil - Radio Data Center<\/title>\n<meta name=\"robots\" content=\"index, follow, max-snippet:-1, max-image-preview:large, max-video-preview:-1\" \/>\n<link rel=\"canonical\" href=\"https:\/\/radiodatacenter.net\/pt-pt\/airi-a-escolha-certa-para-a-radio-infantil\/\" \/>\n<meta property=\"og:locale\" content=\"pt_PT\" \/>\n<meta property=\"og:type\" content=\"article\" \/>\n<meta property=\"og:title\" content=\"AIRI - a escolha certa para a r\u00e1dio infantil - Radio Data Center\" \/>\n<meta property=\"og:url\" content=\"https:\/\/radiodatacenter.net\/pt-pt\/airi-a-escolha-certa-para-a-radio-infantil\/\" \/>\n<meta property=\"og:site_name\" content=\"Radio Data Center\" \/>\n<meta property=\"article:modified_time\" content=\"2022-04-21T18:25:38+00:00\" \/>\n<meta name=\"twitter:card\" content=\"summary_large_image\" \/>\n<meta name=\"twitter:label1\" content=\"Tempo estimado de leitura\" \/>\n\t<meta name=\"twitter:data1\" content=\"5 minutos\" \/>\n<script type=\"application\/ld+json\" class=\"yoast-schema-graph\">{\"@context\":\"https:\/\/schema.org\",\"@graph\":[{\"@type\":\"WebPage\",\"@id\":\"https:\/\/radiodatacenter.net\/pt-pt\/airi-a-escolha-certa-para-a-radio-infantil\/\",\"url\":\"https:\/\/radiodatacenter.net\/pt-pt\/airi-a-escolha-certa-para-a-radio-infantil\/\",\"name\":\"AIRI - a escolha certa para a r\u00e1dio infantil - Radio Data Center\",\"isPartOf\":{\"@id\":\"https:\/\/radiodatacenter.net\/pt-pt\/#website\"},\"datePublished\":\"2022-03-28T20:30:44+00:00\",\"dateModified\":\"2022-04-21T18:25:38+00:00\",\"breadcrumb\":{\"@id\":\"https:\/\/radiodatacenter.net\/pt-pt\/airi-a-escolha-certa-para-a-radio-infantil\/#breadcrumb\"},\"inLanguage\":\"pt-PT\",\"potentialAction\":[{\"@type\":\"ReadAction\",\"target\":[\"https:\/\/radiodatacenter.net\/pt-pt\/airi-a-escolha-certa-para-a-radio-infantil\/\"]}]},{\"@type\":\"BreadcrumbList\",\"@id\":\"https:\/\/radiodatacenter.net\/pt-pt\/airi-a-escolha-certa-para-a-radio-infantil\/#breadcrumb\",\"itemListElement\":[{\"@type\":\"ListItem\",\"position\":1,\"name\":\"Startseite\",\"item\":\"https:\/\/radiodatacenter.net\/pt-pt\/\"},{\"@type\":\"ListItem\",\"position\":2,\"name\":\"AIRI &#8211; a escolha certa para a r\u00e1dio infantil\"}]},{\"@type\":\"WebSite\",\"@id\":\"https:\/\/radiodatacenter.net\/pt-pt\/#website\",\"url\":\"https:\/\/radiodatacenter.net\/pt-pt\/\",\"name\":\"Radio Data Center\",\"description\":\"\",\"potentialAction\":[{\"@type\":\"SearchAction\",\"target\":{\"@type\":\"EntryPoint\",\"urlTemplate\":\"https:\/\/radiodatacenter.net\/pt-pt\/?s={search_term_string}\"},\"query-input\":\"required name=search_term_string\"}],\"inLanguage\":\"pt-PT\"}]}<\/script>\n<!-- \/ Yoast SEO plugin. -->","yoast_head_json":{"title":"AIRI - a escolha certa para a r\u00e1dio infantil - Radio Data Center","robots":{"index":"index","follow":"follow","max-snippet":"max-snippet:-1","max-image-preview":"max-image-preview:large","max-video-preview":"max-video-preview:-1"},"canonical":"https:\/\/radiodatacenter.net\/pt-pt\/airi-a-escolha-certa-para-a-radio-infantil\/","og_locale":"pt_PT","og_type":"article","og_title":"AIRI - a escolha certa para a r\u00e1dio infantil - Radio Data Center","og_url":"https:\/\/radiodatacenter.net\/pt-pt\/airi-a-escolha-certa-para-a-radio-infantil\/","og_site_name":"Radio Data Center","article_modified_time":"2022-04-21T18:25:38+00:00","twitter_card":"summary_large_image","twitter_misc":{"Tempo estimado de leitura":"5 minutos"},"schema":{"@context":"https:\/\/schema.org","@graph":[{"@type":"WebPage","@id":"https:\/\/radiodatacenter.net\/pt-pt\/airi-a-escolha-certa-para-a-radio-infantil\/","url":"https:\/\/radiodatacenter.net\/pt-pt\/airi-a-escolha-certa-para-a-radio-infantil\/","name":"AIRI - a escolha certa para a r\u00e1dio infantil - Radio Data Center","isPartOf":{"@id":"https:\/\/radiodatacenter.net\/pt-pt\/#website"},"datePublished":"2022-03-28T20:30:44+00:00","dateModified":"2022-04-21T18:25:38+00:00","breadcrumb":{"@id":"https:\/\/radiodatacenter.net\/pt-pt\/airi-a-escolha-certa-para-a-radio-infantil\/#breadcrumb"},"inLanguage":"pt-PT","potentialAction":[{"@type":"ReadAction","target":["https:\/\/radiodatacenter.net\/pt-pt\/airi-a-escolha-certa-para-a-radio-infantil\/"]}]},{"@type":"BreadcrumbList","@id":"https:\/\/radiodatacenter.net\/pt-pt\/airi-a-escolha-certa-para-a-radio-infantil\/#breadcrumb","itemListElement":[{"@type":"ListItem","position":1,"name":"Startseite","item":"https:\/\/radiodatacenter.net\/pt-pt\/"},{"@type":"ListItem","position":2,"name":"AIRI &#8211; a escolha certa para a r\u00e1dio infantil"}]},{"@type":"WebSite","@id":"https:\/\/radiodatacenter.net\/pt-pt\/#website","url":"https:\/\/radiodatacenter.net\/pt-pt\/","name":"Radio Data Center","description":"","potentialAction":[{"@type":"SearchAction","target":{"@type":"EntryPoint","urlTemplate":"https:\/\/radiodatacenter.net\/pt-pt\/?s={search_term_string}"},"query-input":"required name=search_term_string"}],"inLanguage":"pt-PT"}]}},"_links":{"self":[{"href":"https:\/\/radiodatacenter.net\/pt-pt\/wp-json\/wp\/v2\/pages\/4969","targetHints":{"allow":["GET"]}}],"collection":[{"href":"https:\/\/radiodatacenter.net\/pt-pt\/wp-json\/wp\/v2\/pages"}],"about":[{"href":"https:\/\/radiodatacenter.net\/pt-pt\/wp-json\/wp\/v2\/types\/page"}],"author":[{"embeddable":true,"href":"https:\/\/radiodatacenter.net\/pt-pt\/wp-json\/wp\/v2\/users\/3"}],"replies":[{"embeddable":true,"href":"https:\/\/radiodatacenter.net\/pt-pt\/wp-json\/wp\/v2\/comments?post=4969"}],"version-history":[{"count":9,"href":"https:\/\/radiodatacenter.net\/pt-pt\/wp-json\/wp\/v2\/pages\/4969\/revisions"}],"predecessor-version":[{"id":7280,"href":"https:\/\/radiodatacenter.net\/pt-pt\/wp-json\/wp\/v2\/pages\/4969\/revisions\/7280"}],"wp:attachment":[{"href":"https:\/\/radiodatacenter.net\/pt-pt\/wp-json\/wp\/v2\/media?parent=4969"}],"curies":[{"name":"wp","href":"https:\/\/api.w.org\/{rel}","templated":true}]}}