{"id":4991,"date":"2022-03-28T22:32:30","date_gmt":"2022-03-28T20:32:30","guid":{"rendered":"https:\/\/radiodatacenter.net\/v2\/sobre-nos\/"},"modified":"2023-01-13T20:49:21","modified_gmt":"2023-01-13T19:49:21","slug":"sobre-nos","status":"publish","type":"page","link":"https:\/\/radiodatacenter.net\/pt-pt\/empresa\/sobre-nos\/","title":{"rendered":"Sobre N\u00f3s"},"content":{"rendered":"<div class='flex_column av-4a1jzp-e7337bb686f2015a580fd954539df62f av_one_full  avia-builder-el-0  el_before_av_one_third  avia-builder-el-first  first flex_column_div '   ><p><br \/>\n<section  class='av_textblock_section av-l1b3wf7f-807af8b68ac938f47e983f9e8ed2d658'  itemscope=\"itemscope\" itemtype=\"https:\/\/schema.org\/CreativeWork\" ><div class='avia_textblock'  itemprop=\"text\" ><h1 style=\"text-align: center;\">Sobre N\u00f3s<\/h1>\n<\/div><\/section><br \/>\n<div  class='hr av-l1f0ajxi-644ef6638274948afcf82be1a83e786d hr-short  avia-builder-el-3  el_after_av_textblock  avia-builder-el-last  hr-center'><span class='hr-inner '><span class=\"hr-inner-style\"><\/span><\/span><\/div><\/p><\/div>\n<div class='flex_column av-l1f09bav-e845e7ee7ed8a306b84413fe821624f5 av_one_third  avia-builder-el-4  el_after_av_one_full  el_before_av_one_third  first flex_column_div  av-animated-generic fade-in column-top-margin'   ><article  class='iconbox iconbox_top av-l1f04w55-197a73fd9283b6888ccb1c394737fe0a  avia-builder-el-5  avia-builder-el-no-sibling  main_color'  itemscope=\"itemscope\" itemtype=\"https:\/\/schema.org\/CreativeWork\" ><div class=\"iconbox_content\"><header class=\"entry-content-header\"><div class=\"iconbox_icon heading-color\" aria-hidden='true' data-av_icon='\ue82a' data-av_iconfont='entypo-fontello'><\/div><h3 class='iconbox_content_title '  itemprop=\"headline\" >Miss\u00e3o<\/h3><\/header><div class='iconbox_content_container '  itemprop=\"text\" ><p>Fornecemos a todas as partes interessadas os melhores dados poss\u00edveis sobre esta\u00e7\u00f5es de r\u00e1dio. Por conseguinte, recolhemos, mantemos, actualizamos e processamos dados sobre esta\u00e7\u00f5es de r\u00e1dio de todo o mundo.<\/p>\n<\/div><\/div><footer class=\"entry-footer\"><\/footer><\/article><\/div>\n<div class='flex_column av-l1f09fdz-5fe5f0a0380840a56532b63f1d125038 av_one_third  avia-builder-el-6  el_after_av_one_third  el_before_av_one_third  flex_column_div  av-animated-generic fade-in column-top-margin'   ><article  class='iconbox iconbox_top av-l1f06h4x-a5732dcc3d016f2c007797c1a716d42c  avia-builder-el-7  avia-builder-el-no-sibling  main_color'  itemscope=\"itemscope\" itemtype=\"https:\/\/schema.org\/CreativeWork\" ><div class=\"iconbox_content\"><header class=\"entry-content-header\"><div class=\"iconbox_icon heading-color\" aria-hidden='true' data-av_icon='\ue826' data-av_iconfont='entypo-fontello'><\/div><h3 class='iconbox_content_title '  itemprop=\"headline\" >Vis\u00e3o<\/h3><\/header><div class='iconbox_content_container '  itemprop=\"text\" ><p>Somos os agrimensores e cart\u00f3grafos independentes da paisagem do r\u00e1dio e compartilhamos nossas descobertas com todos os interessados em r\u00e1dio. <span class=\"bx-messenger-content-item-content\"><span class=\"bx-messenger-content-item-text-center\"><span class=\"bx-messenger-content-item-text-message\"><span class=\"bx-messenger-content-item-text-wrap \"><span id=\"im-message-340772\" class=\"bx-messenger-message\">Desse modo, queremos fortalecer o r\u00e1dio m\u00e9dio.<\/span><\/span><\/span><\/span><\/span><\/p>\n<\/div><\/div><footer class=\"entry-footer\"><\/footer><\/article><\/div>\n<div class='flex_column av-l1f09l3q-58ee331be4654f576693d7cb54379ac2 av_one_third  avia-builder-el-8  el_after_av_one_third  el_before_av_section  avia-builder-el-last  flex_column_div  av-animated-generic fade-in column-top-margin'   ><article  class='iconbox iconbox_top av-l1f08v0u-a20a73b19717e22ac1a8f7976615e704  avia-builder-el-9  avia-builder-el-no-sibling  main_color'  itemscope=\"itemscope\" itemtype=\"https:\/\/schema.org\/CreativeWork\" ><div class=\"iconbox_content\"><header class=\"entry-content-header\"><div class=\"iconbox_icon heading-color\" aria-hidden='true' data-av_icon='\ue80b' data-av_iconfont='entypo-fontello'><\/div><h3 class='iconbox_content_title '  itemprop=\"headline\" >Valores<\/h3><\/header><div class='iconbox_content_container '  itemprop=\"text\" ><p>Trabalhamos de forma justa e respeitosa com pessoas e empresas em harmonia com a natureza e o meio ambiente. Os nossos empregados tem um m\u00e1ximo de flexibilidade atrav\u00e9s do trabalho \u00e0 dist\u00e2ncia.<\/p>\n<\/div><\/div><footer class=\"entry-footer\"><\/footer><\/article><\/div>\n<\/div><\/div><\/div><!-- close content main div --><\/div><\/div>\n<style type=\"text\/css\" data-created_by=\"avia_inline_auto\" id=\"style-css-av-jp4u65-f5d4a03d6a2e6167ecea293fbcd38ec7\">\n.avia-section.av-jp4u65-f5d4a03d6a2e6167ecea293fbcd38ec7{\nbackground-color:#f5f5f5;\n}\n<\/style>\n<div id='av_section_1'  class='avia-section av-jp4u65-f5d4a03d6a2e6167ecea293fbcd38ec7 main_color avia-section-default avia-no-border-styling  avia-builder-el-10  el_after_av_one_third  el_before_av_textblock  avia-bg-style-scroll container_wrap sidebar_right'  ><div class='container av-section-cont-open' ><div class='template-page content  av-content-small alpha units'><div class='post-entry post-entry-type-page post-entry-4991'><div class='entry-content-wrapper clearfix'>\n<div class='flex_column av-hei34d-59a242c9f045dd54d77c902acb60ab0f av_one_full  avia-builder-el-11  el_before_av_one_third  avia-builder-el-first  first flex_column_div '   ><section  class='av_textblock_section av-l1f0d4uz-56f9a51315bebd82245e0a1abbd17936'  itemscope=\"itemscope\" itemtype=\"https:\/\/schema.org\/CreativeWork\" ><div class='avia_textblock'  itemprop=\"text\" ><h2 style=\"text-align: left;\">Os fundadores<\/h2>\n<\/div><\/section><\/div><div class='flex_column av-g1fjfx-3c6cc1eb679c9360abe2543b4a583c75 av_one_third  avia-builder-el-13  el_after_av_one_full  el_before_av_one_third  first flex_column_div column-top-margin'   ><p>\n<style type=\"text\/css\" data-created_by=\"avia_inline_auto\" id=\"style-css-av-l1f0g0ra-aadbd681b6093e507480a57c6342b30e\">\n.avia-image-container.av-l1f0g0ra-aadbd681b6093e507480a57c6342b30e .av-image-caption-overlay-center{\ncolor:#ffffff;\n}\n<\/style>\n<div  class='avia-image-container av-l1f0g0ra-aadbd681b6093e507480a57c6342b30e av-styling- av-hover-grow av-hide-overflow avia-align-center  avia-builder-el-14  el_before_av_textblock  avia-builder-el-first '  itemprop=\"image\" itemscope=\"itemscope\" itemtype=\"https:\/\/schema.org\/ImageObject\" ><div class=\"avia-image-container-inner\"><div class=\"avia-image-overlay-wrap\"><img decoding=\"async\" class='wp-image-7952 avia-img-lazy-loading-not-7952 avia_image' src=\"https:\/\/radiodatacenter.net\/wp-content\/uploads\/2023\/01\/lorenz_web.jpg\" alt='G\u00fcnter Lorenz' title='lorenz_web'  height=\"719\" width=\"500\"  itemprop=\"thumbnailUrl\" srcset=\"https:\/\/radiodatacenter.net\/wp-content\/uploads\/2023\/01\/lorenz_web.jpg 500w, https:\/\/radiodatacenter.net\/wp-content\/uploads\/2023\/01\/lorenz_web-209x300.jpg 209w, https:\/\/radiodatacenter.net\/wp-content\/uploads\/2023\/01\/lorenz_web-490x705.jpg 490w\" sizes=\"(max-width: 500px) 100vw, 500px\" \/><\/div><\/div><\/div><br \/>\n<section  class='av_textblock_section av-l1f0e3zp-01de4163141256b303412a7c6bf37658'  itemscope=\"itemscope\" itemtype=\"https:\/\/schema.org\/CreativeWork\" ><div class='avia_textblock'  itemprop=\"text\" ><h3 style=\"margin-top:15px;\">G\u00fcnter Lorenz<\/h3>\n<p>Nascido em 1961, \u00e9 um especialista em banco de dados e trabalha com software e r\u00e1dio desde sua juventude. J\u00e1 em 1986, ele fundou o banco de dados da esta\u00e7\u00e3o FMLIST. Suas outras principais \u00e1reas de especializa\u00e7\u00e3o s\u00e3o FM, RDS, DAB, propaga\u00e7\u00e3o de ondas e tecnologia de recep\u00e7\u00e3o.<\/p>\n<\/div><\/section><\/p><\/div><div class='flex_column av-ejh8lp-eb1e2ab78f9347261f62b01af4468e31 av_one_third  avia-builder-el-16  el_after_av_one_third  el_before_av_one_third  flex_column_div column-top-margin'   ><p>\n<style type=\"text\/css\" data-created_by=\"avia_inline_auto\" id=\"style-css-av-16our1-367fc0a67e5b7829f0a3d583dca9be71\">\n.avia-image-container.av-16our1-367fc0a67e5b7829f0a3d583dca9be71 .av-image-caption-overlay-center{\ncolor:#ffffff;\n}\n<\/style>\n<div  class='avia-image-container av-16our1-367fc0a67e5b7829f0a3d583dca9be71 av-styling- av-hover-grow av-hide-overflow avia-align-center  avia-builder-el-17  el_before_av_textblock  avia-builder-el-first '  itemprop=\"image\" itemscope=\"itemscope\" itemtype=\"https:\/\/schema.org\/ImageObject\" ><div class=\"avia-image-container-inner\"><div class=\"avia-image-overlay-wrap\"><img decoding=\"async\" class='wp-image-7962 avia-img-lazy-loading-not-7962 avia_image' src=\"https:\/\/radiodatacenter.net\/wp-content\/uploads\/2023\/01\/oliver_web.jpg\" alt='Oliver Schmidt' title='oliver_web'  height=\"719\" width=\"500\"  itemprop=\"thumbnailUrl\" srcset=\"https:\/\/radiodatacenter.net\/wp-content\/uploads\/2023\/01\/oliver_web.jpg 500w, https:\/\/radiodatacenter.net\/wp-content\/uploads\/2023\/01\/oliver_web-209x300.jpg 209w, https:\/\/radiodatacenter.net\/wp-content\/uploads\/2023\/01\/oliver_web-490x705.jpg 490w\" sizes=\"(max-width: 500px) 100vw, 500px\" \/><\/div><\/div><\/div><br \/>\n<section  class='av_textblock_section av-l1f0hgyx-0b71545b58b26d05e6d92604be0e0ddb'  itemscope=\"itemscope\" itemtype=\"https:\/\/schema.org\/CreativeWork\" ><div class='avia_textblock'  itemprop=\"text\" ><h3 style=\"margin-top: 15px;\">Oliver Schmidt<\/h3>\n<p>Nascido em 1984, \u00e9 um ge\u00f3grafo formado. Ele estudou Geografia F\u00edsica Aplicada na Universidade de Trier e tem amplo conhecimento nas sub-disciplinas de sensoriamento remoto e meteorologia. Seu foco principal \u00e9 o DAB, propaga\u00e7\u00e3o de ondas, simula\u00e7\u00e3o e visualiza\u00e7\u00e3o baseadas em SIG.<\/p>\n<\/div><\/section><\/p><\/div><div class='flex_column av-a3a4v1-f8b66b7600ba4b44109ad93657b06314 av_one_third  avia-builder-el-19  el_after_av_one_third  avia-builder-el-last  flex_column_div column-top-margin'   ><p>\n<style type=\"text\/css\" data-created_by=\"avia_inline_auto\" id=\"style-css-av-8jlw31-42c8b3c52a3e27a5404a22b1c79f5bf4\">\n.avia-image-container.av-8jlw31-42c8b3c52a3e27a5404a22b1c79f5bf4 .av-image-caption-overlay-center{\ncolor:#ffffff;\n}\n<\/style>\n<div  class='avia-image-container av-8jlw31-42c8b3c52a3e27a5404a22b1c79f5bf4 av-styling- av-hover-grow av-hide-overflow avia-align-center  avia-builder-el-20  el_before_av_textblock  avia-builder-el-first '  itemprop=\"image\" itemscope=\"itemscope\" itemtype=\"https:\/\/schema.org\/ImageObject\" ><div class=\"avia-image-container-inner\"><div class=\"avia-image-overlay-wrap\"><img decoding=\"async\" class='wp-image-7941 avia-img-lazy-loading-not-7941 avia_image' src=\"https:\/\/radiodatacenter.net\/wp-content\/uploads\/2023\/01\/fabrizio_web.jpg\" alt='Fabrizio Carnevalini' title='fabrizio_web'  height=\"719\" width=\"500\"  itemprop=\"thumbnailUrl\" srcset=\"https:\/\/radiodatacenter.net\/wp-content\/uploads\/2023\/01\/fabrizio_web.jpg 500w, https:\/\/radiodatacenter.net\/wp-content\/uploads\/2023\/01\/fabrizio_web-209x300.jpg 209w, https:\/\/radiodatacenter.net\/wp-content\/uploads\/2023\/01\/fabrizio_web-490x705.jpg 490w\" sizes=\"(max-width: 500px) 100vw, 500px\" \/><\/div><\/div><\/div><br \/>\n<section  class='av_textblock_section av-l1f0hymq-30584cdbf37bb8ea97c2c87c34095fbd'  itemscope=\"itemscope\" itemtype=\"https:\/\/schema.org\/CreativeWork\" ><div class='avia_textblock'  itemprop=\"text\" ><h3 style=\"margin-top: 15px;\">Fabrizio Carnevalini<\/h3>\n<p>Nascido em 1958, \u00e9 um jornalista profissional. Tem 20 anos de experi\u00eancia na redac\u00e7\u00e3o de revistas de r\u00e1dio e televis\u00e3o e na revista alVolante, a revista autom\u00f3vel italiana mais vendida. Escreve textos para o Blog do RadioReporter com not\u00edcias de r\u00e1dio de relev\u00e2ncia internacional e \u00e9 um \u00e1vido ouvinte de r\u00e1dio.<\/p>\n<\/div><\/section><\/p><\/div><\/div><\/div><\/div><!-- close content main div --><\/div><\/div><div id='after_section_1'  class='main_color av_default_container_wrap container_wrap sidebar_right'  ><div class='container av-section-cont-open' ><div class='template-page content  av-content-small alpha units'><div class='post-entry post-entry-type-page post-entry-4991'><div class='entry-content-wrapper clearfix'><section  class='av_textblock_section av-85fzlp-64a26f0aa947e864e34b7df1db918fd2'  itemscope=\"itemscope\" itemtype=\"https:\/\/schema.org\/CreativeWork\" ><div class='avia_textblock'  itemprop=\"text\" ><h2>A nossa equipa<\/h2>\n<p style=\"margin-top:35px;\"><strong>\n<style type=\"text\/css\" data-created_by=\"avia_inline_auto\" id=\"style-css-av-5sfxkd-184718110cce1dcd8a96de304d42bac6\">\n.av_font_icon.av-5sfxkd-184718110cce1dcd8a96de304d42bac6 .av-icon-char{\nfont-size:16px;\nline-height:16px;\n}\n<\/style>\n<span  class='av_font_icon av-5sfxkd-184718110cce1dcd8a96de304d42bac6 avia_animate_when_visible av-icon-style- avia-icon-pos-left av-no-color avia-icon-animate'><span class='av-icon-char' aria-hidden='true' data-av_icon='\ue8ab' data-av_iconfont='entypo-fontello' ><\/span><\/span>Qualifica\u00e7\u00f5es<\/strong><br \/>\nEscritores t\u00e9cnicos, telefonistas, designers gr\u00e1ficos, especialistas em tecnologia de r\u00e1dio e propaga\u00e7\u00e3o de ondas, advogados, cientistas de dados, gerentes de qualidade, ge\u00f3grafos e cientistas da computa\u00e7\u00e3o, estas s\u00e3o apenas algumas das qualifica\u00e7\u00f5es dos membros de nossa equipe.<\/p>\n<p class=\"elementor-icon-box-title\"><strong>\n<style type=\"text\/css\" data-created_by=\"avia_inline_auto\" id=\"style-css-av-3oxiwt-aea842890c31ef9e5630ec77d55c8974\">\n.av_font_icon.av-3oxiwt-aea842890c31ef9e5630ec77d55c8974 .av-icon-char{\nfont-size:16px;\nline-height:16px;\n}\n<\/style>\n<span  class='av_font_icon av-3oxiwt-aea842890c31ef9e5630ec77d55c8974 avia_animate_when_visible av-icon-style- avia-icon-pos-left av-no-color avia-icon-animate'><span class='av-icon-char' aria-hidden='true' data-av_icon='\ue85e' data-av_iconfont='entypo-fontello' ><\/span><\/span>Interesses<\/strong><\/p>\n<p class=\"elementor-icon-box-description\">Nossa equipe \u00e9 composta por diversas pessoas de todo o mundo. O que nos une \u00e9 nosso interesse no r\u00e1dio. O que nos une \u00e9 nosso interesse no r\u00e1dio. Muitas pessoas descobrem sua r\u00e1dio favorita, um novo g\u00eanero musical ou o fasc\u00ednio por outras culturas no Radio Data Center.<\/p>\n<p class=\"elementor-icon-box-title\"><strong>\n<style type=\"text\/css\" data-created_by=\"avia_inline_auto\" id=\"style-css-av-2jcm0t-bb07ec9b3f0b5e31a123d0c98748054f\">\n.av_font_icon.av-2jcm0t-bb07ec9b3f0b5e31a123d0c98748054f .av-icon-char{\nfont-size:16px;\nline-height:16px;\n}\n<\/style>\n<span  class='av_font_icon av-2jcm0t-bb07ec9b3f0b5e31a123d0c98748054f avia_animate_when_visible av-icon-style- avia-icon-pos-left av-no-color avia-icon-animate'><span class='av-icon-char' aria-hidden='true' data-av_icon='\ue83c' data-av_iconfont='entypo-fontello' ><\/span><\/span>Habilidades Interpessoais<\/strong><\/p>\n<p class=\"elementor-icon-box-description\">Muitos de nossos funcion\u00e1rios s\u00e3o multil\u00edngues, m\u00fasicos e artistas visuais talentosos, pais pacientes e excelentes cozinheiros. Cada um traz culturas e valores diferentes para a empresa e abre nossos olhos e ouvidos a todos eles.<\/p>\n<\/div><\/section><\/p>\n\n<style type=\"text\/css\" data-created_by=\"avia_inline_auto\" id=\"style-css-av-l1f158ku-d866f41fec3d6375d9972cf6f69be404\">\n#top .hr.hr-invisible.av-l1f158ku-d866f41fec3d6375d9972cf6f69be404{\nheight:100px;\n}\n<\/style>\n<div  class='hr av-l1f158ku-d866f41fec3d6375d9972cf6f69be404 hr-invisible  avia-builder-el-26  el_after_av_textblock  el_before_av_textblock '><span class='hr-inner '><span class=\"hr-inner-style\"><\/span><\/span><\/div>\n<section  class='av_textblock_section av-l1f0jopz-dc7cb6233549b3109ebc0b422a80d4a5'  itemscope=\"itemscope\" itemtype=\"https:\/\/schema.org\/CreativeWork\" ><div class='avia_textblock'  itemprop=\"text\" ><h2 style=\"text-align: center;\">Nossa hist\u00f3ria<\/h2>\n<\/div><\/section>\n\n<style type=\"text\/css\" data-created_by=\"avia_inline_auto\" id=\"style-css-av-l1f0y67g-a8ec113d3de05c72d31ce4aa3cd7ea22\">\n.avia-timeline-container.av-l1f0y67g-a8ec113d3de05c72d31ce4aa3cd7ea22 .av-milestone-date{\nfont-size:16px;\n}\n.avia-timeline-container.av-l1f0y67g-a8ec113d3de05c72d31ce4aa3cd7ea22 .av-milestone-title{\nfont-size:16px;\n}\n.avia-timeline-container.av-l1f0y67g-a8ec113d3de05c72d31ce4aa3cd7ea22 .av-milestone-content{\nfont-size:16px;\n}\n<\/style>\n<div  id=\"avia-timeline-1\"  class='avia-timeline-container av-l1f0y67g-a8ec113d3de05c72d31ce4aa3cd7ea22  avia-builder-el-28  el_after_av_textblock  avia-builder-el-last ' ><ul class='avia-timeline avia-timeline-vertical av-milestone-placement-alternate avia-timeline- avia_animate_when_almost_visible avia-timeline-animate'>\n<li  class='av-milestone av-l1f11wyq-54a76640d101a9143eec8838d888a2fe av-animated-generic fade-in av-milestone-valign-baseline av-milestone-odd'><h2 class='av-milestone-date ' id='milestone-1986'><strong>1986<span class='av-milestone-indicator'><\/span><\/strong><\/h2><div class=\"av-milestone-icon-wrap\"><span class='av-milestone-icon milestone_icon avia-font-entypo-fontello'><span class='av-milestone-icon-inner milestone_inner'><i class='milestone-char' aria-hidden='true' data-av_icon='\ue85e' data-av_iconfont='entypo-fontello'><\/i><\/span><\/span><\/div><article class='av-milestone-content-wrap'><div class='av-milestone-contentbox'><div class='av-milestone-content'><p>Desde 1986, coletamos dados de esta\u00e7\u00f5es de r\u00e1dio e os colocamos \u00e0 disposi\u00e7\u00e3o de uma <strong>comunidade<\/strong>cada vez maior atrav\u00e9s de v\u00e1rios websites. Somos movidos pelo <strong>fasc\u00ednio<\/strong>pela tecnologia, pela propaga\u00e7\u00e3o de ondas e pela enorme variedade de conte\u00fados. Acreditamos no poder e na import\u00e2ncia da <strong>r\u00e1dio como meio<\/strong> que nos liga a outras pessoas.<\/p>\n<\/div><\/div><footer class='av-milestone-article-footer entry-footer'><\/footer><\/article><\/li>\n<li  class='av-milestone av-l1f12vdb-14ef56b2839deddaac341b4d8217c29a av-animated-generic fade-in av-milestone-valign-baseline av-milestone-even'><h2 class='av-milestone-date ' id='milestone-2012'><strong>2012<span class='av-milestone-indicator'><\/span><\/strong><\/h2><article class='av-milestone-content-wrap'><div class='av-milestone-contentbox'><div class='av-milestone-content'><p>Em 2012, fundamos o Radio Data Center para apoiar usu\u00e1rios profissionais e projetos comerciais ao <strong>mais alto n\u00edvel<\/strong>. Atrav\u00e9s de nosso trabalho, documentamos as tend\u00eancias atuais do r\u00e1dio no mundo todo. Com o nosso trabalho documentamos a \u201cpegada\u201d actual da r\u00e1dio a n\u00edvel mundial, e permitimos o desenvolvimento de <strong>produtos<\/strong> e <strong>solu\u00e7\u00f5es inovadoras<\/strong> para a recep\u00e7\u00e3o de r\u00e1dio.<\/p>\n<\/div><\/div><footer class='av-milestone-article-footer entry-footer'><\/footer><\/article><div class=\"av-milestone-icon-wrap\"><span class='av-milestone-icon milestone_icon avia-font-entypo-fontello'><span class='av-milestone-icon-inner milestone_inner'><i class='milestone-char' aria-hidden='true' data-av_icon='\ue80b' data-av_iconfont='entypo-fontello'><\/i><\/span><\/span><\/div><h2 class='av-milestone-date ' id='milestone-2012'><strong>2012<span class='av-milestone-indicator'><\/span><\/strong><\/h2><\/li>\n<\/ul><\/div>\n","protected":false},"excerpt":{"rendered":"","protected":false},"author":3,"featured_media":0,"parent":5067,"menu_order":0,"comment_status":"closed","ping_status":"closed","template":"","meta":{"footnotes":""},"class_list":["post-4991","page","type-page","status-publish","hentry"],"yoast_head":"<!-- This site is optimized with the Yoast SEO plugin v20.10 - https:\/\/yoast.com\/wordpress\/plugins\/seo\/ -->\n<title>Sobre N\u00f3s - Radio Data Center<\/title>\n<meta name=\"robots\" content=\"index, follow, max-snippet:-1, max-image-preview:large, max-video-preview:-1\" \/>\n<link rel=\"canonical\" href=\"https:\/\/radiodatacenter.net\/pt-pt\/empresa\/sobre-nos\/\" \/>\n<meta property=\"og:locale\" content=\"pt_PT\" \/>\n<meta property=\"og:type\" content=\"article\" \/>\n<meta property=\"og:title\" content=\"Sobre N\u00f3s - Radio Data Center\" \/>\n<meta property=\"og:url\" content=\"https:\/\/radiodatacenter.net\/pt-pt\/empresa\/sobre-nos\/\" \/>\n<meta property=\"og:site_name\" content=\"Radio Data Center\" \/>\n<meta property=\"article:modified_time\" content=\"2023-01-13T19:49:21+00:00\" \/>\n<meta name=\"twitter:card\" content=\"summary_large_image\" \/>\n<meta name=\"twitter:label1\" content=\"Tempo estimado de leitura\" \/>\n\t<meta name=\"twitter:data1\" content=\"9 minutos\" \/>\n<script type=\"application\/ld+json\" class=\"yoast-schema-graph\">{\"@context\":\"https:\/\/schema.org\",\"@graph\":[{\"@type\":\"WebPage\",\"@id\":\"https:\/\/radiodatacenter.net\/pt-pt\/empresa\/sobre-nos\/\",\"url\":\"https:\/\/radiodatacenter.net\/pt-pt\/empresa\/sobre-nos\/\",\"name\":\"Sobre N\u00f3s - Radio Data Center\",\"isPartOf\":{\"@id\":\"https:\/\/radiodatacenter.net\/pt-pt\/#website\"},\"datePublished\":\"2022-03-28T20:32:30+00:00\",\"dateModified\":\"2023-01-13T19:49:21+00:00\",\"breadcrumb\":{\"@id\":\"https:\/\/radiodatacenter.net\/pt-pt\/empresa\/sobre-nos\/#breadcrumb\"},\"inLanguage\":\"pt-PT\",\"potentialAction\":[{\"@type\":\"ReadAction\",\"target\":[\"https:\/\/radiodatacenter.net\/pt-pt\/empresa\/sobre-nos\/\"]}]},{\"@type\":\"BreadcrumbList\",\"@id\":\"https:\/\/radiodatacenter.net\/pt-pt\/empresa\/sobre-nos\/#breadcrumb\",\"itemListElement\":[{\"@type\":\"ListItem\",\"position\":1,\"name\":\"Startseite\",\"item\":\"https:\/\/radiodatacenter.net\/pt-pt\/\"},{\"@type\":\"ListItem\",\"position\":2,\"name\":\"Empresa\",\"item\":\"https:\/\/radiodatacenter.net\/pt-pt\/empresa\/\"},{\"@type\":\"ListItem\",\"position\":3,\"name\":\"Sobre N\u00f3s\"}]},{\"@type\":\"WebSite\",\"@id\":\"https:\/\/radiodatacenter.net\/pt-pt\/#website\",\"url\":\"https:\/\/radiodatacenter.net\/pt-pt\/\",\"name\":\"Radio Data Center\",\"description\":\"\",\"potentialAction\":[{\"@type\":\"SearchAction\",\"target\":{\"@type\":\"EntryPoint\",\"urlTemplate\":\"https:\/\/radiodatacenter.net\/pt-pt\/?s={search_term_string}\"},\"query-input\":\"required name=search_term_string\"}],\"inLanguage\":\"pt-PT\"}]}<\/script>\n<!-- \/ Yoast SEO plugin. -->","yoast_head_json":{"title":"Sobre N\u00f3s - Radio Data Center","robots":{"index":"index","follow":"follow","max-snippet":"max-snippet:-1","max-image-preview":"max-image-preview:large","max-video-preview":"max-video-preview:-1"},"canonical":"https:\/\/radiodatacenter.net\/pt-pt\/empresa\/sobre-nos\/","og_locale":"pt_PT","og_type":"article","og_title":"Sobre N\u00f3s - Radio Data Center","og_url":"https:\/\/radiodatacenter.net\/pt-pt\/empresa\/sobre-nos\/","og_site_name":"Radio Data Center","article_modified_time":"2023-01-13T19:49:21+00:00","twitter_card":"summary_large_image","twitter_misc":{"Tempo estimado de leitura":"9 minutos"},"schema":{"@context":"https:\/\/schema.org","@graph":[{"@type":"WebPage","@id":"https:\/\/radiodatacenter.net\/pt-pt\/empresa\/sobre-nos\/","url":"https:\/\/radiodatacenter.net\/pt-pt\/empresa\/sobre-nos\/","name":"Sobre N\u00f3s - Radio Data Center","isPartOf":{"@id":"https:\/\/radiodatacenter.net\/pt-pt\/#website"},"datePublished":"2022-03-28T20:32:30+00:00","dateModified":"2023-01-13T19:49:21+00:00","breadcrumb":{"@id":"https:\/\/radiodatacenter.net\/pt-pt\/empresa\/sobre-nos\/#breadcrumb"},"inLanguage":"pt-PT","potentialAction":[{"@type":"ReadAction","target":["https:\/\/radiodatacenter.net\/pt-pt\/empresa\/sobre-nos\/"]}]},{"@type":"BreadcrumbList","@id":"https:\/\/radiodatacenter.net\/pt-pt\/empresa\/sobre-nos\/#breadcrumb","itemListElement":[{"@type":"ListItem","position":1,"name":"Startseite","item":"https:\/\/radiodatacenter.net\/pt-pt\/"},{"@type":"ListItem","position":2,"name":"Empresa","item":"https:\/\/radiodatacenter.net\/pt-pt\/empresa\/"},{"@type":"ListItem","position":3,"name":"Sobre N\u00f3s"}]},{"@type":"WebSite","@id":"https:\/\/radiodatacenter.net\/pt-pt\/#website","url":"https:\/\/radiodatacenter.net\/pt-pt\/","name":"Radio Data Center","description":"","potentialAction":[{"@type":"SearchAction","target":{"@type":"EntryPoint","urlTemplate":"https:\/\/radiodatacenter.net\/pt-pt\/?s={search_term_string}"},"query-input":"required name=search_term_string"}],"inLanguage":"pt-PT"}]}},"_links":{"self":[{"href":"https:\/\/radiodatacenter.net\/pt-pt\/wp-json\/wp\/v2\/pages\/4991","targetHints":{"allow":["GET"]}}],"collection":[{"href":"https:\/\/radiodatacenter.net\/pt-pt\/wp-json\/wp\/v2\/pages"}],"about":[{"href":"https:\/\/radiodatacenter.net\/pt-pt\/wp-json\/wp\/v2\/types\/page"}],"author":[{"embeddable":true,"href":"https:\/\/radiodatacenter.net\/pt-pt\/wp-json\/wp\/v2\/users\/3"}],"replies":[{"embeddable":true,"href":"https:\/\/radiodatacenter.net\/pt-pt\/wp-json\/wp\/v2\/comments?post=4991"}],"version-history":[{"count":11,"href":"https:\/\/radiodatacenter.net\/pt-pt\/wp-json\/wp\/v2\/pages\/4991\/revisions"}],"predecessor-version":[{"id":7991,"href":"https:\/\/radiodatacenter.net\/pt-pt\/wp-json\/wp\/v2\/pages\/4991\/revisions\/7991"}],"up":[{"embeddable":true,"href":"https:\/\/radiodatacenter.net\/pt-pt\/wp-json\/wp\/v2\/pages\/5067"}],"wp:attachment":[{"href":"https:\/\/radiodatacenter.net\/pt-pt\/wp-json\/wp\/v2\/media?parent=4991"}],"curies":[{"name":"wp","href":"https:\/\/api.w.org\/{rel}","templated":true}]}}