{"id":5001,"date":"2022-03-28T22:32:55","date_gmt":"2022-03-28T20:32:55","guid":{"rendered":"https:\/\/radiodatacenter.net\/v2\/clientes\/"},"modified":"2022-04-27T16:42:15","modified_gmt":"2022-04-27T14:42:15","slug":"clientes","status":"publish","type":"page","link":"https:\/\/radiodatacenter.net\/pt-pt\/empresa\/clientes\/","title":{"rendered":"Clientes"},"content":{"rendered":"<div class='flex_column av-4a1jzp-e7337bb686f2015a580fd954539df62f av_one_full  avia-builder-el-0  el_before_av_hr  avia-builder-el-first  first flex_column_div '   ><p><br \/>\n<section  class='av_textblock_section av-l1b3wf7f-807af8b68ac938f47e983f9e8ed2d658'  itemscope=\"itemscope\" itemtype=\"https:\/\/schema.org\/CreativeWork\" ><div class='avia_textblock'  itemprop=\"text\" ><h1 style=\"text-align: center;\">Ind\u00fastrias<\/h1>\n<\/div><\/section><\/p><\/div><div  class='hr av-l1b4o2qc-fe9fefd131802da8360ddbbcb9d090b8 hr-short  avia-builder-el-3  el_after_av_one_full  el_before_av_one_full  hr-center'><span class='hr-inner '><span class=\"hr-inner-style\"><\/span><\/span><\/div><\/p>\n<div class='flex_column av-33xkdh-66531d04b88cdcea5cf21e7e0e7ded47 av_one_full  avia-builder-el-4  el_after_av_hr  el_before_av_one_fourth  first flex_column_div '   ><section  class='av_textblock_section av-l1b3dket-4f55c6676970cb3b408c752c9ee63f94'  itemscope=\"itemscope\" itemtype=\"https:\/\/schema.org\/CreativeWork\" ><div class='avia_textblock'  itemprop=\"text\" ><h4 style=\"text-align: center;\">Mantemos rela\u00e7\u00f5es de sucesso com nossos clientes e parceiros dos seguintes setores h\u00e1 anos:<\/h4>\n<\/div><\/section><\/div><div class='flex_column av-l1l6thls-c822e446bacd961352f039c3b76837e7 av_one_fourth  avia-builder-el-6  el_after_av_one_full  el_before_av_one_fourth  first flex_column_div  av-animated-generic fade-in column-top-margin'   ><article  class='iconbox iconbox_top av-l1l6t7eh-d63781d8cea84746e99997581fe140d1  avia-builder-el-7  avia-builder-el-no-sibling  main_color'  itemscope=\"itemscope\" itemtype=\"https:\/\/schema.org\/CreativeWork\" ><div class=\"iconbox_content\"><header class=\"entry-content-header\"><div class=\"iconbox_icon heading-color\" aria-hidden='true' data-av_icon='\ue8d7' data-av_iconfont='entypo-fontello'><\/div><h3 class='iconbox_content_title '  itemprop=\"headline\" >Automotivo<\/h3><\/header><div class='iconbox_content_container '  itemprop=\"text\" ><\/div><\/div><footer class=\"entry-footer\"><\/footer><\/article><\/div><div class='flex_column av-cdl3j0-b630c138d8082a11526fbe9fd7b27e17 av_one_fourth  avia-builder-el-8  el_after_av_one_fourth  el_before_av_one_fourth  flex_column_div  av-animated-generic fade-in column-top-margin'   ><article  class='iconbox iconbox_top av-l1l6txw2-8c348c10c28e14e26386324e42fd2d87  avia-builder-el-9  avia-builder-el-no-sibling  main_color'  itemscope=\"itemscope\" itemtype=\"https:\/\/schema.org\/CreativeWork\" ><div class=\"iconbox_content\"><header class=\"entry-content-header\"><div class=\"iconbox_icon heading-color\" aria-hidden='true' data-av_icon='\ue8ab' data-av_iconfont='entypo-fontello'><\/div><h3 class='iconbox_content_title '  itemprop=\"headline\" >Infotainment<\/h3><\/header><div class='iconbox_content_container '  itemprop=\"text\" ><\/div><\/div><footer class=\"entry-footer\"><\/footer><\/article><\/div><div class='flex_column av-1541zw-d45b4e87e62ed750f5590d02e3d2d71b av_one_fourth  avia-builder-el-10  el_after_av_one_fourth  el_before_av_one_fourth  flex_column_div  av-animated-generic fade-in column-top-margin'   ><article  class='iconbox iconbox_top av-l1l6u3j4-888056a95ce6aadc60fec58446e71a11  avia-builder-el-11  avia-builder-el-no-sibling  main_color'  itemscope=\"itemscope\" itemtype=\"https:\/\/schema.org\/CreativeWork\" ><div class=\"iconbox_content\"><header class=\"entry-content-header\"><div class=\"iconbox_icon heading-color\" aria-hidden='true' data-av_icon='\ue8c9' data-av_iconfont='entypo-fontello'><\/div><h3 class='iconbox_content_title '  itemprop=\"headline\" >Universidades<\/h3><\/header><div class='iconbox_content_container '  itemprop=\"text\" ><\/div><\/div><footer class=\"entry-footer\"><\/footer><\/article><\/div><div class='flex_column av-8g0nb0-3aed2ef1d9284c5e5d49ad413e075910 av_one_fourth  avia-builder-el-12  el_after_av_one_fourth  el_before_av_one_fourth  flex_column_div  av-animated-generic fade-in column-top-margin'   ><article  class='iconbox iconbox_top av-l1l6u9pb-d1e2af273b3208332ebe1259563602d5  avia-builder-el-13  avia-builder-el-no-sibling  main_color'  itemscope=\"itemscope\" itemtype=\"https:\/\/schema.org\/CreativeWork\" ><div class=\"iconbox_content\"><header class=\"entry-content-header\"><div class=\"iconbox_icon heading-color\" aria-hidden='true' data-av_icon='\ue851' data-av_iconfont='entypo-fontello'><\/div><h3 class='iconbox_content_title '  itemprop=\"headline\" >Institui\u00e7\u00f5es<\/h3><\/header><div class='iconbox_content_container '  itemprop=\"text\" ><\/div><\/div><footer class=\"entry-footer\"><\/footer><\/article><\/div><div class='flex_column av-85b9uk-2b784394608112efb8829400dbf41575 av_one_fourth  avia-builder-el-14  el_after_av_one_fourth  el_before_av_one_fourth  first flex_column_div  av-animated-generic fade-in column-top-margin'   ><article  class='iconbox iconbox_top av-l1l6uox5-6be24441859376760b9dadff1beafd5c  avia-builder-el-15  avia-builder-el-no-sibling  main_color'  itemscope=\"itemscope\" itemtype=\"https:\/\/schema.org\/CreativeWork\" ><div class=\"iconbox_content\"><header class=\"entry-content-header\"><div class=\"iconbox_icon heading-color\" aria-hidden='true' data-av_icon='\ue85e' data-av_iconfont='entypo-fontello'><\/div><h3 class='iconbox_content_title '  itemprop=\"headline\" >Esta\u00e7\u00e3o de r\u00e1dio<\/h3><\/header><div class='iconbox_content_container '  itemprop=\"text\" ><\/div><\/div><footer class=\"entry-footer\"><\/footer><\/article><\/div><div class='flex_column av-62530c-cf252872afbcef6ee98fae589241e3ec av_one_fourth  avia-builder-el-16  el_after_av_one_fourth  el_before_av_one_fourth  flex_column_div  av-animated-generic fade-in column-top-margin'   ><article  class='iconbox iconbox_top av-l1l6uuhq-6a7b9df8ce014dafb67641ba860cf342  avia-builder-el-17  avia-builder-el-no-sibling  main_color'  itemscope=\"itemscope\" itemtype=\"https:\/\/schema.org\/CreativeWork\" ><div class=\"iconbox_content\"><header class=\"entry-content-header\"><div class=\"iconbox_icon heading-color\" aria-hidden='true' data-av_icon='\ue801' data-av_iconfont='entypo-fontello'><\/div><h3 class='iconbox_content_title '  itemprop=\"headline\" >Ouvintes de r\u00e1dio<\/h3><\/header><div class='iconbox_content_container '  itemprop=\"text\" ><\/div><\/div><footer class=\"entry-footer\"><\/footer><\/article><\/div><div class='flex_column av-3ywyq4-5051adf7c7ad6b9fb1e4125211817ac5 av_one_fourth  avia-builder-el-18  el_after_av_one_fourth  el_before_av_one_fourth  flex_column_div  av-animated-generic fade-in column-top-margin'   ><article  class='iconbox iconbox_top av-l1l6uzm8-a1063e82f5a5a068f1127b7041ca1b23  avia-builder-el-19  avia-builder-el-no-sibling  main_color'  itemscope=\"itemscope\" itemtype=\"https:\/\/schema.org\/CreativeWork\" ><div class=\"iconbox_content\"><header class=\"entry-content-header\"><div class=\"iconbox_icon heading-color\" aria-hidden='true' data-av_icon='\ue8b1' data-av_iconfont='entypo-fontello'><\/div><h3 class='iconbox_content_title '  itemprop=\"headline\" >ONGs<\/h3><\/header><div class='iconbox_content_container '  itemprop=\"text\" ><\/div><\/div><footer class=\"entry-footer\"><\/footer><\/article><\/div><div class='flex_column av-394oik-3a6d187d38bb77c6c484c4e00fed0b5b av_one_fourth  avia-builder-el-20  el_after_av_one_fourth  avia-builder-el-last  flex_column_div  av-animated-generic fade-in column-top-margin'   ><article  class='iconbox iconbox_top av-l1l6v4g0-66f2ee5b7defa5bc31fbd97a859dba06  avia-builder-el-21  avia-builder-el-no-sibling  main_color'  itemscope=\"itemscope\" itemtype=\"https:\/\/schema.org\/CreativeWork\" ><div class=\"iconbox_content\"><header class=\"entry-content-header\"><div class=\"iconbox_icon heading-color\" aria-hidden='true' data-av_icon='\ue8dd' data-av_iconfont='entypo-fontello'><\/div><h3 class='iconbox_content_title '  itemprop=\"headline\" >Ind\u00fastria<\/h3><\/header><div class='iconbox_content_container '  itemprop=\"text\" ><\/div><\/div><footer class=\"entry-footer\"><\/footer><\/article><\/div><\/p>\n","protected":false},"excerpt":{"rendered":"","protected":false},"author":3,"featured_media":0,"parent":5067,"menu_order":0,"comment_status":"closed","ping_status":"closed","template":"","meta":{"footnotes":""},"class_list":["post-5001","page","type-page","status-publish","hentry"],"yoast_head":"<!-- This site is optimized with the Yoast SEO plugin v20.10 - https:\/\/yoast.com\/wordpress\/plugins\/seo\/ -->\n<title>Clientes - Radio Data Center<\/title>\n<meta name=\"robots\" content=\"index, follow, max-snippet:-1, max-image-preview:large, max-video-preview:-1\" \/>\n<link rel=\"canonical\" href=\"https:\/\/radiodatacenter.net\/pt-pt\/empresa\/clientes\/\" \/>\n<meta property=\"og:locale\" content=\"pt_PT\" \/>\n<meta property=\"og:type\" content=\"article\" \/>\n<meta property=\"og:title\" content=\"Clientes - Radio Data Center\" \/>\n<meta property=\"og:url\" content=\"https:\/\/radiodatacenter.net\/pt-pt\/empresa\/clientes\/\" \/>\n<meta property=\"og:site_name\" content=\"Radio Data Center\" \/>\n<meta property=\"article:modified_time\" content=\"2022-04-27T14:42:15+00:00\" \/>\n<meta name=\"twitter:card\" content=\"summary_large_image\" \/>\n<meta name=\"twitter:label1\" content=\"Tempo estimado de leitura\" \/>\n\t<meta name=\"twitter:data1\" content=\"16 minutos\" \/>\n<script type=\"application\/ld+json\" class=\"yoast-schema-graph\">{\"@context\":\"https:\/\/schema.org\",\"@graph\":[{\"@type\":\"WebPage\",\"@id\":\"https:\/\/radiodatacenter.net\/pt-pt\/empresa\/clientes\/\",\"url\":\"https:\/\/radiodatacenter.net\/pt-pt\/empresa\/clientes\/\",\"name\":\"Clientes - Radio Data Center\",\"isPartOf\":{\"@id\":\"https:\/\/radiodatacenter.net\/pt-pt\/#website\"},\"datePublished\":\"2022-03-28T20:32:55+00:00\",\"dateModified\":\"2022-04-27T14:42:15+00:00\",\"breadcrumb\":{\"@id\":\"https:\/\/radiodatacenter.net\/pt-pt\/empresa\/clientes\/#breadcrumb\"},\"inLanguage\":\"pt-PT\",\"potentialAction\":[{\"@type\":\"ReadAction\",\"target\":[\"https:\/\/radiodatacenter.net\/pt-pt\/empresa\/clientes\/\"]}]},{\"@type\":\"BreadcrumbList\",\"@id\":\"https:\/\/radiodatacenter.net\/pt-pt\/empresa\/clientes\/#breadcrumb\",\"itemListElement\":[{\"@type\":\"ListItem\",\"position\":1,\"name\":\"Startseite\",\"item\":\"https:\/\/radiodatacenter.net\/pt-pt\/\"},{\"@type\":\"ListItem\",\"position\":2,\"name\":\"Empresa\",\"item\":\"https:\/\/radiodatacenter.net\/pt-pt\/empresa\/\"},{\"@type\":\"ListItem\",\"position\":3,\"name\":\"Clientes\"}]},{\"@type\":\"WebSite\",\"@id\":\"https:\/\/radiodatacenter.net\/pt-pt\/#website\",\"url\":\"https:\/\/radiodatacenter.net\/pt-pt\/\",\"name\":\"Radio Data Center\",\"description\":\"\",\"potentialAction\":[{\"@type\":\"SearchAction\",\"target\":{\"@type\":\"EntryPoint\",\"urlTemplate\":\"https:\/\/radiodatacenter.net\/pt-pt\/?s={search_term_string}\"},\"query-input\":\"required name=search_term_string\"}],\"inLanguage\":\"pt-PT\"}]}<\/script>\n<!-- \/ Yoast SEO plugin. -->","yoast_head_json":{"title":"Clientes - Radio Data Center","robots":{"index":"index","follow":"follow","max-snippet":"max-snippet:-1","max-image-preview":"max-image-preview:large","max-video-preview":"max-video-preview:-1"},"canonical":"https:\/\/radiodatacenter.net\/pt-pt\/empresa\/clientes\/","og_locale":"pt_PT","og_type":"article","og_title":"Clientes - Radio Data Center","og_url":"https:\/\/radiodatacenter.net\/pt-pt\/empresa\/clientes\/","og_site_name":"Radio Data Center","article_modified_time":"2022-04-27T14:42:15+00:00","twitter_card":"summary_large_image","twitter_misc":{"Tempo estimado de leitura":"16 minutos"},"schema":{"@context":"https:\/\/schema.org","@graph":[{"@type":"WebPage","@id":"https:\/\/radiodatacenter.net\/pt-pt\/empresa\/clientes\/","url":"https:\/\/radiodatacenter.net\/pt-pt\/empresa\/clientes\/","name":"Clientes - Radio Data Center","isPartOf":{"@id":"https:\/\/radiodatacenter.net\/pt-pt\/#website"},"datePublished":"2022-03-28T20:32:55+00:00","dateModified":"2022-04-27T14:42:15+00:00","breadcrumb":{"@id":"https:\/\/radiodatacenter.net\/pt-pt\/empresa\/clientes\/#breadcrumb"},"inLanguage":"pt-PT","potentialAction":[{"@type":"ReadAction","target":["https:\/\/radiodatacenter.net\/pt-pt\/empresa\/clientes\/"]}]},{"@type":"BreadcrumbList","@id":"https:\/\/radiodatacenter.net\/pt-pt\/empresa\/clientes\/#breadcrumb","itemListElement":[{"@type":"ListItem","position":1,"name":"Startseite","item":"https:\/\/radiodatacenter.net\/pt-pt\/"},{"@type":"ListItem","position":2,"name":"Empresa","item":"https:\/\/radiodatacenter.net\/pt-pt\/empresa\/"},{"@type":"ListItem","position":3,"name":"Clientes"}]},{"@type":"WebSite","@id":"https:\/\/radiodatacenter.net\/pt-pt\/#website","url":"https:\/\/radiodatacenter.net\/pt-pt\/","name":"Radio Data Center","description":"","potentialAction":[{"@type":"SearchAction","target":{"@type":"EntryPoint","urlTemplate":"https:\/\/radiodatacenter.net\/pt-pt\/?s={search_term_string}"},"query-input":"required name=search_term_string"}],"inLanguage":"pt-PT"}]}},"_links":{"self":[{"href":"https:\/\/radiodatacenter.net\/pt-pt\/wp-json\/wp\/v2\/pages\/5001","targetHints":{"allow":["GET"]}}],"collection":[{"href":"https:\/\/radiodatacenter.net\/pt-pt\/wp-json\/wp\/v2\/pages"}],"about":[{"href":"https:\/\/radiodatacenter.net\/pt-pt\/wp-json\/wp\/v2\/types\/page"}],"author":[{"embeddable":true,"href":"https:\/\/radiodatacenter.net\/pt-pt\/wp-json\/wp\/v2\/users\/3"}],"replies":[{"embeddable":true,"href":"https:\/\/radiodatacenter.net\/pt-pt\/wp-json\/wp\/v2\/comments?post=5001"}],"version-history":[{"count":17,"href":"https:\/\/radiodatacenter.net\/pt-pt\/wp-json\/wp\/v2\/pages\/5001\/revisions"}],"predecessor-version":[{"id":6736,"href":"https:\/\/radiodatacenter.net\/pt-pt\/wp-json\/wp\/v2\/pages\/5001\/revisions\/6736"}],"up":[{"embeddable":true,"href":"https:\/\/radiodatacenter.net\/pt-pt\/wp-json\/wp\/v2\/pages\/5067"}],"wp:attachment":[{"href":"https:\/\/radiodatacenter.net\/pt-pt\/wp-json\/wp\/v2\/media?parent=5001"}],"curies":[{"name":"wp","href":"https:\/\/api.w.org\/{rel}","templated":true}]}}