{"id":5648,"date":"2022-03-28T21:11:27","date_gmt":"2022-03-28T19:11:27","guid":{"rendered":"https:\/\/radiodatacenter.net\/v2\/coezuemler\/"},"modified":"2022-04-24T00:26:09","modified_gmt":"2022-04-23T22:26:09","slug":"coezuemler","status":"publish","type":"page","link":"https:\/\/radiodatacenter.net\/tr\/coezuemler\/","title":{"rendered":"\u00c7\u00f6z\u00fcmler"},"content":{"rendered":"\n<style type=\"text\/css\" data-created_by=\"avia_inline_auto\" id=\"style-css-av-42va5e-0cbbe166825f153ee5897a6f289f9a5a\">\n.avia-section.av-42va5e-0cbbe166825f153ee5897a6f289f9a5a{\nbackground-color:#f8f8f8;\n}\n<\/style>\n<div id='av_section_1'  class='avia-section av-42va5e-0cbbe166825f153ee5897a6f289f9a5a alternate_color avia-section-large avia-shadow  avia-builder-el-0  avia-builder-el-no-sibling  avia-bg-style-scroll container_wrap sidebar_right'  ><div class='container av-section-cont-open' ><main  role=\"main\" itemprop=\"mainContentOfPage\"  class='template-page content  av-content-small alpha units'><div class='post-entry post-entry-type-page post-entry-5648'><div class='entry-content-wrapper clearfix'>\n<div class='flex_column av-13aukma-7debc9911752c80255856ff77653eba3 av_one_full  avia-builder-el-1  el_before_av_one_third  avia-builder-el-first  first flex_column_div '   ><p><br \/>\n<section  class='av_textblock_section av-11d9ffm-33ac49c5cad96f58c01d51a6f7f0ecf7'  itemscope=\"itemscope\" itemtype=\"https:\/\/schema.org\/CreativeWork\" ><div class='avia_textblock'  itemprop=\"text\" ><h2 style=\"text-align: left;\">Profesyonel \u00e7\u00f6z\u00fcmler<\/h2>\n<\/div><\/section><\/p><\/div><div class='flex_column av-109slqq-def152566320003cd39806b56acc971f av_one_third  avia-builder-el-4  el_after_av_one_full  el_before_av_one_third  first flex_column_div avia-link-column av-column-link column-top-margin'  data-link-column-url=\"https:\/\/radiodatacenter.net\/loesungen\/senderdaten-und-senderlogos-fuer-infotainmentsysteme\/\"   ><a class=\"av-screen-reader-only\" href=https:\/\/radiodatacenter.net\/loesungen\/senderdaten-und-senderlogos-fuer-infotainmentsysteme\/ >Link to: Senderdaten und Senderlogos f\u00fcr Infotainmentsysteme<\/a><p>\n<style type=\"text\/css\" data-created_by=\"avia_inline_auto\" id=\"style-css-av-yb1vn6-e0c134c53840d92e1768726e83d38dd8\">\n.avia-image-container.av-yb1vn6-e0c134c53840d92e1768726e83d38dd8 .av-image-caption-overlay-center{\ncolor:#ffffff;\n}\n<\/style>\n<div  class='avia-image-container av-yb1vn6-e0c134c53840d92e1768726e83d38dd8 av-styling- av-hover-grow av-hide-overflow avia_animated_image avia_animate_when_almost_visible fade-in avia-align-center  avia-builder-el-5  el_before_av_hr  avia-builder-el-first '  itemprop=\"image\" itemscope=\"itemscope\" itemtype=\"https:\/\/schema.org\/ImageObject\" ><div class=\"avia-image-container-inner\"><div class=\"avia-image-overlay-wrap\"><img decoding=\"async\" class='wp-image-5534 avia-img-lazy-loading-not-5534 avia_image' src=\"https:\/\/radiodatacenter.net\/wp-content\/uploads\/2022\/03\/1_infotainment.jpg\" alt='' title='Bilgi-E\u011flence Sistemleri i\u00e7in radyo istasyonlar\u0131n\u0131n verileri ve logolar\u0131'  height=\"250\" width=\"400\"  itemprop=\"thumbnailUrl\" srcset=\"https:\/\/radiodatacenter.net\/wp-content\/uploads\/2022\/03\/1_infotainment.jpg 400w, https:\/\/radiodatacenter.net\/wp-content\/uploads\/2022\/03\/1_infotainment-300x188.jpg 300w\" sizes=\"(max-width: 400px) 100vw, 400px\" \/><\/div><\/div><\/div><br \/>\n\n<style type=\"text\/css\" data-created_by=\"avia_inline_auto\" id=\"style-css-av-vrwucy-5b9eec1b52a62905dc6868592c54a51d\">\n#top .hr.hr-invisible.av-vrwucy-5b9eec1b52a62905dc6868592c54a51d{\nheight:10px;\n}\n<\/style>\n<div  class='hr av-vrwucy-5b9eec1b52a62905dc6868592c54a51d hr-invisible  avia-builder-el-6  el_after_av_image  el_before_av_textblock '><span class='hr-inner '><span class=\"hr-inner-style\"><\/span><\/span><\/div><br \/>\n<section  class='av_textblock_section av-tya0mq-cfb8bef3da75081fb0463da53a283849'  itemscope=\"itemscope\" itemtype=\"https:\/\/schema.org\/CreativeWork\" ><div class='avia_textblock'  itemprop=\"text\" ><h3>Bilgi-E\u011flence Sistemleri i\u00e7in radyo istasyonlar\u0131n\u0131n verileri ve logolar\u0131<\/h3>\n<\/div><\/section><\/p><\/div><div class='flex_column av-2uycki-075e32b13c47fbfb99292abbc354389e av_one_third  avia-builder-el-8  el_after_av_one_third  el_before_av_one_third  flex_column_div avia-link-column av-column-link column-top-margin'  data-link-column-url=\"https:\/\/radiodatacenter.net\/loesungen\/dienstleistungen-fuer-automotive\/\"   ><a class=\"av-screen-reader-only\" href=https:\/\/radiodatacenter.net\/loesungen\/dienstleistungen-fuer-automotive\/ >Link to: Dienstleistungen f\u00fcr Automotive<\/a><p>\n<style type=\"text\/css\" data-created_by=\"avia_inline_auto\" id=\"style-css-av-qxmu5u-981b65137533fafefbfac8f9364de51a\">\n.avia-image-container.av-qxmu5u-981b65137533fafefbfac8f9364de51a .av-image-caption-overlay-center{\ncolor:#ffffff;\n}\n<\/style>\n<div  class='avia-image-container av-qxmu5u-981b65137533fafefbfac8f9364de51a av-styling- av-hover-grow av-hide-overflow avia_animated_image avia_animate_when_almost_visible fade-in avia-align-center  avia-builder-el-9  el_before_av_hr  avia-builder-el-first '  itemprop=\"image\" itemscope=\"itemscope\" itemtype=\"https:\/\/schema.org\/ImageObject\" ><div class=\"avia-image-container-inner\"><div class=\"avia-image-overlay-wrap\"><img decoding=\"async\" class='wp-image-5536 avia-img-lazy-loading-not-5536 avia_image' src=\"https:\/\/radiodatacenter.net\/wp-content\/uploads\/2022\/03\/2_automotive.jpg\" alt='' title='Otomotiv End\u00fcstrisi \u0130\u00e7in Hizmetlerimiz'  height=\"250\" width=\"400\"  itemprop=\"thumbnailUrl\" srcset=\"https:\/\/radiodatacenter.net\/wp-content\/uploads\/2022\/03\/2_automotive.jpg 400w, https:\/\/radiodatacenter.net\/wp-content\/uploads\/2022\/03\/2_automotive-300x188.jpg 300w\" sizes=\"(max-width: 400px) 100vw, 400px\" \/><\/div><\/div><\/div><br \/>\n\n<style type=\"text\/css\" data-created_by=\"avia_inline_auto\" id=\"style-css-av-pcnvaa-6ed73788c8108fd1ebb9b00b70d1ed7d\">\n#top .hr.hr-invisible.av-pcnvaa-6ed73788c8108fd1ebb9b00b70d1ed7d{\nheight:10px;\n}\n<\/style>\n<div  class='hr av-pcnvaa-6ed73788c8108fd1ebb9b00b70d1ed7d hr-invisible  avia-builder-el-10  el_after_av_image  el_before_av_textblock '><span class='hr-inner '><span class=\"hr-inner-style\"><\/span><\/span><\/div><br \/>\n<section  class='av_textblock_section av-2f5pw2-5238ee71f593e40708c66edcded94dcb'  itemscope=\"itemscope\" itemtype=\"https:\/\/schema.org\/CreativeWork\" ><div class='avia_textblock'  itemprop=\"text\" ><h3>Otomotiv End\u00fcstrisi \u0130\u00e7in Hizmetlerimiz<\/h3>\n<\/div><\/section><\/p><\/div><div class='flex_column av-mf3pqa-c0818d8407f4a0086edc5119348f229d av_one_third  avia-builder-el-12  el_after_av_one_third  el_before_av_one_third  flex_column_div avia-link-column av-column-link column-top-margin'  data-link-column-url=\"https:\/\/radiodatacenter.net\/loesungen\/dienstleistungen-fuer-radiosender\/\"   ><a class=\"av-screen-reader-only\" href=https:\/\/radiodatacenter.net\/loesungen\/dienstleistungen-fuer-radiosender\/ >Link to: Dienstleistungen f\u00fcr Radiosender<\/a><p>\n<style type=\"text\/css\" data-created_by=\"avia_inline_auto\" id=\"style-css-av-kzdcz6-e7f4a1c480714af53d6d3fdea65b7bbc\">\n.avia-image-container.av-kzdcz6-e7f4a1c480714af53d6d3fdea65b7bbc .av-image-caption-overlay-center{\ncolor:#ffffff;\n}\n<\/style>\n<div  class='avia-image-container av-kzdcz6-e7f4a1c480714af53d6d3fdea65b7bbc av-styling- av-hover-grow av-hide-overflow avia_animated_image avia_animate_when_almost_visible fade-in avia-align-center  avia-builder-el-13  el_before_av_hr  avia-builder-el-first '  itemprop=\"image\" itemscope=\"itemscope\" itemtype=\"https:\/\/schema.org\/ImageObject\" ><div class=\"avia-image-container-inner\"><div class=\"avia-image-overlay-wrap\"><img decoding=\"async\" class='wp-image-5538 avia-img-lazy-loading-not-5538 avia_image' src=\"https:\/\/radiodatacenter.net\/wp-content\/uploads\/2022\/03\/3_radiosender.jpg\" alt='' title='Radyo \u0130stasyonlar\u0131 \u0130\u00e7in Hizmetlerimiz'  height=\"250\" width=\"400\"  itemprop=\"thumbnailUrl\" srcset=\"https:\/\/radiodatacenter.net\/wp-content\/uploads\/2022\/03\/3_radiosender.jpg 400w, https:\/\/radiodatacenter.net\/wp-content\/uploads\/2022\/03\/3_radiosender-300x188.jpg 300w\" sizes=\"(max-width: 400px) 100vw, 400px\" \/><\/div><\/div><\/div><br \/>\n\n<style type=\"text\/css\" data-created_by=\"avia_inline_auto\" id=\"style-css-av-izvmnm-4a4a08a4b9484c9b88cf6bcdf63eafc0\">\n#top .hr.hr-invisible.av-izvmnm-4a4a08a4b9484c9b88cf6bcdf63eafc0{\nheight:10px;\n}\n<\/style>\n<div  class='hr av-izvmnm-4a4a08a4b9484c9b88cf6bcdf63eafc0 hr-invisible  avia-builder-el-14  el_after_av_image  el_before_av_textblock '><span class='hr-inner '><span class=\"hr-inner-style\"><\/span><\/span><\/div><br \/>\n<section  class='av_textblock_section av-i6noaa-002b0ec56f639147ee670b6a11f4d7c3'  itemscope=\"itemscope\" itemtype=\"https:\/\/schema.org\/CreativeWork\" ><div class='avia_textblock'  itemprop=\"text\" ><h3>Radyo \u0130stasyonlar\u0131 \u0130\u00e7in Hizmetlerimiz<\/h3>\n<\/div><\/section><\/p><\/div><div class='flex_column av-f3t6vm-c11c2e60f83182c902ef0bb40c7e6684 av_one_third  avia-builder-el-16  el_after_av_one_third  el_before_av_one_third  first flex_column_div avia-link-column av-column-link column-top-margin'  data-link-column-url=\"https:\/\/radiodatacenter.net\/loesungen\/beratung-und-consulting\/\"   ><a class=\"av-screen-reader-only\" href=https:\/\/radiodatacenter.net\/loesungen\/beratung-und-consulting\/ >Link to: Beratung und Consulting<\/a><p>\n<style type=\"text\/css\" data-created_by=\"avia_inline_auto\" id=\"style-css-av-dj1ici-ae14da8b36ef0ebbeae53661364c7019\">\n.avia-image-container.av-dj1ici-ae14da8b36ef0ebbeae53661364c7019 .av-image-caption-overlay-center{\ncolor:#ffffff;\n}\n<\/style>\n<div  class='avia-image-container av-dj1ici-ae14da8b36ef0ebbeae53661364c7019 av-styling- av-hover-grow av-hide-overflow avia_animated_image avia_animate_when_almost_visible fade-in avia-align-center  avia-builder-el-17  el_before_av_textblock  avia-builder-el-first '  itemprop=\"image\" itemscope=\"itemscope\" itemtype=\"https:\/\/schema.org\/ImageObject\" ><div class=\"avia-image-container-inner\"><div class=\"avia-image-overlay-wrap\"><img decoding=\"async\" class='wp-image-5544 avia-img-lazy-loading-not-5544 avia_image' src=\"https:\/\/radiodatacenter.net\/wp-content\/uploads\/2022\/03\/4_beratung-consulting.jpg\" alt='' title='Dan\u0131\u015fmanl\u0131k'  height=\"250\" width=\"400\"  itemprop=\"thumbnailUrl\" srcset=\"https:\/\/radiodatacenter.net\/wp-content\/uploads\/2022\/03\/4_beratung-consulting.jpg 400w, https:\/\/radiodatacenter.net\/wp-content\/uploads\/2022\/03\/4_beratung-consulting-300x188.jpg 300w\" sizes=\"(max-width: 400px) 100vw, 400px\" \/><\/div><\/div><\/div><br \/>\n<section  class='av_textblock_section av-cv38oi-cc517beae713d63efcd9b0868ea8edb1'  itemscope=\"itemscope\" itemtype=\"https:\/\/schema.org\/CreativeWork\" ><div class='avia_textblock'  itemprop=\"text\" ><h3>Dan\u0131\u015fmanl\u0131k<\/h3>\n<\/div><\/section><\/p><\/div><div class='flex_column av-12k3s2-faecb1af6a11ae3eeb0c33536ffeaf8f av_one_third  avia-builder-el-19  el_after_av_one_third  el_before_av_one_third  flex_column_div avia-link-column av-column-link column-top-margin'  data-link-column-url=\"https:\/\/radiodatacenter.net\/loesungen\/analysen-und-studien\/\"   ><a class=\"av-screen-reader-only\" href=https:\/\/radiodatacenter.net\/loesungen\/analysen-und-studien\/ >Link to: Analysen und Studien<\/a><p>\n<style type=\"text\/css\" data-created_by=\"avia_inline_auto\" id=\"style-css-av-9o3d6q-1426ae6a5107f848e1917a4488156146\">\n.avia-image-container.av-9o3d6q-1426ae6a5107f848e1917a4488156146 .av-image-caption-overlay-center{\ncolor:#ffffff;\n}\n<\/style>\n<div  class='avia-image-container av-9o3d6q-1426ae6a5107f848e1917a4488156146 av-styling- av-hover-grow av-hide-overflow avia_animated_image avia_animate_when_almost_visible fade-in avia-align-center  avia-builder-el-20  el_before_av_textblock  avia-builder-el-first '  itemprop=\"image\" itemscope=\"itemscope\" itemtype=\"https:\/\/schema.org\/ImageObject\" ><div class=\"avia-image-container-inner\"><div class=\"avia-image-overlay-wrap\"><img decoding=\"async\" class='wp-image-5540 avia-img-lazy-loading-not-5540 avia_image' src=\"https:\/\/radiodatacenter.net\/wp-content\/uploads\/2022\/03\/5_analysen-studien.jpg\" alt='' title='Analiz ve \u00c7al\u0131\u015fmalar'  height=\"250\" width=\"400\"  itemprop=\"thumbnailUrl\" srcset=\"https:\/\/radiodatacenter.net\/wp-content\/uploads\/2022\/03\/5_analysen-studien.jpg 400w, https:\/\/radiodatacenter.net\/wp-content\/uploads\/2022\/03\/5_analysen-studien-300x188.jpg 300w\" sizes=\"(max-width: 400px) 100vw, 400px\" \/><\/div><\/div><\/div><br \/>\n<section  class='av_textblock_section av-7gk2he-dd03e118aee40f8716c143c7fb58ce59'  itemscope=\"itemscope\" itemtype=\"https:\/\/schema.org\/CreativeWork\" ><div class='avia_textblock'  itemprop=\"text\" ><h3>Analiz ve \u00c7al\u0131\u015fmalar<\/h3>\n<\/div><\/section><\/p><\/div><div class='flex_column av-6j6ib6-1ca3f17791597f3758ae5a7c6c0365b2 av_one_third  avia-builder-el-22  el_after_av_one_third  avia-builder-el-last  flex_column_div avia-link-column av-column-link column-top-margin'  data-link-column-url=\"https:\/\/radiodatacenter.net\/loesungen\/lizenzierte-datennutzung\/\"   ><a class=\"av-screen-reader-only\" href=https:\/\/radiodatacenter.net\/loesungen\/lizenzierte-datennutzung\/ >Link to: Lizenzierte Datennutzung<\/a><p>\n<style type=\"text\/css\" data-created_by=\"avia_inline_auto\" id=\"style-css-av-3p7lj6-5442687461a0506a3bd2acba60429f40\">\n.avia-image-container.av-3p7lj6-5442687461a0506a3bd2acba60429f40 .av-image-caption-overlay-center{\ncolor:#ffffff;\n}\n<\/style>\n<div  class='avia-image-container av-3p7lj6-5442687461a0506a3bd2acba60429f40 av-styling- av-hover-grow av-hide-overflow avia_animated_image avia_animate_when_almost_visible fade-in avia-align-center  avia-builder-el-23  el_before_av_textblock  avia-builder-el-first '  itemprop=\"image\" itemscope=\"itemscope\" itemtype=\"https:\/\/schema.org\/ImageObject\" ><div class=\"avia-image-container-inner\"><div class=\"avia-image-overlay-wrap\"><img decoding=\"async\" class='wp-image-5542 avia-img-lazy-loading-not-5542 avia_image' src=\"https:\/\/radiodatacenter.net\/wp-content\/uploads\/2022\/03\/6_lizenzierte-datennutzung.jpg\" alt='' title='Lisansl\u0131 Veri Kullan\u0131m\u0131'  height=\"250\" width=\"400\"  itemprop=\"thumbnailUrl\" srcset=\"https:\/\/radiodatacenter.net\/wp-content\/uploads\/2022\/03\/6_lizenzierte-datennutzung.jpg 400w, https:\/\/radiodatacenter.net\/wp-content\/uploads\/2022\/03\/6_lizenzierte-datennutzung-300x188.jpg 300w\" sizes=\"(max-width: 400px) 100vw, 400px\" \/><\/div><\/div><\/div><br \/>\n<section  class='av_textblock_section av-2czp8y-8066e06b084097710f9bc5b1488e2ee6'  itemscope=\"itemscope\" itemtype=\"https:\/\/schema.org\/CreativeWork\" ><div class='avia_textblock'  itemprop=\"text\" ><h3>Lisansl\u0131 Veri Kullan\u0131m\u0131<\/h3>\n<\/div><\/section><\/p><\/div><\/div><\/div><\/main><!-- close content main element --><\/div><\/div><div id='after_section_1'  class='main_color av_default_container_wrap container_wrap sidebar_right'  ><div class='container av-section-cont-open' ><div class='template-page content  av-content-small alpha units'><div class='post-entry post-entry-type-page post-entry-5648'><div class='entry-content-wrapper clearfix'>\n","protected":false},"excerpt":{"rendered":"","protected":false},"author":3,"featured_media":0,"parent":0,"menu_order":0,"comment_status":"closed","ping_status":"closed","template":"","meta":{"footnotes":""},"class_list":["post-5648","page","type-page","status-publish","hentry"],"yoast_head":"<!-- This site is optimized with the Yoast SEO plugin v20.10 - https:\/\/yoast.com\/wordpress\/plugins\/seo\/ -->\n<title>\u00c7\u00f6z\u00fcmler - Radio Data Center<\/title>\n<meta name=\"robots\" content=\"index, follow, max-snippet:-1, max-image-preview:large, max-video-preview:-1\" \/>\n<link rel=\"canonical\" href=\"https:\/\/radiodatacenter.net\/tr\/coezuemler\/\" \/>\n<meta property=\"og:locale\" content=\"tr_TR\" \/>\n<meta property=\"og:type\" content=\"article\" \/>\n<meta property=\"og:title\" content=\"\u00c7\u00f6z\u00fcmler - Radio Data Center\" \/>\n<meta property=\"og:url\" content=\"https:\/\/radiodatacenter.net\/tr\/coezuemler\/\" \/>\n<meta property=\"og:site_name\" content=\"Radio Data Center\" \/>\n<meta property=\"article:modified_time\" content=\"2022-04-23T22:26:09+00:00\" \/>\n<meta name=\"twitter:card\" content=\"summary_large_image\" \/>\n<meta name=\"twitter:label1\" content=\"Tahmini okuma s\u00fcresi\" \/>\n\t<meta name=\"twitter:data1\" content=\"5 dakika\" \/>\n<script type=\"application\/ld+json\" class=\"yoast-schema-graph\">{\"@context\":\"https:\/\/schema.org\",\"@graph\":[{\"@type\":\"WebPage\",\"@id\":\"https:\/\/radiodatacenter.net\/tr\/coezuemler\/\",\"url\":\"https:\/\/radiodatacenter.net\/tr\/coezuemler\/\",\"name\":\"\u00c7\u00f6z\u00fcmler - Radio Data Center\",\"isPartOf\":{\"@id\":\"https:\/\/radiodatacenter.net\/tr\/#website\"},\"datePublished\":\"2022-03-28T19:11:27+00:00\",\"dateModified\":\"2022-04-23T22:26:09+00:00\",\"breadcrumb\":{\"@id\":\"https:\/\/radiodatacenter.net\/tr\/coezuemler\/#breadcrumb\"},\"inLanguage\":\"tr\",\"potentialAction\":[{\"@type\":\"ReadAction\",\"target\":[\"https:\/\/radiodatacenter.net\/tr\/coezuemler\/\"]}]},{\"@type\":\"BreadcrumbList\",\"@id\":\"https:\/\/radiodatacenter.net\/tr\/coezuemler\/#breadcrumb\",\"itemListElement\":[{\"@type\":\"ListItem\",\"position\":1,\"name\":\"Startseite\",\"item\":\"https:\/\/radiodatacenter.net\/tr\/\"},{\"@type\":\"ListItem\",\"position\":2,\"name\":\"\u00c7\u00f6z\u00fcmler\"}]},{\"@type\":\"WebSite\",\"@id\":\"https:\/\/radiodatacenter.net\/tr\/#website\",\"url\":\"https:\/\/radiodatacenter.net\/tr\/\",\"name\":\"Radio Data Center\",\"description\":\"\",\"potentialAction\":[{\"@type\":\"SearchAction\",\"target\":{\"@type\":\"EntryPoint\",\"urlTemplate\":\"https:\/\/radiodatacenter.net\/tr\/?s={search_term_string}\"},\"query-input\":\"required name=search_term_string\"}],\"inLanguage\":\"tr\"}]}<\/script>\n<!-- \/ Yoast SEO plugin. -->","yoast_head_json":{"title":"\u00c7\u00f6z\u00fcmler - Radio Data Center","robots":{"index":"index","follow":"follow","max-snippet":"max-snippet:-1","max-image-preview":"max-image-preview:large","max-video-preview":"max-video-preview:-1"},"canonical":"https:\/\/radiodatacenter.net\/tr\/coezuemler\/","og_locale":"tr_TR","og_type":"article","og_title":"\u00c7\u00f6z\u00fcmler - Radio Data Center","og_url":"https:\/\/radiodatacenter.net\/tr\/coezuemler\/","og_site_name":"Radio Data Center","article_modified_time":"2022-04-23T22:26:09+00:00","twitter_card":"summary_large_image","twitter_misc":{"Tahmini okuma s\u00fcresi":"5 dakika"},"schema":{"@context":"https:\/\/schema.org","@graph":[{"@type":"WebPage","@id":"https:\/\/radiodatacenter.net\/tr\/coezuemler\/","url":"https:\/\/radiodatacenter.net\/tr\/coezuemler\/","name":"\u00c7\u00f6z\u00fcmler - Radio Data Center","isPartOf":{"@id":"https:\/\/radiodatacenter.net\/tr\/#website"},"datePublished":"2022-03-28T19:11:27+00:00","dateModified":"2022-04-23T22:26:09+00:00","breadcrumb":{"@id":"https:\/\/radiodatacenter.net\/tr\/coezuemler\/#breadcrumb"},"inLanguage":"tr","potentialAction":[{"@type":"ReadAction","target":["https:\/\/radiodatacenter.net\/tr\/coezuemler\/"]}]},{"@type":"BreadcrumbList","@id":"https:\/\/radiodatacenter.net\/tr\/coezuemler\/#breadcrumb","itemListElement":[{"@type":"ListItem","position":1,"name":"Startseite","item":"https:\/\/radiodatacenter.net\/tr\/"},{"@type":"ListItem","position":2,"name":"\u00c7\u00f6z\u00fcmler"}]},{"@type":"WebSite","@id":"https:\/\/radiodatacenter.net\/tr\/#website","url":"https:\/\/radiodatacenter.net\/tr\/","name":"Radio Data Center","description":"","potentialAction":[{"@type":"SearchAction","target":{"@type":"EntryPoint","urlTemplate":"https:\/\/radiodatacenter.net\/tr\/?s={search_term_string}"},"query-input":"required name=search_term_string"}],"inLanguage":"tr"}]}},"_links":{"self":[{"href":"https:\/\/radiodatacenter.net\/tr\/wp-json\/wp\/v2\/pages\/5648","targetHints":{"allow":["GET"]}}],"collection":[{"href":"https:\/\/radiodatacenter.net\/tr\/wp-json\/wp\/v2\/pages"}],"about":[{"href":"https:\/\/radiodatacenter.net\/tr\/wp-json\/wp\/v2\/types\/page"}],"author":[{"embeddable":true,"href":"https:\/\/radiodatacenter.net\/tr\/wp-json\/wp\/v2\/users\/3"}],"replies":[{"embeddable":true,"href":"https:\/\/radiodatacenter.net\/tr\/wp-json\/wp\/v2\/comments?post=5648"}],"version-history":[{"count":5,"href":"https:\/\/radiodatacenter.net\/tr\/wp-json\/wp\/v2\/pages\/5648\/revisions"}],"predecessor-version":[{"id":5655,"href":"https:\/\/radiodatacenter.net\/tr\/wp-json\/wp\/v2\/pages\/5648\/revisions\/5655"}],"wp:attachment":[{"href":"https:\/\/radiodatacenter.net\/tr\/wp-json\/wp\/v2\/media?parent=5648"}],"curies":[{"name":"wp","href":"https:\/\/api.w.org\/{rel}","templated":true}]}}