{"id":5656,"date":"2022-03-28T21:14:16","date_gmt":"2022-03-28T19:14:16","guid":{"rendered":"https:\/\/radiodatacenter.net\/v2\/coezuemler\/bilgi-eglence-sistemleri-icin-radyo-istasyonlarinin-verileri-ve-logolari\/"},"modified":"2022-04-24T00:33:53","modified_gmt":"2022-04-23T22:33:53","slug":"bilgi-eglence-sistemleri-icin-radyo-istasyonlarinin-verileri-ve-logolari","status":"publish","type":"page","link":"https:\/\/radiodatacenter.net\/tr\/coezuemler\/bilgi-eglence-sistemleri-icin-radyo-istasyonlarinin-verileri-ve-logolari\/","title":{"rendered":"Bilgi-E\u011flence Sistemleri i\u00e7in radyo istasyonlar\u0131n\u0131n verileri ve logolar\u0131"},"content":{"rendered":"<div class='flex_column av-4a1jzp-e7337bb686f2015a580fd954539df62f av_one_full  avia-builder-el-0  el_before_av_hr  avia-builder-el-first  first flex_column_div '   ><p><br \/>\n<section  class='av_textblock_section av-l1b3wf7f-807af8b68ac938f47e983f9e8ed2d658'  itemscope=\"itemscope\" itemtype=\"https:\/\/schema.org\/CreativeWork\" ><div class='avia_textblock'  itemprop=\"text\" ><h1>Bilgi-E\u011flence Sistemleri i\u00e7in radyo istasyonlar\u0131n\u0131n verileri ve logolar\u0131<\/h1>\n<\/div><\/section><\/p><\/div>\n<div  class='hr av-l1b4o2qc-e6f146b340dde86bf92a08e504c2144e hr-short  avia-builder-el-3  el_after_av_one_full  el_before_av_one_half  hr-left'><span class='hr-inner '><span class=\"hr-inner-style\"><\/span><\/span><\/div>\n<div class='flex_column av-33xkdh-66531d04b88cdcea5cf21e7e0e7ded47 av_one_half  avia-builder-el-4  el_after_av_hr  el_before_av_one_half  first flex_column_div '   ><p><section  class='av_textblock_section av-l1b3dket-4f55c6676970cb3b408c752c9ee63f94'  itemscope=\"itemscope\" itemtype=\"https:\/\/schema.org\/CreativeWork\" ><div class='avia_textblock'  itemprop=\"text\" ><p>Radyo istasyonunun logosu dinledi\u011finiz veya dinlemek istedi\u011finiz radyo program\u0131n\u0131 kolay tan\u0131man\u0131za yararken araba yolculuklar\u0131nda s\u00fcr\u00fcc\u00fcn\u00fcn dikkatinin daha az da\u011f\u0131lmas\u0131n\u0131 ve s\u00fcrekli dinleyici say\u0131n\u0131z\u0131n artmas\u0131n\u0131 sa\u011fl\u0131yor.<\/p>\n<\/div><\/section><br \/>\n\n<style type=\"text\/css\" data-created_by=\"avia_inline_auto\" id=\"style-css-av-l1l5n1m7-404b43fbb35339d47013a143be6ba01b\">\n@keyframes av_sonarEffect_av-l1l5n1m7-404b43fbb35339d47013a143be6ba01b {\n  0% {opacity: 0.3;}\n 50% {opacity: 0.5;}\n100% {opacity: 0.5; -webkit-transform: scale(1.5); transform: scale(1.5);}\n}\n@-webkit-keyframes av_sonarEffect_av-l1l5n1m7-404b43fbb35339d47013a143be6ba01b {\n  0% {opacity: 0.3;}\n 50% {opacity: 0.5;}\n100% {opacity: 0.5; -webkit-transform: scale(1.5); transform: scale(1.5);}\n}\n.av_promobox.av-l1l5n1m7-404b43fbb35339d47013a143be6ba01b:hover{\nanimation:av_sonarEffect_av-l1l5n1m7-404b43fbb35339d47013a143be6ba01b 1s ease-in-out;\n-webkit-animation:av_sonarEffect_av-l1l5n1m7-404b43fbb35339d47013a143be6ba01b 1s ease-in-out;\n-moz-animation:av_sonarEffect_av-l1l5n1m7-404b43fbb35339d47013a143be6ba01b 1s ease-in-out;\n-o-animation:av_sonarEffect_av-l1l5n1m7-404b43fbb35339d47013a143be6ba01b 1s ease-in-out;\n}\n<\/style>\n<div  class='av_promobox av-l1l5n1m7-404b43fbb35339d47013a143be6ba01b avia-button-yes  avia-builder-el-6  el_after_av_textblock  avia-builder-el-last  avia-sonar-shadow'><div class='avia-promocontent'><\/p>\n<p style=\"margin-top: 15px;\"><strong>Sorunuz var m\u0131?<\/strong><\/p>\n<p>\n<\/div><div  class='avia-button-wrap avia-button-right ' ><a href='https:\/\/radiodatacenter.net\/v2\/tr\/contact\/'  class='avia-button av-l1l5n1m7-f21890ef9864aedcc246aa1e35bdcc31 avia-icon_select-yes-left-icon avia-size-large avia-position-right avia-color-theme-color' ><span class='avia_button_icon avia_button_icon_left' aria-hidden='true' data-av_icon='\ue835' data-av_iconfont='entypo-fontello'><\/span><span class='avia_iconbox_title' >\u015eimdi sorgula<\/span><\/a><\/div><\/div><\/p><\/div>\n<div class='flex_column av-27i31x-0217cb9d01d66626c3401b0fb74702ad av_one_half  avia-builder-el-7  el_after_av_one_half  avia-builder-el-last  flex_column_div '   ><style type=\"text\/css\" data-created_by=\"avia_inline_auto\" id=\"style-css-av-l1b4h7a5-d5f17fd580cfb8cc456f9b28e60cdd40\">\n.avia-image-container.av-l1b4h7a5-d5f17fd580cfb8cc456f9b28e60cdd40 .av-image-caption-overlay-center{\ncolor:#ffffff;\n}\n<\/style>\n<div  class='avia-image-container av-l1b4h7a5-d5f17fd580cfb8cc456f9b28e60cdd40 av-styling- avia-align-center  avia-builder-el-8  avia-builder-el-no-sibling '  itemprop=\"image\" itemscope=\"itemscope\" itemtype=\"https:\/\/schema.org\/ImageObject\" ><div class=\"avia-image-container-inner\"><div class=\"avia-image-overlay-wrap\"><img decoding=\"async\" class='wp-image-5602 avia-img-lazy-loading-not-5602 avia_image' src=\"https:\/\/radiodatacenter.net\/wp-content\/uploads\/2022\/04\/senderdaten-logos.jpg\" alt='' title='Bilgi-E\u011flence Sistemleri i\u00e7in radyo istasyonlar\u0131n\u0131n verileri ve logolar\u0131'  height=\"600\" width=\"1000\"  itemprop=\"thumbnailUrl\" srcset=\"https:\/\/radiodatacenter.net\/wp-content\/uploads\/2022\/04\/senderdaten-logos.jpg 1000w, https:\/\/radiodatacenter.net\/wp-content\/uploads\/2022\/04\/senderdaten-logos-300x180.jpg 300w, https:\/\/radiodatacenter.net\/wp-content\/uploads\/2022\/04\/senderdaten-logos-768x461.jpg 768w, https:\/\/radiodatacenter.net\/wp-content\/uploads\/2022\/04\/senderdaten-logos-705x423.jpg 705w\" sizes=\"(max-width: 1000px) 100vw, 1000px\" \/><\/div><\/div><\/div><\/div>\n","protected":false},"excerpt":{"rendered":"","protected":false},"author":3,"featured_media":0,"parent":5648,"menu_order":0,"comment_status":"closed","ping_status":"closed","template":"","meta":{"footnotes":""},"class_list":["post-5656","page","type-page","status-publish","hentry"],"yoast_head":"<!-- This site is optimized with the Yoast SEO plugin v20.10 - https:\/\/yoast.com\/wordpress\/plugins\/seo\/ -->\n<title>Bilgi-E\u011flence Sistemleri i\u00e7in radyo istasyonlar\u0131n\u0131n verileri ve logolar\u0131 - Radio Data Center<\/title>\n<meta name=\"robots\" content=\"index, follow, max-snippet:-1, max-image-preview:large, max-video-preview:-1\" \/>\n<link rel=\"canonical\" href=\"https:\/\/radiodatacenter.net\/tr\/coezuemler\/bilgi-eglence-sistemleri-icin-radyo-istasyonlarinin-verileri-ve-logolari\/\" \/>\n<meta property=\"og:locale\" content=\"tr_TR\" \/>\n<meta property=\"og:type\" content=\"article\" \/>\n<meta property=\"og:title\" content=\"Bilgi-E\u011flence Sistemleri i\u00e7in radyo istasyonlar\u0131n\u0131n verileri ve logolar\u0131 - Radio Data Center\" \/>\n<meta property=\"og:url\" content=\"https:\/\/radiodatacenter.net\/tr\/coezuemler\/bilgi-eglence-sistemleri-icin-radyo-istasyonlarinin-verileri-ve-logolari\/\" \/>\n<meta property=\"og:site_name\" content=\"Radio Data Center\" \/>\n<meta property=\"article:modified_time\" content=\"2022-04-23T22:33:53+00:00\" \/>\n<meta name=\"twitter:card\" content=\"summary_large_image\" \/>\n<meta name=\"twitter:label1\" content=\"Tahmini okuma s\u00fcresi\" \/>\n\t<meta name=\"twitter:data1\" content=\"3 dakika\" \/>\n<script type=\"application\/ld+json\" class=\"yoast-schema-graph\">{\"@context\":\"https:\/\/schema.org\",\"@graph\":[{\"@type\":\"WebPage\",\"@id\":\"https:\/\/radiodatacenter.net\/tr\/coezuemler\/bilgi-eglence-sistemleri-icin-radyo-istasyonlarinin-verileri-ve-logolari\/\",\"url\":\"https:\/\/radiodatacenter.net\/tr\/coezuemler\/bilgi-eglence-sistemleri-icin-radyo-istasyonlarinin-verileri-ve-logolari\/\",\"name\":\"Bilgi-E\u011flence Sistemleri i\u00e7in radyo istasyonlar\u0131n\u0131n verileri ve logolar\u0131 - Radio Data Center\",\"isPartOf\":{\"@id\":\"https:\/\/radiodatacenter.net\/tr\/#website\"},\"datePublished\":\"2022-03-28T19:14:16+00:00\",\"dateModified\":\"2022-04-23T22:33:53+00:00\",\"breadcrumb\":{\"@id\":\"https:\/\/radiodatacenter.net\/tr\/coezuemler\/bilgi-eglence-sistemleri-icin-radyo-istasyonlarinin-verileri-ve-logolari\/#breadcrumb\"},\"inLanguage\":\"tr\",\"potentialAction\":[{\"@type\":\"ReadAction\",\"target\":[\"https:\/\/radiodatacenter.net\/tr\/coezuemler\/bilgi-eglence-sistemleri-icin-radyo-istasyonlarinin-verileri-ve-logolari\/\"]}]},{\"@type\":\"BreadcrumbList\",\"@id\":\"https:\/\/radiodatacenter.net\/tr\/coezuemler\/bilgi-eglence-sistemleri-icin-radyo-istasyonlarinin-verileri-ve-logolari\/#breadcrumb\",\"itemListElement\":[{\"@type\":\"ListItem\",\"position\":1,\"name\":\"Startseite\",\"item\":\"https:\/\/radiodatacenter.net\/tr\/\"},{\"@type\":\"ListItem\",\"position\":2,\"name\":\"\u00c7\u00f6z\u00fcmler\",\"item\":\"https:\/\/radiodatacenter.net\/tr\/coezuemler\/\"},{\"@type\":\"ListItem\",\"position\":3,\"name\":\"Bilgi-E\u011flence Sistemleri i\u00e7in radyo istasyonlar\u0131n\u0131n verileri ve logolar\u0131\"}]},{\"@type\":\"WebSite\",\"@id\":\"https:\/\/radiodatacenter.net\/tr\/#website\",\"url\":\"https:\/\/radiodatacenter.net\/tr\/\",\"name\":\"Radio Data Center\",\"description\":\"\",\"potentialAction\":[{\"@type\":\"SearchAction\",\"target\":{\"@type\":\"EntryPoint\",\"urlTemplate\":\"https:\/\/radiodatacenter.net\/tr\/?s={search_term_string}\"},\"query-input\":\"required name=search_term_string\"}],\"inLanguage\":\"tr\"}]}<\/script>\n<!-- \/ Yoast SEO plugin. -->","yoast_head_json":{"title":"Bilgi-E\u011flence Sistemleri i\u00e7in radyo istasyonlar\u0131n\u0131n verileri ve logolar\u0131 - Radio Data Center","robots":{"index":"index","follow":"follow","max-snippet":"max-snippet:-1","max-image-preview":"max-image-preview:large","max-video-preview":"max-video-preview:-1"},"canonical":"https:\/\/radiodatacenter.net\/tr\/coezuemler\/bilgi-eglence-sistemleri-icin-radyo-istasyonlarinin-verileri-ve-logolari\/","og_locale":"tr_TR","og_type":"article","og_title":"Bilgi-E\u011flence Sistemleri i\u00e7in radyo istasyonlar\u0131n\u0131n verileri ve logolar\u0131 - Radio Data Center","og_url":"https:\/\/radiodatacenter.net\/tr\/coezuemler\/bilgi-eglence-sistemleri-icin-radyo-istasyonlarinin-verileri-ve-logolari\/","og_site_name":"Radio Data Center","article_modified_time":"2022-04-23T22:33:53+00:00","twitter_card":"summary_large_image","twitter_misc":{"Tahmini okuma s\u00fcresi":"3 dakika"},"schema":{"@context":"https:\/\/schema.org","@graph":[{"@type":"WebPage","@id":"https:\/\/radiodatacenter.net\/tr\/coezuemler\/bilgi-eglence-sistemleri-icin-radyo-istasyonlarinin-verileri-ve-logolari\/","url":"https:\/\/radiodatacenter.net\/tr\/coezuemler\/bilgi-eglence-sistemleri-icin-radyo-istasyonlarinin-verileri-ve-logolari\/","name":"Bilgi-E\u011flence Sistemleri i\u00e7in radyo istasyonlar\u0131n\u0131n verileri ve logolar\u0131 - Radio Data Center","isPartOf":{"@id":"https:\/\/radiodatacenter.net\/tr\/#website"},"datePublished":"2022-03-28T19:14:16+00:00","dateModified":"2022-04-23T22:33:53+00:00","breadcrumb":{"@id":"https:\/\/radiodatacenter.net\/tr\/coezuemler\/bilgi-eglence-sistemleri-icin-radyo-istasyonlarinin-verileri-ve-logolari\/#breadcrumb"},"inLanguage":"tr","potentialAction":[{"@type":"ReadAction","target":["https:\/\/radiodatacenter.net\/tr\/coezuemler\/bilgi-eglence-sistemleri-icin-radyo-istasyonlarinin-verileri-ve-logolari\/"]}]},{"@type":"BreadcrumbList","@id":"https:\/\/radiodatacenter.net\/tr\/coezuemler\/bilgi-eglence-sistemleri-icin-radyo-istasyonlarinin-verileri-ve-logolari\/#breadcrumb","itemListElement":[{"@type":"ListItem","position":1,"name":"Startseite","item":"https:\/\/radiodatacenter.net\/tr\/"},{"@type":"ListItem","position":2,"name":"\u00c7\u00f6z\u00fcmler","item":"https:\/\/radiodatacenter.net\/tr\/coezuemler\/"},{"@type":"ListItem","position":3,"name":"Bilgi-E\u011flence Sistemleri i\u00e7in radyo istasyonlar\u0131n\u0131n verileri ve logolar\u0131"}]},{"@type":"WebSite","@id":"https:\/\/radiodatacenter.net\/tr\/#website","url":"https:\/\/radiodatacenter.net\/tr\/","name":"Radio Data Center","description":"","potentialAction":[{"@type":"SearchAction","target":{"@type":"EntryPoint","urlTemplate":"https:\/\/radiodatacenter.net\/tr\/?s={search_term_string}"},"query-input":"required name=search_term_string"}],"inLanguage":"tr"}]}},"_links":{"self":[{"href":"https:\/\/radiodatacenter.net\/tr\/wp-json\/wp\/v2\/pages\/5656","targetHints":{"allow":["GET"]}}],"collection":[{"href":"https:\/\/radiodatacenter.net\/tr\/wp-json\/wp\/v2\/pages"}],"about":[{"href":"https:\/\/radiodatacenter.net\/tr\/wp-json\/wp\/v2\/types\/page"}],"author":[{"embeddable":true,"href":"https:\/\/radiodatacenter.net\/tr\/wp-json\/wp\/v2\/users\/3"}],"replies":[{"embeddable":true,"href":"https:\/\/radiodatacenter.net\/tr\/wp-json\/wp\/v2\/comments?post=5656"}],"version-history":[{"count":6,"href":"https:\/\/radiodatacenter.net\/tr\/wp-json\/wp\/v2\/pages\/5656\/revisions"}],"predecessor-version":[{"id":5664,"href":"https:\/\/radiodatacenter.net\/tr\/wp-json\/wp\/v2\/pages\/5656\/revisions\/5664"}],"up":[{"embeddable":true,"href":"https:\/\/radiodatacenter.net\/tr\/wp-json\/wp\/v2\/pages\/5648"}],"wp:attachment":[{"href":"https:\/\/radiodatacenter.net\/tr\/wp-json\/wp\/v2\/media?parent=5656"}],"curies":[{"name":"wp","href":"https:\/\/api.w.org\/{rel}","templated":true}]}}