{"id":5674,"date":"2022-03-28T22:02:42","date_gmt":"2022-03-28T20:02:42","guid":{"rendered":"https:\/\/radiodatacenter.net\/v2\/coezuemler\/danismanlik\/"},"modified":"2022-04-24T00:39:18","modified_gmt":"2022-04-23T22:39:18","slug":"danismanlik","status":"publish","type":"page","link":"https:\/\/radiodatacenter.net\/tr\/coezuemler\/danismanlik\/","title":{"rendered":"Dan\u0131\u015fmanl\u0131k"},"content":{"rendered":"<div class='flex_column av-4a1jzp-e7337bb686f2015a580fd954539df62f av_one_full  avia-builder-el-0  el_before_av_hr  avia-builder-el-first  first flex_column_div '   ><p><br \/>\n<section  class='av_textblock_section av-l1b3wf7f-807af8b68ac938f47e983f9e8ed2d658'  itemscope=\"itemscope\" itemtype=\"https:\/\/schema.org\/CreativeWork\" ><div class='avia_textblock'  itemprop=\"text\" ><h1>Dan\u0131\u015fmanl\u0131k<\/h1>\n<\/div><\/section><\/p><\/div>\n<div  class='hr av-l1b4o2qc-e6f146b340dde86bf92a08e504c2144e hr-short  avia-builder-el-3  el_after_av_one_full  el_before_av_one_half  hr-left'><span class='hr-inner '><span class=\"hr-inner-style\"><\/span><\/span><\/div>\n<div class='flex_column av-33xkdh-66531d04b88cdcea5cf21e7e0e7ded47 av_one_half  avia-builder-el-4  el_after_av_hr  el_before_av_one_half  first flex_column_div '   ><p><section  class='av_textblock_section av-l1b3dket-4f55c6676970cb3b408c752c9ee63f94'  itemscope=\"itemscope\" itemtype=\"https:\/\/schema.org\/CreativeWork\" ><div class='avia_textblock'  itemprop=\"text\" ><p>Sorular\u0131n\u0131z, istekleriniz ve fikirleriniz hakk\u0131nda uzmanlar\u0131m\u0131zla konu\u015fun. Bilgilerinizin gizlili\u011fini garanti ediyoruz. Teknik yeterlili\u011fimiz, giri\u015fimci ve yenilik\u00e7i d\u00fc\u015f\u00fcnce stilimiz ve \u00e7ok b\u00fcy\u00fck boyutlardaki very havuzumuz sayesinde hedeflerinize ula\u015fman\u0131z\u0131 sa\u011fl\u0131yoruz.<\/p>\n<\/div><\/section><br \/>\n\n<style type=\"text\/css\" data-created_by=\"avia_inline_auto\" id=\"style-css-av-l1l5vpwv-02fe2d946e2f63f6ac826c8ce7106a4f\">\n@keyframes av_sonarEffect_av-l1l5vpwv-02fe2d946e2f63f6ac826c8ce7106a4f {\n  0% {opacity: 0.3;}\n 50% {opacity: 0.5;}\n100% {opacity: 0.5; -webkit-transform: scale(1.5); transform: scale(1.5);}\n}\n@-webkit-keyframes av_sonarEffect_av-l1l5vpwv-02fe2d946e2f63f6ac826c8ce7106a4f {\n  0% {opacity: 0.3;}\n 50% {opacity: 0.5;}\n100% {opacity: 0.5; -webkit-transform: scale(1.5); transform: scale(1.5);}\n}\n.av_promobox.av-l1l5vpwv-02fe2d946e2f63f6ac826c8ce7106a4f:hover{\nanimation:av_sonarEffect_av-l1l5vpwv-02fe2d946e2f63f6ac826c8ce7106a4f 1s ease-in-out;\n-webkit-animation:av_sonarEffect_av-l1l5vpwv-02fe2d946e2f63f6ac826c8ce7106a4f 1s ease-in-out;\n-moz-animation:av_sonarEffect_av-l1l5vpwv-02fe2d946e2f63f6ac826c8ce7106a4f 1s ease-in-out;\n-o-animation:av_sonarEffect_av-l1l5vpwv-02fe2d946e2f63f6ac826c8ce7106a4f 1s ease-in-out;\n}\n<\/style>\n<div  class='av_promobox av-l1l5vpwv-02fe2d946e2f63f6ac826c8ce7106a4f avia-button-yes  avia-builder-el-6  el_after_av_textblock  avia-builder-el-last  avia-sonar-shadow'><div class='avia-promocontent'><\/p>\n<p style=\"margin-top: 15px;\"><strong>Sorunuz var m\u0131?<\/strong><\/p>\n<p>\n<\/div><div  class='avia-button-wrap avia-button-right ' ><a href='https:\/\/www.etermin.net\/RadioDataCenter?lang=en' class='avia-button av-l1l5vpwv-48e359b764dd6956cf9d6f312ab2e46b avia-icon_select-yes-left-icon avia-size-large avia-position-right avia-color-theme-color' target=\"_blank\" rel=\"noopener noreferrer\"><span class='avia_button_icon avia_button_icon_left' aria-hidden='true' data-av_icon='\ue835' data-av_iconfont='entypo-fontello'><\/span><span class='avia_iconbox_title' >\u015eimdi randevu al\u0131n<\/span><\/a><\/div><\/div><\/p><\/div><div class='flex_column av-27i31x-0217cb9d01d66626c3401b0fb74702ad av_one_half  avia-builder-el-7  el_after_av_one_half  avia-builder-el-last  flex_column_div '   ><style type=\"text\/css\" data-created_by=\"avia_inline_auto\" id=\"style-css-av-l1b4h7a5-a56e7138b1566d4eb3e80b1c7e188ba3\">\n.avia-image-container.av-l1b4h7a5-a56e7138b1566d4eb3e80b1c7e188ba3 .av-image-caption-overlay-center{\ncolor:#ffffff;\n}\n<\/style>\n<div  class='avia-image-container av-l1b4h7a5-a56e7138b1566d4eb3e80b1c7e188ba3 av-styling- avia-align-center  avia-builder-el-8  avia-builder-el-no-sibling '  itemprop=\"image\" itemscope=\"itemscope\" itemtype=\"https:\/\/schema.org\/ImageObject\" ><div class=\"avia-image-container-inner\"><div class=\"avia-image-overlay-wrap\"><img decoding=\"async\" class='wp-image-5608 avia-img-lazy-loading-not-5608 avia_image' src=\"https:\/\/radiodatacenter.net\/wp-content\/uploads\/2022\/04\/beratung-consulting-1.jpg\" alt='' title='Dan\u0131\u015fmanl\u0131k'  height=\"600\" width=\"1000\"  itemprop=\"thumbnailUrl\" srcset=\"https:\/\/radiodatacenter.net\/wp-content\/uploads\/2022\/04\/beratung-consulting-1.jpg 1000w, https:\/\/radiodatacenter.net\/wp-content\/uploads\/2022\/04\/beratung-consulting-1-300x180.jpg 300w, https:\/\/radiodatacenter.net\/wp-content\/uploads\/2022\/04\/beratung-consulting-1-768x461.jpg 768w, https:\/\/radiodatacenter.net\/wp-content\/uploads\/2022\/04\/beratung-consulting-1-705x423.jpg 705w\" sizes=\"(max-width: 1000px) 100vw, 1000px\" \/><\/div><\/div><\/div><\/div><\/p>\n","protected":false},"excerpt":{"rendered":"","protected":false},"author":3,"featured_media":0,"parent":5648,"menu_order":0,"comment_status":"closed","ping_status":"closed","template":"","meta":{"footnotes":""},"class_list":["post-5674","page","type-page","status-publish","hentry"],"yoast_head":"<!-- This site is optimized with the Yoast SEO plugin v20.10 - https:\/\/yoast.com\/wordpress\/plugins\/seo\/ -->\n<title>Dan\u0131\u015fmanl\u0131k - Radio Data Center<\/title>\n<meta name=\"robots\" content=\"index, follow, max-snippet:-1, max-image-preview:large, max-video-preview:-1\" \/>\n<link rel=\"canonical\" href=\"https:\/\/radiodatacenter.net\/tr\/coezuemler\/danismanlik\/\" \/>\n<meta property=\"og:locale\" content=\"tr_TR\" \/>\n<meta property=\"og:type\" content=\"article\" \/>\n<meta property=\"og:title\" content=\"Dan\u0131\u015fmanl\u0131k - Radio Data Center\" \/>\n<meta property=\"og:url\" content=\"https:\/\/radiodatacenter.net\/tr\/coezuemler\/danismanlik\/\" \/>\n<meta property=\"og:site_name\" content=\"Radio Data Center\" \/>\n<meta property=\"article:modified_time\" content=\"2022-04-23T22:39:18+00:00\" \/>\n<meta name=\"twitter:card\" content=\"summary_large_image\" \/>\n<meta name=\"twitter:label1\" content=\"Tahmini okuma s\u00fcresi\" \/>\n\t<meta name=\"twitter:data1\" content=\"3 dakika\" \/>\n<script type=\"application\/ld+json\" class=\"yoast-schema-graph\">{\"@context\":\"https:\/\/schema.org\",\"@graph\":[{\"@type\":\"WebPage\",\"@id\":\"https:\/\/radiodatacenter.net\/tr\/coezuemler\/danismanlik\/\",\"url\":\"https:\/\/radiodatacenter.net\/tr\/coezuemler\/danismanlik\/\",\"name\":\"Dan\u0131\u015fmanl\u0131k - Radio Data Center\",\"isPartOf\":{\"@id\":\"https:\/\/radiodatacenter.net\/tr\/#website\"},\"datePublished\":\"2022-03-28T20:02:42+00:00\",\"dateModified\":\"2022-04-23T22:39:18+00:00\",\"breadcrumb\":{\"@id\":\"https:\/\/radiodatacenter.net\/tr\/coezuemler\/danismanlik\/#breadcrumb\"},\"inLanguage\":\"tr\",\"potentialAction\":[{\"@type\":\"ReadAction\",\"target\":[\"https:\/\/radiodatacenter.net\/tr\/coezuemler\/danismanlik\/\"]}]},{\"@type\":\"BreadcrumbList\",\"@id\":\"https:\/\/radiodatacenter.net\/tr\/coezuemler\/danismanlik\/#breadcrumb\",\"itemListElement\":[{\"@type\":\"ListItem\",\"position\":1,\"name\":\"Startseite\",\"item\":\"https:\/\/radiodatacenter.net\/tr\/\"},{\"@type\":\"ListItem\",\"position\":2,\"name\":\"\u00c7\u00f6z\u00fcmler\",\"item\":\"https:\/\/radiodatacenter.net\/tr\/coezuemler\/\"},{\"@type\":\"ListItem\",\"position\":3,\"name\":\"Dan\u0131\u015fmanl\u0131k\"}]},{\"@type\":\"WebSite\",\"@id\":\"https:\/\/radiodatacenter.net\/tr\/#website\",\"url\":\"https:\/\/radiodatacenter.net\/tr\/\",\"name\":\"Radio Data Center\",\"description\":\"\",\"potentialAction\":[{\"@type\":\"SearchAction\",\"target\":{\"@type\":\"EntryPoint\",\"urlTemplate\":\"https:\/\/radiodatacenter.net\/tr\/?s={search_term_string}\"},\"query-input\":\"required name=search_term_string\"}],\"inLanguage\":\"tr\"}]}<\/script>\n<!-- \/ Yoast SEO plugin. -->","yoast_head_json":{"title":"Dan\u0131\u015fmanl\u0131k - Radio Data Center","robots":{"index":"index","follow":"follow","max-snippet":"max-snippet:-1","max-image-preview":"max-image-preview:large","max-video-preview":"max-video-preview:-1"},"canonical":"https:\/\/radiodatacenter.net\/tr\/coezuemler\/danismanlik\/","og_locale":"tr_TR","og_type":"article","og_title":"Dan\u0131\u015fmanl\u0131k - Radio Data Center","og_url":"https:\/\/radiodatacenter.net\/tr\/coezuemler\/danismanlik\/","og_site_name":"Radio Data Center","article_modified_time":"2022-04-23T22:39:18+00:00","twitter_card":"summary_large_image","twitter_misc":{"Tahmini okuma s\u00fcresi":"3 dakika"},"schema":{"@context":"https:\/\/schema.org","@graph":[{"@type":"WebPage","@id":"https:\/\/radiodatacenter.net\/tr\/coezuemler\/danismanlik\/","url":"https:\/\/radiodatacenter.net\/tr\/coezuemler\/danismanlik\/","name":"Dan\u0131\u015fmanl\u0131k - Radio Data Center","isPartOf":{"@id":"https:\/\/radiodatacenter.net\/tr\/#website"},"datePublished":"2022-03-28T20:02:42+00:00","dateModified":"2022-04-23T22:39:18+00:00","breadcrumb":{"@id":"https:\/\/radiodatacenter.net\/tr\/coezuemler\/danismanlik\/#breadcrumb"},"inLanguage":"tr","potentialAction":[{"@type":"ReadAction","target":["https:\/\/radiodatacenter.net\/tr\/coezuemler\/danismanlik\/"]}]},{"@type":"BreadcrumbList","@id":"https:\/\/radiodatacenter.net\/tr\/coezuemler\/danismanlik\/#breadcrumb","itemListElement":[{"@type":"ListItem","position":1,"name":"Startseite","item":"https:\/\/radiodatacenter.net\/tr\/"},{"@type":"ListItem","position":2,"name":"\u00c7\u00f6z\u00fcmler","item":"https:\/\/radiodatacenter.net\/tr\/coezuemler\/"},{"@type":"ListItem","position":3,"name":"Dan\u0131\u015fmanl\u0131k"}]},{"@type":"WebSite","@id":"https:\/\/radiodatacenter.net\/tr\/#website","url":"https:\/\/radiodatacenter.net\/tr\/","name":"Radio Data Center","description":"","potentialAction":[{"@type":"SearchAction","target":{"@type":"EntryPoint","urlTemplate":"https:\/\/radiodatacenter.net\/tr\/?s={search_term_string}"},"query-input":"required name=search_term_string"}],"inLanguage":"tr"}]}},"_links":{"self":[{"href":"https:\/\/radiodatacenter.net\/tr\/wp-json\/wp\/v2\/pages\/5674","targetHints":{"allow":["GET"]}}],"collection":[{"href":"https:\/\/radiodatacenter.net\/tr\/wp-json\/wp\/v2\/pages"}],"about":[{"href":"https:\/\/radiodatacenter.net\/tr\/wp-json\/wp\/v2\/types\/page"}],"author":[{"embeddable":true,"href":"https:\/\/radiodatacenter.net\/tr\/wp-json\/wp\/v2\/users\/3"}],"replies":[{"embeddable":true,"href":"https:\/\/radiodatacenter.net\/tr\/wp-json\/wp\/v2\/comments?post=5674"}],"version-history":[{"count":5,"href":"https:\/\/radiodatacenter.net\/tr\/wp-json\/wp\/v2\/pages\/5674\/revisions"}],"predecessor-version":[{"id":5680,"href":"https:\/\/radiodatacenter.net\/tr\/wp-json\/wp\/v2\/pages\/5674\/revisions\/5680"}],"up":[{"embeddable":true,"href":"https:\/\/radiodatacenter.net\/tr\/wp-json\/wp\/v2\/pages\/5648"}],"wp:attachment":[{"href":"https:\/\/radiodatacenter.net\/tr\/wp-json\/wp\/v2\/media?parent=5674"}],"curies":[{"name":"wp","href":"https:\/\/api.w.org\/{rel}","templated":true}]}}