{"id":5682,"date":"2022-03-28T22:03:13","date_gmt":"2022-03-28T20:03:13","guid":{"rendered":"https:\/\/radiodatacenter.net\/v2\/coezuemler\/analiz-ve-calismalar\/"},"modified":"2022-04-24T00:41:05","modified_gmt":"2022-04-23T22:41:05","slug":"analiz-ve-calismalar","status":"publish","type":"page","link":"https:\/\/radiodatacenter.net\/tr\/coezuemler\/analiz-ve-calismalar\/","title":{"rendered":"Analiz ve \u00c7al\u0131\u015fmalar"},"content":{"rendered":"<div class='flex_column av-4a1jzp-e7337bb686f2015a580fd954539df62f av_one_full  avia-builder-el-0  el_before_av_hr  avia-builder-el-first  first flex_column_div '   ><p><br \/>\n<section  class='av_textblock_section av-l1b3wf7f-807af8b68ac938f47e983f9e8ed2d658'  itemscope=\"itemscope\" itemtype=\"https:\/\/schema.org\/CreativeWork\" ><div class='avia_textblock'  itemprop=\"text\" ><h1>Analiz ve \u00c7al\u0131\u015fmalar<\/h1>\n<\/div><\/section><\/p><\/div>\n<div  class='hr av-l1b4o2qc-e6f146b340dde86bf92a08e504c2144e hr-short  avia-builder-el-3  el_after_av_one_full  el_before_av_one_half  hr-left'><span class='hr-inner '><span class=\"hr-inner-style\"><\/span><\/span><\/div>\n<div class='flex_column av-33xkdh-66531d04b88cdcea5cf21e7e0e7ded47 av_one_half  avia-builder-el-4  el_after_av_hr  el_before_av_one_half  first flex_column_div '   ><p><section  class='av_textblock_section av-l1b3dket-4f55c6676970cb3b408c752c9ee63f94'  itemscope=\"itemscope\" itemtype=\"https:\/\/schema.org\/CreativeWork\" ><div class='avia_textblock'  itemprop=\"text\" ><p>Ger\u00e7eklere dayanan ve detayl\u0131 bilgiler gerektiren kararlar vermeniz gerekti\u011finde bir uzmana dan\u0131\u015fmal\u0131s\u0131n\u0131z. Radyo yay\u0131n iletimi hakk\u0131ndaki b\u00fct\u00fcn sorular\u0131n\u0131z\u0131 ve sorunlar\u0131n\u0131z\u0131 analiz ediyoruz, ara\u015ft\u0131r\u0131yor ve mercek alt\u0131na al\u0131yoruz. Ba\u011f\u0131ms\u0131z, teknik olarak yeterli ve iyi bir a\u011fa sahip.<\/p>\n<\/div><\/section><br \/>\n\n<style type=\"text\/css\" data-created_by=\"avia_inline_auto\" id=\"style-css-av-2w32mz-4d84816a9ebacbd75e0b71c490d3ec0d\">\n@keyframes av_sonarEffect_av-2w32mz-4d84816a9ebacbd75e0b71c490d3ec0d {\n  0% {opacity: 0.3;}\n 50% {opacity: 0.5;}\n100% {opacity: 0.5; -webkit-transform: scale(1.5); transform: scale(1.5);}\n}\n@-webkit-keyframes av_sonarEffect_av-2w32mz-4d84816a9ebacbd75e0b71c490d3ec0d {\n  0% {opacity: 0.3;}\n 50% {opacity: 0.5;}\n100% {opacity: 0.5; -webkit-transform: scale(1.5); transform: scale(1.5);}\n}\n.av_promobox.av-2w32mz-4d84816a9ebacbd75e0b71c490d3ec0d:hover{\nanimation:av_sonarEffect_av-2w32mz-4d84816a9ebacbd75e0b71c490d3ec0d 1s ease-in-out;\n-webkit-animation:av_sonarEffect_av-2w32mz-4d84816a9ebacbd75e0b71c490d3ec0d 1s ease-in-out;\n-moz-animation:av_sonarEffect_av-2w32mz-4d84816a9ebacbd75e0b71c490d3ec0d 1s ease-in-out;\n-o-animation:av_sonarEffect_av-2w32mz-4d84816a9ebacbd75e0b71c490d3ec0d 1s ease-in-out;\n}\n<\/style>\n<div  class='av_promobox av-2w32mz-4d84816a9ebacbd75e0b71c490d3ec0d avia-button-yes  avia-builder-el-6  el_after_av_textblock  avia-builder-el-last  avia-sonar-shadow'><div class='avia-promocontent'><\/p>\n<p style=\"margin-top: 15px;\"><strong>Sorunuz var m\u0131?<\/strong><\/p>\n<p>\n<\/div><div  class='avia-button-wrap avia-button-right ' ><a href='https:\/\/radiodatacenter.net\/v2\/tr\/contact\/'  class='avia-button av-2w32mz-c2b360fb0c4db840efdba8165cc082f9 avia-icon_select-yes-left-icon avia-size-large avia-position-right avia-color-theme-color' ><span class='avia_button_icon avia_button_icon_left' aria-hidden='true' data-av_icon='\ue835' data-av_iconfont='entypo-fontello'><\/span><span class='avia_iconbox_title' >\u015eimdi sorgula<\/span><\/a><\/div><\/div><\/p><\/div>\n<div class='flex_column av-27i31x-0217cb9d01d66626c3401b0fb74702ad av_one_half  avia-builder-el-7  el_after_av_one_half  avia-builder-el-last  flex_column_div '   ><style type=\"text\/css\" data-created_by=\"avia_inline_auto\" id=\"style-css-av-l1b4h7a5-ecf2169173068f011c282222527b0f58\">\n.avia-image-container.av-l1b4h7a5-ecf2169173068f011c282222527b0f58 .av-image-caption-overlay-center{\ncolor:#ffffff;\n}\n<\/style>\n<div  class='avia-image-container av-l1b4h7a5-ecf2169173068f011c282222527b0f58 av-styling- avia-align-center  avia-builder-el-8  avia-builder-el-no-sibling '  itemprop=\"image\" itemscope=\"itemscope\" itemtype=\"https:\/\/schema.org\/ImageObject\" ><div class=\"avia-image-container-inner\"><div class=\"avia-image-overlay-wrap\"><img decoding=\"async\" class='wp-image-5610 avia-img-lazy-loading-not-5610 avia_image' src=\"https:\/\/radiodatacenter.net\/wp-content\/uploads\/2022\/04\/studien-analysen.jpg\" alt='' title='Analiz ve \u00c7al\u0131\u015fmalar'  height=\"600\" width=\"1000\"  itemprop=\"thumbnailUrl\" srcset=\"https:\/\/radiodatacenter.net\/wp-content\/uploads\/2022\/04\/studien-analysen.jpg 1000w, https:\/\/radiodatacenter.net\/wp-content\/uploads\/2022\/04\/studien-analysen-300x180.jpg 300w, https:\/\/radiodatacenter.net\/wp-content\/uploads\/2022\/04\/studien-analysen-768x461.jpg 768w, https:\/\/radiodatacenter.net\/wp-content\/uploads\/2022\/04\/studien-analysen-705x423.jpg 705w\" sizes=\"(max-width: 1000px) 100vw, 1000px\" \/><\/div><\/div><\/div><\/div>\n","protected":false},"excerpt":{"rendered":"","protected":false},"author":3,"featured_media":0,"parent":5648,"menu_order":0,"comment_status":"closed","ping_status":"closed","template":"","meta":{"footnotes":""},"class_list":["post-5682","page","type-page","status-publish","hentry"],"yoast_head":"<!-- This site is optimized with the Yoast SEO plugin v20.10 - https:\/\/yoast.com\/wordpress\/plugins\/seo\/ -->\n<title>Analiz ve \u00c7al\u0131\u015fmalar - Radio Data Center<\/title>\n<meta name=\"robots\" content=\"index, follow, max-snippet:-1, max-image-preview:large, max-video-preview:-1\" \/>\n<link rel=\"canonical\" href=\"https:\/\/radiodatacenter.net\/tr\/coezuemler\/analiz-ve-calismalar\/\" \/>\n<meta property=\"og:locale\" content=\"tr_TR\" \/>\n<meta property=\"og:type\" content=\"article\" \/>\n<meta property=\"og:title\" content=\"Analiz ve \u00c7al\u0131\u015fmalar - Radio Data Center\" \/>\n<meta property=\"og:url\" content=\"https:\/\/radiodatacenter.net\/tr\/coezuemler\/analiz-ve-calismalar\/\" \/>\n<meta property=\"og:site_name\" content=\"Radio Data Center\" \/>\n<meta property=\"article:modified_time\" content=\"2022-04-23T22:41:05+00:00\" \/>\n<meta name=\"twitter:card\" content=\"summary_large_image\" \/>\n<meta name=\"twitter:label1\" content=\"Tahmini okuma s\u00fcresi\" \/>\n\t<meta name=\"twitter:data1\" content=\"3 dakika\" \/>\n<script type=\"application\/ld+json\" class=\"yoast-schema-graph\">{\"@context\":\"https:\/\/schema.org\",\"@graph\":[{\"@type\":\"WebPage\",\"@id\":\"https:\/\/radiodatacenter.net\/tr\/coezuemler\/analiz-ve-calismalar\/\",\"url\":\"https:\/\/radiodatacenter.net\/tr\/coezuemler\/analiz-ve-calismalar\/\",\"name\":\"Analiz ve \u00c7al\u0131\u015fmalar - Radio Data Center\",\"isPartOf\":{\"@id\":\"https:\/\/radiodatacenter.net\/tr\/#website\"},\"datePublished\":\"2022-03-28T20:03:13+00:00\",\"dateModified\":\"2022-04-23T22:41:05+00:00\",\"breadcrumb\":{\"@id\":\"https:\/\/radiodatacenter.net\/tr\/coezuemler\/analiz-ve-calismalar\/#breadcrumb\"},\"inLanguage\":\"tr\",\"potentialAction\":[{\"@type\":\"ReadAction\",\"target\":[\"https:\/\/radiodatacenter.net\/tr\/coezuemler\/analiz-ve-calismalar\/\"]}]},{\"@type\":\"BreadcrumbList\",\"@id\":\"https:\/\/radiodatacenter.net\/tr\/coezuemler\/analiz-ve-calismalar\/#breadcrumb\",\"itemListElement\":[{\"@type\":\"ListItem\",\"position\":1,\"name\":\"Startseite\",\"item\":\"https:\/\/radiodatacenter.net\/tr\/\"},{\"@type\":\"ListItem\",\"position\":2,\"name\":\"\u00c7\u00f6z\u00fcmler\",\"item\":\"https:\/\/radiodatacenter.net\/tr\/coezuemler\/\"},{\"@type\":\"ListItem\",\"position\":3,\"name\":\"Analiz ve \u00c7al\u0131\u015fmalar\"}]},{\"@type\":\"WebSite\",\"@id\":\"https:\/\/radiodatacenter.net\/tr\/#website\",\"url\":\"https:\/\/radiodatacenter.net\/tr\/\",\"name\":\"Radio Data Center\",\"description\":\"\",\"potentialAction\":[{\"@type\":\"SearchAction\",\"target\":{\"@type\":\"EntryPoint\",\"urlTemplate\":\"https:\/\/radiodatacenter.net\/tr\/?s={search_term_string}\"},\"query-input\":\"required name=search_term_string\"}],\"inLanguage\":\"tr\"}]}<\/script>\n<!-- \/ Yoast SEO plugin. -->","yoast_head_json":{"title":"Analiz ve \u00c7al\u0131\u015fmalar - Radio Data Center","robots":{"index":"index","follow":"follow","max-snippet":"max-snippet:-1","max-image-preview":"max-image-preview:large","max-video-preview":"max-video-preview:-1"},"canonical":"https:\/\/radiodatacenter.net\/tr\/coezuemler\/analiz-ve-calismalar\/","og_locale":"tr_TR","og_type":"article","og_title":"Analiz ve \u00c7al\u0131\u015fmalar - Radio Data Center","og_url":"https:\/\/radiodatacenter.net\/tr\/coezuemler\/analiz-ve-calismalar\/","og_site_name":"Radio Data Center","article_modified_time":"2022-04-23T22:41:05+00:00","twitter_card":"summary_large_image","twitter_misc":{"Tahmini okuma s\u00fcresi":"3 dakika"},"schema":{"@context":"https:\/\/schema.org","@graph":[{"@type":"WebPage","@id":"https:\/\/radiodatacenter.net\/tr\/coezuemler\/analiz-ve-calismalar\/","url":"https:\/\/radiodatacenter.net\/tr\/coezuemler\/analiz-ve-calismalar\/","name":"Analiz ve \u00c7al\u0131\u015fmalar - Radio Data Center","isPartOf":{"@id":"https:\/\/radiodatacenter.net\/tr\/#website"},"datePublished":"2022-03-28T20:03:13+00:00","dateModified":"2022-04-23T22:41:05+00:00","breadcrumb":{"@id":"https:\/\/radiodatacenter.net\/tr\/coezuemler\/analiz-ve-calismalar\/#breadcrumb"},"inLanguage":"tr","potentialAction":[{"@type":"ReadAction","target":["https:\/\/radiodatacenter.net\/tr\/coezuemler\/analiz-ve-calismalar\/"]}]},{"@type":"BreadcrumbList","@id":"https:\/\/radiodatacenter.net\/tr\/coezuemler\/analiz-ve-calismalar\/#breadcrumb","itemListElement":[{"@type":"ListItem","position":1,"name":"Startseite","item":"https:\/\/radiodatacenter.net\/tr\/"},{"@type":"ListItem","position":2,"name":"\u00c7\u00f6z\u00fcmler","item":"https:\/\/radiodatacenter.net\/tr\/coezuemler\/"},{"@type":"ListItem","position":3,"name":"Analiz ve \u00c7al\u0131\u015fmalar"}]},{"@type":"WebSite","@id":"https:\/\/radiodatacenter.net\/tr\/#website","url":"https:\/\/radiodatacenter.net\/tr\/","name":"Radio Data Center","description":"","potentialAction":[{"@type":"SearchAction","target":{"@type":"EntryPoint","urlTemplate":"https:\/\/radiodatacenter.net\/tr\/?s={search_term_string}"},"query-input":"required name=search_term_string"}],"inLanguage":"tr"}]}},"_links":{"self":[{"href":"https:\/\/radiodatacenter.net\/tr\/wp-json\/wp\/v2\/pages\/5682","targetHints":{"allow":["GET"]}}],"collection":[{"href":"https:\/\/radiodatacenter.net\/tr\/wp-json\/wp\/v2\/pages"}],"about":[{"href":"https:\/\/radiodatacenter.net\/tr\/wp-json\/wp\/v2\/types\/page"}],"author":[{"embeddable":true,"href":"https:\/\/radiodatacenter.net\/tr\/wp-json\/wp\/v2\/users\/3"}],"replies":[{"embeddable":true,"href":"https:\/\/radiodatacenter.net\/tr\/wp-json\/wp\/v2\/comments?post=5682"}],"version-history":[{"count":5,"href":"https:\/\/radiodatacenter.net\/tr\/wp-json\/wp\/v2\/pages\/5682\/revisions"}],"predecessor-version":[{"id":5688,"href":"https:\/\/radiodatacenter.net\/tr\/wp-json\/wp\/v2\/pages\/5682\/revisions\/5688"}],"up":[{"embeddable":true,"href":"https:\/\/radiodatacenter.net\/tr\/wp-json\/wp\/v2\/pages\/5648"}],"wp:attachment":[{"href":"https:\/\/radiodatacenter.net\/tr\/wp-json\/wp\/v2\/media?parent=5682"}],"curies":[{"name":"wp","href":"https:\/\/api.w.org\/{rel}","templated":true}]}}