{"id":5690,"date":"2022-03-28T22:03:48","date_gmt":"2022-03-28T20:03:48","guid":{"rendered":"https:\/\/radiodatacenter.net\/v2\/coezuemler\/lisansli-veri-kullanimi\/"},"modified":"2022-04-24T00:43:00","modified_gmt":"2022-04-23T22:43:00","slug":"lisansli-veri-kullanimi","status":"publish","type":"page","link":"https:\/\/radiodatacenter.net\/tr\/coezuemler\/lisansli-veri-kullanimi\/","title":{"rendered":"Lisansl\u0131 Veri Kullan\u0131m\u0131"},"content":{"rendered":"<div class='flex_column av-4a1jzp-e7337bb686f2015a580fd954539df62f av_one_full  avia-builder-el-0  el_before_av_hr  avia-builder-el-first  first flex_column_div '   ><p><br \/>\n<section  class='av_textblock_section av-l1b3wf7f-807af8b68ac938f47e983f9e8ed2d658'  itemscope=\"itemscope\" itemtype=\"https:\/\/schema.org\/CreativeWork\" ><div class='avia_textblock'  itemprop=\"text\" ><h1>Lisansl\u0131 Veri Kullan\u0131m\u0131<\/h1>\n<\/div><\/section><\/p><\/div>\n<div  class='hr av-l1b4o2qc-e6f146b340dde86bf92a08e504c2144e hr-short  avia-builder-el-3  el_after_av_one_full  el_before_av_one_half  hr-left'><span class='hr-inner '><span class=\"hr-inner-style\"><\/span><\/span><\/div>\n<div class='flex_column av-33xkdh-66531d04b88cdcea5cf21e7e0e7ded47 av_one_half  avia-builder-el-4  el_after_av_hr  el_before_av_one_half  first flex_column_div '   ><p><section  class='av_textblock_section av-l1b3dket-4f55c6676970cb3b408c752c9ee63f94'  itemscope=\"itemscope\" itemtype=\"https:\/\/schema.org\/CreativeWork\" ><div class='avia_textblock'  itemprop=\"text\" ><p>D\u00fcnya genelindeki yay\u0131n verilerinin geli\u015ftirilmesi, y\u00f6netilmesi ve g\u00fcncellenmesi olduk\u00e7a vakit alan bir u\u011fra\u015f oldu\u011fundan \u00f6t\u00fcr\u00fc bunu veri merkezi operat\u00f6r\u00fc \u00e7al\u0131\u015f\u0131nlar\u0131m\u0131z olmadan ba\u015farmam\u0131z imkans\u0131z olurdu. Internet g\u00fcncel olmayan ve yanl\u0131\u015f bilgiler ile dolu bir yer. Verilerin kullan\u0131m\u0131 i\u00e7in lisans \u00fccreti talep ederek harcamalar\u0131m\u0131z\u0131 kendi kaynaklar\u0131m\u0131zdan finanse ediyoruz. Bu sayede hizmetlerimizi reklam i\u00e7ermeyecek ve farkl\u0131 ama\u00e7lara hizmet edecek \u015fekilde sizlere sunabiliyoruz.<\/p>\n<\/div><\/section><br \/>\n\n<style type=\"text\/css\" data-created_by=\"avia_inline_auto\" id=\"style-css-av-2060wc-822fa4b285c44e107940286d24db7ad0\">\n@keyframes av_sonarEffect_av-2060wc-822fa4b285c44e107940286d24db7ad0 {\n  0% {opacity: 0.3;}\n 50% {opacity: 0.5;}\n100% {opacity: 0.5; -webkit-transform: scale(1.5); transform: scale(1.5);}\n}\n@-webkit-keyframes av_sonarEffect_av-2060wc-822fa4b285c44e107940286d24db7ad0 {\n  0% {opacity: 0.3;}\n 50% {opacity: 0.5;}\n100% {opacity: 0.5; -webkit-transform: scale(1.5); transform: scale(1.5);}\n}\n.av_promobox.av-2060wc-822fa4b285c44e107940286d24db7ad0:hover{\nanimation:av_sonarEffect_av-2060wc-822fa4b285c44e107940286d24db7ad0 1s ease-in-out;\n-webkit-animation:av_sonarEffect_av-2060wc-822fa4b285c44e107940286d24db7ad0 1s ease-in-out;\n-moz-animation:av_sonarEffect_av-2060wc-822fa4b285c44e107940286d24db7ad0 1s ease-in-out;\n-o-animation:av_sonarEffect_av-2060wc-822fa4b285c44e107940286d24db7ad0 1s ease-in-out;\n}\n<\/style>\n<div  class='av_promobox av-2060wc-822fa4b285c44e107940286d24db7ad0 avia-button-yes  avia-builder-el-6  el_after_av_textblock  avia-builder-el-last  avia-sonar-shadow'><div class='avia-promocontent'><\/p>\n<p style=\"margin-top: 15px;\"><strong>Sorunuz var m\u0131?<\/strong><\/p>\n<p>\n<\/div><div  class='avia-button-wrap avia-button-right ' ><a href='https:\/\/radiodatacenter.net\/v2\/tr\/contact\/'  class='avia-button av-2060wc-2e33e964670ecb3b6f1ec8c69ad2fc1e avia-icon_select-yes-left-icon avia-size-large avia-position-right avia-color-theme-color' ><span class='avia_button_icon avia_button_icon_left' aria-hidden='true' data-av_icon='\ue835' data-av_iconfont='entypo-fontello'><\/span><span class='avia_iconbox_title' >\u015eimdi sorgula<\/span><\/a><\/div><\/div><\/p><\/div>\n<div class='flex_column av-27i31x-0217cb9d01d66626c3401b0fb74702ad av_one_half  avia-builder-el-7  el_after_av_one_half  avia-builder-el-last  flex_column_div '   ><style type=\"text\/css\" data-created_by=\"avia_inline_auto\" id=\"style-css-av-l1b4h7a5-8a6dd8595cb24275b90611c67fdd79fc\">\n.avia-image-container.av-l1b4h7a5-8a6dd8595cb24275b90611c67fdd79fc .av-image-caption-overlay-center{\ncolor:#ffffff;\n}\n<\/style>\n<div  class='avia-image-container av-l1b4h7a5-8a6dd8595cb24275b90611c67fdd79fc av-styling- avia-align-center  avia-builder-el-8  avia-builder-el-no-sibling '  itemprop=\"image\" itemscope=\"itemscope\" itemtype=\"https:\/\/schema.org\/ImageObject\" ><div class=\"avia-image-container-inner\"><div class=\"avia-image-overlay-wrap\"><img decoding=\"async\" class='wp-image-5612 avia-img-lazy-loading-not-5612 avia_image' src=\"https:\/\/radiodatacenter.net\/wp-content\/uploads\/2022\/04\/lizenzierte-datennutzung.jpg\" alt='' title='Lisansl\u0131 Veri Kullan\u0131m\u0131'  height=\"600\" width=\"1000\"  itemprop=\"thumbnailUrl\" srcset=\"https:\/\/radiodatacenter.net\/wp-content\/uploads\/2022\/04\/lizenzierte-datennutzung.jpg 1000w, https:\/\/radiodatacenter.net\/wp-content\/uploads\/2022\/04\/lizenzierte-datennutzung-300x180.jpg 300w, https:\/\/radiodatacenter.net\/wp-content\/uploads\/2022\/04\/lizenzierte-datennutzung-768x461.jpg 768w, https:\/\/radiodatacenter.net\/wp-content\/uploads\/2022\/04\/lizenzierte-datennutzung-705x423.jpg 705w\" sizes=\"(max-width: 1000px) 100vw, 1000px\" \/><\/div><\/div><\/div><\/div>\n","protected":false},"excerpt":{"rendered":"","protected":false},"author":3,"featured_media":0,"parent":5648,"menu_order":0,"comment_status":"closed","ping_status":"closed","template":"","meta":{"footnotes":""},"class_list":["post-5690","page","type-page","status-publish","hentry"],"yoast_head":"<!-- This site is optimized with the Yoast SEO plugin v20.10 - https:\/\/yoast.com\/wordpress\/plugins\/seo\/ -->\n<title>Lisansl\u0131 Veri Kullan\u0131m\u0131 - Radio Data Center<\/title>\n<meta name=\"robots\" content=\"index, follow, max-snippet:-1, max-image-preview:large, max-video-preview:-1\" \/>\n<link rel=\"canonical\" href=\"https:\/\/radiodatacenter.net\/tr\/coezuemler\/lisansli-veri-kullanimi\/\" \/>\n<meta property=\"og:locale\" content=\"tr_TR\" \/>\n<meta property=\"og:type\" content=\"article\" \/>\n<meta property=\"og:title\" content=\"Lisansl\u0131 Veri Kullan\u0131m\u0131 - Radio Data Center\" \/>\n<meta property=\"og:url\" content=\"https:\/\/radiodatacenter.net\/tr\/coezuemler\/lisansli-veri-kullanimi\/\" \/>\n<meta property=\"og:site_name\" content=\"Radio Data Center\" \/>\n<meta property=\"article:modified_time\" content=\"2022-04-23T22:43:00+00:00\" \/>\n<meta name=\"twitter:card\" content=\"summary_large_image\" \/>\n<meta name=\"twitter:label1\" content=\"Tahmini okuma s\u00fcresi\" \/>\n\t<meta name=\"twitter:data1\" content=\"3 dakika\" \/>\n<script type=\"application\/ld+json\" class=\"yoast-schema-graph\">{\"@context\":\"https:\/\/schema.org\",\"@graph\":[{\"@type\":\"WebPage\",\"@id\":\"https:\/\/radiodatacenter.net\/tr\/coezuemler\/lisansli-veri-kullanimi\/\",\"url\":\"https:\/\/radiodatacenter.net\/tr\/coezuemler\/lisansli-veri-kullanimi\/\",\"name\":\"Lisansl\u0131 Veri Kullan\u0131m\u0131 - Radio Data Center\",\"isPartOf\":{\"@id\":\"https:\/\/radiodatacenter.net\/tr\/#website\"},\"datePublished\":\"2022-03-28T20:03:48+00:00\",\"dateModified\":\"2022-04-23T22:43:00+00:00\",\"breadcrumb\":{\"@id\":\"https:\/\/radiodatacenter.net\/tr\/coezuemler\/lisansli-veri-kullanimi\/#breadcrumb\"},\"inLanguage\":\"tr\",\"potentialAction\":[{\"@type\":\"ReadAction\",\"target\":[\"https:\/\/radiodatacenter.net\/tr\/coezuemler\/lisansli-veri-kullanimi\/\"]}]},{\"@type\":\"BreadcrumbList\",\"@id\":\"https:\/\/radiodatacenter.net\/tr\/coezuemler\/lisansli-veri-kullanimi\/#breadcrumb\",\"itemListElement\":[{\"@type\":\"ListItem\",\"position\":1,\"name\":\"Startseite\",\"item\":\"https:\/\/radiodatacenter.net\/tr\/\"},{\"@type\":\"ListItem\",\"position\":2,\"name\":\"\u00c7\u00f6z\u00fcmler\",\"item\":\"https:\/\/radiodatacenter.net\/tr\/coezuemler\/\"},{\"@type\":\"ListItem\",\"position\":3,\"name\":\"Lisansl\u0131 Veri Kullan\u0131m\u0131\"}]},{\"@type\":\"WebSite\",\"@id\":\"https:\/\/radiodatacenter.net\/tr\/#website\",\"url\":\"https:\/\/radiodatacenter.net\/tr\/\",\"name\":\"Radio Data Center\",\"description\":\"\",\"potentialAction\":[{\"@type\":\"SearchAction\",\"target\":{\"@type\":\"EntryPoint\",\"urlTemplate\":\"https:\/\/radiodatacenter.net\/tr\/?s={search_term_string}\"},\"query-input\":\"required name=search_term_string\"}],\"inLanguage\":\"tr\"}]}<\/script>\n<!-- \/ Yoast SEO plugin. -->","yoast_head_json":{"title":"Lisansl\u0131 Veri Kullan\u0131m\u0131 - Radio Data Center","robots":{"index":"index","follow":"follow","max-snippet":"max-snippet:-1","max-image-preview":"max-image-preview:large","max-video-preview":"max-video-preview:-1"},"canonical":"https:\/\/radiodatacenter.net\/tr\/coezuemler\/lisansli-veri-kullanimi\/","og_locale":"tr_TR","og_type":"article","og_title":"Lisansl\u0131 Veri Kullan\u0131m\u0131 - Radio Data Center","og_url":"https:\/\/radiodatacenter.net\/tr\/coezuemler\/lisansli-veri-kullanimi\/","og_site_name":"Radio Data Center","article_modified_time":"2022-04-23T22:43:00+00:00","twitter_card":"summary_large_image","twitter_misc":{"Tahmini okuma s\u00fcresi":"3 dakika"},"schema":{"@context":"https:\/\/schema.org","@graph":[{"@type":"WebPage","@id":"https:\/\/radiodatacenter.net\/tr\/coezuemler\/lisansli-veri-kullanimi\/","url":"https:\/\/radiodatacenter.net\/tr\/coezuemler\/lisansli-veri-kullanimi\/","name":"Lisansl\u0131 Veri Kullan\u0131m\u0131 - Radio Data Center","isPartOf":{"@id":"https:\/\/radiodatacenter.net\/tr\/#website"},"datePublished":"2022-03-28T20:03:48+00:00","dateModified":"2022-04-23T22:43:00+00:00","breadcrumb":{"@id":"https:\/\/radiodatacenter.net\/tr\/coezuemler\/lisansli-veri-kullanimi\/#breadcrumb"},"inLanguage":"tr","potentialAction":[{"@type":"ReadAction","target":["https:\/\/radiodatacenter.net\/tr\/coezuemler\/lisansli-veri-kullanimi\/"]}]},{"@type":"BreadcrumbList","@id":"https:\/\/radiodatacenter.net\/tr\/coezuemler\/lisansli-veri-kullanimi\/#breadcrumb","itemListElement":[{"@type":"ListItem","position":1,"name":"Startseite","item":"https:\/\/radiodatacenter.net\/tr\/"},{"@type":"ListItem","position":2,"name":"\u00c7\u00f6z\u00fcmler","item":"https:\/\/radiodatacenter.net\/tr\/coezuemler\/"},{"@type":"ListItem","position":3,"name":"Lisansl\u0131 Veri Kullan\u0131m\u0131"}]},{"@type":"WebSite","@id":"https:\/\/radiodatacenter.net\/tr\/#website","url":"https:\/\/radiodatacenter.net\/tr\/","name":"Radio Data Center","description":"","potentialAction":[{"@type":"SearchAction","target":{"@type":"EntryPoint","urlTemplate":"https:\/\/radiodatacenter.net\/tr\/?s={search_term_string}"},"query-input":"required name=search_term_string"}],"inLanguage":"tr"}]}},"_links":{"self":[{"href":"https:\/\/radiodatacenter.net\/tr\/wp-json\/wp\/v2\/pages\/5690","targetHints":{"allow":["GET"]}}],"collection":[{"href":"https:\/\/radiodatacenter.net\/tr\/wp-json\/wp\/v2\/pages"}],"about":[{"href":"https:\/\/radiodatacenter.net\/tr\/wp-json\/wp\/v2\/types\/page"}],"author":[{"embeddable":true,"href":"https:\/\/radiodatacenter.net\/tr\/wp-json\/wp\/v2\/users\/3"}],"replies":[{"embeddable":true,"href":"https:\/\/radiodatacenter.net\/tr\/wp-json\/wp\/v2\/comments?post=5690"}],"version-history":[{"count":5,"href":"https:\/\/radiodatacenter.net\/tr\/wp-json\/wp\/v2\/pages\/5690\/revisions"}],"predecessor-version":[{"id":5696,"href":"https:\/\/radiodatacenter.net\/tr\/wp-json\/wp\/v2\/pages\/5690\/revisions\/5696"}],"up":[{"embeddable":true,"href":"https:\/\/radiodatacenter.net\/tr\/wp-json\/wp\/v2\/pages\/5648"}],"wp:attachment":[{"href":"https:\/\/radiodatacenter.net\/tr\/wp-json\/wp\/v2\/media?parent=5690"}],"curies":[{"name":"wp","href":"https:\/\/api.w.org\/{rel}","templated":true}]}}