{"id":5728,"date":"2022-03-28T22:30:44","date_gmt":"2022-03-28T20:30:44","guid":{"rendered":"https:\/\/radiodatacenter.net\/v2\/projeler\/airi-cocuk-radyosu-icin-dogru-ve-en-iyi-secim\/"},"modified":"2022-04-24T21:04:22","modified_gmt":"2022-04-24T19:04:22","slug":"airi-cocuk-radyosu-icin-dogru-ve-en-iyi-secim","status":"publish","type":"page","link":"https:\/\/radiodatacenter.net\/tr\/airi-cocuk-radyosu-icin-dogru-ve-en-iyi-secim\/","title":{"rendered":"AIRI &#8211; \u00e7ocuk radyosu i\u00e7in do\u011fru ve en iyi se\u00e7im"},"content":{"rendered":"\n<style type=\"text\/css\" data-created_by=\"avia_inline_auto\" id=\"style-css-av-l1eul9s2-9a1404239e4bfc4c8ab6ec2c90e7f175\">\n.avia-section.av-l1eul9s2-9a1404239e4bfc4c8ab6ec2c90e7f175 .av-parallax .av-parallax-inner{\nbackground-repeat:no-repeat;\nbackground-image:url(https:\/\/radiodatacenter.net\/wp-content\/uploads\/2022\/03\/airi-slider2-1030x349.jpg);\nbackground-position:50% 50%;\nbackground-attachment:scroll;\n}\n<\/style>\n<div id='av_section_1'  class='avia-section av-l1eul9s2-9a1404239e4bfc4c8ab6ec2c90e7f175 main_color avia-section-default avia-no-border-styling  avia-builder-el-0  el_before_av_one_full  avia-builder-el-first  av-parallax-section avia-bg-style-parallax av-minimum-height av-minimum-height-custom  container_wrap sidebar_right'  data-section-bg-repeat='no-repeat'><div class='av-parallax' data-avia-parallax-ratio='0.3' ><div class='av-parallax-inner main_color avia-full-stretch'><\/div><\/div><div class='container av-section-cont-open' style='height:300px'><main  role=\"main\" itemprop=\"mainContentOfPage\"  class='template-page content  av-content-small alpha units'><div class='post-entry post-entry-type-page post-entry-5728'><div class='entry-content-wrapper clearfix'><\/div><\/div><\/main><!-- close content main element --><\/div><\/div><div id='after_section_1'  class='main_color av_default_container_wrap container_wrap sidebar_right'  ><div class='container av-section-cont-open' ><div class='template-page content  av-content-small alpha units'><div class='post-entry post-entry-type-page post-entry-5728'><div class='entry-content-wrapper clearfix'>\n<div class='flex_column av-4a1jzp-e7337bb686f2015a580fd954539df62f av_one_full  avia-builder-el-1  el_after_av_section  el_before_av_hr  avia-builder-el-first  first flex_column_div '   ><p><br \/>\n<section  class='av_textblock_section av-l1b3wf7f-807af8b68ac938f47e983f9e8ed2d658'  itemscope=\"itemscope\" itemtype=\"https:\/\/schema.org\/CreativeWork\" ><div class='avia_textblock'  itemprop=\"text\" ><h1 style=\"color: #86ba44; text-align: center;\">AIRI &#8211; \u00e7ocuk radyosu i\u00e7in do\u011fru ve en iyi se\u00e7im<\/h1>\n<\/div><\/section><\/p><\/div>\n<div  class='hr av-l1b4o2qc-fe9fefd131802da8360ddbbcb9d090b8 hr-short  avia-builder-el-4  el_after_av_one_full  el_before_av_one_half  hr-center'><span class='hr-inner '><span class=\"hr-inner-style\"><\/span><\/span><\/div>\n<div class='flex_column av-33xkdh-66531d04b88cdcea5cf21e7e0e7ded47 av_one_half  avia-builder-el-5  el_after_av_hr  el_before_av_one_half  first flex_column_div '   ><p><section  class='av_textblock_section av-l1b3dket-4f55c6676970cb3b408c752c9ee63f94'  itemscope=\"itemscope\" itemtype=\"https:\/\/schema.org\/CreativeWork\" ><div class='avia_textblock'  itemprop=\"text\" ><p>D\u00fcnyan\u0131n ilk, \u00e7ocuk radyolar\u0131n\u0131 bir araya getiren uygulamas\u0131. AIRI b\u00fct\u00fcn \u00e7ocuk ya\u015f gruplar\u0131na hitap eden bir hizmet sunar. Masal saati, bilim saati, dans m\u00fczi\u011fi veya uygun fon m\u00fczikleri ve ke\u015fif modu sayesinde \u00e7ocuklar d\u00fcnyay\u0131 deneyimleyerek ke\u015ffedecek. Uygunsuz i\u00e7eriklere maruz kalmadan \u00e7ocuklara medya bilincini a\u015f\u0131lamak istiyorsan\u0131z AIRI sizin ihtiya\u00e7lar\u0131n\u0131z\u0131 kar\u015f\u0131layacakt\u0131r.<\/p>\n<\/div><\/section><br \/>\n<div  class='avia-button-wrap avia-button-left  avia-builder-el-7  el_after_av_textblock  avia-builder-el-last ' >\n<style type=\"text\/css\" data-created_by=\"avia_inline_auto\" id=\"style-css-av-l1ey995k-ef32121c779ff0d95c6404897084b6da\">\n#top #wrap_all .avia-button.av-l1ey995k-ef32121c779ff0d95c6404897084b6da{\nbackground-color:#86ba44;\nborder-color:#86ba44;\ntransition:all 0.4s ease-in-out;\n-webkit-transition:all 0.4s ease-in-out;\n-moz-transition:all 0.4s ease-in-out;\n-ms-transition:all 0.4s ease-in-out;\n-o-transition:all 0.4s ease-in-out;\n}\n#top #wrap_all .avia-button.av-l1ey995k-ef32121c779ff0d95c6404897084b6da:hover{\ncolor:white;\ntransition:all 0.4s ease-in-out;\n-webkit-transition:all 0.4s ease-in-out;\n-moz-transition:all 0.4s ease-in-out;\n-ms-transition:all 0.4s ease-in-out;\n-o-transition:all 0.4s ease-in-out;\n}\n<\/style>\n<a href='https:\/\/airi.radio\/en' class='avia-button av-l1ey995k-ef32121c779ff0d95c6404897084b6da avia-icon_select-yes-left-icon avia-size-large avia-position-left avia-font-color-theme-color' target=\"_blank\" rel=\"noopener noreferrer\"><span class='avia_button_icon avia_button_icon_left' aria-hidden='true' data-av_icon='\ue835' data-av_iconfont='entypo-fontello'><\/span><span class='avia_iconbox_title' >\u015eimdi \u00fccretsiz test<\/span><span class='avia_button_background avia-button avia-color-theme-color-highlight' ><\/span><\/a><\/div><\/p><\/div><div class='flex_column av-27i31x-0217cb9d01d66626c3401b0fb74702ad av_one_half  avia-builder-el-8  el_after_av_one_half  el_before_av_one_fourth  flex_column_div '   ><style type=\"text\/css\" data-created_by=\"avia_inline_auto\" id=\"style-css-av-l1b4h7a5-d4e6afa1fd695ffbd9ef56b05219a75f\">\n.avia-image-container.av-l1b4h7a5-d4e6afa1fd695ffbd9ef56b05219a75f .av-image-caption-overlay-center{\ncolor:#ffffff;\n}\n<\/style>\n<div  class='avia-image-container av-l1b4h7a5-d4e6afa1fd695ffbd9ef56b05219a75f av-styling- av-hover-grow av-hide-overflow avia_animated_image avia_animate_when_almost_visible right-to-left avia-align-center  avia-builder-el-9  avia-builder-el-no-sibling '  itemprop=\"image\" itemscope=\"itemscope\" itemtype=\"https:\/\/schema.org\/ImageObject\" ><div class=\"avia-image-container-inner\"><div class=\"avia-image-overlay-wrap\"><img decoding=\"async\" class='wp-image-5584 avia-img-lazy-loading-not-5584 avia_image' src=\"https:\/\/radiodatacenter.net\/wp-content\/uploads\/2022\/03\/airi-kids.jpg\" alt='' title='AIRI - \u00e7ocuk radyosu i\u00e7in do\u011fru ve en iyi se\u00e7im'  height=\"667\" width=\"1000\"  itemprop=\"thumbnailUrl\" srcset=\"https:\/\/radiodatacenter.net\/wp-content\/uploads\/2022\/03\/airi-kids.jpg 1000w, https:\/\/radiodatacenter.net\/wp-content\/uploads\/2022\/03\/airi-kids-300x200.jpg 300w, https:\/\/radiodatacenter.net\/wp-content\/uploads\/2022\/03\/airi-kids-768x512.jpg 768w, https:\/\/radiodatacenter.net\/wp-content\/uploads\/2022\/03\/airi-kids-705x470.jpg 705w\" sizes=\"(max-width: 1000px) 100vw, 1000px\" \/><\/div><\/div><\/div><\/div><\/p>\n<div class='flex_column av-72sban-21db51dfe848449243b95cc8f5376c60 av_one_fourth  avia-builder-el-10  el_after_av_one_half  el_before_av_one_fourth  first flex_column_div column-top-margin'   ><style type=\"text\/css\" data-created_by=\"avia_inline_auto\" id=\"style-css-av-l1eyz7b3-34379042099d601e6e8a1b738a303b8c\">\n.avia-image-container.av-l1eyz7b3-34379042099d601e6e8a1b738a303b8c .av-image-caption-overlay-center{\ncolor:#ffffff;\n}\n<\/style>\n<div  class='avia-image-container av-l1eyz7b3-34379042099d601e6e8a1b738a303b8c av-styling- avia_animated_image avia_animate_when_almost_visible pop-up avia-align-center  avia-builder-el-11  avia-builder-el-no-sibling '  itemprop=\"image\" itemscope=\"itemscope\" itemtype=\"https:\/\/schema.org\/ImageObject\" ><div class=\"avia-image-container-inner\"><div class=\"avia-image-overlay-wrap\"><a href=\"https:\/\/radiodatacenter.net\/wp-content\/uploads\/2022\/03\/airi-app-1.jpg\" data-srcset=\"https:\/\/radiodatacenter.net\/wp-content\/uploads\/2022\/03\/airi-app-1.jpg 583w, https:\/\/radiodatacenter.net\/wp-content\/uploads\/2022\/03\/airi-app-1-262x300.jpg 262w\" data-sizes=\"(max-width: 583px) 100vw, 583px\" class='avia_image' ><img decoding=\"async\" class='wp-image-5586 avia-img-lazy-loading-not-5586 avia_image' src=\"https:\/\/radiodatacenter.net\/wp-content\/uploads\/2022\/03\/airi-app-1.jpg\" alt='' title='airi-app-1'  height=\"667\" width=\"583\"  itemprop=\"thumbnailUrl\" srcset=\"https:\/\/radiodatacenter.net\/wp-content\/uploads\/2022\/03\/airi-app-1.jpg 583w, https:\/\/radiodatacenter.net\/wp-content\/uploads\/2022\/03\/airi-app-1-262x300.jpg 262w\" sizes=\"(max-width: 583px) 100vw, 583px\" \/><\/a><\/div><\/div><\/div><\/div>\n<div class='flex_column av-5vu3pr-3e81541e3416567c55c8f62d94c9d7c1 av_one_fourth  avia-builder-el-12  el_after_av_one_fourth  el_before_av_one_fourth  flex_column_div column-top-margin'   ><style type=\"text\/css\" data-created_by=\"avia_inline_auto\" id=\"style-css-av-l1ez0mkx-324b8e5306a1ad3f04fecac1990a1cf7\">\n.avia-image-container.av-l1ez0mkx-324b8e5306a1ad3f04fecac1990a1cf7 .av-image-caption-overlay-center{\ncolor:#ffffff;\n}\n<\/style>\n<div  class='avia-image-container av-l1ez0mkx-324b8e5306a1ad3f04fecac1990a1cf7 av-styling- avia_animated_image avia_animate_when_almost_visible pop-up avia-align-center  avia-builder-el-13  avia-builder-el-no-sibling '  itemprop=\"image\" itemscope=\"itemscope\" itemtype=\"https:\/\/schema.org\/ImageObject\" ><div class=\"avia-image-container-inner\"><div class=\"avia-image-overlay-wrap\"><a href=\"https:\/\/radiodatacenter.net\/wp-content\/uploads\/2022\/03\/airi-app-2.jpg\" data-srcset=\"https:\/\/radiodatacenter.net\/wp-content\/uploads\/2022\/03\/airi-app-2.jpg 583w, https:\/\/radiodatacenter.net\/wp-content\/uploads\/2022\/03\/airi-app-2-262x300.jpg 262w\" data-sizes=\"(max-width: 583px) 100vw, 583px\" class='avia_image' ><img decoding=\"async\" class='wp-image-5588 avia-img-lazy-loading-not-5588 avia_image' src=\"https:\/\/radiodatacenter.net\/wp-content\/uploads\/2022\/03\/airi-app-2.jpg\" alt='' title='airi-app-2'  height=\"667\" width=\"583\"  itemprop=\"thumbnailUrl\" srcset=\"https:\/\/radiodatacenter.net\/wp-content\/uploads\/2022\/03\/airi-app-2.jpg 583w, https:\/\/radiodatacenter.net\/wp-content\/uploads\/2022\/03\/airi-app-2-262x300.jpg 262w\" sizes=\"(max-width: 583px) 100vw, 583px\" \/><\/a><\/div><\/div><\/div><\/div>\n<div class='flex_column av-3mkv2n-5da421f20a7c6357e69e6a776db41d19 av_one_fourth  avia-builder-el-14  el_after_av_one_fourth  el_before_av_one_fourth  flex_column_div column-top-margin'   ><style type=\"text\/css\" data-created_by=\"avia_inline_auto\" id=\"style-css-av-l1ez123w-31dbfed506abb7ec31ed2d977bb7039a\">\n.avia-image-container.av-l1ez123w-31dbfed506abb7ec31ed2d977bb7039a .av-image-caption-overlay-center{\ncolor:#ffffff;\n}\n<\/style>\n<div  class='avia-image-container av-l1ez123w-31dbfed506abb7ec31ed2d977bb7039a av-styling- avia_animated_image avia_animate_when_almost_visible pop-up avia-align-center  avia-builder-el-15  avia-builder-el-no-sibling '  itemprop=\"image\" itemscope=\"itemscope\" itemtype=\"https:\/\/schema.org\/ImageObject\" ><div class=\"avia-image-container-inner\"><div class=\"avia-image-overlay-wrap\"><a href=\"https:\/\/radiodatacenter.net\/wp-content\/uploads\/2022\/03\/airi-app-3.jpg\" data-srcset=\"https:\/\/radiodatacenter.net\/wp-content\/uploads\/2022\/03\/airi-app-3.jpg 583w, https:\/\/radiodatacenter.net\/wp-content\/uploads\/2022\/03\/airi-app-3-262x300.jpg 262w\" data-sizes=\"(max-width: 583px) 100vw, 583px\" class='avia_image' ><img decoding=\"async\" class='wp-image-5590 avia-img-lazy-loading-not-5590 avia_image' src=\"https:\/\/radiodatacenter.net\/wp-content\/uploads\/2022\/03\/airi-app-3.jpg\" alt='' title='airi-app-3'  height=\"667\" width=\"583\"  itemprop=\"thumbnailUrl\" srcset=\"https:\/\/radiodatacenter.net\/wp-content\/uploads\/2022\/03\/airi-app-3.jpg 583w, https:\/\/radiodatacenter.net\/wp-content\/uploads\/2022\/03\/airi-app-3-262x300.jpg 262w\" sizes=\"(max-width: 583px) 100vw, 583px\" \/><\/a><\/div><\/div><\/div><\/div>\n<div class='flex_column av-bhydb-2bdb36f5ccd8824e60559660084d7764 av_one_fourth  avia-builder-el-16  el_after_av_one_fourth  avia-builder-el-last  flex_column_div column-top-margin'   ><style type=\"text\/css\" data-created_by=\"avia_inline_auto\" id=\"style-css-av-l1ez1pcu-b754c7146d91de3258cf30f747ba1028\">\n.avia-image-container.av-l1ez1pcu-b754c7146d91de3258cf30f747ba1028 .av-image-caption-overlay-center{\ncolor:#ffffff;\n}\n<\/style>\n<div  class='avia-image-container av-l1ez1pcu-b754c7146d91de3258cf30f747ba1028 av-styling- avia_animated_image avia_animate_when_almost_visible pop-up avia-align-center  avia-builder-el-17  avia-builder-el-no-sibling '  itemprop=\"image\" itemscope=\"itemscope\" itemtype=\"https:\/\/schema.org\/ImageObject\" ><div class=\"avia-image-container-inner\"><div class=\"avia-image-overlay-wrap\"><a href=\"https:\/\/radiodatacenter.net\/wp-content\/uploads\/2022\/03\/airi-app-4.jpg\" data-srcset=\"https:\/\/radiodatacenter.net\/wp-content\/uploads\/2022\/03\/airi-app-4.jpg 583w, https:\/\/radiodatacenter.net\/wp-content\/uploads\/2022\/03\/airi-app-4-262x300.jpg 262w\" data-sizes=\"(max-width: 583px) 100vw, 583px\" class='avia_image' ><img decoding=\"async\" class='wp-image-5592 avia-img-lazy-loading-not-5592 avia_image' src=\"https:\/\/radiodatacenter.net\/wp-content\/uploads\/2022\/03\/airi-app-4.jpg\" alt='' title='airi-app-4'  height=\"667\" width=\"583\"  itemprop=\"thumbnailUrl\" srcset=\"https:\/\/radiodatacenter.net\/wp-content\/uploads\/2022\/03\/airi-app-4.jpg 583w, https:\/\/radiodatacenter.net\/wp-content\/uploads\/2022\/03\/airi-app-4-262x300.jpg 262w\" sizes=\"(max-width: 583px) 100vw, 583px\" \/><\/a><\/div><\/div><\/div><\/div>\n","protected":false},"excerpt":{"rendered":"","protected":false},"author":3,"featured_media":0,"parent":0,"menu_order":0,"comment_status":"closed","ping_status":"closed","template":"","meta":{"footnotes":""},"class_list":["post-5728","page","type-page","status-publish","hentry"],"yoast_head":"<!-- This site is optimized with the Yoast SEO plugin v20.10 - https:\/\/yoast.com\/wordpress\/plugins\/seo\/ -->\n<title>AIRI - \u00e7ocuk radyosu i\u00e7in do\u011fru ve en iyi se\u00e7im - Radio Data Center<\/title>\n<meta name=\"robots\" content=\"index, follow, max-snippet:-1, max-image-preview:large, max-video-preview:-1\" \/>\n<link rel=\"canonical\" href=\"https:\/\/radiodatacenter.net\/tr\/airi-cocuk-radyosu-icin-dogru-ve-en-iyi-secim\/\" \/>\n<meta property=\"og:locale\" content=\"tr_TR\" \/>\n<meta property=\"og:type\" content=\"article\" \/>\n<meta property=\"og:title\" content=\"AIRI - \u00e7ocuk radyosu i\u00e7in do\u011fru ve en iyi se\u00e7im - Radio Data Center\" \/>\n<meta property=\"og:url\" content=\"https:\/\/radiodatacenter.net\/tr\/airi-cocuk-radyosu-icin-dogru-ve-en-iyi-secim\/\" \/>\n<meta property=\"og:site_name\" content=\"Radio Data Center\" \/>\n<meta property=\"article:modified_time\" content=\"2022-04-24T19:04:22+00:00\" \/>\n<meta name=\"twitter:card\" content=\"summary_large_image\" \/>\n<meta name=\"twitter:label1\" content=\"Tahmini okuma s\u00fcresi\" \/>\n\t<meta name=\"twitter:data1\" content=\"5 dakika\" \/>\n<script type=\"application\/ld+json\" class=\"yoast-schema-graph\">{\"@context\":\"https:\/\/schema.org\",\"@graph\":[{\"@type\":\"WebPage\",\"@id\":\"https:\/\/radiodatacenter.net\/tr\/airi-cocuk-radyosu-icin-dogru-ve-en-iyi-secim\/\",\"url\":\"https:\/\/radiodatacenter.net\/tr\/airi-cocuk-radyosu-icin-dogru-ve-en-iyi-secim\/\",\"name\":\"AIRI - \u00e7ocuk radyosu i\u00e7in do\u011fru ve en iyi se\u00e7im - Radio Data Center\",\"isPartOf\":{\"@id\":\"https:\/\/radiodatacenter.net\/tr\/#website\"},\"datePublished\":\"2022-03-28T20:30:44+00:00\",\"dateModified\":\"2022-04-24T19:04:22+00:00\",\"breadcrumb\":{\"@id\":\"https:\/\/radiodatacenter.net\/tr\/airi-cocuk-radyosu-icin-dogru-ve-en-iyi-secim\/#breadcrumb\"},\"inLanguage\":\"tr\",\"potentialAction\":[{\"@type\":\"ReadAction\",\"target\":[\"https:\/\/radiodatacenter.net\/tr\/airi-cocuk-radyosu-icin-dogru-ve-en-iyi-secim\/\"]}]},{\"@type\":\"BreadcrumbList\",\"@id\":\"https:\/\/radiodatacenter.net\/tr\/airi-cocuk-radyosu-icin-dogru-ve-en-iyi-secim\/#breadcrumb\",\"itemListElement\":[{\"@type\":\"ListItem\",\"position\":1,\"name\":\"Startseite\",\"item\":\"https:\/\/radiodatacenter.net\/tr\/\"},{\"@type\":\"ListItem\",\"position\":2,\"name\":\"AIRI &#8211; \u00e7ocuk radyosu i\u00e7in do\u011fru ve en iyi se\u00e7im\"}]},{\"@type\":\"WebSite\",\"@id\":\"https:\/\/radiodatacenter.net\/tr\/#website\",\"url\":\"https:\/\/radiodatacenter.net\/tr\/\",\"name\":\"Radio Data Center\",\"description\":\"\",\"potentialAction\":[{\"@type\":\"SearchAction\",\"target\":{\"@type\":\"EntryPoint\",\"urlTemplate\":\"https:\/\/radiodatacenter.net\/tr\/?s={search_term_string}\"},\"query-input\":\"required name=search_term_string\"}],\"inLanguage\":\"tr\"}]}<\/script>\n<!-- \/ Yoast SEO plugin. -->","yoast_head_json":{"title":"AIRI - \u00e7ocuk radyosu i\u00e7in do\u011fru ve en iyi se\u00e7im - Radio Data Center","robots":{"index":"index","follow":"follow","max-snippet":"max-snippet:-1","max-image-preview":"max-image-preview:large","max-video-preview":"max-video-preview:-1"},"canonical":"https:\/\/radiodatacenter.net\/tr\/airi-cocuk-radyosu-icin-dogru-ve-en-iyi-secim\/","og_locale":"tr_TR","og_type":"article","og_title":"AIRI - \u00e7ocuk radyosu i\u00e7in do\u011fru ve en iyi se\u00e7im - Radio Data Center","og_url":"https:\/\/radiodatacenter.net\/tr\/airi-cocuk-radyosu-icin-dogru-ve-en-iyi-secim\/","og_site_name":"Radio Data Center","article_modified_time":"2022-04-24T19:04:22+00:00","twitter_card":"summary_large_image","twitter_misc":{"Tahmini okuma s\u00fcresi":"5 dakika"},"schema":{"@context":"https:\/\/schema.org","@graph":[{"@type":"WebPage","@id":"https:\/\/radiodatacenter.net\/tr\/airi-cocuk-radyosu-icin-dogru-ve-en-iyi-secim\/","url":"https:\/\/radiodatacenter.net\/tr\/airi-cocuk-radyosu-icin-dogru-ve-en-iyi-secim\/","name":"AIRI - \u00e7ocuk radyosu i\u00e7in do\u011fru ve en iyi se\u00e7im - Radio Data Center","isPartOf":{"@id":"https:\/\/radiodatacenter.net\/tr\/#website"},"datePublished":"2022-03-28T20:30:44+00:00","dateModified":"2022-04-24T19:04:22+00:00","breadcrumb":{"@id":"https:\/\/radiodatacenter.net\/tr\/airi-cocuk-radyosu-icin-dogru-ve-en-iyi-secim\/#breadcrumb"},"inLanguage":"tr","potentialAction":[{"@type":"ReadAction","target":["https:\/\/radiodatacenter.net\/tr\/airi-cocuk-radyosu-icin-dogru-ve-en-iyi-secim\/"]}]},{"@type":"BreadcrumbList","@id":"https:\/\/radiodatacenter.net\/tr\/airi-cocuk-radyosu-icin-dogru-ve-en-iyi-secim\/#breadcrumb","itemListElement":[{"@type":"ListItem","position":1,"name":"Startseite","item":"https:\/\/radiodatacenter.net\/tr\/"},{"@type":"ListItem","position":2,"name":"AIRI &#8211; \u00e7ocuk radyosu i\u00e7in do\u011fru ve en iyi se\u00e7im"}]},{"@type":"WebSite","@id":"https:\/\/radiodatacenter.net\/tr\/#website","url":"https:\/\/radiodatacenter.net\/tr\/","name":"Radio Data Center","description":"","potentialAction":[{"@type":"SearchAction","target":{"@type":"EntryPoint","urlTemplate":"https:\/\/radiodatacenter.net\/tr\/?s={search_term_string}"},"query-input":"required name=search_term_string"}],"inLanguage":"tr"}]}},"_links":{"self":[{"href":"https:\/\/radiodatacenter.net\/tr\/wp-json\/wp\/v2\/pages\/5728","targetHints":{"allow":["GET"]}}],"collection":[{"href":"https:\/\/radiodatacenter.net\/tr\/wp-json\/wp\/v2\/pages"}],"about":[{"href":"https:\/\/radiodatacenter.net\/tr\/wp-json\/wp\/v2\/types\/page"}],"author":[{"embeddable":true,"href":"https:\/\/radiodatacenter.net\/tr\/wp-json\/wp\/v2\/users\/3"}],"replies":[{"embeddable":true,"href":"https:\/\/radiodatacenter.net\/tr\/wp-json\/wp\/v2\/comments?post=5728"}],"version-history":[{"count":8,"href":"https:\/\/radiodatacenter.net\/tr\/wp-json\/wp\/v2\/pages\/5728\/revisions"}],"predecessor-version":[{"id":7282,"href":"https:\/\/radiodatacenter.net\/tr\/wp-json\/wp\/v2\/pages\/5728\/revisions\/7282"}],"wp:attachment":[{"href":"https:\/\/radiodatacenter.net\/tr\/wp-json\/wp\/v2\/media?parent=5728"}],"curies":[{"name":"wp","href":"https:\/\/api.w.org\/{rel}","templated":true}]}}