{"id":5755,"date":"2022-03-28T22:32:30","date_gmt":"2022-03-28T20:32:30","guid":{"rendered":"https:\/\/radiodatacenter.net\/v2\/sirket\/hakkimizda\/"},"modified":"2023-01-13T20:50:55","modified_gmt":"2023-01-13T19:50:55","slug":"hakkimizda","status":"publish","type":"page","link":"https:\/\/radiodatacenter.net\/tr\/sirket\/hakkimizda\/","title":{"rendered":"Hakk\u0131m\u0131zda"},"content":{"rendered":"<div class='flex_column av-4a1jzp-e7337bb686f2015a580fd954539df62f av_one_full  avia-builder-el-0  el_before_av_one_third  avia-builder-el-first  first flex_column_div '   ><p><br \/>\n<section  class='av_textblock_section av-l1b3wf7f-807af8b68ac938f47e983f9e8ed2d658'  itemscope=\"itemscope\" itemtype=\"https:\/\/schema.org\/CreativeWork\" ><div class='avia_textblock'  itemprop=\"text\" ><h1 style=\"text-align: center;\">Hakk\u0131m\u0131zda<\/h1>\n<\/div><\/section><br \/>\n<div  class='hr av-l1f0ajxi-644ef6638274948afcf82be1a83e786d hr-short  avia-builder-el-3  el_after_av_textblock  avia-builder-el-last  hr-center'><span class='hr-inner '><span class=\"hr-inner-style\"><\/span><\/span><\/div><\/p><\/div>\n<div class='flex_column av-l1f09bav-e845e7ee7ed8a306b84413fe821624f5 av_one_third  avia-builder-el-4  el_after_av_one_full  el_before_av_one_third  first flex_column_div  av-animated-generic fade-in column-top-margin'   ><article  class='iconbox iconbox_top av-l1f04w55-28cfd5c829c4f8979060cfb09c20ab17  avia-builder-el-5  avia-builder-el-no-sibling  main_color'  itemscope=\"itemscope\" itemtype=\"https:\/\/schema.org\/CreativeWork\" ><div class=\"iconbox_content\"><header class=\"entry-content-header\"><div class=\"iconbox_icon heading-color\" aria-hidden='true' data-av_icon='\ue82a' data-av_iconfont='entypo-fontello'><\/div><h3 class='iconbox_content_title '  itemprop=\"headline\" >Misyon<\/h3><\/header><div class='iconbox_content_container '  itemprop=\"text\" ><p>Her kitleye radyo verilerini sunulabilecek en iyi \u015fekilde sunuyoruz. Bu y\u00fczden, d\u00fcnyan\u0131n her taraf\u0131ndaki radyo verilerini topluyor, sakl\u0131yor, g\u00fcncelliyor ve i\u015fliyoruz.<\/p>\n<\/div><\/div><footer class=\"entry-footer\"><\/footer><\/article><\/div>\n<div class='flex_column av-l1f09fdz-5fe5f0a0380840a56532b63f1d125038 av_one_third  avia-builder-el-6  el_after_av_one_third  el_before_av_one_third  flex_column_div  av-animated-generic fade-in column-top-margin'   ><article  class='iconbox iconbox_top av-l1f06h4x-bda29c020e08b965a86df6371596ee4f  avia-builder-el-7  avia-builder-el-no-sibling  main_color'  itemscope=\"itemscope\" itemtype=\"https:\/\/schema.org\/CreativeWork\" ><div class=\"iconbox_content\"><header class=\"entry-content-header\"><div class=\"iconbox_icon heading-color\" aria-hidden='true' data-av_icon='\ue826' data-av_iconfont='entypo-fontello'><\/div><h3 class='iconbox_content_title '  itemprop=\"headline\" >G\u00f6r\u00fc\u015f<\/h3><\/header><div class='iconbox_content_container '  itemprop=\"text\" ><p>Bizler adeta radyo d\u00fcnyas\u0131n\u0131n ba\u011f\u0131ms\u0131z arazi ara\u015ft\u0131rmac\u0131lar\u0131y\u0131z ve bug\u00fcne kadar bu d\u00fcnyada toplad\u0131\u011f\u0131m\u0131z bilgilerimizi radyo d\u00fcnyas\u0131 ile ilgilenen herkesle payla\u015f\u0131yoruz. <span class=\"bx-messenger-content-item-content\"><span class=\"bx-messenger-content-item-text-center\"><span class=\"bx-messenger-content-item-text-message\"><span class=\"bx-messenger-content-item-text-wrap \"><span id=\"im-message-340772\" class=\"bx-messenger-message\">Bu \u015fekilde de radyonun medya g\u00fcc\u00fcn\u00fc artt\u0131r\u0131yoruz.<\/span><\/span><\/span><\/span><\/span><\/p>\n<\/div><\/div><footer class=\"entry-footer\"><\/footer><\/article><\/div>\n<div class='flex_column av-l1f09l3q-58ee331be4654f576693d7cb54379ac2 av_one_third  avia-builder-el-8  el_after_av_one_third  el_before_av_section  avia-builder-el-last  flex_column_div  av-animated-generic fade-in column-top-margin'   ><article  class='iconbox iconbox_top av-l1f08v0u-1a2a9d8a669122c74eeca33c5d7763d2  avia-builder-el-9  avia-builder-el-no-sibling  main_color'  itemscope=\"itemscope\" itemtype=\"https:\/\/schema.org\/CreativeWork\" ><div class=\"iconbox_content\"><header class=\"entry-content-header\"><div class=\"iconbox_icon heading-color\" aria-hidden='true' data-av_icon='\ue80b' data-av_iconfont='entypo-fontello'><\/div><h3 class='iconbox_content_title '  itemprop=\"headline\" >De\u011ferler<\/h3><\/header><div class='iconbox_content_container '  itemprop=\"text\" ><p>Do\u011fa ve \u00e7evre ile uyumlu, \u015fah\u0131slarla ve \u015firketlerle adil ve sayg\u0131l\u0131 \u00e7al\u0131\u015fmay\u0131 ilke edindik. \u00c7al\u0131\u015fanlar\u0131m\u0131z da ilkemizle do\u011fru orant\u0131l\u0131 olarak uzaktan \u00e7al\u0131\u015fma sayesinde maksimum esnekli\u011fe sahip bir \u015fekilde \u00e7al\u0131\u015fmalar\u0131na devam etmekteler.<\/p>\n<\/div><\/div><footer class=\"entry-footer\"><\/footer><\/article><\/div>\n<\/div><\/div><\/div><!-- close content main div --><\/div><\/div>\n<style type=\"text\/css\" data-created_by=\"avia_inline_auto\" id=\"style-css-av-jp4u65-f5d4a03d6a2e6167ecea293fbcd38ec7\">\n.avia-section.av-jp4u65-f5d4a03d6a2e6167ecea293fbcd38ec7{\nbackground-color:#f5f5f5;\n}\n<\/style>\n<div id='av_section_1'  class='avia-section av-jp4u65-f5d4a03d6a2e6167ecea293fbcd38ec7 main_color avia-section-default avia-no-border-styling  avia-builder-el-10  el_after_av_one_third  el_before_av_textblock  avia-bg-style-scroll container_wrap sidebar_right'  ><div class='container av-section-cont-open' ><div class='template-page content  av-content-small alpha units'><div class='post-entry post-entry-type-page post-entry-5755'><div class='entry-content-wrapper clearfix'>\n<div class='flex_column av-hei34d-59a242c9f045dd54d77c902acb60ab0f av_one_full  avia-builder-el-11  el_before_av_one_third  avia-builder-el-first  first flex_column_div '   ><section  class='av_textblock_section av-l1f0d4uz-56f9a51315bebd82245e0a1abbd17936'  itemscope=\"itemscope\" itemtype=\"https:\/\/schema.org\/CreativeWork\" ><div class='avia_textblock'  itemprop=\"text\" ><h2 style=\"text-align: left;\">Kurucular<\/h2>\n<\/div><\/section><\/div><div class='flex_column av-g1fjfx-3c6cc1eb679c9360abe2543b4a583c75 av_one_third  avia-builder-el-13  el_after_av_one_full  el_before_av_one_third  first flex_column_div column-top-margin'   ><p>\n<style type=\"text\/css\" data-created_by=\"avia_inline_auto\" id=\"style-css-av-l1f0g0ra-82934c10fdf27d8caabb3557093447b8\">\n.avia-image-container.av-l1f0g0ra-82934c10fdf27d8caabb3557093447b8 .av-image-caption-overlay-center{\ncolor:#ffffff;\n}\n<\/style>\n<div  class='avia-image-container av-l1f0g0ra-82934c10fdf27d8caabb3557093447b8 av-styling- av-hover-grow av-hide-overflow avia-align-center  avia-builder-el-14  el_before_av_textblock  avia-builder-el-first '  itemprop=\"image\" itemscope=\"itemscope\" itemtype=\"https:\/\/schema.org\/ImageObject\" ><div class=\"avia-image-container-inner\"><div class=\"avia-image-overlay-wrap\"><img decoding=\"async\" class='wp-image-7954 avia-img-lazy-loading-not-7954 avia_image' src=\"https:\/\/radiodatacenter.net\/wp-content\/uploads\/2023\/01\/lorenz_web.jpg\" alt='G\u00fcnter Lorenz' title='lorenz_web'  height=\"719\" width=\"500\"  itemprop=\"thumbnailUrl\" srcset=\"https:\/\/radiodatacenter.net\/wp-content\/uploads\/2023\/01\/lorenz_web.jpg 500w, https:\/\/radiodatacenter.net\/wp-content\/uploads\/2023\/01\/lorenz_web-209x300.jpg 209w, https:\/\/radiodatacenter.net\/wp-content\/uploads\/2023\/01\/lorenz_web-490x705.jpg 490w\" sizes=\"(max-width: 500px) 100vw, 500px\" \/><\/div><\/div><\/div><br \/>\n<section  class='av_textblock_section av-l1f0e3zp-01de4163141256b303412a7c6bf37658'  itemscope=\"itemscope\" itemtype=\"https:\/\/schema.org\/CreativeWork\" ><div class='avia_textblock'  itemprop=\"text\" ><h3 style=\"margin-top:15px;\">G\u00fcnter Lorenz<\/h3>\n<p>1961 do\u011fumlu, G\u00fcnter Lorenz veritaban\u0131 uzman\u0131 olmakla birlikte gen\u00e7li\u011finden bu yana yaz\u0131l\u0131m ve radyo \u00fczerine \u00e7al\u0131\u015fmaktad\u0131r. 1986 y\u0131l\u0131nda FMLIST istasyon veri merkezini kurdu. Di\u011fer uzmanl\u0131k alanlar\u0131 USW, RDS, DAB, dalga yay\u0131l\u0131m\u0131 ve dalga al\u0131m\u0131d\u0131r.<\/p>\n<\/div><\/section><\/p><\/div><div class='flex_column av-ejh8lp-eb1e2ab78f9347261f62b01af4468e31 av_one_third  avia-builder-el-16  el_after_av_one_third  el_before_av_one_third  flex_column_div column-top-margin'   ><p>\n<style type=\"text\/css\" data-created_by=\"avia_inline_auto\" id=\"style-css-av-16our1-379ce2aaaa99688a205002cfd2433afd\">\n.avia-image-container.av-16our1-379ce2aaaa99688a205002cfd2433afd .av-image-caption-overlay-center{\ncolor:#ffffff;\n}\n<\/style>\n<div  class='avia-image-container av-16our1-379ce2aaaa99688a205002cfd2433afd av-styling- av-hover-grow av-hide-overflow avia-align-center  avia-builder-el-17  el_before_av_textblock  avia-builder-el-first '  itemprop=\"image\" itemscope=\"itemscope\" itemtype=\"https:\/\/schema.org\/ImageObject\" ><div class=\"avia-image-container-inner\"><div class=\"avia-image-overlay-wrap\"><img decoding=\"async\" class='wp-image-7964 avia-img-lazy-loading-not-7964 avia_image' src=\"https:\/\/radiodatacenter.net\/wp-content\/uploads\/2023\/01\/oliver_web.jpg\" alt='Oliver Schmidt' title='oliver_web'  height=\"719\" width=\"500\"  itemprop=\"thumbnailUrl\" srcset=\"https:\/\/radiodatacenter.net\/wp-content\/uploads\/2023\/01\/oliver_web.jpg 500w, https:\/\/radiodatacenter.net\/wp-content\/uploads\/2023\/01\/oliver_web-209x300.jpg 209w, https:\/\/radiodatacenter.net\/wp-content\/uploads\/2023\/01\/oliver_web-490x705.jpg 490w\" sizes=\"(max-width: 500px) 100vw, 500px\" \/><\/div><\/div><\/div><br \/>\n<section  class='av_textblock_section av-l1f0hgyx-0b71545b58b26d05e6d92604be0e0ddb'  itemscope=\"itemscope\" itemtype=\"https:\/\/schema.org\/CreativeWork\" ><div class='avia_textblock'  itemprop=\"text\" ><h3 style=\"margin-top: 15px;\">Oliver Schmidt<\/h3>\n<p>1984 do\u011fumlu Oliver Schmidt lisans\u0131n\u0131 co\u011frafya alan\u0131nda tamamlam\u0131\u015f bulunmaktad\u0131r. Trier \u00dcniversitesinde uygulamal\u0131 fiziki co\u011frafya okumu\u015f ve ayn\u0131 zamanda uzaktan alg\u0131lama ve meteoroloji alanlar\u0131nda geni\u015f bir bilgi da\u011farc\u0131\u011f\u0131na sahiptir. Kendisi ayn\u0131 zamanda DAB, dalga yay\u0131l\u0131m\u0131, CBS tabanl\u0131 sim\u00fclasyon ve g\u00f6rselle\u015ftirme alanlar\u0131nda da \u00e7al\u0131\u015fmaktad\u0131r.<\/p>\n<\/div><\/section><\/p><\/div><div class='flex_column av-a3a4v1-f8b66b7600ba4b44109ad93657b06314 av_one_third  avia-builder-el-19  el_after_av_one_third  avia-builder-el-last  flex_column_div column-top-margin'   ><p>\n<style type=\"text\/css\" data-created_by=\"avia_inline_auto\" id=\"style-css-av-8jlw31-644bf7d735fbd421317aba283503e656\">\n.avia-image-container.av-8jlw31-644bf7d735fbd421317aba283503e656 .av-image-caption-overlay-center{\ncolor:#ffffff;\n}\n<\/style>\n<div  class='avia-image-container av-8jlw31-644bf7d735fbd421317aba283503e656 av-styling- av-hover-grow av-hide-overflow avia-align-center  avia-builder-el-20  el_before_av_textblock  avia-builder-el-first '  itemprop=\"image\" itemscope=\"itemscope\" itemtype=\"https:\/\/schema.org\/ImageObject\" ><div class=\"avia-image-container-inner\"><div class=\"avia-image-overlay-wrap\"><img decoding=\"async\" class='wp-image-7943 avia-img-lazy-loading-not-7943 avia_image' src=\"https:\/\/radiodatacenter.net\/wp-content\/uploads\/2023\/01\/fabrizio_web.jpg\" alt='Fabrizio Carnevalini' title='fabrizio_web'  height=\"719\" width=\"500\"  itemprop=\"thumbnailUrl\" srcset=\"https:\/\/radiodatacenter.net\/wp-content\/uploads\/2023\/01\/fabrizio_web.jpg 500w, https:\/\/radiodatacenter.net\/wp-content\/uploads\/2023\/01\/fabrizio_web-209x300.jpg 209w, https:\/\/radiodatacenter.net\/wp-content\/uploads\/2023\/01\/fabrizio_web-490x705.jpg 490w\" sizes=\"(max-width: 500px) 100vw, 500px\" \/><\/div><\/div><\/div><br \/>\n<section  class='av_textblock_section av-l1f0hymq-30584cdbf37bb8ea97c2c87c34095fbd'  itemscope=\"itemscope\" itemtype=\"https:\/\/schema.org\/CreativeWork\" ><div class='avia_textblock'  itemprop=\"text\" ><h3 style=\"margin-top: 15px;\">Fabrizio Carnevalini<\/h3>\n<p>1958 do\u011fumlu Fabrizio Carnevalini profesyonel bir gazetecidir. Radyo ve televizyon alan\u0131ndaki dergilerde 20 y\u0131ll\u0131k yazarl\u0131k ve edit\u00f6rl\u00fck tecr\u00fcbesine sahip olmakla birlikte ge\u00e7mi\u015fte italyan otomotiv dergisi, alVolante\u2019da calismaktadir. Kendisi \u201cRadioReporter\u201d blogu i\u00e7in uluslararas\u0131 bir ilgi g\u00f6rd\u00fc\u011f\u00fc yaz\u0131lar yaz\u0131yor ve kendisi \u015fevkli bir radyo dinleyicisi.<\/p>\n<\/div><\/section><\/p><\/div><\/div><\/div><\/div><!-- close content main div --><\/div><\/div><div id='after_section_1'  class='main_color av_default_container_wrap container_wrap sidebar_right'  ><div class='container av-section-cont-open' ><div class='template-page content  av-content-small alpha units'><div class='post-entry post-entry-type-page post-entry-5755'><div class='entry-content-wrapper clearfix'><section  class='av_textblock_section av-85fzlp-64a26f0aa947e864e34b7df1db918fd2'  itemscope=\"itemscope\" itemtype=\"https:\/\/schema.org\/CreativeWork\" ><div class='avia_textblock'  itemprop=\"text\" ><h2>Bizim tak\u0131m<\/h2>\n<p style=\"margin-top:35px;\"><strong>\n<style type=\"text\/css\" data-created_by=\"avia_inline_auto\" id=\"style-css-av-5sfxkd-184718110cce1dcd8a96de304d42bac6\">\n.av_font_icon.av-5sfxkd-184718110cce1dcd8a96de304d42bac6 .av-icon-char{\nfont-size:16px;\nline-height:16px;\n}\n<\/style>\n<span  class='av_font_icon av-5sfxkd-184718110cce1dcd8a96de304d42bac6 avia_animate_when_visible av-icon-style- avia-icon-pos-left av-no-color avia-icon-animate'><span class='av-icon-char' aria-hidden='true' data-av_icon='\ue8ab' data-av_iconfont='entypo-fontello' ><\/span><\/span>Nitelikerimiz<\/strong><br \/>\nTeknik edit\u00f6rler, fonetik uzmanlar\u0131, grafik tasar\u0131mc\u0131lar, radyo teknolojisi ve dalga yay\u0131m uzmanlar\u0131, avukatlar, veri bilimciler, kalite y\u00f6neticileri, co\u011frafyac\u0131lar ve bilgisayar bilimciler, i\u015fe al\u0131m yapt\u0131\u011f\u0131m\u0131z uzmanl\u0131k alanlar\u0131ndan sadece bir ka\u00e7\u0131.<\/p>\n<p class=\"elementor-icon-box-title\"><strong>\n<style type=\"text\/css\" data-created_by=\"avia_inline_auto\" id=\"style-css-av-3oxiwt-aea842890c31ef9e5630ec77d55c8974\">\n.av_font_icon.av-3oxiwt-aea842890c31ef9e5630ec77d55c8974 .av-icon-char{\nfont-size:16px;\nline-height:16px;\n}\n<\/style>\n<span  class='av_font_icon av-3oxiwt-aea842890c31ef9e5630ec77d55c8974 avia_animate_when_visible av-icon-style- avia-icon-pos-left av-no-color avia-icon-animate'><span class='av-icon-char' aria-hidden='true' data-av_icon='\ue85e' data-av_iconfont='entypo-fontello' ><\/span><\/span>\u0130lgi Alanlar\u0131m\u0131z<\/strong><\/p>\n<p class=\"elementor-icon-box-description\">Ekibimiz d\u00fcnyan\u0131n her yerinden \u00e7e\u015fitli insanlardan olu\u015fmaktad\u0131r. Bizi birle\u015ftiren \u015fey, radyoya olan ilgimizdir. Bir\u00e7o\u011fu, Radio Data Center&#8217;da ki\u015fisel favori radyo istasyonunu, yeni bir m\u00fczik tarz\u0131n\u0131 veya di\u011fer k\u00fclt\u00fcrlerin b\u00fcy\u00fcs\u00fcn\u00fc ke\u015ffeder.<\/p>\n<p class=\"elementor-icon-box-title\"><strong>\n<style type=\"text\/css\" data-created_by=\"avia_inline_auto\" id=\"style-css-av-2jcm0t-bb07ec9b3f0b5e31a123d0c98748054f\">\n.av_font_icon.av-2jcm0t-bb07ec9b3f0b5e31a123d0c98748054f .av-icon-char{\nfont-size:16px;\nline-height:16px;\n}\n<\/style>\n<span  class='av_font_icon av-2jcm0t-bb07ec9b3f0b5e31a123d0c98748054f avia_animate_when_visible av-icon-style- avia-icon-pos-left av-no-color avia-icon-animate'><span class='av-icon-char' aria-hidden='true' data-av_icon='\ue83c' data-av_iconfont='entypo-fontello' ><\/span><\/span>Sosyal Nitelikler<\/strong><\/p>\n<p class=\"elementor-icon-box-description\">\u00c7al\u0131\u015fanlar\u0131m\u0131z\u0131n b\u00fcy\u00fck bir k\u0131sm\u0131, birden fazla dil bilen, yetenekli m\u00fczisyenler veya g\u00f6rsel sanatlar ile u\u011fra\u015fan, sab\u0131rl\u0131 aileler ve m\u00fckemmel hobi a\u015f\u00e7\u0131lar\u0131d\u0131r. Ekibimizin b\u00fct\u00fcn \u00fcyeleri farkl\u0131 k\u00fclt\u00fcrler ve de\u011ferleri getirerek bizlerin tan\u0131mas\u0131n\u0131 sa\u011fl\u0131yor ve bak\u0131\u015f a\u00e7\u0131m\u0131z\u0131 de\u011fi\u015ftirmemizi sa\u011fl\u0131yorlar.<\/p>\n<\/div><\/section><\/p>\n\n<style type=\"text\/css\" data-created_by=\"avia_inline_auto\" id=\"style-css-av-l1f158ku-d866f41fec3d6375d9972cf6f69be404\">\n#top .hr.hr-invisible.av-l1f158ku-d866f41fec3d6375d9972cf6f69be404{\nheight:100px;\n}\n<\/style>\n<div  class='hr av-l1f158ku-d866f41fec3d6375d9972cf6f69be404 hr-invisible  avia-builder-el-26  el_after_av_textblock  el_before_av_textblock '><span class='hr-inner '><span class=\"hr-inner-style\"><\/span><\/span><\/div>\n<section  class='av_textblock_section av-l1f0jopz-dc7cb6233549b3109ebc0b422a80d4a5'  itemscope=\"itemscope\" itemtype=\"https:\/\/schema.org\/CreativeWork\" ><div class='avia_textblock'  itemprop=\"text\" ><h2 style=\"text-align: center;\">Tarihimiz<\/h2>\n<\/div><\/section>\n\n<style type=\"text\/css\" data-created_by=\"avia_inline_auto\" id=\"style-css-av-l1f0y67g-a8ec113d3de05c72d31ce4aa3cd7ea22\">\n.avia-timeline-container.av-l1f0y67g-a8ec113d3de05c72d31ce4aa3cd7ea22 .av-milestone-date{\nfont-size:16px;\n}\n.avia-timeline-container.av-l1f0y67g-a8ec113d3de05c72d31ce4aa3cd7ea22 .av-milestone-title{\nfont-size:16px;\n}\n.avia-timeline-container.av-l1f0y67g-a8ec113d3de05c72d31ce4aa3cd7ea22 .av-milestone-content{\nfont-size:16px;\n}\n<\/style>\n<div  id=\"avia-timeline-1\"  class='avia-timeline-container av-l1f0y67g-a8ec113d3de05c72d31ce4aa3cd7ea22  avia-builder-el-28  el_after_av_textblock  avia-builder-el-last ' ><ul class='avia-timeline avia-timeline-vertical av-milestone-placement-alternate avia-timeline- avia_animate_when_almost_visible avia-timeline-animate'>\n<li  class='av-milestone av-l1f11wyq-54a76640d101a9143eec8838d888a2fe av-animated-generic fade-in av-milestone-valign-baseline av-milestone-odd'><h2 class='av-milestone-date ' id='milestone-1986'><strong>1986<span class='av-milestone-indicator'><\/span><\/strong><\/h2><div class=\"av-milestone-icon-wrap\"><span class='av-milestone-icon milestone_icon avia-font-entypo-fontello'><span class='av-milestone-icon-inner milestone_inner'><i class='milestone-char' aria-hidden='true' data-av_icon='\ue85e' data-av_iconfont='entypo-fontello'><\/i><\/span><\/span><\/div><article class='av-milestone-content-wrap'><div class='av-milestone-contentbox'><div class='av-milestone-content'><p>1986\u2019dan beri radyo istasyonlar\u0131 hakk\u0131nda bilgiler topluyor ve s\u00fcrekli b\u00fcy\u00fcmeye devam eden toplulu\u011fumuzu \u00e7e\u015fiti web siteleri arac\u0131l\u0131\u011f\u0131yla sizlere sunuyoruz. Teknolojinin, radyo dalga yay\u0131m\u0131n\u0131n ve \u00e7ok \u00e7e\u015fitli i\u00e7eriklerin b\u00fcy\u00fcs\u00fcyle hareket ediyoruz. \u0130nsanlar\u0131 birbirleri ile ba\u011flayan bir medya kanal\u0131 olarak radyonun g\u00fcc\u00fcne ve \u00f6nemine inan\u0131yoruz.<\/p>\n<\/div><\/div><footer class='av-milestone-article-footer entry-footer'><\/footer><\/article><\/li>\n<li  class='av-milestone av-l1f12vdb-14ef56b2839deddaac341b4d8217c29a av-animated-generic fade-in av-milestone-valign-baseline av-milestone-even'><h2 class='av-milestone-date ' id='milestone-2012'><strong>2012<span class='av-milestone-indicator'><\/span><\/strong><\/h2><article class='av-milestone-content-wrap'><div class='av-milestone-contentbox'><div class='av-milestone-content'><p>Profesyonel kullan\u0131c\u0131lara ve ticari projelere gereken en y\u00fcksek deste\u011fi sa\u011flayabilmek i\u00e7in 2012\u2019de Radio Data Merkezini kurduk. \u00c7al\u0131\u015fmalar\u0131m\u0131zla radyo yay\u0131nlar\u0131n\u0131n d\u00fcnya genelinde kullan\u0131m alan\u0131n\u0131 belgeliyor ve radyo yay\u0131n (sinyal) al\u0131m\u0131 i\u00e7inyenilik\u00e7i \u00fcr\u00fcnlerve \u00e7\u00f6z\u00fcmleringeli\u015ftirilmesini sa\u011fl\u0131yoruz.<\/p>\n<\/div><\/div><footer class='av-milestone-article-footer entry-footer'><\/footer><\/article><div class=\"av-milestone-icon-wrap\"><span class='av-milestone-icon milestone_icon avia-font-entypo-fontello'><span class='av-milestone-icon-inner milestone_inner'><i class='milestone-char' aria-hidden='true' data-av_icon='\ue80b' data-av_iconfont='entypo-fontello'><\/i><\/span><\/span><\/div><h2 class='av-milestone-date ' id='milestone-2012'><strong>2012<span class='av-milestone-indicator'><\/span><\/strong><\/h2><\/li>\n<\/ul><\/div>\n","protected":false},"excerpt":{"rendered":"","protected":false},"author":3,"featured_media":0,"parent":5750,"menu_order":0,"comment_status":"closed","ping_status":"closed","template":"","meta":{"footnotes":""},"class_list":["post-5755","page","type-page","status-publish","hentry"],"yoast_head":"<!-- This site is optimized with the Yoast SEO plugin v20.10 - https:\/\/yoast.com\/wordpress\/plugins\/seo\/ -->\n<title>Hakk\u0131m\u0131zda - Radio Data Center<\/title>\n<meta name=\"robots\" content=\"index, follow, max-snippet:-1, max-image-preview:large, max-video-preview:-1\" \/>\n<link rel=\"canonical\" href=\"https:\/\/radiodatacenter.net\/tr\/sirket\/hakkimizda\/\" \/>\n<meta property=\"og:locale\" content=\"tr_TR\" \/>\n<meta property=\"og:type\" content=\"article\" \/>\n<meta property=\"og:title\" content=\"Hakk\u0131m\u0131zda - Radio Data Center\" \/>\n<meta property=\"og:url\" content=\"https:\/\/radiodatacenter.net\/tr\/sirket\/hakkimizda\/\" \/>\n<meta property=\"og:site_name\" content=\"Radio Data Center\" \/>\n<meta property=\"article:modified_time\" content=\"2023-01-13T19:50:55+00:00\" \/>\n<meta name=\"twitter:card\" content=\"summary_large_image\" \/>\n<meta name=\"twitter:label1\" content=\"Tahmini okuma s\u00fcresi\" \/>\n\t<meta name=\"twitter:data1\" content=\"8 dakika\" \/>\n<script type=\"application\/ld+json\" class=\"yoast-schema-graph\">{\"@context\":\"https:\/\/schema.org\",\"@graph\":[{\"@type\":\"WebPage\",\"@id\":\"https:\/\/radiodatacenter.net\/tr\/sirket\/hakkimizda\/\",\"url\":\"https:\/\/radiodatacenter.net\/tr\/sirket\/hakkimizda\/\",\"name\":\"Hakk\u0131m\u0131zda - Radio Data Center\",\"isPartOf\":{\"@id\":\"https:\/\/radiodatacenter.net\/tr\/#website\"},\"datePublished\":\"2022-03-28T20:32:30+00:00\",\"dateModified\":\"2023-01-13T19:50:55+00:00\",\"breadcrumb\":{\"@id\":\"https:\/\/radiodatacenter.net\/tr\/sirket\/hakkimizda\/#breadcrumb\"},\"inLanguage\":\"tr\",\"potentialAction\":[{\"@type\":\"ReadAction\",\"target\":[\"https:\/\/radiodatacenter.net\/tr\/sirket\/hakkimizda\/\"]}]},{\"@type\":\"BreadcrumbList\",\"@id\":\"https:\/\/radiodatacenter.net\/tr\/sirket\/hakkimizda\/#breadcrumb\",\"itemListElement\":[{\"@type\":\"ListItem\",\"position\":1,\"name\":\"Startseite\",\"item\":\"https:\/\/radiodatacenter.net\/tr\/\"},{\"@type\":\"ListItem\",\"position\":2,\"name\":\"\u015eirket\",\"item\":\"https:\/\/radiodatacenter.net\/tr\/sirket\/\"},{\"@type\":\"ListItem\",\"position\":3,\"name\":\"Hakk\u0131m\u0131zda\"}]},{\"@type\":\"WebSite\",\"@id\":\"https:\/\/radiodatacenter.net\/tr\/#website\",\"url\":\"https:\/\/radiodatacenter.net\/tr\/\",\"name\":\"Radio Data Center\",\"description\":\"\",\"potentialAction\":[{\"@type\":\"SearchAction\",\"target\":{\"@type\":\"EntryPoint\",\"urlTemplate\":\"https:\/\/radiodatacenter.net\/tr\/?s={search_term_string}\"},\"query-input\":\"required name=search_term_string\"}],\"inLanguage\":\"tr\"}]}<\/script>\n<!-- \/ Yoast SEO plugin. -->","yoast_head_json":{"title":"Hakk\u0131m\u0131zda - Radio Data Center","robots":{"index":"index","follow":"follow","max-snippet":"max-snippet:-1","max-image-preview":"max-image-preview:large","max-video-preview":"max-video-preview:-1"},"canonical":"https:\/\/radiodatacenter.net\/tr\/sirket\/hakkimizda\/","og_locale":"tr_TR","og_type":"article","og_title":"Hakk\u0131m\u0131zda - Radio Data Center","og_url":"https:\/\/radiodatacenter.net\/tr\/sirket\/hakkimizda\/","og_site_name":"Radio Data Center","article_modified_time":"2023-01-13T19:50:55+00:00","twitter_card":"summary_large_image","twitter_misc":{"Tahmini okuma s\u00fcresi":"8 dakika"},"schema":{"@context":"https:\/\/schema.org","@graph":[{"@type":"WebPage","@id":"https:\/\/radiodatacenter.net\/tr\/sirket\/hakkimizda\/","url":"https:\/\/radiodatacenter.net\/tr\/sirket\/hakkimizda\/","name":"Hakk\u0131m\u0131zda - Radio Data Center","isPartOf":{"@id":"https:\/\/radiodatacenter.net\/tr\/#website"},"datePublished":"2022-03-28T20:32:30+00:00","dateModified":"2023-01-13T19:50:55+00:00","breadcrumb":{"@id":"https:\/\/radiodatacenter.net\/tr\/sirket\/hakkimizda\/#breadcrumb"},"inLanguage":"tr","potentialAction":[{"@type":"ReadAction","target":["https:\/\/radiodatacenter.net\/tr\/sirket\/hakkimizda\/"]}]},{"@type":"BreadcrumbList","@id":"https:\/\/radiodatacenter.net\/tr\/sirket\/hakkimizda\/#breadcrumb","itemListElement":[{"@type":"ListItem","position":1,"name":"Startseite","item":"https:\/\/radiodatacenter.net\/tr\/"},{"@type":"ListItem","position":2,"name":"\u015eirket","item":"https:\/\/radiodatacenter.net\/tr\/sirket\/"},{"@type":"ListItem","position":3,"name":"Hakk\u0131m\u0131zda"}]},{"@type":"WebSite","@id":"https:\/\/radiodatacenter.net\/tr\/#website","url":"https:\/\/radiodatacenter.net\/tr\/","name":"Radio Data Center","description":"","potentialAction":[{"@type":"SearchAction","target":{"@type":"EntryPoint","urlTemplate":"https:\/\/radiodatacenter.net\/tr\/?s={search_term_string}"},"query-input":"required name=search_term_string"}],"inLanguage":"tr"}]}},"_links":{"self":[{"href":"https:\/\/radiodatacenter.net\/tr\/wp-json\/wp\/v2\/pages\/5755","targetHints":{"allow":["GET"]}}],"collection":[{"href":"https:\/\/radiodatacenter.net\/tr\/wp-json\/wp\/v2\/pages"}],"about":[{"href":"https:\/\/radiodatacenter.net\/tr\/wp-json\/wp\/v2\/types\/page"}],"author":[{"embeddable":true,"href":"https:\/\/radiodatacenter.net\/tr\/wp-json\/wp\/v2\/users\/3"}],"replies":[{"embeddable":true,"href":"https:\/\/radiodatacenter.net\/tr\/wp-json\/wp\/v2\/comments?post=5755"}],"version-history":[{"count":10,"href":"https:\/\/radiodatacenter.net\/tr\/wp-json\/wp\/v2\/pages\/5755\/revisions"}],"predecessor-version":[{"id":7993,"href":"https:\/\/radiodatacenter.net\/tr\/wp-json\/wp\/v2\/pages\/5755\/revisions\/7993"}],"up":[{"embeddable":true,"href":"https:\/\/radiodatacenter.net\/tr\/wp-json\/wp\/v2\/pages\/5750"}],"wp:attachment":[{"href":"https:\/\/radiodatacenter.net\/tr\/wp-json\/wp\/v2\/media?parent=5755"}],"curies":[{"name":"wp","href":"https:\/\/api.w.org\/{rel}","templated":true}]}}